{"id":12294,"date":"2020-10-04T17:22:28","date_gmt":"2020-10-04T17:22:28","guid":{"rendered":"https:\/\/www.vita60.com\/faq\/"},"modified":"2022-05-19T22:51:06","modified_gmt":"2022-05-19T22:51:06","slug":"faq","status":"publish","type":"page","link":"https:\/\/www.vita60.com\/de\/faq\/","title":{"rendered":"FAQs"},"content":{"rendered":"\t\t<div data-elementor-type=\"wp-page\" data-elementor-id=\"12294\" class=\"elementor elementor-12294 elementor-8336\" data-elementor-post-type=\"page\">\n\t\t\t\t\t\t<section class=\"elementor-section elementor-top-section elementor-element elementor-element-7e317d2e elementor-section-boxed elementor-section-height-default elementor-section-height-default\" data-id=\"7e317d2e\" data-element_type=\"section\" data-e-type=\"section\">\n\t\t\t\t\t\t<div class=\"elementor-container elementor-column-gap-default\">\n\t\t\t\t\t<div class=\"elementor-column elementor-col-100 elementor-top-column elementor-element elementor-element-dfd2f37\" data-id=\"dfd2f37\" data-element_type=\"column\" data-e-type=\"column\">\n\t\t\t<div class=\"elementor-widget-wrap\">\n\t\t\t\t\t\t\t<\/div>\n\t\t<\/div>\n\t\t\t\t\t<\/div>\n\t\t<\/section>\n\t\t\t\t<section class=\"elementor-section elementor-inner-section elementor-element elementor-element-4a62efeb elementor-section-boxed elementor-section-height-default elementor-section-height-default\" data-id=\"4a62efeb\" data-element_type=\"section\" data-e-type=\"section\" data-settings=\"{&quot;background_background&quot;:&quot;classic&quot;}\">\n\t\t\t\t\t\t\t<div class=\"elementor-background-overlay\"><\/div>\n\t\t\t\t\t\t\t<div class=\"elementor-container elementor-column-gap-default\">\n\t\t\t\t\t<div class=\"elementor-column elementor-col-50 elementor-inner-column elementor-element elementor-element-246dfdce\" data-id=\"246dfdce\" data-element_type=\"column\" data-e-type=\"column\">\n\t\t\t<div class=\"elementor-widget-wrap elementor-element-populated\">\n\t\t\t\t\t\t<div class=\"elementor-element elementor-element-16d0e98b elementor-widget elementor-widget-heading\" data-id=\"16d0e98b\" data-element_type=\"widget\" data-e-type=\"widget\" data-widget_type=\"heading.default\">\n\t\t\t\t\t<h1 class=\"elementor-heading-title elementor-size-default\">FAQs<\/h1>\t\t\t\t<\/div>\n\t\t\t\t\t<\/div>\n\t\t<\/div>\n\t\t\t\t<div class=\"elementor-column elementor-col-50 elementor-inner-column elementor-element elementor-element-4feda65d\" data-id=\"4feda65d\" data-element_type=\"column\" data-e-type=\"column\">\n\t\t\t<div class=\"elementor-widget-wrap\">\n\t\t\t\t\t\t\t<\/div>\n\t\t<\/div>\n\t\t\t\t\t<\/div>\n\t\t<\/section>\n\t\t\t\t<section class=\"elementor-section elementor-top-section elementor-element elementor-element-4dc1cdca elementor-section-boxed elementor-section-height-default elementor-section-height-default\" data-id=\"4dc1cdca\" data-element_type=\"section\" data-e-type=\"section\">\n\t\t\t\t\t\t<div class=\"elementor-container elementor-column-gap-default\">\n\t\t\t\t\t<div class=\"elementor-column elementor-col-100 elementor-top-column elementor-element elementor-element-78e8f997\" data-id=\"78e8f997\" data-element_type=\"column\" data-e-type=\"column\">\n\t\t\t<div class=\"elementor-widget-wrap elementor-element-populated\">\n\t\t\t\t\t\t<div class=\"elementor-element elementor-element-2209a989 elementor-widget elementor-widget-heading\" data-id=\"2209a989\" data-element_type=\"widget\" data-e-type=\"widget\" data-widget_type=\"heading.default\">\n\t\t\t\t\t<h2 class=\"elementor-heading-title elementor-size-default\">Beantwortung all Ihrer Fragen und mehr ...<\/h2>\t\t\t\t<\/div>\n\t\t\t\t\t<\/div>\n\t\t<\/div>\n\t\t\t\t\t<\/div>\n\t\t<\/section>\n\t\t\t\t<section class=\"elementor-section elementor-top-section elementor-element elementor-element-5757fe07 elementor-section-boxed elementor-section-height-default elementor-section-height-default\" data-id=\"5757fe07\" data-element_type=\"section\" data-e-type=\"section\">\n\t\t\t\t\t\t<div class=\"elementor-container elementor-column-gap-default\">\n\t\t\t\t\t<div class=\"elementor-column elementor-col-100 elementor-top-column elementor-element elementor-element-6f075c91\" data-id=\"6f075c91\" data-element_type=\"column\" data-e-type=\"column\">\n\t\t\t<div class=\"elementor-widget-wrap elementor-element-populated\">\n\t\t\t\t\t\t<div class=\"elementor-element elementor-element-10f42506 elementor-widget elementor-widget-text-editor\" data-id=\"10f42506\" data-element_type=\"widget\" data-e-type=\"widget\" data-widget_type=\"text-editor.default\">\n\t\t\t\t\t\t\t\t\tWir haben uns die Zeit genommen, alle am h\u00e4ufigsten gestellten Fragen zu recherchieren, um Ihnen klare und verst\u00e4ndliche Antworten zu geben, mit denen Sie sich selbst \u00fcberlegen k\u00f6nnen, ob C60 f\u00fcr Sie geeignet ist.\r\n\r\nViele dieser Fragen wurden bereits \u00fcber unsere Kontaktseite gestellt. Gerne beantworten wir weitere Fragen, wenn wir etwas, das Sie interessiert, nicht behandelt haben.\r\n\r\nWenn Sie alle Fragen und Antworten an einem Ort haben, k\u00f6nnen Sie entscheiden, ob C60 Ihnen hilft.\r\n\r\nKlicken Sie auf einen der Fragenbereiche und finden Sie Antworten auf bestimmte Fragen\t\t\t\t\t\t\t\t<\/div>\n\t\t\t\t\t<\/div>\n\t\t<\/div>\n\t\t\t\t\t<\/div>\n\t\t<\/section>\n\t\t\t\t<section class=\"elementor-section elementor-top-section elementor-element elementor-element-604704f5 elementor-section-boxed elementor-section-height-default elementor-section-height-default\" data-id=\"604704f5\" data-element_type=\"section\" data-e-type=\"section\">\n\t\t\t\t\t\t<div class=\"elementor-container elementor-column-gap-default\">\n\t\t\t\t\t<div class=\"elementor-column elementor-col-100 elementor-top-column elementor-element elementor-element-47e92507\" data-id=\"47e92507\" data-element_type=\"column\" data-e-type=\"column\">\n\t\t\t<div class=\"elementor-widget-wrap elementor-element-populated\">\n\t\t\t\t\t\t<div class=\"elementor-element elementor-element-c7edc65 elementor-widget elementor-widget-heading\" data-id=\"c7edc65\" data-element_type=\"widget\" data-e-type=\"widget\" data-widget_type=\"heading.default\">\n\t\t\t\t\t<h3 class=\"elementor-heading-title elementor-size-default\">ANTWORTEN AUF ALLE FRAGEN<\/h3>\t\t\t\t<\/div>\n\t\t\t\t\t<\/div>\n\t\t<\/div>\n\t\t\t\t\t<\/div>\n\t\t<\/section>\n\t\t\t\t<section class=\"elementor-section elementor-top-section elementor-element elementor-element-56e18702 elementor-section-boxed elementor-section-height-default elementor-section-height-default\" data-id=\"56e18702\" data-element_type=\"section\" data-e-type=\"section\">\n\t\t\t\t\t\t<div class=\"elementor-container elementor-column-gap-default\">\n\t\t\t\t\t<div class=\"elementor-column elementor-col-25 elementor-top-column elementor-element elementor-element-5d291312\" data-id=\"5d291312\" data-element_type=\"column\" data-e-type=\"column\">\n\t\t\t<div class=\"elementor-widget-wrap elementor-element-populated\">\n\t\t\t\t\t\t<div class=\"elementor-element elementor-element-79c04dc0 elementor-widget elementor-widget-image\" data-id=\"79c04dc0\" data-element_type=\"widget\" data-e-type=\"widget\" data-widget_type=\"image.default\">\n\t\t\t\t\t\t\t\t\t\t\t\t<figure class=\"wp-caption\">\n\t\t\t\t\t\t\t\t\t\t\t<a href=\"https:\/\/www.vita60.com\/de\/was-ist-c60\/\">\n\t\t\t\t\t\t\t<img decoding=\"async\" src=\"https:\/\/www.vita60.com\/wp-content\/uploads\/elementor\/thumbs\/what-is-c60-qfwdj0x38a6udse6juktmms0wfxxhdze1pabgui72w.jpg\" title=\"Was ist C60?\" alt=\"Was ist C60?\" loading=\"lazy\" \/>\t\t\t\t\t\t\t\t<\/a>\n\t\t\t\t\t\t\t\t\t\t\t<figcaption class=\"widget-image-caption wp-caption-text\">WAS IST C60<\/figcaption>\n\t\t\t\t\t\t\t\t\t\t<\/figure>\n\t\t\t\t\t\t\t\t\t<\/div>\n\t\t\t\t\t<\/div>\n\t\t<\/div>\n\t\t\t\t<div class=\"elementor-column elementor-col-25 elementor-top-column elementor-element elementor-element-5ddc5813\" data-id=\"5ddc5813\" data-element_type=\"column\" data-e-type=\"column\">\n\t\t\t<div class=\"elementor-widget-wrap elementor-element-populated\">\n\t\t\t\t\t\t<div class=\"elementor-element elementor-element-2040244c elementor-widget elementor-widget-image\" data-id=\"2040244c\" data-element_type=\"widget\" data-e-type=\"widget\" data-widget_type=\"image.default\">\n\t\t\t\t\t\t\t\t\t\t\t\t<figure class=\"wp-caption\">\n\t\t\t\t\t\t\t\t\t\t\t<a href=\"https:\/\/www.vita60.com\/de\/c60-nehmen\/\">\n\t\t\t\t\t\t\t<img fetchpriority=\"high\" decoding=\"async\" width=\"700\" height=\"700\" src=\"https:\/\/www.vita60.com\/wp-content\/uploads\/2020\/08\/taking-c60.jpg\" class=\"attachment-large size-large wp-image-8365\" alt=\"C60 nehmen\" srcset=\"https:\/\/www.vita60.com\/wp-content\/uploads\/2020\/08\/taking-c60.jpg 700w, https:\/\/www.vita60.com\/wp-content\/uploads\/2020\/08\/taking-c60-600x600.jpg 600w, https:\/\/www.vita60.com\/wp-content\/uploads\/2020\/08\/taking-c60-100x100.jpg 100w, https:\/\/www.vita60.com\/wp-content\/uploads\/2020\/08\/taking-c60-300x300.jpg 300w, https:\/\/www.vita60.com\/wp-content\/uploads\/2020\/08\/taking-c60-150x150.jpg 150w, https:\/\/www.vita60.com\/wp-content\/uploads\/2020\/08\/taking-c60-400x400.jpg 400w, https:\/\/www.vita60.com\/wp-content\/uploads\/2020\/08\/taking-c60-24x24.jpg 24w, https:\/\/www.vita60.com\/wp-content\/uploads\/2020\/08\/taking-c60-36x36.jpg 36w, https:\/\/www.vita60.com\/wp-content\/uploads\/2020\/08\/taking-c60-48x48.jpg 48w\" sizes=\"(max-width: 700px) 100vw, 700px\" \/>\t\t\t\t\t\t\t\t<\/a>\n\t\t\t\t\t\t\t\t\t\t\t<figcaption class=\"widget-image-caption wp-caption-text\">C60 NEHMEN<\/figcaption>\n\t\t\t\t\t\t\t\t\t\t<\/figure>\n\t\t\t\t\t\t\t\t\t<\/div>\n\t\t\t\t\t<\/div>\n\t\t<\/div>\n\t\t\t\t<div class=\"elementor-column elementor-col-25 elementor-top-column elementor-element elementor-element-59a8b6b5\" data-id=\"59a8b6b5\" data-element_type=\"column\" data-e-type=\"column\">\n\t\t\t<div class=\"elementor-widget-wrap elementor-element-populated\">\n\t\t\t\t\t\t<div class=\"elementor-element elementor-element-37f37f28 elementor-widget elementor-widget-image\" data-id=\"37f37f28\" data-element_type=\"widget\" data-e-type=\"widget\" data-widget_type=\"image.default\">\n\t\t\t\t\t\t\t\t\t\t\t\t<figure class=\"wp-caption\">\n\t\t\t\t\t\t\t\t\t\t\t<a href=\"https:\/\/www.vita60.com\/de\/qualitaet-von-c60\/\">\n\t\t\t\t\t\t\t<img decoding=\"async\" src=\"https:\/\/www.vita60.com\/wp-content\/uploads\/elementor\/thumbs\/quality-of-c60-qfwdl9r7k19i494rftiql2dnzkvhvcwb0te2qn6c7s.jpg\" title=\"Qualit\u00e4t von C60\" alt=\"Qualit\u00e4t von C60\" loading=\"lazy\" \/>\t\t\t\t\t\t\t\t<\/a>\n\t\t\t\t\t\t\t\t\t\t\t<figcaption class=\"widget-image-caption wp-caption-text\">QUALIT\u00c4T VON C60<\/figcaption>\n\t\t\t\t\t\t\t\t\t\t<\/figure>\n\t\t\t\t\t\t\t\t\t<\/div>\n\t\t\t\t\t<\/div>\n\t\t<\/div>\n\t\t\t\t<div class=\"elementor-column elementor-col-25 elementor-top-column elementor-element elementor-element-158a01d5\" data-id=\"158a01d5\" data-element_type=\"column\" data-e-type=\"column\">\n\t\t\t<div class=\"elementor-widget-wrap elementor-element-populated\">\n\t\t\t\t\t\t<div class=\"elementor-element elementor-element-276a9559 elementor-widget elementor-widget-image\" data-id=\"276a9559\" data-element_type=\"widget\" data-e-type=\"widget\" data-widget_type=\"image.default\">\n\t\t\t\t\t\t\t\t\t\t\t\t<figure class=\"wp-caption\">\n\t\t\t\t\t\t\t\t\t\t\t<a href=\"https:\/\/www.vita60.com\/de\/wissenschaft-von-c60\/\">\n\t\t\t\t\t\t\t<img decoding=\"async\" src=\"https:\/\/vita60.com\/wp-content\/uploads\/2020\/08\/science-of-c60.jpg\" title=\"\" alt=\"\" loading=\"lazy\" \/>\t\t\t\t\t\t\t\t<\/a>\n\t\t\t\t\t\t\t\t\t\t\t<figcaption class=\"widget-image-caption wp-caption-text\">WISSENSCHAFT VON C60<\/figcaption>\n\t\t\t\t\t\t\t\t\t\t<\/figure>\n\t\t\t\t\t\t\t\t\t<\/div>\n\t\t\t\t\t<\/div>\n\t\t<\/div>\n\t\t\t\t\t<\/div>\n\t\t<\/section>\n\t\t\t\t<section class=\"elementor-section elementor-top-section elementor-element elementor-element-6a72d3a3 elementor-section-boxed elementor-section-height-default elementor-section-height-default\" data-id=\"6a72d3a3\" data-element_type=\"section\" data-e-type=\"section\">\n\t\t\t\t\t\t<div class=\"elementor-container elementor-column-gap-default\">\n\t\t\t\t\t<div class=\"elementor-column elementor-col-25 elementor-top-column elementor-element elementor-element-6012fc46\" data-id=\"6012fc46\" data-element_type=\"column\" data-e-type=\"column\">\n\t\t\t<div class=\"elementor-widget-wrap elementor-element-populated\">\n\t\t\t\t\t\t<div class=\"elementor-element elementor-element-1210b166 elementor-widget elementor-widget-image\" data-id=\"1210b166\" data-element_type=\"widget\" data-e-type=\"widget\" data-widget_type=\"image.default\">\n\t\t\t\t\t\t\t\t\t\t\t\t<figure class=\"wp-caption\">\n\t\t\t\t\t\t\t\t\t\t\t<a href=\"https:\/\/www.vita60.com\/de\/c60-kaufen\/\">\n\t\t\t\t\t\t\t<img decoding=\"async\" src=\"https:\/\/www.vita60.com\/wp-content\/uploads\/elementor\/thumbs\/buying-c60-qfwdkwlgwcrhlpnvkntym5p7o6ocvlg2b09a0rpumw.jpg\" title=\"C60 kaufen\" alt=\"C60 kaufen\" loading=\"lazy\" \/>\t\t\t\t\t\t\t\t<\/a>\n\t\t\t\t\t\t\t\t\t\t\t<figcaption class=\"widget-image-caption wp-caption-text\">KAUFEN C60<\/figcaption>\n\t\t\t\t\t\t\t\t\t\t<\/figure>\n\t\t\t\t\t\t\t\t\t<\/div>\n\t\t\t\t\t<\/div>\n\t\t<\/div>\n\t\t\t\t<div class=\"elementor-column elementor-col-25 elementor-top-column elementor-element elementor-element-3005f7b6\" data-id=\"3005f7b6\" data-element_type=\"column\" data-e-type=\"column\">\n\t\t\t<div class=\"elementor-widget-wrap elementor-element-populated\">\n\t\t\t\t\t\t<div class=\"elementor-element elementor-element-11c465e8 elementor-widget elementor-widget-image\" data-id=\"11c465e8\" data-element_type=\"widget\" data-e-type=\"widget\" data-widget_type=\"image.default\">\n\t\t\t\t\t\t\t\t\t\t\t\t<figure class=\"wp-caption\">\n\t\t\t\t\t\t\t\t\t\t\t<a href=\"https:\/\/www.vita60.com\/de\/vorteile-von-c60\/\">\n\t\t\t\t\t\t\t<img decoding=\"async\" width=\"700\" height=\"700\" src=\"https:\/\/www.vita60.com\/wp-content\/uploads\/2020\/08\/benefits-of-c60.jpg\" class=\"attachment-large size-large wp-image-8349\" alt=\"Vorteile von C60\" srcset=\"https:\/\/www.vita60.com\/wp-content\/uploads\/2020\/08\/benefits-of-c60.jpg 700w, https:\/\/www.vita60.com\/wp-content\/uploads\/2020\/08\/benefits-of-c60-600x600.jpg 600w, https:\/\/www.vita60.com\/wp-content\/uploads\/2020\/08\/benefits-of-c60-100x100.jpg 100w, https:\/\/www.vita60.com\/wp-content\/uploads\/2020\/08\/benefits-of-c60-300x300.jpg 300w, https:\/\/www.vita60.com\/wp-content\/uploads\/2020\/08\/benefits-of-c60-150x150.jpg 150w, https:\/\/www.vita60.com\/wp-content\/uploads\/2020\/08\/benefits-of-c60-400x400.jpg 400w, https:\/\/www.vita60.com\/wp-content\/uploads\/2020\/08\/benefits-of-c60-24x24.jpg 24w, https:\/\/www.vita60.com\/wp-content\/uploads\/2020\/08\/benefits-of-c60-36x36.jpg 36w, https:\/\/www.vita60.com\/wp-content\/uploads\/2020\/08\/benefits-of-c60-48x48.jpg 48w\" sizes=\"(max-width: 700px) 100vw, 700px\" \/>\t\t\t\t\t\t\t\t<\/a>\n\t\t\t\t\t\t\t\t\t\t\t<figcaption class=\"widget-image-caption wp-caption-text\">VORTEILE VON C60<\/figcaption>\n\t\t\t\t\t\t\t\t\t\t<\/figure>\n\t\t\t\t\t\t\t\t\t<\/div>\n\t\t\t\t\t<\/div>\n\t\t<\/div>\n\t\t\t\t<div class=\"elementor-column elementor-col-25 elementor-top-column elementor-element elementor-element-221b2d1e\" data-id=\"221b2d1e\" data-element_type=\"column\" data-e-type=\"column\">\n\t\t\t<div class=\"elementor-widget-wrap elementor-element-populated\">\n\t\t\t\t\t\t<div class=\"elementor-element elementor-element-740c6854 elementor-widget elementor-widget-image\" data-id=\"740c6854\" data-element_type=\"widget\" data-e-type=\"widget\" data-widget_type=\"image.default\">\n\t\t\t\t\t\t\t\t\t\t\t\t<figure class=\"wp-caption\">\n\t\t\t\t\t\t\t\t\t\t\t<a href=\"https:\/\/www.vita60.com\/de\/nebenwirkungen-von-c60\/\">\n\t\t\t\t\t\t\t<img decoding=\"async\" src=\"https:\/\/www.vita60.com\/wp-content\/uploads\/elementor\/thumbs\/concerns-about-c60-qfwdix5qgy1p3cjn5sybcnq6iwggmlkgp6odjqnrrs.jpg\" title=\"Bedenken bez\u00fcglich C60\" alt=\"Bedenken bez\u00fcglich C60\" loading=\"lazy\" \/>\t\t\t\t\t\t\t\t<\/a>\n\t\t\t\t\t\t\t\t\t\t\t<figcaption class=\"widget-image-caption wp-caption-text\">BEDENKEN BEZ\u00dcGLICH C60<\/figcaption>\n\t\t\t\t\t\t\t\t\t\t<\/figure>\n\t\t\t\t\t\t\t\t\t<\/div>\n\t\t\t\t\t<\/div>\n\t\t<\/div>\n\t\t\t\t<div class=\"elementor-column elementor-col-25 elementor-top-column elementor-element elementor-element-6b917e6d\" data-id=\"6b917e6d\" data-element_type=\"column\" data-e-type=\"column\">\n\t\t\t<div class=\"elementor-widget-wrap elementor-element-populated\">\n\t\t\t\t\t\t<div class=\"elementor-element elementor-element-4d5f07df elementor-widget elementor-widget-image\" data-id=\"4d5f07df\" data-element_type=\"widget\" data-e-type=\"widget\" data-widget_type=\"image.default\">\n\t\t\t\t\t\t\t\t\t\t\t\t<figure class=\"wp-caption\">\n\t\t\t\t\t\t\t\t\t\t\t<a href=\"https:\/\/www.vita60.com\/de\/c60-rechner\/\">\n\t\t\t\t\t\t\t<img decoding=\"async\" width=\"700\" height=\"700\" src=\"https:\/\/www.vita60.com\/wp-content\/uploads\/2020\/10\/c60-calculator.jpg\" class=\"attachment-large size-large wp-image-11760\" alt=\"C60 Rechner\" srcset=\"https:\/\/www.vita60.com\/wp-content\/uploads\/2020\/10\/c60-calculator.jpg 700w, https:\/\/www.vita60.com\/wp-content\/uploads\/2020\/10\/c60-calculator-600x600.jpg 600w, https:\/\/www.vita60.com\/wp-content\/uploads\/2020\/10\/c60-calculator-100x100.jpg 100w, https:\/\/www.vita60.com\/wp-content\/uploads\/2020\/10\/c60-calculator-300x300.jpg 300w, https:\/\/www.vita60.com\/wp-content\/uploads\/2020\/10\/c60-calculator-150x150.jpg 150w, https:\/\/www.vita60.com\/wp-content\/uploads\/2020\/10\/c60-calculator-400x400.jpg 400w, https:\/\/www.vita60.com\/wp-content\/uploads\/2020\/10\/c60-calculator-24x24.jpg 24w, https:\/\/www.vita60.com\/wp-content\/uploads\/2020\/10\/c60-calculator-36x36.jpg 36w, https:\/\/www.vita60.com\/wp-content\/uploads\/2020\/10\/c60-calculator-48x48.jpg 48w\" sizes=\"(max-width: 700px) 100vw, 700px\" \/>\t\t\t\t\t\t\t\t<\/a>\n\t\t\t\t\t\t\t\t\t\t\t<figcaption class=\"widget-image-caption wp-caption-text\">C60 DOSIERRECHNER<\/figcaption>\n\t\t\t\t\t\t\t\t\t\t<\/figure>\n\t\t\t\t\t\t\t\t\t<\/div>\n\t\t\t\t\t<\/div>\n\t\t<\/div>\n\t\t\t\t\t<\/div>\n\t\t<\/section>\n\t\t\t\t<\/div>\n\t\t","protected":false},"excerpt":{"rendered":"<p>FAQs Beantwortung all Ihrer Fragen und mehr &#8230; Wir haben uns die Zeit genommen, alle am h\u00e4ufigsten gestellten Fragen zu recherchieren, um Ihnen klare und verst\u00e4ndliche Antworten zu geben, mit denen Sie sich selbst \u00fcberlegen k\u00f6nnen, ob C60 f\u00fcr Sie geeignet ist. Viele dieser Fragen wurden bereits \u00fcber unsere Kontaktseite gestellt. Gerne beantworten wir weitere [&hellip;]<\/p>\n","protected":false},"author":2,"featured_media":0,"parent":0,"menu_order":0,"comment_status":"closed","ping_status":"closed","template":"","meta":{"_acf_changed":false,"site-sidebar-layout":"no-sidebar","site-content-layout":"page-builder","ast-site-content-layout":"default","site-content-style":"default","site-sidebar-style":"default","ast-global-header-display":"","ast-banner-title-visibility":"","ast-main-header-display":"","ast-hfb-above-header-display":"","ast-hfb-below-header-display":"","ast-hfb-mobile-header-display":"","site-post-title":"disabled","ast-breadcrumbs-content":"","ast-featured-img":"disabled","footer-sml-layout":"","ast-disable-related-posts":"","theme-transparent-header-meta":"default","adv-header-id-meta":"","stick-header-meta":"","header-above-stick-meta":"","header-main-stick-meta":"","header-below-stick-meta":"","astra-migrate-meta-layouts":"default","ast-page-background-enabled":"default","ast-page-background-meta":{"desktop":{"background-color":"","background-image":"","background-repeat":"repeat","background-position":"center center","background-size":"auto","background-attachment":"scroll","background-type":"","background-media":"","overlay-type":"","overlay-color":"","overlay-opacity":"","overlay-gradient":""},"tablet":{"background-color":"","background-image":"","background-repeat":"repeat","background-position":"center center","background-size":"auto","background-attachment":"scroll","background-type":"","background-media":"","overlay-type":"","overlay-color":"","overlay-opacity":"","overlay-gradient":""},"mobile":{"background-color":"","background-image":"","background-repeat":"repeat","background-position":"center center","background-size":"auto","background-attachment":"scroll","background-type":"","background-media":"","overlay-type":"","overlay-color":"","overlay-opacity":"","overlay-gradient":""}},"ast-content-background-meta":{"desktop":{"background-color":"var(--ast-global-color-5)","background-image":"","background-repeat":"repeat","background-position":"center center","background-size":"auto","background-attachment":"scroll","background-type":"","background-media":"","overlay-type":"","overlay-color":"","overlay-opacity":"","overlay-gradient":""},"tablet":{"background-color":"var(--ast-global-color-5)","background-image":"","background-repeat":"repeat","background-position":"center center","background-size":"auto","background-attachment":"scroll","background-type":"","background-media":"","overlay-type":"","overlay-color":"","overlay-opacity":"","overlay-gradient":""},"mobile":{"background-color":"var(--ast-global-color-5)","background-image":"","background-repeat":"repeat","background-position":"center center","background-size":"auto","background-attachment":"scroll","background-type":"","background-media":"","overlay-type":"","overlay-color":"","overlay-opacity":"","overlay-gradient":""}},"footnotes":""},"class_list":["post-12294","page","type-page","status-publish","hentry"],"acf":[],"_links":{"self":[{"href":"https:\/\/www.vita60.com\/de\/wp-json\/wp\/v2\/pages\/12294","targetHints":{"allow":["GET"]}}],"collection":[{"href":"https:\/\/www.vita60.com\/de\/wp-json\/wp\/v2\/pages"}],"about":[{"href":"https:\/\/www.vita60.com\/de\/wp-json\/wp\/v2\/types\/page"}],"author":[{"embeddable":true,"href":"https:\/\/www.vita60.com\/de\/wp-json\/wp\/v2\/users\/2"}],"replies":[{"embeddable":true,"href":"https:\/\/www.vita60.com\/de\/wp-json\/wp\/v2\/comments?post=12294"}],"version-history":[{"count":0,"href":"https:\/\/www.vita60.com\/de\/wp-json\/wp\/v2\/pages\/12294\/revisions"}],"wp:attachment":[{"href":"https:\/\/www.vita60.com\/de\/wp-json\/wp\/v2\/media?parent=12294"}],"curies":[{"name":"wp","href":"https:\/\/api.w.org\/{rel}","templated":true}]}}