{"id":6697,"date":"2020-07-12T22:50:29","date_gmt":"2020-07-12T22:50:29","guid":{"rendered":"https:\/\/www.vita60.com\/cookie-richtlinie\/"},"modified":"2020-12-28T12:11:23","modified_gmt":"2020-12-28T12:11:23","slug":"cookie-richtlinie","status":"publish","type":"page","link":"https:\/\/www.vita60.com\/de\/cookie-richtlinie\/","title":{"rendered":"Cookie-Richtlinie"},"content":{"rendered":"\t\t<div data-elementor-type=\"wp-page\" data-elementor-id=\"6697\" class=\"elementor elementor-6697 elementor-1628\" data-elementor-post-type=\"page\">\n\t\t\t\t\t\t<section class=\"elementor-section elementor-top-section elementor-element elementor-element-f59f325 elementor-section-boxed elementor-section-height-default elementor-section-height-default\" data-id=\"f59f325\" data-element_type=\"section\" data-e-type=\"section\" data-settings=\"{&quot;background_background&quot;:&quot;classic&quot;}\">\n\t\t\t\t\t\t<div class=\"elementor-container elementor-column-gap-default\">\n\t\t\t\t\t<div class=\"elementor-column elementor-col-100 elementor-top-column elementor-element elementor-element-70a0509\" data-id=\"70a0509\" data-element_type=\"column\" data-e-type=\"column\">\n\t\t\t<div class=\"elementor-widget-wrap elementor-element-populated\">\n\t\t\t\t\t\t<div class=\"elementor-element elementor-element-7df639f elementor-widget elementor-widget-heading\" data-id=\"7df639f\" data-element_type=\"widget\" data-e-type=\"widget\" data-widget_type=\"heading.default\">\n\t\t\t\t\t<h3 class=\"elementor-heading-title elementor-size-default\">Cookie-Richtlinie<\/h3>\t\t\t\t<\/div>\n\t\t\t\t\t<\/div>\n\t\t<\/div>\n\t\t\t\t\t<\/div>\n\t\t<\/section>\n\t\t\t\t<section class=\"elementor-section elementor-top-section elementor-element elementor-element-02ba2bc elementor-section-boxed elementor-section-height-default elementor-section-height-default\" data-id=\"02ba2bc\" data-element_type=\"section\" data-e-type=\"section\" data-settings=\"{&quot;background_background&quot;:&quot;classic&quot;}\">\n\t\t\t\t\t\t\t<div class=\"elementor-background-overlay\"><\/div>\n\t\t\t\t\t\t\t<div class=\"elementor-container elementor-column-gap-default\">\n\t\t\t\t\t<div class=\"elementor-column elementor-col-100 elementor-top-column elementor-element elementor-element-ea84ace\" data-id=\"ea84ace\" data-element_type=\"column\" data-e-type=\"column\">\n\t\t\t<div class=\"elementor-widget-wrap elementor-element-populated\">\n\t\t\t\t\t\t<div class=\"elementor-element elementor-element-89c88ec elementor-widget elementor-widget-heading\" data-id=\"89c88ec\" data-element_type=\"widget\" data-e-type=\"widget\" data-widget_type=\"heading.default\">\n\t\t\t\t\t<h4 class=\"elementor-heading-title elementor-size-default\">Website-Cookie-Richtlinie<\/h4>\t\t\t\t<\/div>\n\t\t\t\t<div class=\"elementor-element elementor-element-e9565d1 elementor-hidden-phone elementor-widget elementor-widget-text-editor\" data-id=\"e9565d1\" data-element_type=\"widget\" data-e-type=\"widget\" data-widget_type=\"text-editor.default\">\n\t\t\t\t\t\t\t\t\t<p><img fetchpriority=\"high\" decoding=\"async\" class=\"alignriight alignright\" src=\"https:\/\/www.vita60.com\/wp-content\/uploads\/2020\/12\/cookie-policy.jpg\" alt=\"Cookie-Richtlinie VITA60\" width=\"300\" height=\"300\" \/><\/p>\n<p>Diese Cookie-Richtlinie beschreibt die Cookies, die wir zur Unterst\u00fctzung der Website verarbeiten. Diese Website ist eine WordPress-Website und erfordert Cookies, um ordnungsgem\u00e4\u00df zu funktionieren. Wir speichern und verwenden Cookies aktiv, einfach als Teil der Funktion der Website. In diesem Dokument werden VITA60.com und VITA60 Group Limited synonym verwendet.<\/p>\n<div class=\"elementor-element elementor-element-3c77dbc elementor-widget elementor-widget-heading\" data-id=\"3c77dbc\" data-element_type=\"widget\" data-widget_type=\"heading.default\">\n<div class=\"elementor-widget-container\">\n<p class=\"elementor-heading-title elementor-size-default\"><strong><span style=\"font-size: 15pt;\">Was sind Website-Cookies?<\/span><\/strong><\/p>\n<\/div>\n<\/div>\n<div class=\"elementor-element elementor-element-0a51c37 elementor-widget elementor-widget-text-editor\" data-id=\"0a51c37\" data-element_type=\"widget\" data-widget_type=\"text-editor.default\">\n<div class=\"elementor-widget-container\">\n<div class=\"elementor-text-editor elementor-clearfix\">\n<p>Wie bei fast allen professionellen Websites \u00fcblich, verwendet diese Website Cookies, winzige Dateien, die auf Ihren Computer heruntergeladen werden, um Ihre Erfahrung zu verbessern. Diese Seite beschreibt, welche Informationen sie sammeln, wie wir sie verwenden und warum wir diese Cookies manchmal speichern m\u00fcssen. Wir werden Ihnen auch mitteilen, wie Sie verhindern k\u00f6nnen, dass diese Cookies gespeichert werden. Dies kann jedoch dazu f\u00fchren, dass bestimmte Elemente der Funktionalit\u00e4t der Website herabgestuft oder \u201cbesch\u00e4digt\u201d werden.<\/p>\n<p>Weitere allgemeine Informationen zu Cookies finden Sie im\u00a0<a href=\"https:\/\/de.wikipedia.org\/wiki\/HTTP-Cookie\" target=\"_blank\" rel=\"noopener\">Wikipedia-Artikel zu HTTP-Cookies<\/a>.<\/p>\n<\/div>\n<\/div>\n<\/div>\n\t\t\t\t\t\t\t\t<\/div>\n\t\t\t\t<div class=\"elementor-element elementor-element-9583aee elementor-hidden-desktop elementor-hidden-tablet elementor-widget elementor-widget-text-editor\" data-id=\"9583aee\" data-element_type=\"widget\" data-e-type=\"widget\" data-widget_type=\"text-editor.default\">\n\t\t\t\t\t\t\t\t\t<p><img decoding=\"async\" class=\"aligncenter\" src=\"https:\/\/www.vita60.com\/wp-content\/uploads\/2020\/12\/cookie-policy.jpg\" alt=\"Cookie-Richtlinie VITA60\" width=\"300\" height=\"300\" \/><\/p>\n<p>Diese Cookie-Richtlinie beschreibt die Cookies, die wir zur Unterst\u00fctzung der Website verarbeiten. Diese Website ist eine WordPress-Website und erfordert Cookies, um ordnungsgem\u00e4\u00df zu funktionieren. Wir speichern und verwenden Cookies aktiv, einfach als Teil der Funktion der Website. In diesem Dokument werden VITA60.com und VITA60 Group Limited synonym verwendet.<\/p>\n<div class=\"elementor-element elementor-element-3c77dbc elementor-widget elementor-widget-heading\" data-id=\"3c77dbc\" data-element_type=\"widget\" data-widget_type=\"heading.default\">\n<div class=\"elementor-widget-container\">\n<p class=\"elementor-heading-title elementor-size-default\"><strong><span style=\"font-size: 15pt;\">Was sind Website-Cookies?<\/span><\/strong><\/p>\n<\/div>\n<\/div>\n<div class=\"elementor-element elementor-element-0a51c37 elementor-widget elementor-widget-text-editor\" data-id=\"0a51c37\" data-element_type=\"widget\" data-widget_type=\"text-editor.default\">\n<div class=\"elementor-widget-container\">\n<div class=\"elementor-text-editor elementor-clearfix\">\n<p>Wie bei fast allen professionellen Websites \u00fcblich, verwendet diese Website Cookies, winzige Dateien, die auf Ihren Computer heruntergeladen werden, um Ihre Erfahrung zu verbessern. Diese Seite beschreibt, welche Informationen sie sammeln, wie wir sie verwenden und warum wir diese Cookies manchmal speichern m\u00fcssen. Wir werden Ihnen auch mitteilen, wie Sie verhindern k\u00f6nnen, dass diese Cookies gespeichert werden. Dies kann jedoch dazu f\u00fchren, dass bestimmte Elemente der Funktionalit\u00e4t der Website herabgestuft oder \u201cbesch\u00e4digt\u201d werden.<\/p>\n<p>Weitere allgemeine Informationen zu Cookies finden Sie im\u00a0<a href=\"https:\/\/de.wikipedia.org\/wiki\/HTTP-Cookie\" target=\"_blank\" rel=\"noopener\">Wikipedia-Artikel zu HTTP-Cookies<\/a>.<\/p>\n<\/div>\n<\/div>\n<\/div>\n\t\t\t\t\t\t\t\t<\/div>\n\t\t\t\t<div class=\"elementor-element elementor-element-f02cab6 elementor-widget elementor-widget-heading\" data-id=\"f02cab6\" data-element_type=\"widget\" data-e-type=\"widget\" data-widget_type=\"heading.default\">\n\t\t\t\t\t<h4 class=\"elementor-heading-title elementor-size-default\">Wie wir Cookies verwenden<\/h4>\t\t\t\t<\/div>\n\t\t\t\t<div class=\"elementor-element elementor-element-245dd51 elementor-widget elementor-widget-text-editor\" data-id=\"245dd51\" data-element_type=\"widget\" data-e-type=\"widget\" data-widget_type=\"text-editor.default\">\n\t\t\t\t\t\t\t\t\t<p>Wir verwenden Cookies aus verschiedenen Gr\u00fcnden, die unten aufgef\u00fchrt sind. Leider gibt es in den meisten F\u00e4llen keine branchen\u00fcblichen Optionen zum Deaktivieren von Cookies, ohne die Funktionen und Features, die sie dieser Website hinzuf\u00fcgen, vollst\u00e4ndig zu deaktivieren. F\u00fcr WordPress-Websites, von denen dies eine ist, sind Cookies erforderlich. Es wird empfohlen, alle Cookies zu belassen, wenn Sie nicht sicher sind, ob Sie sie ben\u00f6tigen oder nicht, falls sie zur Bereitstellung eines von Ihnen verwendeten Dienstes verwendet werden.<\/p>\n\t\t\t\t\t\t\t\t<\/div>\n\t\t\t\t<div class=\"elementor-element elementor-element-03adfc3 elementor-widget elementor-widget-heading\" data-id=\"03adfc3\" data-element_type=\"widget\" data-e-type=\"widget\" data-widget_type=\"heading.default\">\n\t\t\t\t\t<h4 class=\"elementor-heading-title elementor-size-default\">Cookies deaktivieren<\/h4>\t\t\t\t<\/div>\n\t\t\t\t<div class=\"elementor-element elementor-element-2f21fd7 elementor-widget elementor-widget-text-editor\" data-id=\"2f21fd7\" data-element_type=\"widget\" data-e-type=\"widget\" data-widget_type=\"text-editor.default\">\n\t\t\t\t\t\t\t\t\t<p>Sie k\u00f6nnen das Setzen von Cookies verhindern, indem Sie die Einstellungen in Ihrem Browser anpassen (Informationen dazu finden Sie in der Hilfe Ihres Browsers). Beachten Sie, dass das Deaktivieren von Cookies die Funktionalit\u00e4t dieser und vieler anderer Websites, die Sie besuchen, beeintr\u00e4chtigt. Das Deaktivieren von Cookies f\u00fchrt normalerweise auch zum Deaktivieren bestimmter Funktionen und Merkmale der Website. Daher wird empfohlen, Cookies nicht zu deaktivieren.<\/p>\n\t\t\t\t\t\t\t\t<\/div>\n\t\t\t\t<div class=\"elementor-element elementor-element-846492c elementor-widget elementor-widget-heading\" data-id=\"846492c\" data-element_type=\"widget\" data-e-type=\"widget\" data-widget_type=\"heading.default\">\n\t\t\t\t\t<h4 class=\"elementor-heading-title elementor-size-default\">Die Cookies, die wir setzen<\/h4>\t\t\t\t<\/div>\n\t\t\t\t<div class=\"elementor-element elementor-element-df4c90a elementor-widget elementor-widget-text-editor\" data-id=\"df4c90a\" data-element_type=\"widget\" data-e-type=\"widget\" data-widget_type=\"text-editor.default\">\n\t\t\t\t\t\t\t\t\t<ul>\n<li>Kontobezogene CookiesWenn Sie ein Konto bei uns erstellen, verwenden wir Cookies f\u00fcr die Verwaltung des Anmeldevorgangs und die allgemeine Verwaltung. Diese Cookies werden normalerweise gel\u00f6scht, wenn Sie sich abmelden. In einigen F\u00e4llen bleiben sie jedoch nach dem Abmelden erhalten, um Ihre Website-Einstellungen zu speichern.<\/li>\n<li>Cookies f\u00fcr die Website-Anmeldung<br \/>\nWir verwenden Cookies, wenn Sie angemeldet sind, damit wir uns an diese Tatsache erinnern k\u00f6nnen. Dies verhindert, dass Sie sich jedes Mal anmelden m\u00fcssen, wenn Sie eine neue Seite besuchen. Diese Cookies werden normalerweise entfernt oder gel\u00f6scht, wenn Sie sich abmelden, um sicherzustellen, dass Sie nur dann auf eingeschr\u00e4nkte Funktionen und Bereiche zugreifen k\u00f6nnen, wenn Sie angemeldet sind.<\/li>\n<li>Cookies f\u00fcr die Auftragsabwicklung<br \/>\nDiese Website bietet E-Commerce- oder Zahlungsm\u00f6glichkeiten. Einige Cookies sind wichtig, um sicherzustellen, dass Ihre Bestellung zwischen den Seiten gespeichert wird, damit wir sie ordnungsgem\u00e4\u00df verarbeiten k\u00f6nnen.<\/li>\n<li>Formt verwandte Cookies<br \/>\nWenn Sie Daten an \/ \u00fcber ein Website-Formular senden, z.B. auf Kontaktseiten oder Kommentarformularen, werden m\u00f6glicherweise Cookies gesetzt, um Ihre Benutzerdaten f\u00fcr zuk\u00fcnftige Korrespondenz zu speichern.<\/li>\n<\/ul>\n\t\t\t\t\t\t\t\t<\/div>\n\t\t\t\t<div class=\"elementor-element elementor-element-0c3ce98 elementor-widget elementor-widget-heading\" data-id=\"0c3ce98\" data-element_type=\"widget\" data-e-type=\"widget\" data-widget_type=\"heading.default\">\n\t\t\t\t\t<h4 class=\"elementor-heading-title elementor-size-default\">Cookies von Drittanbietern<\/h4>\t\t\t\t<\/div>\n\t\t\t\t<div class=\"elementor-element elementor-element-f76be90 elementor-widget elementor-widget-text-editor\" data-id=\"f76be90\" data-element_type=\"widget\" data-e-type=\"widget\" data-widget_type=\"text-editor.default\">\n\t\t\t\t\t\t\t\t\t<p>In einigen besonderen F\u00e4llen verwenden wir auch Cookies, die von vertrauensw\u00fcrdigen Dritten bereitgestellt werden. Im folgenden Abschnitt wird beschrieben, auf welche Cookies von Drittanbietern Sie m\u00f6glicherweise \u00fcber diese Website sto\u00dfen.<\/p>\n<ul>\n<li>Diese Website verwendet Google Analytics, eine der am weitesten verbreiteten und vertrauensw\u00fcrdigsten Analysel\u00f6sungen im Internet, um zu verstehen, wie Sie die Website nutzen und wie wir Ihre Erfahrung verbessern k\u00f6nnen. Diese Cookies k\u00f6nnen beispielsweise nachverfolgen, wie viel Zeit Sie auf der Website verbringen und welche Seiten Sie besuchen, damit wir weiterhin ansprechende Inhalte erstellen k\u00f6nnen.<br \/>\nWeitere Informationen zu Google Analytics-Cookies finden Sie auf der offiziellen Google Analytics-Seite.<\/li>\n<\/ul>\n<p>Wenn Sie noch weitere Informationen suchen, k\u00f6nnen Sie uns \u00fcber unsere\u00a0<a href=\"https:\/\/www.vita60.com\/de\/kontaktiere-uns\/\">Kontaktseite<\/a>\u00a0kontaktieren.<\/p>\n\t\t\t\t\t\t\t\t<\/div>\n\t\t\t\t\t<\/div>\n\t\t<\/div>\n\t\t\t\t\t<\/div>\n\t\t<\/section>\n\t\t\t\t<\/div>\n\t\t","protected":false},"excerpt":{"rendered":"<p>Cookie-Richtlinie Website-Cookie-Richtlinie Diese Cookie-Richtlinie beschreibt die Cookies, die wir zur Unterst\u00fctzung der Website verarbeiten. Diese Website ist eine WordPress-Website und erfordert Cookies, um ordnungsgem\u00e4\u00df zu funktionieren. Wir speichern und verwenden Cookies aktiv, einfach als Teil der Funktion der Website. In diesem Dokument werden VITA60.com und VITA60 Group Limited synonym verwendet. Was sind Website-Cookies? Wie bei [&hellip;]<\/p>\n","protected":false},"author":2,"featured_media":0,"parent":0,"menu_order":0,"comment_status":"closed","ping_status":"closed","template":"","meta":{"_acf_changed":false,"site-sidebar-layout":"no-sidebar","site-content-layout":"page-builder","ast-site-content-layout":"default","site-content-style":"default","site-sidebar-style":"default","ast-global-header-display":"","ast-banner-title-visibility":"","ast-main-header-display":"","ast-hfb-above-header-display":"","ast-hfb-below-header-display":"","ast-hfb-mobile-header-display":"","site-post-title":"disabled","ast-breadcrumbs-content":"","ast-featured-img":"disabled","footer-sml-layout":"","ast-disable-related-posts":"","theme-transparent-header-meta":"default","adv-header-id-meta":"","stick-header-meta":"","header-above-stick-meta":"","header-main-stick-meta":"","header-below-stick-meta":"","astra-migrate-meta-layouts":"default","ast-page-background-enabled":"default","ast-page-background-meta":{"desktop":{"background-color":"","background-image":"","background-repeat":"repeat","background-position":"center center","background-size":"auto","background-attachment":"scroll","background-type":"","background-media":"","overlay-type":"","overlay-color":"","overlay-opacity":"","overlay-gradient":""},"tablet":{"background-color":"","background-image":"","background-repeat":"repeat","background-position":"center center","background-size":"auto","background-attachment":"scroll","background-type":"","background-media":"","overlay-type":"","overlay-color":"","overlay-opacity":"","overlay-gradient":""},"mobile":{"background-color":"","background-image":"","background-repeat":"repeat","background-position":"center center","background-size":"auto","background-attachment":"scroll","background-type":"","background-media":"","overlay-type":"","overlay-color":"","overlay-opacity":"","overlay-gradient":""}},"ast-content-background-meta":{"desktop":{"background-color":"var(--ast-global-color-5)","background-image":"","background-repeat":"repeat","background-position":"center center","background-size":"auto","background-attachment":"scroll","background-type":"","background-media":"","overlay-type":"","overlay-color":"","overlay-opacity":"","overlay-gradient":""},"tablet":{"background-color":"var(--ast-global-color-5)","background-image":"","background-repeat":"repeat","background-position":"center center","background-size":"auto","background-attachment":"scroll","background-type":"","background-media":"","overlay-type":"","overlay-color":"","overlay-opacity":"","overlay-gradient":""},"mobile":{"background-color":"var(--ast-global-color-5)","background-image":"","background-repeat":"repeat","background-position":"center center","background-size":"auto","background-attachment":"scroll","background-type":"","background-media":"","overlay-type":"","overlay-color":"","overlay-opacity":"","overlay-gradient":""}},"footnotes":""},"class_list":["post-6697","page","type-page","status-publish","hentry"],"acf":[],"_links":{"self":[{"href":"https:\/\/www.vita60.com\/de\/wp-json\/wp\/v2\/pages\/6697","targetHints":{"allow":["GET"]}}],"collection":[{"href":"https:\/\/www.vita60.com\/de\/wp-json\/wp\/v2\/pages"}],"about":[{"href":"https:\/\/www.vita60.com\/de\/wp-json\/wp\/v2\/types\/page"}],"author":[{"embeddable":true,"href":"https:\/\/www.vita60.com\/de\/wp-json\/wp\/v2\/users\/2"}],"replies":[{"embeddable":true,"href":"https:\/\/www.vita60.com\/de\/wp-json\/wp\/v2\/comments?post=6697"}],"version-history":[{"count":0,"href":"https:\/\/www.vita60.com\/de\/wp-json\/wp\/v2\/pages\/6697\/revisions"}],"wp:attachment":[{"href":"https:\/\/www.vita60.com\/de\/wp-json\/wp\/v2\/media?parent=6697"}],"curies":[{"name":"wp","href":"https:\/\/api.w.org\/{rel}","templated":true}]}}