{"id":6752,"date":"2020-07-13T02:05:55","date_gmt":"2020-07-13T02:05:55","guid":{"rendered":"https:\/\/www.vita60.com\/urheberrechte\/"},"modified":"2020-12-28T11:51:37","modified_gmt":"2020-12-28T11:51:37","slug":"urheberrechte","status":"publish","type":"page","link":"https:\/\/www.vita60.com\/de\/urheberrechte\/","title":{"rendered":"Urheberrechte"},"content":{"rendered":"\t\t<div data-elementor-type=\"wp-page\" data-elementor-id=\"6752\" class=\"elementor elementor-6752 elementor-1625\" data-elementor-post-type=\"page\">\n\t\t\t\t\t\t<section class=\"elementor-section elementor-top-section elementor-element elementor-element-e840aa3 elementor-section-boxed elementor-section-height-default elementor-section-height-default\" data-id=\"e840aa3\" data-element_type=\"section\" data-e-type=\"section\" data-settings=\"{&quot;background_background&quot;:&quot;classic&quot;}\">\n\t\t\t\t\t\t<div class=\"elementor-container elementor-column-gap-default\">\n\t\t\t\t\t<div class=\"elementor-column elementor-col-100 elementor-top-column elementor-element elementor-element-007f4e9\" data-id=\"007f4e9\" data-element_type=\"column\" data-e-type=\"column\">\n\t\t\t<div class=\"elementor-widget-wrap elementor-element-populated\">\n\t\t\t\t\t\t<div class=\"elementor-element elementor-element-14641b5 elementor-widget elementor-widget-heading\" data-id=\"14641b5\" data-element_type=\"widget\" data-e-type=\"widget\" data-widget_type=\"heading.default\">\n\t\t\t\t\t<h3 class=\"elementor-heading-title elementor-size-default\">Urheberrechte<\/h3>\t\t\t\t<\/div>\n\t\t\t\t\t<\/div>\n\t\t<\/div>\n\t\t\t\t\t<\/div>\n\t\t<\/section>\n\t\t\t\t<section class=\"elementor-section elementor-top-section elementor-element elementor-element-0ad8edd elementor-section-boxed elementor-section-height-default elementor-section-height-default\" data-id=\"0ad8edd\" data-element_type=\"section\" data-e-type=\"section\">\n\t\t\t\t\t\t<div class=\"elementor-container elementor-column-gap-default\">\n\t\t\t\t\t<div class=\"elementor-column elementor-col-100 elementor-top-column elementor-element elementor-element-47c0d11\" data-id=\"47c0d11\" data-element_type=\"column\" data-e-type=\"column\">\n\t\t\t<div class=\"elementor-widget-wrap elementor-element-populated\">\n\t\t\t\t\t\t<div class=\"elementor-element elementor-element-d2fd8fe elementor-widget elementor-widget-heading\" data-id=\"d2fd8fe\" data-element_type=\"widget\" data-e-type=\"widget\" data-widget_type=\"heading.default\">\n\t\t\t\t\t<h2 class=\"elementor-heading-title elementor-size-default\"><h4>Urheberrechte<\/h4><\/h2>\t\t\t\t<\/div>\n\t\t\t\t\t<\/div>\n\t\t<\/div>\n\t\t\t\t\t<\/div>\n\t\t<\/section>\n\t\t\t\t<section class=\"elementor-section elementor-top-section elementor-element elementor-element-0b933c7 elementor-section-boxed elementor-section-height-default elementor-section-height-default\" data-id=\"0b933c7\" data-element_type=\"section\" data-e-type=\"section\">\n\t\t\t\t\t\t<div class=\"elementor-container elementor-column-gap-default\">\n\t\t\t\t\t<div class=\"elementor-column elementor-col-50 elementor-top-column elementor-element elementor-element-1889d50\" data-id=\"1889d50\" data-element_type=\"column\" data-e-type=\"column\">\n\t\t\t<div class=\"elementor-widget-wrap elementor-element-populated\">\n\t\t\t\t\t\t<div class=\"elementor-element elementor-element-acc4275 elementor-widget elementor-widget-text-editor\" data-id=\"acc4275\" data-element_type=\"widget\" data-e-type=\"widget\" data-widget_type=\"text-editor.default\">\n\t\t\t\t\t\t\t\t\t<p>\u00a9 VITA60.com. Das VITA60-Urheberrechtsmaterial auf dieser Website geh\u00f6rt VITA60 Group Limited und ist durch das britische Urheberrecht, internationale Urheberrechtsvertr\u00e4ge und alle anderen geltenden Urheber- und geistigen Eigentumsgesetze gesch\u00fctzt.<\/p>\n<p>VITA60 ist ein eingetragener Handelsname des Unternehmens.<\/p>\n<p>Sie sind berechtigt, Informationen f\u00fcr Ihren pers\u00f6nlichen Gebrauch zu kopieren, d\u00fcrfen diese Informationen jedoch ohne vorherige schriftliche Zustimmung von VITA60 Group Limited in keiner Weise erneut ver\u00f6ffentlichen. Alle hier nicht ausdr\u00fccklich gew\u00e4hrten Rechte sind VITA60 Group Limited vorbehalten.<\/p>\n\t\t\t\t\t\t\t\t<\/div>\n\t\t\t\t\t<\/div>\n\t\t<\/div>\n\t\t\t\t<div class=\"elementor-column elementor-col-50 elementor-top-column elementor-element elementor-element-1b30361\" data-id=\"1b30361\" data-element_type=\"column\" data-e-type=\"column\">\n\t\t\t<div class=\"elementor-widget-wrap elementor-element-populated\">\n\t\t\t\t\t\t<div class=\"elementor-element elementor-element-c1987ae elementor-widget elementor-widget-image\" data-id=\"c1987ae\" data-element_type=\"widget\" data-e-type=\"widget\" data-widget_type=\"image.default\">\n\t\t\t\t\t\t\t\t\t\t\t\t\t\t\t<img fetchpriority=\"high\" decoding=\"async\" width=\"300\" height=\"300\" src=\"https:\/\/www.vita60.com\/wp-content\/uploads\/2020\/12\/copyright-300x300.jpg\" class=\"attachment-medium size-medium wp-image-22259\" alt=\"VITA60 Urheberrechte \u00a9\" srcset=\"https:\/\/www.vita60.com\/wp-content\/uploads\/2020\/12\/copyright-300x300.jpg 300w, https:\/\/www.vita60.com\/wp-content\/uploads\/2020\/12\/copyright-600x600.jpg 600w, https:\/\/www.vita60.com\/wp-content\/uploads\/2020\/12\/copyright-100x100.jpg 100w, https:\/\/www.vita60.com\/wp-content\/uploads\/2020\/12\/copyright-150x150.jpg 150w, https:\/\/www.vita60.com\/wp-content\/uploads\/2020\/12\/copyright-24x24.jpg 24w, https:\/\/www.vita60.com\/wp-content\/uploads\/2020\/12\/copyright-36x36.jpg 36w, https:\/\/www.vita60.com\/wp-content\/uploads\/2020\/12\/copyright-48x48.jpg 48w, https:\/\/www.vita60.com\/wp-content\/uploads\/2020\/12\/copyright.jpg 700w\" sizes=\"(max-width: 300px) 100vw, 300px\" \/>\t\t\t\t\t\t\t\t\t\t\t\t\t\t\t<\/div>\n\t\t\t\t\t<\/div>\n\t\t<\/div>\n\t\t\t\t\t<\/div>\n\t\t<\/section>\n\t\t\t\t<section class=\"elementor-section elementor-top-section elementor-element elementor-element-905f1eb elementor-section-boxed elementor-section-height-default elementor-section-height-default\" data-id=\"905f1eb\" data-element_type=\"section\" data-e-type=\"section\" data-settings=\"{&quot;background_background&quot;:&quot;classic&quot;}\">\n\t\t\t\t\t\t<div class=\"elementor-container elementor-column-gap-default\">\n\t\t\t\t\t<div class=\"elementor-column elementor-col-100 elementor-top-column elementor-element elementor-element-2f63852\" data-id=\"2f63852\" data-element_type=\"column\" data-e-type=\"column\">\n\t\t\t<div class=\"elementor-widget-wrap elementor-element-populated\">\n\t\t\t\t\t\t<div class=\"elementor-element elementor-element-f2c586d elementor-widget elementor-widget-heading\" data-id=\"f2c586d\" data-element_type=\"widget\" data-e-type=\"widget\" data-widget_type=\"heading.default\">\n\t\t\t\t\t<h4 class=\"elementor-heading-title elementor-size-default\">Marken und Rechte an geistigem Eigentum<\/h4>\t\t\t\t<\/div>\n\t\t\t\t<div class=\"elementor-element elementor-element-54931bb elementor-widget elementor-widget-text-editor\" data-id=\"54931bb\" data-element_type=\"widget\" data-e-type=\"widget\" data-widget_type=\"text-editor.default\">\n\t\t\t\t\t\t\t\t\t<p><span style=\"font-size: 15px;\">Das Corporate Branding ist eine Marke von VITA60 Group Limited, einem in England und Wales registrierten Unternehmen mit der Firmennummer: 11187659<br \/>\n<\/span><span style=\"font-style: inherit;\"><br \/>\n<b>Eingetragene B\u00fcros:<br \/>\n<\/b><\/span><span style=\"font-size: 15px;\">Union House<br \/>\n<\/span><span style=\"font-size: 15px;\">111 New Union Street<br \/>\n<\/span><span style=\"font-size: 15px;\">Telford<br \/>\n<\/span><span style=\"font-size: 15px;\">West Midlands<br \/>\n<\/span><span style=\"font-size: 15px;\">CV1 2NT<br \/>\n<\/span><span style=\"font-size: 15px;\">England<\/span><\/p>\n<p>Die Namen VITA60 und C60inoliveoil.com sind unsere Handelsnamen. Das V-f\u00f6rmige Design mit C60-Molek\u00fclbild und hohlen H\u00e4nden mit C60-Molek\u00fcl sind unsere Logos.<\/p>\n<p>Alle Variationen dieser Bilder unterliegen dem Urheberrecht<\/p>\n\t\t\t\t\t\t\t\t<\/div>\n\t\t\t\t\t<\/div>\n\t\t<\/div>\n\t\t\t\t\t<\/div>\n\t\t<\/section>\n\t\t\t\t<\/div>\n\t\t","protected":false},"excerpt":{"rendered":"<p>Urheberrechte Urheberrechte \u00a9 VITA60.com. Das VITA60-Urheberrechtsmaterial auf dieser Website geh\u00f6rt VITA60 Group Limited und ist durch das britische Urheberrecht, internationale Urheberrechtsvertr\u00e4ge und alle anderen geltenden Urheber- und geistigen Eigentumsgesetze gesch\u00fctzt. VITA60 ist ein eingetragener Handelsname des Unternehmens. Sie sind berechtigt, Informationen f\u00fcr Ihren pers\u00f6nlichen Gebrauch zu kopieren, d\u00fcrfen diese Informationen jedoch ohne vorherige schriftliche Zustimmung [&hellip;]<\/p>\n","protected":false},"author":2,"featured_media":0,"parent":0,"menu_order":0,"comment_status":"closed","ping_status":"closed","template":"","meta":{"_acf_changed":false,"site-sidebar-layout":"no-sidebar","site-content-layout":"page-builder","ast-site-content-layout":"default","site-content-style":"default","site-sidebar-style":"default","ast-global-header-display":"","ast-banner-title-visibility":"","ast-main-header-display":"","ast-hfb-above-header-display":"","ast-hfb-below-header-display":"","ast-hfb-mobile-header-display":"","site-post-title":"disabled","ast-breadcrumbs-content":"","ast-featured-img":"disabled","footer-sml-layout":"","ast-disable-related-posts":"","theme-transparent-header-meta":"default","adv-header-id-meta":"","stick-header-meta":"","header-above-stick-meta":"","header-main-stick-meta":"","header-below-stick-meta":"","astra-migrate-meta-layouts":"default","ast-page-background-enabled":"default","ast-page-background-meta":{"desktop":{"background-color":"","background-image":"","background-repeat":"repeat","background-position":"center center","background-size":"auto","background-attachment":"scroll","background-type":"","background-media":"","overlay-type":"","overlay-color":"","overlay-opacity":"","overlay-gradient":""},"tablet":{"background-color":"","background-image":"","background-repeat":"repeat","background-position":"center center","background-size":"auto","background-attachment":"scroll","background-type":"","background-media":"","overlay-type":"","overlay-color":"","overlay-opacity":"","overlay-gradient":""},"mobile":{"background-color":"","background-image":"","background-repeat":"repeat","background-position":"center center","background-size":"auto","background-attachment":"scroll","background-type":"","background-media":"","overlay-type":"","overlay-color":"","overlay-opacity":"","overlay-gradient":""}},"ast-content-background-meta":{"desktop":{"background-color":"var(--ast-global-color-5)","background-image":"","background-repeat":"repeat","background-position":"center center","background-size":"auto","background-attachment":"scroll","background-type":"","background-media":"","overlay-type":"","overlay-color":"","overlay-opacity":"","overlay-gradient":""},"tablet":{"background-color":"var(--ast-global-color-5)","background-image":"","background-repeat":"repeat","background-position":"center center","background-size":"auto","background-attachment":"scroll","background-type":"","background-media":"","overlay-type":"","overlay-color":"","overlay-opacity":"","overlay-gradient":""},"mobile":{"background-color":"var(--ast-global-color-5)","background-image":"","background-repeat":"repeat","background-position":"center center","background-size":"auto","background-attachment":"scroll","background-type":"","background-media":"","overlay-type":"","overlay-color":"","overlay-opacity":"","overlay-gradient":""}},"footnotes":""},"class_list":["post-6752","page","type-page","status-publish","hentry"],"acf":[],"_links":{"self":[{"href":"https:\/\/www.vita60.com\/de\/wp-json\/wp\/v2\/pages\/6752","targetHints":{"allow":["GET"]}}],"collection":[{"href":"https:\/\/www.vita60.com\/de\/wp-json\/wp\/v2\/pages"}],"about":[{"href":"https:\/\/www.vita60.com\/de\/wp-json\/wp\/v2\/types\/page"}],"author":[{"embeddable":true,"href":"https:\/\/www.vita60.com\/de\/wp-json\/wp\/v2\/users\/2"}],"replies":[{"embeddable":true,"href":"https:\/\/www.vita60.com\/de\/wp-json\/wp\/v2\/comments?post=6752"}],"version-history":[{"count":0,"href":"https:\/\/www.vita60.com\/de\/wp-json\/wp\/v2\/pages\/6752\/revisions"}],"wp:attachment":[{"href":"https:\/\/www.vita60.com\/de\/wp-json\/wp\/v2\/media?parent=6752"}],"curies":[{"name":"wp","href":"https:\/\/api.w.org\/{rel}","templated":true}]}}