{"id":7028,"date":"2020-07-14T21:20:16","date_gmt":"2020-07-14T21:20:16","guid":{"rendered":"https:\/\/www.vita60.com\/haftungsausschluss\/"},"modified":"2021-09-09T08:09:55","modified_gmt":"2021-09-09T08:09:55","slug":"haftungsausschluss","status":"publish","type":"page","link":"https:\/\/www.vita60.com\/de\/haftungsausschluss\/","title":{"rendered":"Haftungsausschluss"},"content":{"rendered":"\t\t<div data-elementor-type=\"wp-page\" data-elementor-id=\"7028\" class=\"elementor elementor-7028 elementor-1626\" data-elementor-post-type=\"page\">\n\t\t\t\t\t\t<section class=\"elementor-section elementor-top-section elementor-element elementor-element-209eadf elementor-section-boxed elementor-section-height-default elementor-section-height-default\" data-id=\"209eadf\" data-element_type=\"section\" data-e-type=\"section\" data-settings=\"{&quot;background_background&quot;:&quot;classic&quot;}\">\n\t\t\t\t\t\t<div class=\"elementor-container elementor-column-gap-default\">\n\t\t\t\t\t<div class=\"elementor-column elementor-col-100 elementor-top-column elementor-element elementor-element-be61ed2\" data-id=\"be61ed2\" data-element_type=\"column\" data-e-type=\"column\">\n\t\t\t<div class=\"elementor-widget-wrap elementor-element-populated\">\n\t\t\t\t\t\t<div class=\"elementor-element elementor-element-2c41c77 elementor-widget elementor-widget-heading\" data-id=\"2c41c77\" data-element_type=\"widget\" data-e-type=\"widget\" data-widget_type=\"heading.default\">\n\t\t\t\t\t<h3 class=\"elementor-heading-title elementor-size-default\">Haftungsausschluss<\/h3>\t\t\t\t<\/div>\n\t\t\t\t\t<\/div>\n\t\t<\/div>\n\t\t\t\t\t<\/div>\n\t\t<\/section>\n\t\t\t\t<section class=\"elementor-section elementor-top-section elementor-element elementor-element-b55d6ab elementor-section-boxed elementor-section-height-default elementor-section-height-default\" data-id=\"b55d6ab\" data-element_type=\"section\" data-e-type=\"section\" data-settings=\"{&quot;background_background&quot;:&quot;classic&quot;}\">\n\t\t\t\t\t\t<div class=\"elementor-container elementor-column-gap-default\">\n\t\t\t\t\t<div class=\"elementor-column elementor-col-100 elementor-top-column elementor-element elementor-element-210ff38\" data-id=\"210ff38\" data-element_type=\"column\" data-e-type=\"column\">\n\t\t\t<div class=\"elementor-widget-wrap elementor-element-populated\">\n\t\t\t\t\t\t<div class=\"elementor-element elementor-element-d4a81fb elementor-hidden-phone elementor-widget elementor-widget-text-editor\" data-id=\"d4a81fb\" data-element_type=\"widget\" data-e-type=\"widget\" data-widget_type=\"text-editor.default\">\n\t\t\t\t\t\t\t\t\t<p><img fetchpriority=\"high\" decoding=\"async\" class=\"alignright wp-image-8359 size-medium\" src=\"https:\/\/www.vita60.com\/wp-content\/uploads\/2020\/12\/disclaimer-300x300.jpg\" alt=\"Haftungsausschluss VITA60 Website\" width=\"300\" height=\"300\" \/>Die C60-haltigen \u00d6le, die von VITA60 Group Limited \u00fcber diese Website und anderswo verkauft werden, dienen der Replikation wissenschaftlicher Studien. Bei der Bestellung \u00fcber diese Website stimmen Sie unserem Haftungsausschluss zu, der Teil der Verkaufsbedingungen ist.<\/p>\n<p>Die hier auf dieser Website gemachten Aussagen wurden von keiner staatlichen Arzneimittelzulassungsbeh\u00f6rde wie der US-amerikanischen FDA oder der britischen MHRA bewertet.<\/p>\n<p>Die Produkte und Informationen auf dieser Website dienen nicht zur Diagnose, Behandlung, Heilung oder Vorbeugung von Krankheiten.<\/p>\n<p>VITA60 Group Limited bietet Informationen nur zu Referenz-, Forschungs- und Informationszwecken.<\/p>\n<p>Der Inhalt dieser Website ist kein Ersatz f\u00fcr die Beratung durch einen entsprechend qualifizierten Arzt oder Heilpraktiker.<\/p>\n<p>VITA60 Group Limited empfiehlt den Besuchern dieser Website, bei allen Entscheidungen \u00fcber Gesundheit oder Nahrungserg\u00e4nzung Vorsicht walten zu lassen.<\/p>\n<p>Wenn Sie sich \u00fcber Ihren Gesundheitszustand nicht sicher sind oder Erg\u00e4nzungsmittel ben\u00f6tigen, wenden Sie sich bitte an Ihren Arzt.<\/p>\n<p>W\u00e4hrend die auf VITA60.com enthaltenen Materialien auf ihre Richtigkeit \u00fcberpr\u00fcft werden, machen wir keine Zusicherungen und unterst\u00fctzen auch nicht die Richtigkeit, Vollst\u00e4ndigkeit, Aktualit\u00e4t oder Zuverl\u00e4ssigkeit von Informationen, Meinungen, Aussagen oder anderen Materialien oder Datenbanken, die angezeigt, hochgeladen oder hochgeladen werden auf der Website verteilt.<\/p>\n<p>Die Materialien und Informationen auf dieser Website werden &#8222;wie sie sind&#8220; ohne ausdr\u00fcckliche oder stillschweigende Zusicherung oder Gew\u00e4hrleistung jeglicher Art bereitgestellt, einschlie\u00dflich, ohne Einschr\u00e4nkung, jeglicher Gew\u00e4hrleistung f\u00fcr Informationen, Dienstleistungen oder Produkte, die \u00fcber oder in Verbindung mit VITA60.com-Webseiten oder bereitgestellt werden implizite Garantien f\u00fcr die Marktg\u00e4ngigkeit, die Eignung f\u00fcr einen bestimmten Zweck oder die Nichtverletzung. Dieser Ausschluss gilt nicht in L\u00e4ndern, in denen implizite Garantien nicht ausgeschlossen werden k\u00f6nnen.<\/p>\n<p>VITA60 Group Limited, seine leitenden Angestellten, Direktoren, Aktion\u00e4re, Eltern, Tochterunternehmen, verbundenen Unternehmen, Vertreter oder Lizenzgeber haften nicht f\u00fcr zuf\u00e4llige, indirekte, Folgesch\u00e4den, besondere, strafende oder vorbildliche Sch\u00e4den jeglicher Art, einschlie\u00dflich entgangener Einnahmen oder Gewinne, Verluste Gesch\u00e4fts- oder Datenverlust in irgendeiner Weise im Zusammenhang mit diesem Service oder f\u00fcr Anspr\u00fcche, Verluste oder Verletzungen aufgrund von Fehlern oder Auslassungen, Unterbrechungen oder anderen Ungenauigkeiten, die auf VITA60.com auftreten.<\/p>\n\t\t\t\t\t\t\t\t<\/div>\n\t\t\t\t<div class=\"elementor-element elementor-element-620da8a elementor-hidden-desktop elementor-hidden-tablet elementor-widget elementor-widget-text-editor\" data-id=\"620da8a\" data-element_type=\"widget\" data-e-type=\"widget\" data-widget_type=\"text-editor.default\">\n\t\t\t\t\t\t\t\t\t<p><img decoding=\"async\" class=\"wp-image-8359 size-medium aligncenter\" src=\"https:\/\/www.vita60.com\/wp-content\/uploads\/2020\/12\/disclaimer-300x300.jpg\" alt=\"Haftungsausschluss VITA60 Website\" width=\"300\" height=\"300\" \/><span style=\"font-size: 15px;\"><br \/>\n<\/span><\/p>\n<p>Die C60-haltigen \u00d6le, die von VITA60 Group Limited \u00fcber diese Website und anderswo verkauft werden, dienen der Replikation wissenschaftlicher Studien. Bei der Bestellung \u00fcber diese Website stimmen Sie unserem Haftungsausschluss zu, der Teil der Verkaufsbedingungen ist.<\/p>\n<p>Die hier auf dieser Website gemachten Aussagen wurden von keiner staatlichen Arzneimittelzulassungsbeh\u00f6rde wie der US-amerikanischen FDA oder der britischen MHRA bewertet.<\/p>\n<p>Die Produkte und Informationen auf dieser Website dienen nicht zur Diagnose, Behandlung, Heilung oder Vorbeugung von Krankheiten.<\/p>\n<p>VITA60 Group Limited bietet Informationen nur zu Referenz-, Forschungs- und Informationszwecken.<\/p>\n<p>Der Inhalt dieser Website ist kein Ersatz f\u00fcr die Beratung durch einen entsprechend qualifizierten Arzt oder Heilpraktiker.<\/p>\n<p>VITA60 Group Limited empfiehlt den Besuchern dieser Website, bei allen Entscheidungen \u00fcber Gesundheit oder Nahrungserg\u00e4nzung Vorsicht walten zu lassen.<\/p>\n<p>Wenn Sie sich \u00fcber Ihren Gesundheitszustand nicht sicher sind oder Erg\u00e4nzungsmittel ben\u00f6tigen, wenden Sie sich bitte an Ihren Arzt.<\/p>\n<p>W\u00e4hrend die auf VITA60.com enthaltenen Materialien auf ihre Richtigkeit \u00fcberpr\u00fcft werden, machen wir keine Zusicherungen und unterst\u00fctzen auch nicht die Richtigkeit, Vollst\u00e4ndigkeit, Aktualit\u00e4t oder Zuverl\u00e4ssigkeit von Informationen, Meinungen, Aussagen oder anderen Materialien oder Datenbanken, die angezeigt, hochgeladen oder hochgeladen werden auf der Website verteilt.<\/p>\n<p>Die Materialien und Informationen auf dieser Website werden &#8222;wie sie sind&#8220; ohne ausdr\u00fcckliche oder stillschweigende Zusicherung oder Gew\u00e4hrleistung jeglicher Art bereitgestellt, einschlie\u00dflich, ohne Einschr\u00e4nkung, jeglicher Gew\u00e4hrleistung f\u00fcr Informationen, Dienstleistungen oder Produkte, die \u00fcber oder in Verbindung mit VITA60.com-Webseiten oder bereitgestellt werden implizite Garantien f\u00fcr die Marktg\u00e4ngigkeit, die Eignung f\u00fcr einen bestimmten Zweck oder die Nichtverletzung. Dieser Ausschluss gilt nicht in L\u00e4ndern, in denen implizite Garantien nicht ausgeschlossen werden k\u00f6nnen.<\/p>\n<p>VITA60 Group Limited, seine leitenden Angestellten, Direktoren, Aktion\u00e4re, Eltern, Tochterunternehmen, verbundenen Unternehmen, Vertreter oder Lizenzgeber haften nicht f\u00fcr zuf\u00e4llige, indirekte, Folgesch\u00e4den, besondere, strafende oder vorbildliche Sch\u00e4den jeglicher Art, einschlie\u00dflich entgangener Einnahmen oder Gewinne, Verluste Gesch\u00e4fts- oder Datenverlust in irgendeiner Weise im Zusammenhang mit diesem Service oder f\u00fcr Anspr\u00fcche, Verluste oder Verletzungen aufgrund von Fehlern oder Auslassungen, Unterbrechungen oder anderen Ungenauigkeiten, die auf VITA60.com auftreten.<\/p>\n<p><span style=\"font-size: 15px;\">\u00a0<\/span><\/p>\n\t\t\t\t\t\t\t\t<\/div>\n\t\t\t\t\t<\/div>\n\t\t<\/div>\n\t\t\t\t\t<\/div>\n\t\t<\/section>\n\t\t\t\t<\/div>\n\t\t","protected":false},"excerpt":{"rendered":"<p>Haftungsausschluss Die C60-haltigen \u00d6le, die von VITA60 Group Limited \u00fcber diese Website und anderswo verkauft werden, dienen der Replikation wissenschaftlicher Studien. Bei der Bestellung \u00fcber diese Website stimmen Sie unserem Haftungsausschluss zu, der Teil der Verkaufsbedingungen ist. Die hier auf dieser Website gemachten Aussagen wurden von keiner staatlichen Arzneimittelzulassungsbeh\u00f6rde wie der US-amerikanischen FDA oder der [&hellip;]<\/p>\n","protected":false},"author":2,"featured_media":0,"parent":0,"menu_order":0,"comment_status":"closed","ping_status":"closed","template":"","meta":{"_acf_changed":false,"site-sidebar-layout":"no-sidebar","site-content-layout":"page-builder","ast-site-content-layout":"default","site-content-style":"default","site-sidebar-style":"default","ast-global-header-display":"","ast-banner-title-visibility":"","ast-main-header-display":"","ast-hfb-above-header-display":"","ast-hfb-below-header-display":"","ast-hfb-mobile-header-display":"","site-post-title":"disabled","ast-breadcrumbs-content":"","ast-featured-img":"disabled","footer-sml-layout":"","ast-disable-related-posts":"","theme-transparent-header-meta":"default","adv-header-id-meta":"","stick-header-meta":"","header-above-stick-meta":"","header-main-stick-meta":"","header-below-stick-meta":"","astra-migrate-meta-layouts":"default","ast-page-background-enabled":"default","ast-page-background-meta":{"desktop":{"background-color":"","background-image":"","background-repeat":"repeat","background-position":"center center","background-size":"auto","background-attachment":"scroll","background-type":"","background-media":"","overlay-type":"","overlay-color":"","overlay-opacity":"","overlay-gradient":""},"tablet":{"background-color":"","background-image":"","background-repeat":"repeat","background-position":"center center","background-size":"auto","background-attachment":"scroll","background-type":"","background-media":"","overlay-type":"","overlay-color":"","overlay-opacity":"","overlay-gradient":""},"mobile":{"background-color":"","background-image":"","background-repeat":"repeat","background-position":"center center","background-size":"auto","background-attachment":"scroll","background-type":"","background-media":"","overlay-type":"","overlay-color":"","overlay-opacity":"","overlay-gradient":""}},"ast-content-background-meta":{"desktop":{"background-color":"var(--ast-global-color-5)","background-image":"","background-repeat":"repeat","background-position":"center center","background-size":"auto","background-attachment":"scroll","background-type":"","background-media":"","overlay-type":"","overlay-color":"","overlay-opacity":"","overlay-gradient":""},"tablet":{"background-color":"var(--ast-global-color-5)","background-image":"","background-repeat":"repeat","background-position":"center center","background-size":"auto","background-attachment":"scroll","background-type":"","background-media":"","overlay-type":"","overlay-color":"","overlay-opacity":"","overlay-gradient":""},"mobile":{"background-color":"var(--ast-global-color-5)","background-image":"","background-repeat":"repeat","background-position":"center center","background-size":"auto","background-attachment":"scroll","background-type":"","background-media":"","overlay-type":"","overlay-color":"","overlay-opacity":"","overlay-gradient":""}},"footnotes":""},"class_list":["post-7028","page","type-page","status-publish","hentry"],"acf":[],"_links":{"self":[{"href":"https:\/\/www.vita60.com\/de\/wp-json\/wp\/v2\/pages\/7028","targetHints":{"allow":["GET"]}}],"collection":[{"href":"https:\/\/www.vita60.com\/de\/wp-json\/wp\/v2\/pages"}],"about":[{"href":"https:\/\/www.vita60.com\/de\/wp-json\/wp\/v2\/types\/page"}],"author":[{"embeddable":true,"href":"https:\/\/www.vita60.com\/de\/wp-json\/wp\/v2\/users\/2"}],"replies":[{"embeddable":true,"href":"https:\/\/www.vita60.com\/de\/wp-json\/wp\/v2\/comments?post=7028"}],"version-history":[{"count":0,"href":"https:\/\/www.vita60.com\/de\/wp-json\/wp\/v2\/pages\/7028\/revisions"}],"wp:attachment":[{"href":"https:\/\/www.vita60.com\/de\/wp-json\/wp\/v2\/media?parent=7028"}],"curies":[{"name":"wp","href":"https:\/\/api.w.org\/{rel}","templated":true}]}}