{"id":7043,"date":"2020-07-15T00:09:18","date_gmt":"2020-07-15T00:09:18","guid":{"rendered":"https:\/\/www.vita60.com\/agb\/"},"modified":"2020-12-28T23:01:21","modified_gmt":"2020-12-28T23:01:21","slug":"agb","status":"publish","type":"page","link":"https:\/\/www.vita60.com\/de\/agb\/","title":{"rendered":"Gesch\u00e4ftsbedingungen"},"content":{"rendered":"\t\t<div data-elementor-type=\"wp-page\" data-elementor-id=\"7043\" class=\"elementor elementor-7043 elementor-1623\" data-elementor-post-type=\"page\">\n\t\t\t\t\t\t<section class=\"elementor-section elementor-top-section elementor-element elementor-element-fe437a1 elementor-section-boxed elementor-section-height-default elementor-section-height-default\" data-id=\"fe437a1\" data-element_type=\"section\" data-e-type=\"section\" data-settings=\"{&quot;background_background&quot;:&quot;classic&quot;}\">\n\t\t\t\t\t\t<div class=\"elementor-container elementor-column-gap-default\">\n\t\t\t\t\t<div class=\"elementor-column elementor-col-100 elementor-top-column elementor-element elementor-element-db43365\" data-id=\"db43365\" data-element_type=\"column\" data-e-type=\"column\">\n\t\t\t<div class=\"elementor-widget-wrap elementor-element-populated\">\n\t\t\t\t\t\t<div class=\"elementor-element elementor-element-eb731d4 elementor-widget elementor-widget-heading\" data-id=\"eb731d4\" data-element_type=\"widget\" data-e-type=\"widget\" data-widget_type=\"heading.default\">\n\t\t\t\t<div class=\"elementor-widget-container\">\n\t\t\t\t\t<h3 class=\"elementor-heading-title elementor-size-default\">Gesch\u00e4ftsbedingungen<\/h3>\t\t\t\t<\/div>\n\t\t\t\t<\/div>\n\t\t\t\t\t<\/div>\n\t\t<\/div>\n\t\t\t\t\t<\/div>\n\t\t<\/section>\n\t\t\t\t<section class=\"elementor-section elementor-top-section elementor-element elementor-element-1e76cfd elementor-section-boxed elementor-section-height-default elementor-section-height-default\" data-id=\"1e76cfd\" data-element_type=\"section\" data-e-type=\"section\" data-settings=\"{&quot;background_background&quot;:&quot;classic&quot;}\">\n\t\t\t\t\t\t<div class=\"elementor-container elementor-column-gap-default\">\n\t\t\t\t\t<div class=\"elementor-column elementor-col-100 elementor-top-column elementor-element elementor-element-6cc1916\" data-id=\"6cc1916\" data-element_type=\"column\" data-e-type=\"column\">\n\t\t\t<div class=\"elementor-widget-wrap elementor-element-populated\">\n\t\t\t\t\t\t<div class=\"elementor-element elementor-element-4496466 elementor-widget elementor-widget-heading\" data-id=\"4496466\" data-element_type=\"widget\" data-e-type=\"widget\" data-widget_type=\"heading.default\">\n\t\t\t\t<div class=\"elementor-widget-container\">\n\t\t\t\t\t<h5 class=\"elementor-heading-title elementor-size-default\">Nutzungsbedingungen<\/h5>\t\t\t\t<\/div>\n\t\t\t\t<\/div>\n\t\t\t\t<div class=\"elementor-element elementor-element-4278d0e elementor-hidden-phone elementor-widget elementor-widget-text-editor\" data-id=\"4278d0e\" data-element_type=\"widget\" data-e-type=\"widget\" data-widget_type=\"text-editor.default\">\n\t\t\t\t<div class=\"elementor-widget-container\">\n\t\t\t\t\t\t\t\t\t<p><img fetchpriority=\"high\" decoding=\"async\" class=\"wp-image-8359 size-medium alignright\" src=\"https:\/\/www.vita60.com\/wp-content\/uploads\/2020\/12\/terms-and-conditions.jpg\" alt=\"T&amp;C's Terms and Conditions VITA60\" width=\"300\" height=\"300\" \/><\/p>\n<p>Im Rahmen der Allgemeinen Gesch\u00e4ftsbedingungen werden alle Bestellungen innerhalb von 3-5 Werktagen nach Erhalt bearbeitet und versendet, ausgenommen Feiertage oder Wochenenden.<\/p>\n<p><span style=\"font-size: 14pt;\"><strong>Zahlungen<\/strong><\/span><\/p>\n<p>Wir akzeptieren alle von PayPal und Stripe verarbeiteten Kreditkarten.<\/p>\n<p>Die Zahlung erfolgt \u00fcber PayPal, f\u00fcr die Zahlung ist jedoch kein PayPal-Konto erforderlich.<\/p>\n<p>Wir akzeptieren oder speichern keine Zahlungskartendaten. Dies alles wird von PayPal und Stripe erledigt.<\/p>\n<p>Wir bieten Bank\u00fcberweisungen an, dies liegt jedoch in unserem Ermessen und auf individueller Basis, die im Voraus vereinbart werden m\u00fcssen.<\/p>\n<p>Die W\u00e4hrung der endg\u00fcltigen Transaktion ist GBP, USD, EUR oder AUD, je nachdem, welche W\u00e4hrung der Kunde ausw\u00e4hlt.<\/p>\n\t\t\t\t\t\t\t\t<\/div>\n\t\t\t\t<\/div>\n\t\t\t\t<div class=\"elementor-element elementor-element-91e1bc6 elementor-hidden-desktop elementor-hidden-tablet elementor-widget elementor-widget-text-editor\" data-id=\"91e1bc6\" data-element_type=\"widget\" data-e-type=\"widget\" data-widget_type=\"text-editor.default\">\n\t\t\t\t<div class=\"elementor-widget-container\">\n\t\t\t\t\t\t\t\t\t<p><img decoding=\"async\" class=\"wp-image-8359 size-medium aligncenter\" src=\"https:\/\/www.vita60.com\/wp-content\/uploads\/2020\/12\/terms-and-conditions.jpg\" alt=\"T&amp;C's Terms and Conditions VITA60\" width=\"300\" height=\"300\" \/><\/p>\n<p>Im Rahmen der Allgemeinen Gesch\u00e4ftsbedingungen werden alle Bestellungen innerhalb von 3-5 Werktagen nach Erhalt bearbeitet und versendet, ausgenommen Feiertage oder Wochenenden.<\/p>\n<p><span style=\"font-size: 14pt;\"><strong>Zahlungen<\/strong><\/span><\/p>\n<p>Wir akzeptieren alle von PayPal und Stripe verarbeiteten Kreditkarten.<\/p>\n<p>Die Zahlung erfolgt \u00fcber PayPal, f\u00fcr die Zahlung ist jedoch kein PayPal-Konto erforderlich.<\/p>\n<p>Wir akzeptieren oder speichern keine Zahlungskartendaten. Dies alles wird von PayPal und Stripe erledigt.<\/p>\n<p>Wir bieten Bank\u00fcberweisungen an, dies liegt jedoch in unserem Ermessen und auf individueller Basis, die im Voraus vereinbart werden m\u00fcssen.<\/p>\n<p>Die W\u00e4hrung der endg\u00fcltigen Transaktion ist GBP, USD, EUR oder AUD, je nachdem, welche W\u00e4hrung der Kunde ausw\u00e4hlt.<\/p>\n\t\t\t\t\t\t\t\t<\/div>\n\t\t\t\t<\/div>\n\t\t\t\t<div class=\"elementor-element elementor-element-6ee903b elementor-widget elementor-widget-heading\" data-id=\"6ee903b\" data-element_type=\"widget\" data-e-type=\"widget\" data-widget_type=\"heading.default\">\n\t\t\t\t<div class=\"elementor-widget-container\">\n\t\t\t\t\t<h5 class=\"elementor-heading-title elementor-size-default\">Paketsendungen<\/h5>\t\t\t\t<\/div>\n\t\t\t\t<\/div>\n\t\t\t\t<div class=\"elementor-element elementor-element-a3c7ec5 elementor-widget elementor-widget-text-editor\" data-id=\"a3c7ec5\" data-element_type=\"widget\" data-e-type=\"widget\" data-widget_type=\"text-editor.default\">\n\t\t\t\t<div class=\"elementor-widget-container\">\n\t\t\t\t\t\t\t\t\t<p>Pakete werden nur in die L\u00e4nder gesendet, die beim Bestellvorgang aufgef\u00fchrt sind. Wenn wir keinen Versand in Ihr Land anbieten, k\u00f6nnen Sie den Bestellvorgang nicht abschlie\u00dfen. Wenn wir jedoch nicht routinem\u00e4\u00dfig in Ihr Land versenden, k\u00f6nnen wir ein Paket in Ihr Land senden. Die Versandkosten sind verhandelbar und werden aus der Gr\u00f6\u00dfe der Bestellung und der vom Kunden angegebenen Versandadresse berechnet.<\/p>\n<p>Es liegt in der Verantwortung des Kunden, sicherzustellen, dass die Lieferadresse korrekt ist. Bei falscher Lieferadresse werden keine R\u00fcckerstattungen gew\u00e4hrt.<\/p>\n<p>F\u00fcr Sendungen kann eine l\u00e4nderspezifische Steuer wie die Verkaufssteuer (MwSt., IVA) und \/ oder eine Zollgeb\u00fchr oder Steuer erhoben werden, um die Einreise in dieses Land zu erm\u00f6glichen. Der Kunde haftet f\u00fcr alle Geb\u00fchren, die bei der Einreise in das Land der Lieferadresse anfallen.<\/p>\n\t\t\t\t\t\t\t\t<\/div>\n\t\t\t\t<\/div>\n\t\t\t\t<div class=\"elementor-element elementor-element-00b9c91 elementor-widget elementor-widget-heading\" data-id=\"00b9c91\" data-element_type=\"widget\" data-e-type=\"widget\" data-widget_type=\"heading.default\">\n\t\t\t\t<div class=\"elementor-widget-container\">\n\t\t\t\t\t<h5 class=\"elementor-heading-title elementor-size-default\">Stornierungen<\/h5>\t\t\t\t<\/div>\n\t\t\t\t<\/div>\n\t\t\t\t<div class=\"elementor-element elementor-element-332fe8d elementor-widget elementor-widget-text-editor\" data-id=\"332fe8d\" data-element_type=\"widget\" data-e-type=\"widget\" data-widget_type=\"text-editor.default\">\n\t\t\t\t<div class=\"elementor-widget-container\">\n\t\t\t\t\t\t\t\t\t<p>Wenn Sie Ihre Bestellung stornieren m\u00f6chten, bevor der Artikel versendet wurde, erstatten wir Ihnen den vollen Betrag abz\u00fcglich einer Geb\u00fchr von 5% zur Deckung der Kreditkartengeb\u00fchren, die uns die Zahlungsabwickler berechnet haben. Wenn der Artikel jedoch versandt wurde, ist keine R\u00fcckerstattung m\u00f6glich.<\/p>\n\t\t\t\t\t\t\t\t<\/div>\n\t\t\t\t<\/div>\n\t\t\t\t<div class=\"elementor-element elementor-element-76ccbb2 elementor-widget elementor-widget-heading\" data-id=\"76ccbb2\" data-element_type=\"widget\" data-e-type=\"widget\" data-widget_type=\"heading.default\">\n\t\t\t\t<div class=\"elementor-widget-container\">\n\t\t\t\t\t<h5 class=\"elementor-heading-title elementor-size-default\">Beschwerden<\/h5>\t\t\t\t<\/div>\n\t\t\t\t<\/div>\n\t\t\t\t<div class=\"elementor-element elementor-element-9aacbd9 elementor-widget elementor-widget-text-editor\" data-id=\"9aacbd9\" data-element_type=\"widget\" data-e-type=\"widget\" data-widget_type=\"text-editor.default\">\n\t\t\t\t<div class=\"elementor-widget-container\">\n\t\t\t\t\t\t\t\t\t<p>Wenn Sie einen Grund haben, eine Beschwerde einreichen, kontaktieren Sie uns bitte \u00fcber die <a href=\"https:\/\/vita60.com\/de\/kontaktiere-uns\/\">Kontaktseite<\/a> unter Angabe Ihrer Rechnungsnummer. Wir werden versuchen, Ihr Problem zu l\u00f6sen. Bitte geben Sie uns so viele Details wie m\u00f6glich, damit wir Ihnen helfen k\u00f6nnen.<\/p>\n\t\t\t\t\t\t\t\t<\/div>\n\t\t\t\t<\/div>\n\t\t\t\t\t<\/div>\n\t\t<\/div>\n\t\t\t\t\t<\/div>\n\t\t<\/section>\n\t\t\t\t<\/div>\n\t\t","protected":false},"excerpt":{"rendered":"<p>Gesch\u00e4ftsbedingungen Nutzungsbedingungen Im Rahmen der Allgemeinen Gesch\u00e4ftsbedingungen werden alle Bestellungen innerhalb von 3-5 Werktagen nach Erhalt bearbeitet und versendet, ausgenommen Feiertage oder Wochenenden. Zahlungen Wir akzeptieren alle von PayPal und Stripe verarbeiteten Kreditkarten. Die Zahlung erfolgt \u00fcber PayPal, f\u00fcr die Zahlung ist jedoch kein PayPal-Konto erforderlich. Wir akzeptieren oder speichern keine Zahlungskartendaten. Dies alles wird [&hellip;]<\/p>\n","protected":false},"author":2,"featured_media":0,"parent":0,"menu_order":0,"comment_status":"closed","ping_status":"closed","template":"","meta":{"_acf_changed":false,"_kad_blocks_custom_css":"","_kad_blocks_head_custom_js":"","_kad_blocks_body_custom_js":"","_kad_blocks_footer_custom_js":"","site-sidebar-layout":"no-sidebar","site-content-layout":"page-builder","ast-site-content-layout":"default","site-content-style":"default","site-sidebar-style":"default","ast-global-header-display":"","ast-banner-title-visibility":"","ast-main-header-display":"","ast-hfb-above-header-display":"","ast-hfb-below-header-display":"","ast-hfb-mobile-header-display":"","site-post-title":"disabled","ast-breadcrumbs-content":"","ast-featured-img":"disabled","footer-sml-layout":"","ast-disable-related-posts":"","theme-transparent-header-meta":"default","adv-header-id-meta":"","stick-header-meta":"","header-above-stick-meta":"","header-main-stick-meta":"","header-below-stick-meta":"","astra-migrate-meta-layouts":"default","ast-page-background-enabled":"default","ast-page-background-meta":{"desktop":{"background-color":"","background-image":"","background-repeat":"repeat","background-position":"center center","background-size":"auto","background-attachment":"scroll","background-type":"","background-media":"","overlay-type":"","overlay-color":"","overlay-opacity":"","overlay-gradient":""},"tablet":{"background-color":"","background-image":"","background-repeat":"repeat","background-position":"center center","background-size":"auto","background-attachment":"scroll","background-type":"","background-media":"","overlay-type":"","overlay-color":"","overlay-opacity":"","overlay-gradient":""},"mobile":{"background-color":"","background-image":"","background-repeat":"repeat","background-position":"center center","background-size":"auto","background-attachment":"scroll","background-type":"","background-media":"","overlay-type":"","overlay-color":"","overlay-opacity":"","overlay-gradient":""}},"ast-content-background-meta":{"desktop":{"background-color":"var(--ast-global-color-5)","background-image":"","background-repeat":"repeat","background-position":"center center","background-size":"auto","background-attachment":"scroll","background-type":"","background-media":"","overlay-type":"","overlay-color":"","overlay-opacity":"","overlay-gradient":""},"tablet":{"background-color":"var(--ast-global-color-5)","background-image":"","background-repeat":"repeat","background-position":"center center","background-size":"auto","background-attachment":"scroll","background-type":"","background-media":"","overlay-type":"","overlay-color":"","overlay-opacity":"","overlay-gradient":""},"mobile":{"background-color":"var(--ast-global-color-5)","background-image":"","background-repeat":"repeat","background-position":"center center","background-size":"auto","background-attachment":"scroll","background-type":"","background-media":"","overlay-type":"","overlay-color":"","overlay-opacity":"","overlay-gradient":""}},"footnotes":""},"class_list":["post-7043","page","type-page","status-publish","hentry"],"acf":[],"taxonomy_info":[],"featured_image_src_large":false,"author_info":{"display_name":"Dr Steve Moore","author_link":"https:\/\/www.vita60.com\/de\/author\/stbrides\/"},"comment_info":0,"_links":{"self":[{"href":"https:\/\/www.vita60.com\/de\/wp-json\/wp\/v2\/pages\/7043","targetHints":{"allow":["GET"]}}],"collection":[{"href":"https:\/\/www.vita60.com\/de\/wp-json\/wp\/v2\/pages"}],"about":[{"href":"https:\/\/www.vita60.com\/de\/wp-json\/wp\/v2\/types\/page"}],"author":[{"embeddable":true,"href":"https:\/\/www.vita60.com\/de\/wp-json\/wp\/v2\/users\/2"}],"replies":[{"embeddable":true,"href":"https:\/\/www.vita60.com\/de\/wp-json\/wp\/v2\/comments?post=7043"}],"version-history":[{"count":0,"href":"https:\/\/www.vita60.com\/de\/wp-json\/wp\/v2\/pages\/7043\/revisions"}],"wp:attachment":[{"href":"https:\/\/www.vita60.com\/de\/wp-json\/wp\/v2\/media?parent=7043"}],"curies":[{"name":"wp","href":"https:\/\/api.w.org\/{rel}","templated":true}]}}