{"id":8841,"date":"2020-08-17T02:47:10","date_gmt":"2020-08-17T02:47:10","guid":{"rendered":"https:\/\/www.vita60.com\/datenschutz-bestimmungen-2\/"},"modified":"2025-07-27T13:21:04","modified_gmt":"2025-07-27T13:21:04","slug":"datenschutz-bestimmungen","status":"publish","type":"page","link":"https:\/\/www.vita60.com\/de\/datenschutz-bestimmungen\/","title":{"rendered":"Datenschutz-Bestimmungen"},"content":{"rendered":"\t\t<div data-elementor-type=\"wp-page\" data-elementor-id=\"8841\" class=\"elementor elementor-8841 elementor-8607\" data-elementor-post-type=\"page\">\n\t\t\t\t\t\t<section class=\"elementor-section elementor-top-section elementor-element elementor-element-1a0b755 elementor-section-boxed elementor-section-height-default elementor-section-height-default\" data-id=\"1a0b755\" data-element_type=\"section\" data-e-type=\"section\" data-settings=\"{&quot;background_background&quot;:&quot;classic&quot;}\">\n\t\t\t\t\t\t<div class=\"elementor-container elementor-column-gap-default\">\n\t\t\t\t\t<div class=\"elementor-column elementor-col-100 elementor-top-column elementor-element elementor-element-53b2251\" data-id=\"53b2251\" data-element_type=\"column\" data-e-type=\"column\">\n\t\t\t<div class=\"elementor-widget-wrap elementor-element-populated\">\n\t\t\t\t\t\t<div class=\"elementor-element elementor-element-23af64d elementor-widget elementor-widget-heading\" data-id=\"23af64d\" data-element_type=\"widget\" data-e-type=\"widget\" data-widget_type=\"heading.default\">\n\t\t\t\t\t<h3 class=\"elementor-heading-title elementor-size-default\">Datenschutz-Bestimmungen<\/h3>\t\t\t\t<\/div>\n\t\t\t\t\t<\/div>\n\t\t<\/div>\n\t\t\t\t\t<\/div>\n\t\t<\/section>\n\t\t\t\t<section class=\"elementor-section elementor-top-section elementor-element elementor-element-98b56af elementor-section-boxed elementor-section-height-default elementor-section-height-default\" data-id=\"98b56af\" data-element_type=\"section\" data-e-type=\"section\">\n\t\t\t\t\t\t<div class=\"elementor-container elementor-column-gap-default\">\n\t\t\t\t\t<div class=\"elementor-column elementor-col-100 elementor-top-column elementor-element elementor-element-edaed95\" data-id=\"edaed95\" data-element_type=\"column\" data-e-type=\"column\">\n\t\t\t<div class=\"elementor-widget-wrap elementor-element-populated\">\n\t\t\t\t\t\t<div class=\"elementor-element elementor-element-6d23b12 elementor-hidden-phone elementor-widget elementor-widget-text-editor\" data-id=\"6d23b12\" data-element_type=\"widget\" data-e-type=\"widget\" data-widget_type=\"text-editor.default\">\n\t\t\t\t\t\t\t\t\t<p><img fetchpriority=\"high\" decoding=\"async\" class=\"wp-image-8359 size-medium alignright\" src=\"https:\/\/www.vita60.com\/wp-content\/uploads\/2020\/12\/privacy-policy.jpg\" alt=\"Privacy policy VITA60\" width=\"300\" height=\"300\" \/><\/p><p>Diese Richtlinie beschreibt die Informationen, die wir besitzen und verarbeiten, um die Website und andere Produkte und Funktionen von VITA60 Group Limited zu unterst\u00fctzen. In diesem Dokument werden Vita60.com und VITA60 Group Limited synonym verwendet.<\/p><p><strong>1 \u2013 Einf\u00fchrung<\/strong><\/p><p>Vita60.com stellt sicher, dass Ihre Privatsph\u00e4re bei der Nutzung unserer Dienste gesch\u00fctzt ist. Wir haben daher eine Richtlinie, die festlegt, wie Ihre pers\u00f6nlichen Daten verarbeitet und gesch\u00fctzt werden. Bitte bleiben Sie \u00fcber \u00c4nderungen dieser Datenschutzrichtlinie auf dem Laufenden, indem Sie unsere Website besuchen.<\/p><p>Diese Datenschutzrichtlinie betrifft nur VITA60 Group Limited Kunden und Benutzer unserer Website \u201c<a href=\"https:\/\/vita60.com\/de\">Vita60.com<\/a>\u201d und unserer Dienste.<\/p><p><strong>2 \u2013 Welche Arten von personenbezogenen Daten \u00fcber Sie verarbeiten wir?<\/strong><\/p><p>Vita60.com sammelt die pers\u00f6nlichen Daten, die Sie uns direkt zur Verf\u00fcgung stellen oder die wir generieren, wenn Sie ein Konto er\u00f6ffnen, Transaktionen auf unserer Website durchf\u00fchren oder durch Interaktion mit unseren Social-Media-Konten. Dies kann Folgendes umfassen:<\/p>\t\t\t\t\t\t\t\t<\/div>\n\t\t\t\t<div class=\"elementor-element elementor-element-4284d68 elementor-hidden-desktop elementor-hidden-tablet elementor-widget elementor-widget-text-editor\" data-id=\"4284d68\" data-element_type=\"widget\" data-e-type=\"widget\" data-widget_type=\"text-editor.default\">\n\t\t\t\t\t\t\t\t\t<p><img decoding=\"async\" class=\"wp-image-8359 size-medium aligncenter\" src=\"https:\/\/www.vita60.com\/wp-content\/uploads\/2020\/12\/privacy-policy.jpg\" alt=\"Privacy policy VITA60\" width=\"300\" height=\"300\" \/><span style=\"font-size: 15px;\"><br \/>\n<\/span><\/p>\n<p>Diese Richtlinie beschreibt die Informationen, die wir besitzen und verarbeiten, um die Website und andere Produkte und Funktionen von VITA60 Group Limited zu unterst\u00fctzen. In diesem Dokument werden Vita60.com und VITA60 Group Limited synonym verwendet.<\/p>\n<p><strong>1 \u2013 Einf\u00fchrung<\/strong><\/p>\n<p>Vita60.com stellt sicher, dass Ihre Privatsph\u00e4re bei der Nutzung unserer Dienste gesch\u00fctzt ist. Wir haben daher eine Richtlinie, die festlegt, wie Ihre pers\u00f6nlichen Daten verarbeitet und gesch\u00fctzt werden. Bitte bleiben Sie \u00fcber \u00c4nderungen dieser Datenschutzrichtlinie auf dem Laufenden, indem Sie unsere Website besuchen.<\/p>\n<p>Diese Datenschutzrichtlinie betrifft nur VITA60 Group Limited Kunden und Benutzer unserer Website \u201c<a href=\"https:\/\/vita60.com\/de\">Vita60.com<\/a>\u201d und unserer Dienste.<\/p>\n<p><strong>2 \u2013 Welche Arten von personenbezogenen Daten \u00fcber Sie verarbeiten wir?<\/strong><\/p>\n<p>Vita60.com sammelt die pers\u00f6nlichen Daten, die Sie uns direkt zur Verf\u00fcgung stellen oder die wir generieren, wenn Sie ein Konto er\u00f6ffnen, Transaktionen auf unserer Website durchf\u00fchren oder durch Interaktion mit unseren Social-Media-Konten. Dies kann Folgendes umfassen:<\/p>\n<p><span style=\"font-size: 15px;\">\u00a0<\/span><\/p>\n\t\t\t\t\t\t\t\t<\/div>\n\t\t\t\t\t<\/div>\n\t\t<\/div>\n\t\t\t\t\t<\/div>\n\t\t<\/section>\n\t\t\t\t<section class=\"elementor-section elementor-top-section elementor-element elementor-element-607d423 elementor-section-boxed elementor-section-height-default elementor-section-height-default\" data-id=\"607d423\" data-element_type=\"section\" data-e-type=\"section\" data-settings=\"{&quot;background_background&quot;:&quot;classic&quot;}\">\n\t\t\t\t\t\t<div class=\"elementor-container elementor-column-gap-default\">\n\t\t\t\t\t<div class=\"elementor-column elementor-col-100 elementor-top-column elementor-element elementor-element-b4fbf91\" data-id=\"b4fbf91\" data-element_type=\"column\" data-e-type=\"column\">\n\t\t\t<div class=\"elementor-widget-wrap elementor-element-populated\">\n\t\t\t\t\t\t<div class=\"elementor-element elementor-element-88dff29 elementor-widget elementor-widget-text-editor\" data-id=\"88dff29\" data-element_type=\"widget\" data-e-type=\"widget\" data-widget_type=\"text-editor.default\">\n\t\t\t\t\t\t\t\t\t<ul><li>Kontaktinformationen wie Name, Rechnungs- und Lieferadresse, Telefonnummer und E-Mail-Adresse;<\/li><li>Kontoinformationen wie Benutzername, Passwort, Kontoeinstellungen und Einstellungen;<\/li><li>Informationen zur Art und Weise, wie Sie unsere Dienste nutzen, z. B. wann Sie unsere Dienste genutzt haben, und zu den spezifischen Diensten, die verwendet werden; und<\/li><li>Informationen zur Kommunikation mit uns, sei es \u00fcber die Website Vita60.com oder per E-Mail, telefonisch oder \u00fcber ein anderes Medium.<\/li><\/ul><p>Au\u00dferdem erfassen wir automatisch bestimmte Computer-, Ger\u00e4te- und Browserinformationen, wenn Sie auf die Website C60inOliveOil.com zugreifen. Diese Informationen werden aggregiert, um statistische Daten \u00fcber die Browsing-Aktionen und -Muster unserer Benutzer bereitzustellen, und identifizieren Personen nicht pers\u00f6nlich. Diese Informationen k\u00f6nnen Folgendes umfassen:<\/p><ul><li>Informationen zu Computern oder Mobilger\u00e4ten, einschlie\u00dflich IP-Adresse, Betriebssystem, Netzwerksystem, Browsertyp und Einstellungen;<\/li><li>Informationen zur Nutzung der Website.<\/li><\/ul><p><strong>3 &#8211; Wof\u00fcr verwenden wir Ihre pers\u00f6nlichen Daten?<\/strong><\/p><p>Wir verwenden Ihre personenbezogenen Daten, einschlie\u00dflich der in Abschnitt 2 aufgef\u00fchrten personenbezogenen Daten, f\u00fcr folgende Zwecke:<\/p><ul><li>Verwalten Sie Ihr Konto bei uns und personalisieren Sie Ihre Erfahrung und Kommunikation mit Ihnen<\/li><li>Kontaktieren Sie uns bez\u00fcglich unserer Dienstleistungen, beispielsweise per Telefon, E-Mail, SMS, Online-Chat oder Post oder durch Beantwortung von Social-Media-Posts, die Sie an uns gerichtet haben<\/li><li>Bearbeiten Sie Ihre Bestellungen, Gutschriften und R\u00fcckerstattungen<\/li><li>Verwaltung aller Aspekte unserer Dienstleistungen<\/li><li>Damit unsere Lieferanten Artikel von Ihrem Eigentum liefern und abholen k\u00f6nnen<\/li><li>Aktualisieren Sie Ihre Aufzeichnungen.<\/li><li>\u00dcberwachung und Aufzeichnung unserer Kommunikation mit Ihnen und unseren Mitarbeitern (siehe unten)<\/li><li>Helfen Sie mit, unsere Produktpalette, Dienstleistungen, Informationstechnologie, Systeme, unser Know-how und die Art und Weise, wie wir mit Ihnen kommunizieren, zu entwickeln, zu \u00fcberpr\u00fcfen und zu verbessern<\/li><li>Zur Marktforschung und -analyse sowie zur Entwicklung von Statistiken<\/li><li>F\u00fcr die Direktmarketing-Kommunikation<\/li><li>Verwenden Sie Ihr Online-Browsing-Verhalten sowie Ihre Eink\u00e4ufe und Online-Eink\u00e4ufe, um Sie als Kunden besser zu verstehen und Ihnen personalisierte Angebote und Dienstleistungen anzubieten<\/li><li>Um die Effektivit\u00e4t unserer Marketingkommunikation zu messen<\/li><li>Compliance with legal and official obligations, requirements and guidelines<\/li><li>Einblick und Analyse unserer Kunden<\/li><li>Um Sie einzuladen, an Kundenumfragen, Frageb\u00f6gen und anderen von uns durchgef\u00fchrten Marktforschungsaktivit\u00e4ten teilzunehmen und diese zu verwalten.<\/li><\/ul><p><strong>4 &#8211; Wo werden Ihre pers\u00f6nlichen Daten gespeichert?<\/strong><\/p><p>Die Daten werden auf dem sicheren Server der Dom\u00e4ne gespeichert. Dies umfasst alle E-Mail-Kommunikationen und Sicherungen. Wir bewahren keine gedruckten Informationen au\u00dfer einer Kopie der Rechnung f\u00fcr Steuerzwecke auf.<\/p><p><strong>5 &#8211; Wie lange werden Ihre pers\u00f6nlichen Daten gespeichert?<\/strong><\/p><p>VITA60 Group Limited speichert Ihre pers\u00f6nlichen Daten so lange, wie Sie ein Konto f\u00fchren oder wie erforderlich, um Ihnen die Dienste bereitzustellen. Wir werden Ihre personenbezogenen Daten auch speichern und verwenden, wenn dies zur Erf\u00fcllung unserer gesetzlichen Verpflichtungen und zur Beilegung von Streitigkeiten erforderlich ist.<\/p><p><strong>6 &#8211; Wer ist f\u00fcr Ihre pers\u00f6nlichen Daten verantwortlich?<\/strong><\/p><p>VITA60 Group Limited ist der Verantwortliche f\u00fcr die von Ihnen an uns \u00fcbermittelten personenbezogenen Daten und f\u00fcr Ihre personenbezogenen Daten verantwortlich. Dies wird von Dritten nicht behandelt.<\/p><p><strong>7 &#8211; Wer hat Zugriff auf Ihre pers\u00f6nlichen Daten?<\/strong><\/p><p>Wir geben Ihre Daten niemals zu Marketingzwecken an Dritte weiter, verkaufen sie nicht und tauschen sie nicht aus. VITA60 Group Limited kann Ihre Informationen, einschlie\u00dflich personenbezogener Daten, an Gerichte, Strafverfolgungs- oder Regierungsbeh\u00f6rden oder autorisierte Dritte weitergeben, wenn und soweit dies gesetzlich vorgeschrieben oder gestattet ist oder wenn eine solche Weitergabe zumutbar ist: (i) um unseren gesetzlichen Verpflichtungen nachzukommen, (ii) um das Rechtsverfahren einzuhalten und auf Anspr\u00fcche zu reagieren, die gegen VITA60 Group Limited geltend gemacht werden, (iii) um auf \u00fcberpr\u00fcfte Anfragen im Zusammenhang mit strafrechtlichen Ermittlungen oder mutma\u00dflichen oder vermuteten illegalen Aktivit\u00e4ten oder anderen Aktivit\u00e4ten zu antworten, die uns, Sie oder andere unserer Benutzer einer gesetzlichen Haftung aussetzen k\u00f6nnten; (iv) um unsere Nutzungsbedingungen oder andere Vereinbarungen mit Mitgliedern durchzusetzen und zu verwalten, oder (v) zum Schutz der Rechte, des Eigentums oder der pers\u00f6nlichen Sicherheit von Vita60.com und seinen Mitgliedern.<\/p><p><strong>8 &#8211; Wie sch\u00fctzen wir Ihre pers\u00f6nlichen Daten?<\/strong><\/p><p>Wir haben technische und organisatorische Ma\u00dfnahmen getroffen, um Ihre Daten vor Verlust, Manipulation und unbefugtem Zugriff zu sch\u00fctzen. Wir passen unsere Sicherheitsma\u00dfnahmen kontinuierlich an den technologischen Fortschritt und die Entwicklungen an.<\/p><p><strong>9 &#8211; Was sind deine Rechte?<\/strong><\/p><p>Sie k\u00f6nnen alle in den vorhergehenden Abschnitten beschriebenen Rechte aus\u00fcben, indem Sie eine E-Mail an senden <a href=\"mailto:info@vita60.com\">info@vita60.com<\/a>. Bitte beachten Sie, dass wir Sie m\u00f6glicherweise bitten, Ihre Identit\u00e4t zu \u00fcberpr\u00fcfen, bevor Sie weitere Ma\u00dfnahmen auf Ihre Anfrage ergreifen.<\/p><p>9.1 &#8211; Verwalten Ihrer Informationen<\/p><p>Sie k\u00f6nnen Kopien der uns zur Verf\u00fcgung stehenden Daten anfordern, um sie zu \u00fcberpr\u00fcfen, zu \u00e4ndern und zu l\u00f6schen.<\/p><p>9.2 &#8211; Datenzugriff und Portabilit\u00e4t<\/p><p>Sie sind berechtigt, Kopien von pers\u00f6nlichen Informationen anzufordern, die Sie uns in einem strukturierten, allgemein verwendeten und maschinenlesbaren Format zur Verf\u00fcgung gestellt haben, und \/ oder uns aufzufordern, diese Informationen an einen anderen Dienstleister zu \u00fcbermitteln (sofern dies technisch machbar ist).<\/p><p>9.3 Vorratsdatenspeicherung und -l\u00f6schung<\/p><p>Wir bewahren Ihre pers\u00f6nlichen Daten im Allgemeinen so lange auf, wie dies erforderlich ist, um Ihnen weiterhin unsere Dienste zur Verf\u00fcgung zu stellen und unseren gesetzlichen Verpflichtungen nachzukommen. Wenn Sie nicht mehr m\u00f6chten, dass wir Ihre Daten verwenden, k\u00f6nnen Sie verlangen, dass wir Ihre pers\u00f6nlichen Daten l\u00f6schen und Ihr Vita60.com-Konto schlie\u00dfen. Bitte beachten Sie Folgendes, wenn Sie die L\u00f6schung Ihrer pers\u00f6nlichen Daten beantragen:<\/p><ul><li>Wir k\u00f6nnen einige Ihrer pers\u00f6nlichen Daten aufbewahren, wenn dies f\u00fcr unsere berechtigten Gesch\u00e4ftsinteressen erforderlich ist, z. B. zur Aufdeckung und Verhinderung von Betrug und zur Verbesserung der Sicherheit.<\/li><li>Wir k\u00f6nnen Ihre pers\u00f6nlichen Daten in dem Umfang speichern und verwenden, der zur Erf\u00fcllung unserer gesetzlichen Verpflichtungen erforderlich ist. Beispielsweise kann C60inoliveoil.com einige Ihrer Informationen f\u00fcr Steuer-, Rechtsberichterstattungs- und Pr\u00fcfungspflichten aufbewahren.<\/li><li>Informationen, die Sie mit anderen geteilt haben (z.B. sind Bewertungen m\u00f6glicherweise auch nach der K\u00fcndigung Ihres Kontos weiterhin \u00f6ffentlich auf der Website Vita60.com sichtbar). Dar\u00fcber hinaus verbleiben m\u00f6glicherweise einige Kopien Ihrer Informationen (zB. Protokoll Datens\u00e4tze) in unserer Datenbank, sind jedoch nicht mit pers\u00f6nlichen Kennungen verkn\u00fcpft.<\/li><li>Da wir die Website Vita60.com zum Schutz vor versehentlichem oder b\u00f6swilligem Verlust und Zerst\u00f6rung pflegen, d\u00fcrfen verbleibende Kopien Ihrer pers\u00f6nlichen Daten f\u00fcr einen begrenzten Zeitraum nicht aus unseren Sicherungssystemen entfernt werden.<\/li><\/ul><p>9.4 &#8211; Widerruf der Zustimmung und Einschr\u00e4nkung der Verarbeitung<\/p><p>Sie k\u00f6nnen Ihre Einwilligung jederzeit widerrufen, indem Sie eine Mitteilung an Vita60.com senden. Bitte beachten Sie, dass der Widerruf Ihrer Einwilligung die Rechtm\u00e4\u00dfigkeit von Verarbeitungsaktivit\u00e4ten, die auf einer solchen Einwilligung vor deren Widerruf beruhen, nicht beeintr\u00e4chtigt.<\/p><p>9.5 &#8211; Einspruch gegen die Verarbeitung<\/p><p>Sie sind berechtigt, der Verarbeitung Ihrer pers\u00f6nlichen Daten durch Vita60.com zu widersprechen. Wenn Sie einer solchen Verarbeitung widersprechen, verarbeitet Vita60.com Ihre pers\u00f6nlichen Daten nicht mehr, es kann jedoch auch erforderlich sein, Ihr Konto zu schlie\u00dfen.<\/p><p>Vita60.com kann die Verarbeitung personenbezogener Daten f\u00fcr bestimmte Zwecke fortsetzen, wenn Vita60.com zwingende berechtigte Gr\u00fcnde f\u00fcr eine solche Verarbeitung nachweisen kann oder eine solche Verarbeitung f\u00fcr die Begr\u00fcndung, Aus\u00fcbung oder Verteidigung von Rechtsanspr\u00fcchen erforderlich ist.<\/p><p>Wenn Ihre pers\u00f6nlichen Daten f\u00fcr Direktmarketingzwecke verarbeitet werden, k\u00f6nnen Sie Vita60.com jederzeit auffordern, die Verarbeitung Ihrer Daten f\u00fcr diese Direktmarketingzwecke einzustellen, indem Sie eine E-Mail an <span id=\"cloak9aea194443932ebd167c7d3ff582e427\"><a href=\"mailto:info@vita60.com\">info@vita60.com<\/a><\/span> senden<\/p><p><strong>10 &#8211; Gesch\u00e4fts\u00fcbertragung<\/strong><\/p><p>Wenn VITA60 Group Limited eine Fusion, einen Erwerb, eine Reorganisation, einen Verkauf von Verm\u00f6genswerten, eine Insolvenz oder ein Insolvenzereignis vornimmt oder daran beteiligt ist, k\u00f6nnen wir einige oder alle unserer Verm\u00f6genswerte, einschlie\u00dflich Ihrer Informationen im Zusammenhang mit einer solchen Transaktion, verkaufen, \u00fcbertragen oder teilen oder in Erw\u00e4gung einer solchen Transaktion (z.B. Due Diligence). In diesem Fall werden wir Sie benachrichtigen, bevor Ihre pers\u00f6nlichen Daten \u00fcbertragen werden und einer anderen Datenschutzrichtlinie unterliegen.<\/p><p><strong>11 &#8211; Unterbringungsbeschwerden<\/strong><\/p><p>Sie haben das Recht, Beschwerden \u00fcber die von Vita60.com durchgef\u00fchrten Datenverarbeitungsaktivit\u00e4ten bei den zust\u00e4ndigen Datenschutzbeh\u00f6rden einzureichen. Die federf\u00fchrende Aufsichtsbeh\u00f6rde f\u00fcr C60inoliveoil.com ist das B\u00fcro des britischen Informationskommissars.<\/p><p><strong>12 Verantwortlicher f\u00fcr personenbezogene Daten<\/strong><\/p><p>VITA60 Group Limited<\/p><p>E-mail: <span id=\"cloak971722c9f5c4c85e9a8d50e45ac5c598\"><a href=\"mailto:info@vita60.com\">info@vita60.com<\/a><\/span><\/p><p>15 Bridge Road,<br \/>Wellington,<br \/>Telford,<br \/>TF1 1EB<br \/>England<\/p><p>Firmennummer 11187659<\/p>\t\t\t\t\t\t\t\t<\/div>\n\t\t\t\t\t<\/div>\n\t\t<\/div>\n\t\t\t\t\t<\/div>\n\t\t<\/section>\n\t\t\t\t<\/div>\n\t\t","protected":false},"excerpt":{"rendered":"<p>Datenschutz-Bestimmungen Diese Richtlinie beschreibt die Informationen, die wir besitzen und verarbeiten, um die Website und andere Produkte und Funktionen von VITA60 Group Limited zu unterst\u00fctzen. In diesem Dokument werden Vita60.com und VITA60 Group Limited synonym verwendet. 1 \u2013 Einf\u00fchrung Vita60.com stellt sicher, dass Ihre Privatsph\u00e4re bei der Nutzung unserer Dienste gesch\u00fctzt ist. Wir haben daher [&hellip;]<\/p>\n","protected":false},"author":2,"featured_media":0,"parent":0,"menu_order":0,"comment_status":"closed","ping_status":"closed","template":"","meta":{"_acf_changed":false,"site-sidebar-layout":"no-sidebar","site-content-layout":"page-builder","ast-site-content-layout":"default","site-content-style":"default","site-sidebar-style":"default","ast-global-header-display":"","ast-banner-title-visibility":"","ast-main-header-display":"","ast-hfb-above-header-display":"","ast-hfb-below-header-display":"","ast-hfb-mobile-header-display":"","site-post-title":"disabled","ast-breadcrumbs-content":"","ast-featured-img":"disabled","footer-sml-layout":"","ast-disable-related-posts":"","theme-transparent-header-meta":"default","adv-header-id-meta":"","stick-header-meta":"","header-above-stick-meta":"","header-main-stick-meta":"","header-below-stick-meta":"","astra-migrate-meta-layouts":"default","ast-page-background-enabled":"default","ast-page-background-meta":{"desktop":{"background-color":"","background-image":"","background-repeat":"repeat","background-position":"center center","background-size":"auto","background-attachment":"scroll","background-type":"","background-media":"","overlay-type":"","overlay-color":"","overlay-opacity":"","overlay-gradient":""},"tablet":{"background-color":"","background-image":"","background-repeat":"repeat","background-position":"center center","background-size":"auto","background-attachment":"scroll","background-type":"","background-media":"","overlay-type":"","overlay-color":"","overlay-opacity":"","overlay-gradient":""},"mobile":{"background-color":"","background-image":"","background-repeat":"repeat","background-position":"center center","background-size":"auto","background-attachment":"scroll","background-type":"","background-media":"","overlay-type":"","overlay-color":"","overlay-opacity":"","overlay-gradient":""}},"ast-content-background-meta":{"desktop":{"background-color":"var(--ast-global-color-5)","background-image":"","background-repeat":"repeat","background-position":"center center","background-size":"auto","background-attachment":"scroll","background-type":"","background-media":"","overlay-type":"","overlay-color":"","overlay-opacity":"","overlay-gradient":""},"tablet":{"background-color":"var(--ast-global-color-5)","background-image":"","background-repeat":"repeat","background-position":"center center","background-size":"auto","background-attachment":"scroll","background-type":"","background-media":"","overlay-type":"","overlay-color":"","overlay-opacity":"","overlay-gradient":""},"mobile":{"background-color":"var(--ast-global-color-5)","background-image":"","background-repeat":"repeat","background-position":"center center","background-size":"auto","background-attachment":"scroll","background-type":"","background-media":"","overlay-type":"","overlay-color":"","overlay-opacity":"","overlay-gradient":""}},"footnotes":""},"class_list":["post-8841","page","type-page","status-publish","hentry"],"acf":[],"_links":{"self":[{"href":"https:\/\/www.vita60.com\/de\/wp-json\/wp\/v2\/pages\/8841","targetHints":{"allow":["GET"]}}],"collection":[{"href":"https:\/\/www.vita60.com\/de\/wp-json\/wp\/v2\/pages"}],"about":[{"href":"https:\/\/www.vita60.com\/de\/wp-json\/wp\/v2\/types\/page"}],"author":[{"embeddable":true,"href":"https:\/\/www.vita60.com\/de\/wp-json\/wp\/v2\/users\/2"}],"replies":[{"embeddable":true,"href":"https:\/\/www.vita60.com\/de\/wp-json\/wp\/v2\/comments?post=8841"}],"version-history":[{"count":3,"href":"https:\/\/www.vita60.com\/de\/wp-json\/wp\/v2\/pages\/8841\/revisions"}],"predecessor-version":[{"id":26823,"href":"https:\/\/www.vita60.com\/de\/wp-json\/wp\/v2\/pages\/8841\/revisions\/26823"}],"wp:attachment":[{"href":"https:\/\/www.vita60.com\/de\/wp-json\/wp\/v2\/media?parent=8841"}],"curies":[{"name":"wp","href":"https:\/\/api.w.org\/{rel}","templated":true}]}}