{"id":10116,"date":"2020-06-28T23:20:08","date_gmt":"2020-06-28T23:20:08","guid":{"rendered":"https:\/\/www.vita60.com\/unkategorisiert\/4x-100-ml-flaschen\/"},"modified":"2024-03-11T12:16:34","modified_gmt":"2024-03-11T12:16:34","slug":"4er-pack-kuerbiskernoel","status":"publish","type":"product","link":"https:\/\/www.vita60.com\/de\/4er-pack-kuerbiskernoel\/","title":{"rendered":"Guter Wert 4er Pack C60 in K\u00fcrbiskern\u00f6l"},"content":{"rendered":"<div id=\"tab-product-desc\" class=\"tab-pane fade in active\">\n<div class=\"description\">\n<p><strong><img fetchpriority=\"high\" decoding=\"async\" class=\"alignright\" style=\"margin: 5px; float: right;\" src=\"https:\/\/www.vita60.com\/wp-content\/uploads\/2020\/10\/pumpkin-in-field-c60-pumpkin-seed-oil.png\" alt=\"K\u00fcrbis auf einem Feld - bereit f\u00fcr 4er Pack C60 K\u00fcrbiskern\u00f6l\" width=\"484\" height=\"371\" \/><\/strong>Als wir unser preiswertes 4er Pack C60 Bio-K\u00fcrbiskern\u00f6l herstellten, entschieden wir uns f\u00fcr ein Bio-K\u00fcrbiskern\u00f6l aus der Steiermark in \u00d6sterreich. Die EU erkl\u00e4rte die Region zu einer <a href=\"https:\/\/www.steirisches-kuerbiskernoel.eu\/de\/Home\/ShowPage\/3\" target=\"_blank\" rel=\"noopener noreferrer\">gesch\u00fctzten geografischen Angabe<\/a>, da dort seit Jahrhunderten Landwirte K\u00fcrbiskern\u00f6l von h\u00f6chster Qualit\u00e4t produzieren.<\/p>\n<p>K\u00fcrbiskern\u00f6l ist traditionell daf\u00fcr bekannt, die Stimmung zu heben und ein Gef\u00fchl des Wohlbefindens zu vermitteln. Es wirkt sich jedoch auch sehr positiv auf Haare und Haut aus, insbesondere bei M\u00e4nnern. K\u00fcrbiskern\u00f6l enth\u00e4lt reichlich unges\u00e4ttigte Fette, die gut f\u00fcr die Herzgesundheit sind. J\u00fcngste Studien haben auch gezeigt, dass K\u00fcrbiskern\u00f6l einen sehr positiven Effekt auf Prostataprobleme haben kann, die meistens durch eine vergr\u00f6\u00dferte Prostata verursacht werden.<\/p>\n<p><strong><span style=\"font-size: 13pt;\">Weitere Vorteile sind:<\/span><\/strong><\/p>\n<div dir=\"ltr\">\n<ul type=\"disc\">\n<li>Reduziert den Cholesterinspiegel und verbessert die Herzgesundheit<\/li>\n<li>Helfen Sie, hohen Blutdruck zu senken<\/li>\n<li>Reduzieren Sie das Risiko von Herz-Kreislauf-Erkrankungen<\/li>\n<li>Reduzieren Sie Schmerzen durch Entz\u00fcndungen<\/li>\n<li>Reduziert Stress- und Spannungssymptome<\/li>\n<li>Kann helfen, den Blutzuckerspiegel zu senken<\/li>\n<\/ul>\n<\/div>\n<p>C60 ist ein Molek\u00fcl mit 60 Kohlenstoffatomen, ein Mitglied der Fullerengruppe der Kohlenstoffmolek\u00fcle. Es ist ein &#8218;<em>Radikalf\u00e4nger<\/em>&#8218;, der dazu beitr\u00e4gt, toxische Nebenprodukte des Zellstoffwechsels zu neutralisieren, die bei vielen Arten von Krankheiten Gewebesch\u00e4den verursachen.<\/p>\n<p>Unser hochwertiges 4er Pack C60 K\u00fcrbiskern\u00f6l wird aus 99,99% reinem l\u00f6sungsmittelfreiem C60 und Bio-K\u00fcrbiskern\u00f6l hergestellt. Unsere Produkte werden in Gro\u00dfbritannien nur aus den besten Zutaten hergestellt.<\/p>\n<h6>Diejenigen, die C60 in Bio-K\u00fcrbiskern\u00f6l einnehmen, sagen, dass sie auch Vorteile bemerkt haben, die Folgendes umfassen:<\/h6>\n<ul type=\"disc\">\n<li>Hilft bei Symptomen in den Wechseljahren<\/li>\n<li>Reduziert Entz\u00fcndungen<\/li>\n<li>Senkt den Cholesterinspiegel<\/li>\n<li>Vorteilhaft f\u00fcr Haar und Haut<\/li>\n<li>Hilft bei der Unterst\u00fctzung der Knochengesundheit<\/li>\n<li>Lindert Angstzust\u00e4nde und Depressionen<\/li>\n<\/ul>\n<p>Wenn Sie auf eine <a href=\"https:\/\/www.vita60.com\/de\/c60-kurbiskernol\/8er-pack-kuerbiskernoel\/\">8er Flaschen-Packung C60-K\u00fcrbiskern\u00f6l<\/a> aufr\u00fcsten, sparen Sie noch mehr.<\/p>\n<\/div>\n<\/div>\n<p><!-- Schema & Structured Data For mini VITA60 organisation - --><\/p>\n<p><script type=\"application\/ld+json\" class=\"saswp-schema-markup-output\">\n[{\"@context\":\"https:\/\/schema.org\",\"@type\":\"Organization\",\"@id\":\"https:\/\/www.vita60.com#Organization\",\"name\":\"VITA60\",\"url\":\"https:\/\/www.vita60.com\",\"sameAs\":[],\"logo\":{\"@type\":\"ImageObject\",\"url\":\"https:\/\/www.vita60.com\/wp-content\/uploads\/2020\/07\/VITA60-LOGO.png\",\"width\":\"200\",\"height\":\"100\"}}]\n<\/script><\/p>\n<p><!-- Schema & Structured Data For VITA60 organisation - --><script type=\"application\/ld+json\" class=\"saswp-custom-schema-markup-output\">{\n    \"@context\": \"https:\/\/schema.org\",\n    \"@type\": \"HealthAndBeautyBusiness\",\n    \"image\": \"https:\/\/www.vita60.com\/wp-content\/uploads\/2020\/10\/vita60-logo.png\",\n    \"priceRange\": \"\u00a328.75 - \u00a345.00 pro Flasche\",\n    \"telephone\": \"+44 (0) 3333 44 99 72\",\n    \"name\": \"VITA60\",\n    \"logo\": \"https:\/\/www.vita60.com\/wp-content\/uploads\/2020\/11\/vita60.png\",\n    \"description\": \"Hersteller hochwertiger C60-\u00d6le, der die gr\u00f6\u00dfte Auswahl an Bio-\u00d6len auf dem Markt herstellt. L\u00f6sungsmittelfreies 99,99% reines Kohlenstoff-60-Fulleren. Seit 2017 gegr\u00fcndet.\",\n    \"geo\": {\n        \"@type\": \"GeoCoordinates\",\n        \"latitude\": \"52.701882977520036\",\n        \"longitude\": \"-2.5216254000000005\"\n    },\n    \"url\": \"https:\/\/www.vita60.com\",\n    \"contactPoint\": {\n        \"@type\": \"ContactPoint\",\n        \"telephone\": \"+44 (0) 3333 44 99 72\",\n        \"contactType\": \"customer service\",\n        \"email\": \"info@vita60.com\",\n        \"contactOption\": \"\",\n        \"areaServed\": \"\",\n        \"availableLanguage\": \"Englisch\"\n    },\n    \"address\": {\n        \"@type\": \"PostalAddress\",\n        \"addressCountry\": \"Vereinigtes K\u00f6nigreich\",\n        \"addressLocality\": \"Telford\",\n        \"addressRegion\": \"Shropshire\",\n        \"postalCode\": \"TF1 1EB\",\n        \"streetAddress\": \"15 Bridge Road, Wellington\"\n    }\n}<\/script><\/p>\n","protected":false},"excerpt":{"rendered":"<p><span style=\"font-size: 22pt;\"><b>Sparen Sie [aelia_cs_currency_amount amount=\"18.00\" formatted=\"1|1\" from_currency=\"GBP\"]<\/b><\/span><\/p>\n<p>Wert Schn\u00e4ppchen Packung von 80 mg pro Flasche mit 99,99% reinem C60 in K\u00fcrbiskern\u00f6l<\/p>\n<p>4 x 100 ml Flaschen mit 80 mg pro Flasche C60 in Bio-K\u00fcrbiskern\u00f6l<\/p>\n<ul>\n<li><strong><span style=\"font-size: 13pt;\">4 Flashen<\/span><\/strong> f\u00fcr <span style=\"font-size: 15pt;\"><strong>[aelia_cs_currency_amount amount=\"36.50\" formatted=\"1|1\" from_currency=\"GBP\"]<\/strong><\/span> <span style=\"font-size: 13pt;\"><strong>spart<\/strong> jeder<strong> 10%<\/strong><\/span><\/li>\n<li><strong><span style=\"font-size: 13pt;\">8 Flaschen<\/span><\/strong> f\u00fcr <span style=\"font-size: 15pt;\"><strong style=\"font-size: 15pt;\">[aelia_cs_currency_amount amount=\"33.00\" formatted=\"1|1\" from_currency=\"GBP\"]<\/strong> <\/span><span style=\"font-size: 13pt;\"><strong class=\"benefit\">spart<\/strong> jeder<strong class=\"benefit\"> 20%<\/strong><\/span><\/li>\n<\/ul>\n<p><span style=\"font-size: 14pt;\"><b>KOSTENLOSER VERSAND <\/b><\/span>mit einer beliebigen Kombination von 5 oder mehr Flaschen.*<\/p>\n","protected":false},"featured_media":11978,"comment_status":"open","ping_status":"closed","template":"","meta":{"_acf_changed":false,"site-sidebar-layout":"default","site-content-layout":"default","ast-site-content-layout":"default","site-content-style":"default","site-sidebar-style":"default","ast-global-header-display":"","ast-banner-title-visibility":"","ast-main-header-display":"","ast-hfb-above-header-display":"","ast-hfb-below-header-display":"","ast-hfb-mobile-header-display":"","site-post-title":"","ast-breadcrumbs-content":"","ast-featured-img":"","footer-sml-layout":"","ast-disable-related-posts":"","theme-transparent-header-meta":"default","adv-header-id-meta":"","stick-header-meta":"","header-above-stick-meta":"","header-main-stick-meta":"","header-below-stick-meta":"","astra-migrate-meta-layouts":"default","ast-page-background-enabled":"default","ast-page-background-meta":{"desktop":{"background-color":"","background-image":"","background-repeat":"repeat","background-position":"center center","background-size":"auto","background-attachment":"scroll","background-type":"","background-media":"","overlay-type":"","overlay-color":"","overlay-opacity":"","overlay-gradient":""},"tablet":{"background-color":"","background-image":"","background-repeat":"repeat","background-position":"center center","background-size":"auto","background-attachment":"scroll","background-type":"","background-media":"","overlay-type":"","overlay-color":"","overlay-opacity":"","overlay-gradient":""},"mobile":{"background-color":"","background-image":"","background-repeat":"repeat","background-position":"center center","background-size":"auto","background-attachment":"scroll","background-type":"","background-media":"","overlay-type":"","overlay-color":"","overlay-opacity":"","overlay-gradient":""}},"ast-content-background-meta":{"desktop":{"background-color":"var(--ast-global-color-5)","background-image":"","background-repeat":"repeat","background-position":"center center","background-size":"auto","background-attachment":"scroll","background-type":"","background-media":"","overlay-type":"","overlay-color":"","overlay-opacity":"","overlay-gradient":""},"tablet":{"background-color":"var(--ast-global-color-5)","background-image":"","background-repeat":"repeat","background-position":"center center","background-size":"auto","background-attachment":"scroll","background-type":"","background-media":"","overlay-type":"","overlay-color":"","overlay-opacity":"","overlay-gradient":""},"mobile":{"background-color":"var(--ast-global-color-5)","background-image":"","background-repeat":"repeat","background-position":"center center","background-size":"auto","background-attachment":"scroll","background-type":"","background-media":"","overlay-type":"","overlay-color":"","overlay-opacity":"","overlay-gradient":""}}},"product_brand":[],"product_cat":[198],"product_tag":[],"class_list":{"0":"post-10116","1":"product","2":"type-product","3":"status-publish","4":"has-post-thumbnail","6":"product_cat-c60-kuerbiskernoel","7":"desktop-align-left","8":"tablet-align-left","9":"mobile-align-left","11":"first","12":"instock","13":"sale","14":"featured","15":"taxable","16":"shipping-taxable","17":"purchasable","18":"product-type-simple"},"acf":[],"_links":{"self":[{"href":"https:\/\/www.vita60.com\/de\/wp-json\/wp\/v2\/product\/10116","targetHints":{"allow":["GET"]}}],"collection":[{"href":"https:\/\/www.vita60.com\/de\/wp-json\/wp\/v2\/product"}],"about":[{"href":"https:\/\/www.vita60.com\/de\/wp-json\/wp\/v2\/types\/product"}],"replies":[{"embeddable":true,"href":"https:\/\/www.vita60.com\/de\/wp-json\/wp\/v2\/comments?post=10116"}],"version-history":[{"count":0,"href":"https:\/\/www.vita60.com\/de\/wp-json\/wp\/v2\/product\/10116\/revisions"}],"wp:featuredmedia":[{"embeddable":true,"href":"https:\/\/www.vita60.com\/de\/wp-json\/wp\/v2\/media\/11978"}],"wp:attachment":[{"href":"https:\/\/www.vita60.com\/de\/wp-json\/wp\/v2\/media?parent=10116"}],"wp:term":[{"taxonomy":"product_brand","embeddable":true,"href":"https:\/\/www.vita60.com\/de\/wp-json\/wp\/v2\/product_brand?post=10116"},{"taxonomy":"product_cat","embeddable":true,"href":"https:\/\/www.vita60.com\/de\/wp-json\/wp\/v2\/product_cat?post=10116"},{"taxonomy":"product_tag","embeddable":true,"href":"https:\/\/www.vita60.com\/de\/wp-json\/wp\/v2\/product_tag?post=10116"}],"curies":[{"name":"wp","href":"https:\/\/api.w.org\/{rel}","templated":true}]}}