{"id":10118,"date":"2020-06-28T00:23:30","date_gmt":"2020-06-28T00:23:30","guid":{"rendered":"https:\/\/www.vita60.com\/unkategorisiert\/1x100-ml-flasche\/"},"modified":"2024-03-11T08:13:23","modified_gmt":"2024-03-11T08:13:23","slug":"100ml-flasche-c60-bio-kuerbiskernoel","status":"publish","type":"product","link":"https:\/\/www.vita60.com\/de\/100ml-flasche-c60-bio-kuerbiskernoel\/","title":{"rendered":"100ml C60 in Bio-K\u00fcrbiskern\u00f6l"},"content":{"rendered":"<div id=\"tab-product-desc\" class=\"tab-pane fade in active\">\n<div class=\"description\">\n<p><strong><img fetchpriority=\"high\" decoding=\"async\" class=\"alignright\" style=\"margin: 5px; float: right;\" src=\"https:\/\/www.vita60.com\/wp-content\/uploads\/2020\/10\/ripe-pumpkin-c60-pumpkin-seed-oil.png\" alt=\"Reifer K\u00fcrbis bereit f\u00fcr die Ernte - bereit f\u00fcr 100ml C60 Bio-K\u00fcrbiskern\u00f6l\" width=\"472\" height=\"361\" \/><\/strong>Wir gingen in die Steiermark in \u00d6sterreich, um das beste \u00d6l f\u00fcr unsere Flaschen mit 100ml C60 in Bio-K\u00fcrbiskern\u00f6l zu erhalten. Dies ist ein Gebiet, das von der EU als <a href=\"https:\/\/www.bmlrt.gv.at\/land\/lebensmittel\/herkunft-spezialitaetenschutz\/Herkunftsschutz.html\" target=\"_blank\" rel=\"noopener noreferrer\">gesch\u00fctzte geografische Angabe<\/a> ausgewiesen wurde und daher eine nat\u00fcrliche Wahl war. Durch sorgf\u00e4ltiges R\u00f6sten der Samen hat das \u00d6l einen intensiven nussigen Geschmack.<\/p>\n<p>K\u00fcrbiskern\u00f6l ist traditionell daf\u00fcr bekannt, die Stimmung zu heben und so ein Gef\u00fchl des Wohlbefindens zu schaffen. Es wirkt sich jedoch auch sehr positiv auf Haare und Haut aus, insbesondere bei M\u00e4nnern. K\u00fcrbiskern\u00f6l enth\u00e4lt reichlich unges\u00e4ttigte Fette, die gut f\u00fcr die Herzgesundheit sind. Dar\u00fcber hinaus haben neuere Studien gezeigt, dass K\u00fcrbiskern\u00f6l einen sehr vorteilhaften Effekt auf Prostataprobleme haben kann, die meistens durch eine vergr\u00f6\u00dferte Prostata verursacht werden.<\/p>\n<p><strong><span style=\"font-size: 13pt;\">Weitere Vorteile sind:<\/span><\/strong><\/p>\n<div dir=\"ltr\">\n<ul type=\"disc\">\n<li>Reduziert den Cholesterinspiegel und verbessert die Herzgesundheit<\/li>\n<li>Helfen Sie, hohen Blutdruck zu senken<\/li>\n<li>Reduzieren Sie das Risiko von Herz-Kreislauf-Erkrankungen<\/li>\n<li>Reduzieren Sie Schmerzen durch Entz\u00fcndungen<\/li>\n<li>Reduziert Stress- und Spannungssymptome<\/li>\n<li>Kann helfen, den Blutzuckerspiegel zu senken<\/li>\n<\/ul>\n<\/div>\n<p>C60 ist ein Molek\u00fcl mit 60 Kohlenstoffatomen, ein Mitglied der Fullerengruppe der Kohlenstoffmolek\u00fcle. Es ist ein &#8218;<em>Radikalf\u00e4nger<\/em>&#8218;, der dazu beitr\u00e4gt, toxische Nebenprodukte des Zellstoffwechsels zu neutralisieren, die bei vielen Arten von Krankheiten Gewebesch\u00e4den verursachen.<\/p>\n<p>Unser hochwertiges Flaschen mit 100ml C60 in Bio-K\u00fcrbiskern\u00f6l wird aus 99,99% reinem l\u00f6sungsmittelfreiem C60 und Bio-K\u00fcrbiskern\u00f6l hergestellt. Unsere Produkte werden in Gro\u00dfbritannien nur aus den besten Zutaten hergestellt.<\/p>\n<h6>Diejenigen, die C60 in Bio-K\u00fcrbiskern\u00f6l einnehmen, sagen, dass sie auch Vorteile bemerkt haben, die Folgendes umfassen:<\/h6>\n<ul type=\"disc\">\n<li>Hilft bei Symptomen in den Wechseljahren<\/li>\n<li>Reduziert Entz\u00fcndungen<\/li>\n<li>Senkt den Cholesterinspiegel<\/li>\n<li>Vorteilhaft f\u00fcr Haar und Haut<\/li>\n<li>Hilft bei der Unterst\u00fctzung der Knochengesundheit<\/li>\n<li>Lindert Angstzust\u00e4nde und Depressionen<\/li>\n<\/ul>\n<\/div>\n<\/div>\n<p><!-- Schema & Structured Data For mini VITA60 organisation - --><\/p>\n<p><script type=\"application\/ld+json\" class=\"saswp-schema-markup-output\">\n[{\"@context\":\"https:\/\/schema.org\",\"@type\":\"Organization\",\"@id\":\"https:\/\/www.vita60.com#Organization\",\"name\":\"VITA60\",\"url\":\"https:\/\/www.vita60.com\",\"sameAs\":[],\"logo\":{\"@type\":\"ImageObject\",\"url\":\"https:\/\/www.vita60.com\/wp-content\/uploads\/2020\/07\/VITA60-LOGO.png\",\"width\":\"200\",\"height\":\"100\"}}]\n<\/script><\/p>\n<p><!-- Schema & Structured Data For VITA60 organisation - --><script type=\"application\/ld+json\" class=\"saswp-custom-schema-markup-output\">{\n    \"@context\": \"https:\/\/schema.org\",\n    \"@type\": \"HealthAndBeautyBusiness\",\n    \"image\": \"https:\/\/www.vita60.com\/wp-content\/uploads\/2020\/10\/vita60-logo.png\",\n    \"priceRange\": \"\u00a328.75 - \u00a345.00 pro Flasche\",\n    \"telephone\": \"+44 (0) 3333 44 99 72\",\n    \"name\": \"VITA60\",\n    \"logo\": \"https:\/\/www.vita60.com\/wp-content\/uploads\/2020\/11\/vita60.png\",\n    \"description\": \"Hersteller hochwertiger C60-\u00d6le, der die gr\u00f6\u00dfte Auswahl an Bio-\u00d6len auf dem Markt herstellt. L\u00f6sungsmittelfreies 99,99% reines Kohlenstoff-60-Fulleren. Seit 2017 gegr\u00fcndet.\",\n    \"geo\": {\n        \"@type\": \"GeoCoordinates\",\n        \"latitude\": \"52.701882977520036\",\n        \"longitude\": \"-2.5216254000000005\"\n    },\n    \"url\": \"https:\/\/www.vita60.com\",\n    \"contactPoint\": {\n        \"@type\": \"ContactPoint\",\n        \"telephone\": \"+44 (0) 3333 44 99 72\",\n        \"contactType\": \"customer service\",\n        \"email\": \"info@vita60.com\",\n        \"contactOption\": \"\",\n        \"areaServed\": \"\",\n        \"availableLanguage\": \"Englisch\"\n    },\n    \"address\": {\n        \"@type\": \"PostalAddress\",\n        \"addressCountry\": \"Vereinigtes K\u00f6nigreich\",\n        \"addressLocality\": \"Telford\",\n        \"addressRegion\": \"Shropshire\",\n        \"postalCode\": \"TF1 1EB\",\n        \"streetAddress\": \"15 Bridge Road, Wellington\"\n    }\n}<\/script><\/p>\n","protected":false},"excerpt":{"rendered":"<p>Eine L\u00f6sung von 80 mg 99,99% reinem, l\u00f6sungsmittelfreiem C60 in 100 ml Bio-K\u00fcrbiskern\u00f6l.<br \/>\n<b><\/b><\/p>\n<p><strong>Erm\u00e4\u00dfigungen verf\u00fcgbar:<\/strong><\/p>\n<ul>\n<li><strong><span style=\"font-size: 13pt;\">Kaufen 3<\/span><\/strong> f\u00fcr jeweils <span style=\"font-size: 15pt;\"><strong>[aelia_cs_currency_amount amount=\"38.95\" formatted=\"1|1\" from_currency=\"GBP\"]<\/strong><\/span>\u00a0und <span style=\"font-size: 13pt;\"><strong>sparen 5%<\/strong><\/span><\/li>\n<li><strong><span style=\"font-size: 13pt;\">Kaufen<\/span> 4<\/strong> f\u00fcr jeweils <span style=\"font-size: 15pt;\"><strong>[aelia_cs_currency_amount amount=\"36.50\" formatted=\"1|1\" from_currency=\"GBP\"]<\/strong><\/span>\u00a0und <span style=\"font-size: 13pt;\"><strong>sparen 10%<\/strong><\/span><\/li>\n<li><strong><span style=\"font-size: 13pt;\">Kaufen 8<\/span><\/strong> f\u00fcr jeweils <span style=\"font-size: 15pt;\"><strong>[aelia_cs_currency_amount amount=\"33.00\" formatted=\"1|1\" from_currency=\"GBP\"]<\/strong><\/span> und\u00a0<span style=\"font-size: 13pt;\"><strong class=\"benefit\">sparen 20%<\/strong><\/span><\/li>\n<\/ul>\n<p><span style=\"font-size: 14pt;\"><b><strong>KOSTENLOSER VERSAND<\/strong><\/b><\/span> mit einer beliebigen Kombination von 5 oder mehr Fl\u00e4schchen.*<\/p>\n","protected":false},"featured_media":11912,"comment_status":"open","ping_status":"closed","template":"","meta":{"_acf_changed":false,"site-sidebar-layout":"default","site-content-layout":"default","ast-site-content-layout":"default","site-content-style":"default","site-sidebar-style":"default","ast-global-header-display":"","ast-banner-title-visibility":"","ast-main-header-display":"","ast-hfb-above-header-display":"","ast-hfb-below-header-display":"","ast-hfb-mobile-header-display":"","site-post-title":"","ast-breadcrumbs-content":"","ast-featured-img":"","footer-sml-layout":"","ast-disable-related-posts":"","theme-transparent-header-meta":"default","adv-header-id-meta":"","stick-header-meta":"","header-above-stick-meta":"","header-main-stick-meta":"","header-below-stick-meta":"","astra-migrate-meta-layouts":"default","ast-page-background-enabled":"default","ast-page-background-meta":{"desktop":{"background-color":"","background-image":"","background-repeat":"repeat","background-position":"center center","background-size":"auto","background-attachment":"scroll","background-type":"","background-media":"","overlay-type":"","overlay-color":"","overlay-opacity":"","overlay-gradient":""},"tablet":{"background-color":"","background-image":"","background-repeat":"repeat","background-position":"center center","background-size":"auto","background-attachment":"scroll","background-type":"","background-media":"","overlay-type":"","overlay-color":"","overlay-opacity":"","overlay-gradient":""},"mobile":{"background-color":"","background-image":"","background-repeat":"repeat","background-position":"center center","background-size":"auto","background-attachment":"scroll","background-type":"","background-media":"","overlay-type":"","overlay-color":"","overlay-opacity":"","overlay-gradient":""}},"ast-content-background-meta":{"desktop":{"background-color":"var(--ast-global-color-5)","background-image":"","background-repeat":"repeat","background-position":"center center","background-size":"auto","background-attachment":"scroll","background-type":"","background-media":"","overlay-type":"","overlay-color":"","overlay-opacity":"","overlay-gradient":""},"tablet":{"background-color":"var(--ast-global-color-5)","background-image":"","background-repeat":"repeat","background-position":"center center","background-size":"auto","background-attachment":"scroll","background-type":"","background-media":"","overlay-type":"","overlay-color":"","overlay-opacity":"","overlay-gradient":""},"mobile":{"background-color":"var(--ast-global-color-5)","background-image":"","background-repeat":"repeat","background-position":"center center","background-size":"auto","background-attachment":"scroll","background-type":"","background-media":"","overlay-type":"","overlay-color":"","overlay-opacity":"","overlay-gradient":""}}},"product_brand":[],"product_cat":[198],"product_tag":[],"class_list":{"0":"post-10118","1":"product","2":"type-product","3":"status-publish","4":"has-post-thumbnail","6":"product_cat-c60-kuerbiskernoel","7":"desktop-align-left","8":"tablet-align-left","9":"mobile-align-left","11":"first","12":"instock","13":"featured","14":"taxable","15":"shipping-taxable","16":"purchasable","17":"product-type-simple"},"acf":[],"_links":{"self":[{"href":"https:\/\/www.vita60.com\/de\/wp-json\/wp\/v2\/product\/10118","targetHints":{"allow":["GET"]}}],"collection":[{"href":"https:\/\/www.vita60.com\/de\/wp-json\/wp\/v2\/product"}],"about":[{"href":"https:\/\/www.vita60.com\/de\/wp-json\/wp\/v2\/types\/product"}],"replies":[{"embeddable":true,"href":"https:\/\/www.vita60.com\/de\/wp-json\/wp\/v2\/comments?post=10118"}],"version-history":[{"count":0,"href":"https:\/\/www.vita60.com\/de\/wp-json\/wp\/v2\/product\/10118\/revisions"}],"wp:featuredmedia":[{"embeddable":true,"href":"https:\/\/www.vita60.com\/de\/wp-json\/wp\/v2\/media\/11912"}],"wp:attachment":[{"href":"https:\/\/www.vita60.com\/de\/wp-json\/wp\/v2\/media?parent=10118"}],"wp:term":[{"taxonomy":"product_brand","embeddable":true,"href":"https:\/\/www.vita60.com\/de\/wp-json\/wp\/v2\/product_brand?post=10118"},{"taxonomy":"product_cat","embeddable":true,"href":"https:\/\/www.vita60.com\/de\/wp-json\/wp\/v2\/product_cat?post=10118"},{"taxonomy":"product_tag","embeddable":true,"href":"https:\/\/www.vita60.com\/de\/wp-json\/wp\/v2\/product_tag?post=10118"}],"curies":[{"name":"wp","href":"https:\/\/api.w.org\/{rel}","templated":true}]}}