{"id":11988,"date":"2020-06-28T23:50:44","date_gmt":"2020-06-28T23:50:44","guid":{"rendered":"https:\/\/www.vita60.com\/unkategorisiert\/de-good-value-4-pack-c60-in-organic-avocado-oil\/"},"modified":"2024-07-09T13:32:49","modified_gmt":"2024-07-09T13:32:49","slug":"4er-pack-avocadooel","status":"publish","type":"product","link":"https:\/\/www.vita60.com\/de\/4er-pack-avocadooel\/","title":{"rendered":"Guter Wert 4er Pack C60 in Bio-Avocado\u00f6l"},"content":{"rendered":"<div id=\"tab-product-desc\" class=\"tab-pane fade in active\">\n<div class=\"description\">\n<p><strong><img fetchpriority=\"high\" decoding=\"async\" class=\"alignright\" style=\"margin: 5px; float: right;\" src=\"https:\/\/www.vita60.com\/wp-content\/uploads\/2020\/10\/fresh-avocados-at-a-market.png\" alt=\"Avocado-Ernte - perfekt f\u00fcr 4er Pack C60 Avocado\u00f6l\" width=\"500\" height=\"400\" \/><\/strong>Probieren Sie unser preiswertes 4er Pack C60 Bio-Avocado\u00f6l. Es enth\u00e4lt Fairtrade-Bio-\u00d6l aus Avocados, die in Kenia auf kleinen, biologisch vielf\u00e4ltigen Farmen angebaut werden. Jede 100-ml-Flasche enth\u00e4lt das kaltgepresste, nicht raffinierte \u00d6l aus 8 Avocado-Fr\u00fcchten. Sie ist daher voller G\u00fcte und beh\u00e4lt alle gesundheitsf\u00f6rdernden Eigenschaften bei.<\/p>\n<p>Avocados sind reich an Omega-3- und Omega-6-Fetts\u00e4uren, \u00d6ls\u00e4ure und Lutein, die wertvolle Antioxidantien sind. Avocado\u00f6l hilft bekannterma\u00dfen bei der Senkung des Cholesterinspiegels und verbessert die Herzgesundheit. Es kann auch das Risiko von Katarakten und anderen altersbedingten Augenerkrankungen verringern. Avocado\u00f6l hilft dem K\u00f6rper auch dabei, bestimmte N\u00e4hrstoffe wie Carotinoide aufzunehmen, und liefert Antioxidantien, um sch\u00e4dliche freie Radikale zu neutralisieren. C60 in extra nativem Avocado\u00f6l hat einen milden erdigen, butterartigen Geschmack und eine cremige Textur. Dies bedeutet, dass es milder ist als einige unserer anderen \u00d6le und daher h\u00e4ufig die bevorzugte Wahl ist.<\/p>\n<p><strong><span style=\"font-size: 13pt;\">Weitere Vorteile sind:<\/span><\/strong><\/p>\n<ul type=\"disc\">\n<li>Reduziert den Cholesterinspiegel und verbessert die Herzgesundheit<\/li>\n<li>Reich an Lutein, einem Antioxidans, das Vorteile f\u00fcr die Augen hat<\/li>\n<li>Verbessert die Aufnahme wichtiger N\u00e4hrstoffe<\/li>\n<li>Kann Symptome von <a href=\"https:\/\/www.vita60.com\/de\/c60-lindert-arthritis-steifheit-und-schuebe\/\">Arthritis<\/a> reduzieren<\/li>\n<li>Kann helfen, Zahnfleischerkrankungen vorzubeugen<\/li>\n<li>Verbessert die Haut und die Wundheilung<\/li>\n<\/ul>\n<p>C60 ist ein Molek\u00fcl mit 60 Kohlenstoffatomen, das dazu beitr\u00e4gt, toxische Nebenprodukte des Zellstoffwechsels zu neutralisieren, die bei vielen Arten von Krankheiten Gewebesch\u00e4den verursachen. Da Kohlenstoff C60 diese Toxine neutralisiert und so vor allem denjenigen hilft, die an entz\u00fcndlichen Erkrankungen leiden.<\/p>\n<p>Wir stellen alle unsere Produkte in Gro\u00dfbritannien nur mit den besten Zutaten her. Wir kontrollieren alle Produktionsstufen unseres 4er Pack C60 Bio-Avocado\u00f6l . Auf diese Weise k\u00f6nnen wir sicher sein, dass 99,99% reines, l\u00f6sungsmittelfreies C60-Fulleren und kaltgepresstes Bio-Avocado\u00f6l extra vergine hergestellt werden.<\/p>\n<h6>Diejenigen, die C60 in extra nativem Avocado\u00f6l einnehmen, sagen, dass sie auch Vorteile bemerkt haben, zu denen geh\u00f6ren:<\/h6>\n<ul type=\"disc\">\n<li>Erholung und Wachstum gesunder Haut bei <a href=\"https:\/\/www.vita60.com\/de\/c60-olivenoel-gegen-psoriasis\/\">Psoriasis<\/a><\/li>\n<li>Reduzieren Sie R\u00f6tungen und Juckreiz bei Ekzemen<\/li>\n<li>Bessere Erholung nach dem Training und mehr Vitalit\u00e4t<\/li>\n<li>Eine Hilfe zur Gewichtsreduktion<\/li>\n<li>Strahlender Teint und weniger Falten<\/li>\n<li>Weniger grau und Nachwachsen der normalen Haarfarbe<\/li>\n<\/ul>\n<p>Wenn Sie also C60 in Oliven\u00f6l kaufen m\u00f6chten, sehen Sie sich unsere Sonderangebote f\u00fcr unsere <a href=\"https:\/\/www.vita60.com\/de\/c60-in-avocadooel\/\">8-Flaschen-Packung C60-Avocado\u00f6l<\/a> an.<\/p>\n<\/div>\n<\/div>\n<p><!-- Schema & Structured Data For mini VITA60 organisation - --><\/p>\n<p><script type=\"application\/ld+json\" class=\"saswp-schema-markup-output\">\n[{\"@context\":\"https:\/\/schema.org\",\"@type\":\"Organization\",\"@id\":\"https:\/\/www.vita60.com#Organization\",\"name\":\"VITA60\",\"url\":\"https:\/\/www.vita60.com\",\"sameAs\":[],\"logo\":{\"@type\":\"ImageObject\",\"url\":\"https:\/\/www.vita60.com\/wp-content\/uploads\/2020\/07\/VITA60-LOGO.png\",\"width\":\"200\",\"height\":\"100\"}}]\n<\/script><\/p>\n<p><!-- Schema & Structured Data For VITA60 organisation - --><script type=\"application\/ld+json\" class=\"saswp-custom-schema-markup-output\">{\n    \"@context\": \"https:\/\/schema.org\",\n    \"@type\": \"HealthAndBeautyBusiness\",\n    \"image\": \"https:\/\/www.vita60.com\/wp-content\/uploads\/2020\/10\/vita60-logo.png\",\n    \"priceRange\": \"\u00a328.75 - \u00a345.00 pro Flasche\",\n    \"telephone\": \"+44 (0) 3333 44 99 72\",\n    \"name\": \"VITA60\",\n    \"logo\": \"https:\/\/www.vita60.com\/wp-content\/uploads\/2020\/11\/vita60.png\",\n    \"description\": \"Hersteller hochwertiger C60-\u00d6le, der die gr\u00f6\u00dfte Auswahl an Bio-\u00d6len auf dem Markt herstellt. L\u00f6sungsmittelfreies 99,99% reines Kohlenstoff-60-Fulleren. Seit 2017 gegr\u00fcndet.\",\n    \"geo\": {\n        \"@type\": \"GeoCoordinates\",\n        \"latitude\": \"52.701882977520036\",\n        \"longitude\": \"-2.5216254000000005\"\n    },\n    \"url\": \"https:\/\/www.vita60.com\",\n    \"contactPoint\": {\n        \"@type\": \"ContactPoint\",\n        \"telephone\": \"+44 (0) 3333 44 99 72\",\n        \"contactType\": \"customer service\",\n        \"email\": \"info@vita60.com\",\n        \"contactOption\": \"\",\n        \"areaServed\": \"\",\n        \"availableLanguage\": \"Englisch\"\n    },\n    \"address\": {\n        \"@type\": \"PostalAddress\",\n        \"addressCountry\": \"Vereinigtes K\u00f6nigreich\",\n        \"addressLocality\": \"Telford\",\n        \"addressRegion\": \"Shropshire\",\n        \"postalCode\": \"TF1 1EB\",\n        \"streetAddress\": \"15 Bridge Road, Wellington\"\n    }\n}<\/script><\/p>\n","protected":false},"excerpt":{"rendered":"<p><span style=\"font-size: 22pt;\"><b>Sparen 10%<\/b><\/span><\/p>\n<p>Gutes Preis-Leistungs-Verh\u00e4ltnis mit 99,99% reinem C60 in Avocado\u00f6l<\/p>\n<p>4 x 100 ml Flaschen mit 80 mg pro Flasche C60 in Bio-Avocado\u00f6l extra vergine<\/p>\n<ul>\n<li><strong><span style=\"font-size: 13pt;\">Kaufen Sie 4 Flaschen<\/span><\/strong> <span style=\"font-size: 13pt;\"><strong>sparen Sie<\/strong><strong>\u00a010%<\/strong><\/span><\/li>\n<li><strong><span style=\"font-size: 13pt;\">Kaufen Sie 8 Flaschen<\/span><\/strong> <span style=\"font-size: 13pt;\"><strong>sparen Sie<\/strong><strong> 20%<\/strong><\/span><\/li>\n<li><\/li>\n<\/ul>\n<p><span style=\"font-size: 14pt;\"><b>KOSTENLOSER VERSAND <\/b><\/span>mit einer beliebigen Kombination von 5 oder mehr Flaschen.*<\/p>\n","protected":false},"featured_media":11998,"comment_status":"open","ping_status":"closed","template":"","meta":{"_acf_changed":false,"site-sidebar-layout":"default","site-content-layout":"default","ast-site-content-layout":"default","site-content-style":"default","site-sidebar-style":"default","ast-global-header-display":"","ast-banner-title-visibility":"","ast-main-header-display":"","ast-hfb-above-header-display":"","ast-hfb-below-header-display":"","ast-hfb-mobile-header-display":"","site-post-title":"","ast-breadcrumbs-content":"","ast-featured-img":"","footer-sml-layout":"","ast-disable-related-posts":"","theme-transparent-header-meta":"default","adv-header-id-meta":"","stick-header-meta":"","header-above-stick-meta":"","header-main-stick-meta":"","header-below-stick-meta":"","astra-migrate-meta-layouts":"default","ast-page-background-enabled":"default","ast-page-background-meta":{"desktop":{"background-color":"","background-image":"","background-repeat":"repeat","background-position":"center center","background-size":"auto","background-attachment":"scroll","background-type":"","background-media":"","overlay-type":"","overlay-color":"","overlay-opacity":"","overlay-gradient":""},"tablet":{"background-color":"","background-image":"","background-repeat":"repeat","background-position":"center center","background-size":"auto","background-attachment":"scroll","background-type":"","background-media":"","overlay-type":"","overlay-color":"","overlay-opacity":"","overlay-gradient":""},"mobile":{"background-color":"","background-image":"","background-repeat":"repeat","background-position":"center center","background-size":"auto","background-attachment":"scroll","background-type":"","background-media":"","overlay-type":"","overlay-color":"","overlay-opacity":"","overlay-gradient":""}},"ast-content-background-meta":{"desktop":{"background-color":"var(--ast-global-color-5)","background-image":"","background-repeat":"repeat","background-position":"center center","background-size":"auto","background-attachment":"scroll","background-type":"","background-media":"","overlay-type":"","overlay-color":"","overlay-opacity":"","overlay-gradient":""},"tablet":{"background-color":"var(--ast-global-color-5)","background-image":"","background-repeat":"repeat","background-position":"center center","background-size":"auto","background-attachment":"scroll","background-type":"","background-media":"","overlay-type":"","overlay-color":"","overlay-opacity":"","overlay-gradient":""},"mobile":{"background-color":"var(--ast-global-color-5)","background-image":"","background-repeat":"repeat","background-position":"center center","background-size":"auto","background-attachment":"scroll","background-type":"","background-media":"","overlay-type":"","overlay-color":"","overlay-opacity":"","overlay-gradient":""}}},"product_brand":[],"product_cat":[182],"product_tag":[],"class_list":{"0":"post-11988","1":"product","2":"type-product","3":"status-publish","4":"has-post-thumbnail","6":"product_cat-c60-avocadooel","7":"desktop-align-left","8":"tablet-align-left","9":"mobile-align-left","11":"first","12":"instock","13":"sale","14":"featured","15":"taxable","16":"shipping-taxable","17":"purchasable","18":"product-type-simple"},"acf":[],"_links":{"self":[{"href":"https:\/\/www.vita60.com\/de\/wp-json\/wp\/v2\/product\/11988","targetHints":{"allow":["GET"]}}],"collection":[{"href":"https:\/\/www.vita60.com\/de\/wp-json\/wp\/v2\/product"}],"about":[{"href":"https:\/\/www.vita60.com\/de\/wp-json\/wp\/v2\/types\/product"}],"replies":[{"embeddable":true,"href":"https:\/\/www.vita60.com\/de\/wp-json\/wp\/v2\/comments?post=11988"}],"version-history":[{"count":0,"href":"https:\/\/www.vita60.com\/de\/wp-json\/wp\/v2\/product\/11988\/revisions"}],"wp:featuredmedia":[{"embeddable":true,"href":"https:\/\/www.vita60.com\/de\/wp-json\/wp\/v2\/media\/11998"}],"wp:attachment":[{"href":"https:\/\/www.vita60.com\/de\/wp-json\/wp\/v2\/media?parent=11988"}],"wp:term":[{"taxonomy":"product_brand","embeddable":true,"href":"https:\/\/www.vita60.com\/de\/wp-json\/wp\/v2\/product_brand?post=11988"},{"taxonomy":"product_cat","embeddable":true,"href":"https:\/\/www.vita60.com\/de\/wp-json\/wp\/v2\/product_cat?post=11988"},{"taxonomy":"product_tag","embeddable":true,"href":"https:\/\/www.vita60.com\/de\/wp-json\/wp\/v2\/product_tag?post=11988"}],"curies":[{"name":"wp","href":"https:\/\/api.w.org\/{rel}","templated":true}]}}