{"id":12004,"date":"2020-06-28T01:07:09","date_gmt":"2020-06-28T01:07:09","guid":{"rendered":"https:\/\/www.vita60.com\/unkategorisiert\/de-good-value-4-pack-c60-in-organic-black-seed-oil\/"},"modified":"2023-12-13T19:48:17","modified_gmt":"2023-12-13T19:48:17","slug":"4er-pack-schwarzkuemmeloel","status":"publish","type":"product","link":"https:\/\/www.vita60.com\/de\/4er-pack-schwarzkuemmeloel\/","title":{"rendered":"Guter Wert 4er Pack C60 in Bio-Schwarzk\u00fcmmel\u00f6l"},"content":{"rendered":"<div id=\"tab-product-desc\" class=\"tab-pane fade in active\">\n<div class=\"description\">\n<p><strong><img fetchpriority=\"high\" decoding=\"async\" class=\"alignright\" style=\"margin: 5px; float: right;\" src=\"https:\/\/www.vita60.com\/wp-content\/uploads\/2020\/10\/flowers-and-seeds-of-black-seed.png\" alt=\"Blumen und Samen von schwarzen Samen f\u00fcr unsere 4er Pack C60 Schwarzk\u00fcmmel\u00f6l\" width=\"500\" height=\"383\" \/><\/strong>In unserem guten Wert 4er Pack C60 Schwarzk\u00fcmmel\u00f6l finden Sie ein \u00e4gyptisches \u00d6l von ausgew\u00e4hlten Bio-Bauern. Es gibt eine lange Geschichte des Anbaus von schwarzen Samen in der Region, die zumindest auf die Pharaonen zur\u00fcckgeht. Wir haben uns aus mehreren Gr\u00fcnden f\u00fcr dieses \u00e4gyptische kaltgepresste Bio-\u00d6l entschieden.<\/p>\n<p>Es ist organisch, die bevorzugte Wahl vieler, da es frei von Chemikalien und ethisch einwandfrei ist. Die Prozesse zur Herstellung von kaltgepresstem \u00d6l beinhalten weder W\u00e4rme noch Chemikalien, so dass alle gesundheitlichen Vorteile des \u00d6ls erhalten bleiben. Schwarzk\u00fcmmel\u00f6l hat einen sehr starken Geschmack. Dieses \u00d6l hat die G\u00fcte von Schwarzk\u00fcmmel\u00f6l, aber einen relativ milden, glatten, abgerundeten Geschmack.<\/p>\n<div id=\"tab-product-desc\" class=\"tab-pane fade in active\">\n<div class=\"description\">\n<p>Es hat sich gezeigt, dass die regelm\u00e4\u00dfige Einnahme von Schwarzk\u00fcmmel\u00f6l zur F\u00f6rderung der Herzgesundheit beitr\u00e4gt, indem es zur Senkung des Bluthochdrucks und des Cholesterinspiegels beitr\u00e4gt. Es wurde auch mit der Verbesserung der Symptome der <a href=\"https:\/\/www.vita60.com\/de\/c60-lindert-arthritis-steifheit-und-schuebe\/\">rheumatoiden Arthritis<\/a> und der Verringerung der Auswirkungen von Asthma in Verbindung gebracht. Schwarzk\u00fcmmel\u00f6l wird h\u00e4ufig verwendet, um viele Hauterkrankungen wie <a href=\"https:\/\/www.vita60.com\/de\/aknebehandlung-fuer-jugendliche\/\">Akne<\/a> und <a href=\"https:\/\/www.vita60.com\/de\/c60-olivenoel-gegen-psoriasis\/\">Psoriasis<\/a> zu verbessern und den Zustand der Haare zu verbessern. Das \u00d6l hat einen intensiven medizinischen Geschmack.<\/p>\n<p><strong><span style=\"font-size: 13pt;\">Weitere Vorteile sind:<\/span><\/strong><\/p>\n<ul type=\"disc\">\n<li>Verbessert die Immunfunktion<\/li>\n<li>Reduziert Entz\u00fcndungen<\/li>\n<li>Kann Magen-Darm-Probleme lindern<\/li>\n<li>Hilft bei der Wundheilung<\/li>\n<li>Befeuchtet die Haut<\/li>\n<li>Verbesserte Verdauung<\/li>\n<\/ul>\n<p>C60 ist ein Molek\u00fcl mit 60 Kohlenstoffatomen, ein Mitglied der Fullerengruppe der Kohlenstoffmolek\u00fcle. Es ist ein &#8218;<em>Radikalf\u00e4nger<\/em>&#8218;, der dazu beitr\u00e4gt, toxische Nebenprodukte des Zellstoffwechsels zu neutralisieren, die bei vielen Arten von Krankheiten Gewebesch\u00e4den verursachen.<\/p>\n<p>Unser hochwertiges 4er Pack C60-Schwarzk\u00fcmmel\u00f6l besteht zu 99,99% aus reinem l\u00f6sungsmittelfreiem C60 und nat\u00fcrlichem Schwarzk\u00fcmmel\u00f6l. Unsere Produkte werden in Gro\u00dfbritannien nur aus den besten Zutaten hergestellt.<\/p>\n<h6>Diejenigen, die C60 in Schwarzk\u00fcmmel\u00f6l einnehmen, sagen, dass sie auch Vorteile bemerkt haben, die Folgendes umfassen:<\/h6>\n<ul type=\"disc\">\n<li>Mehr Ausdauer<\/li>\n<li>Gesund aussehende Haut und Hautfarbe<\/li>\n<li>Reduzierte R\u00f6tung und Juckreiz bei Ekzemen<\/li>\n<li>Gl\u00e4nzendes, gesundes Haar<\/li>\n<\/ul>\n<\/div>\n<\/div>\n<\/div>\n<\/div>\n<p><!-- Schema & Structured Data For mini VITA60 organisation - --><\/p>\n<p><script type=\"application\/ld+json\" class=\"saswp-schema-markup-output\">\n[{\"@context\":\"https:\/\/schema.org\",\"@type\":\"Organization\",\"@id\":\"https:\/\/www.vita60.com#Organization\",\"name\":\"VITA60\",\"url\":\"https:\/\/www.vita60.com\",\"sameAs\":[],\"logo\":{\"@type\":\"ImageObject\",\"url\":\"https:\/\/www.vita60.com\/wp-content\/uploads\/2020\/07\/VITA60-LOGO.png\",\"width\":\"200\",\"height\":\"100\"}}]\n<\/script><\/p>\n<p><!-- Schema & Structured Data For VITA60 organisation - --><script type=\"application\/ld+json\" class=\"saswp-custom-schema-markup-output\">{\n    \"@context\": \"https:\/\/schema.org\",\n    \"@type\": \"HealthAndBeautyBusiness\",\n    \"image\": \"https:\/\/www.vita60.com\/wp-content\/uploads\/2020\/10\/vita60-logo.png\",\n    \"priceRange\": \"\u00a328.75 - \u00a345.00 pro Flasche\",\n    \"telephone\": \"+44 (0) 3333 44 99 72\",\n    \"name\": \"VITA60\",\n    \"logo\": \"https:\/\/www.vita60.com\/wp-content\/uploads\/2020\/11\/vita60.png\",\n    \"description\": \"Hersteller hochwertiger C60-\u00d6le, der die gr\u00f6\u00dfte Auswahl an Bio-\u00d6len auf dem Markt herstellt. L\u00f6sungsmittelfreies 99,99% reines Kohlenstoff-60-Fulleren. Seit 2017 gegr\u00fcndet.\",\n    \"geo\": {\n        \"@type\": \"GeoCoordinates\",\n        \"latitude\": \"52.701882977520036\",\n        \"longitude\": \"-2.5216254000000005\"\n    },\n    \"url\": \"https:\/\/www.vita60.com\",\n    \"contactPoint\": {\n        \"@type\": \"ContactPoint\",\n        \"telephone\": \"+44 (0) 3333 44 99 72\",\n        \"contactType\": \"customer service\",\n        \"email\": \"info@vita60.com\",\n        \"contactOption\": \"\",\n        \"areaServed\": \"\",\n        \"availableLanguage\": \"Englisch\"\n    },\n    \"address\": {\n        \"@type\": \"PostalAddress\",\n        \"addressCountry\": \"Vereinigtes K\u00f6nigreich\",\n        \"addressLocality\": \"Telford\",\n        \"addressRegion\": \"Shropshire\",\n        \"postalCode\": \"TF1 1EB\",\n        \"streetAddress\": \"15 Bridge Road, Wellington\"\n    }\n}<\/script><\/p>\n","protected":false},"excerpt":{"rendered":"<p><span style=\"font-size: 22pt;\"><b>Sparen Sie [aelia_cs_currency_amount amount=\"20.00\" formatted=\"1|1\" from_currency=\"GBP\"]<\/b><\/span><\/p>\n<p>Wert Schn\u00e4ppchenpackung mit 99,99% reinem C60 in Bio-Schwarzk<span style=\"font-size: 16px;\">\u00fc<\/span>mmel\u00f6l<\/p>\n<p>4 x 100 ml Flaschen mit 80 mg pro Flasche C60 in Bio-Schwarzk<span style=\"font-size: 16px;\">\u00fc<\/span>mmel\u00f6l<\/p>\n<ul>\n<li><strong><span style=\"font-size: 13pt;\">4 Flashen<\/span><\/strong> f\u00fcr <span style=\"font-size: 15pt;\"><strong>[aelia_cs_currency_amount amount=\"40.00\" formatted=\"1|1\" from_currency=\"GBP\"]<\/strong><\/span> <span style=\"font-size: 13pt;\"><strong>spart<\/strong> jeder<strong> 10%<\/strong><\/span><\/li>\n<li><strong><span style=\"font-size: 13pt;\">8 Flaschen<\/span><\/strong> f\u00fcr <span style=\"font-size: 15pt;\"><strong style=\"font-size: 15pt;\">[aelia_cs_currency_amount amount=\"36.00\" formatted=\"1|1\" from_currency=\"GBP\"]<\/strong> <\/span><span style=\"font-size: 13pt;\"><strong class=\"benefit\">spart<\/strong> jeder<strong class=\"benefit\"> 20%<\/strong><\/span><\/li>\n<\/ul>\n<p><span style=\"font-size: 14pt;\"><b>KOSTENLOSER VERSAND <\/b><\/span>mit einer beliebigen Kombination von 5 oder mehr Flaschen.*<\/p>\n","protected":false},"featured_media":12005,"comment_status":"open","ping_status":"closed","template":"","meta":{"_acf_changed":false,"site-sidebar-layout":"default","site-content-layout":"default","ast-site-content-layout":"default","site-content-style":"default","site-sidebar-style":"default","ast-global-header-display":"","ast-banner-title-visibility":"","ast-main-header-display":"","ast-hfb-above-header-display":"","ast-hfb-below-header-display":"","ast-hfb-mobile-header-display":"","site-post-title":"","ast-breadcrumbs-content":"","ast-featured-img":"","footer-sml-layout":"","ast-disable-related-posts":"","theme-transparent-header-meta":"default","adv-header-id-meta":"","stick-header-meta":"","header-above-stick-meta":"","header-main-stick-meta":"","header-below-stick-meta":"","astra-migrate-meta-layouts":"default","ast-page-background-enabled":"default","ast-page-background-meta":{"desktop":{"background-color":"","background-image":"","background-repeat":"repeat","background-position":"center center","background-size":"auto","background-attachment":"scroll","background-type":"","background-media":"","overlay-type":"","overlay-color":"","overlay-opacity":"","overlay-gradient":""},"tablet":{"background-color":"","background-image":"","background-repeat":"repeat","background-position":"center center","background-size":"auto","background-attachment":"scroll","background-type":"","background-media":"","overlay-type":"","overlay-color":"","overlay-opacity":"","overlay-gradient":""},"mobile":{"background-color":"","background-image":"","background-repeat":"repeat","background-position":"center center","background-size":"auto","background-attachment":"scroll","background-type":"","background-media":"","overlay-type":"","overlay-color":"","overlay-opacity":"","overlay-gradient":""}},"ast-content-background-meta":{"desktop":{"background-color":"var(--ast-global-color-5)","background-image":"","background-repeat":"repeat","background-position":"center center","background-size":"auto","background-attachment":"scroll","background-type":"","background-media":"","overlay-type":"","overlay-color":"","overlay-opacity":"","overlay-gradient":""},"tablet":{"background-color":"var(--ast-global-color-5)","background-image":"","background-repeat":"repeat","background-position":"center center","background-size":"auto","background-attachment":"scroll","background-type":"","background-media":"","overlay-type":"","overlay-color":"","overlay-opacity":"","overlay-gradient":""},"mobile":{"background-color":"var(--ast-global-color-5)","background-image":"","background-repeat":"repeat","background-position":"center center","background-size":"auto","background-attachment":"scroll","background-type":"","background-media":"","overlay-type":"","overlay-color":"","overlay-opacity":"","overlay-gradient":""}}},"product_brand":[],"product_cat":[193],"product_tag":[],"class_list":{"0":"post-12004","1":"product","2":"type-product","3":"status-publish","4":"has-post-thumbnail","6":"product_cat-c60-schwarzkuemmeloel","7":"desktop-align-left","8":"tablet-align-left","9":"mobile-align-left","11":"first","12":"instock","13":"sale","14":"featured","15":"taxable","16":"shipping-taxable","17":"purchasable","18":"product-type-variable","19":"has-default-attributes"},"acf":[],"_links":{"self":[{"href":"https:\/\/www.vita60.com\/de\/wp-json\/wp\/v2\/product\/12004","targetHints":{"allow":["GET"]}}],"collection":[{"href":"https:\/\/www.vita60.com\/de\/wp-json\/wp\/v2\/product"}],"about":[{"href":"https:\/\/www.vita60.com\/de\/wp-json\/wp\/v2\/types\/product"}],"replies":[{"embeddable":true,"href":"https:\/\/www.vita60.com\/de\/wp-json\/wp\/v2\/comments?post=12004"}],"version-history":[{"count":0,"href":"https:\/\/www.vita60.com\/de\/wp-json\/wp\/v2\/product\/12004\/revisions"}],"wp:featuredmedia":[{"embeddable":true,"href":"https:\/\/www.vita60.com\/de\/wp-json\/wp\/v2\/media\/12005"}],"wp:attachment":[{"href":"https:\/\/www.vita60.com\/de\/wp-json\/wp\/v2\/media?parent=12004"}],"wp:term":[{"taxonomy":"product_brand","embeddable":true,"href":"https:\/\/www.vita60.com\/de\/wp-json\/wp\/v2\/product_brand?post=12004"},{"taxonomy":"product_cat","embeddable":true,"href":"https:\/\/www.vita60.com\/de\/wp-json\/wp\/v2\/product_cat?post=12004"},{"taxonomy":"product_tag","embeddable":true,"href":"https:\/\/www.vita60.com\/de\/wp-json\/wp\/v2\/product_tag?post=12004"}],"curies":[{"name":"wp","href":"https:\/\/api.w.org\/{rel}","templated":true}]}}