{"id":12011,"date":"2020-06-28T22:51:57","date_gmt":"2020-06-28T22:51:57","guid":{"rendered":"https:\/\/www.vita60.com\/unkategorisiert\/de-good-value-6-pack-c60-in-organic-mct-coconut-oil\/"},"modified":"2024-03-22T13:43:23","modified_gmt":"2024-03-22T13:43:23","slug":"6er-pack-c60-mct-kokosoel","status":"publish","type":"product","link":"https:\/\/www.vita60.com\/de\/6er-pack-c60-mct-kokosoel\/","title":{"rendered":"Guter Wert 6er Pack C60 in Bio-MCT-Kokos\u00f6l"},"content":{"rendered":"<div id=\"tab-product-desc\" class=\"tab-pane fade in active\">\n<div class=\"description\">\n<p><strong><img fetchpriority=\"high\" decoding=\"async\" class=\"alignright\" style=\"margin: 5px; float: right;\" src=\"https:\/\/www.vita60.com\/wp-content\/uploads\/2020\/10\/coconut-on-the-beach.png\" alt=\"Coconut on a Pacific beach - perfect for 6 Pack C60 Organic MCT Coconut Oil\" width=\"500\" height=\"383\" \/><\/strong>Unsere nat\u00fcrlichen Kokosnuss\u00f6le werden aus Kokosn\u00fcssen verkauft, die im Pazifik auf Farmen angebaut werden, die auch vom USDA als auch vom <a href=\"https:\/\/de.wikipedia.org\/wiki\/ECOCERT\">ECO-CERT<\/a> als biologisch zertifiziert werden. Wir haben nur das Beste, damit wir unser Gutes Preis-Leistungs-Verh\u00e4ltnis 6er Pack C60 Bio-MCT-Kokos\u00f6l besser zu machen.<\/p>\n<\/div>\n<div id=\"tab-product-desc\" class=\"tab-pane fade in active\">\n<p>Kokos\u00f6l ist aufgrund seiner langen Liste vorteilhafter Eigenschaften ein Superfood. Dazu geh\u00f6ren Herzgesundheit, Gehirnfunktion, Management von Diabetes und Gewichtsverlust. Kokos\u00f6l enth\u00e4lt mittelkettige Triglyceride (MCT), spezifische Fetts\u00e4uren, die von der Leber schnell vom K\u00f6rper aufgenommen werden. Der K\u00f6rper wandelt sie in Ketone um und kann sie so als schnelle Energiequelle nutzen. Das \u00d6l hat einen sehr milden und cremigen Geschmack.<\/p>\n<div id=\"tab-product-desc\" class=\"tab-pane fade in active\"><strong><span style=\"font-size: 13pt;\">Weitere Vorteile sind:<\/span><\/strong><\/div>\n<div class=\"description\">\n<ul type=\"disc\">\n<li>Ermutigt den K\u00f6rper, \u00fcbersch\u00fcssiges Fett zu verbrennen<\/li>\n<li>K\u00f6nnte helfen, Epilepsie, Alzheimer und Autismus zu behandeln<\/li>\n<li>Senkt den Cholesterinspiegel<\/li>\n<li>Vorteilhaft f\u00fcr Haare, Haut und Z\u00e4hne<\/li>\n<li>Kann Anf\u00e4lle reduzieren<\/li>\n<li>Kann bei bakteriellen und viralen Infektionen helfen<\/li>\n<\/ul>\n<\/div>\n<\/div>\n<div class=\"description\">\n<p>C60 ist ein Molek\u00fcl mit 60 Kohlenstoffatomen, ein Mitglied der Fullerengruppe der Kohlenstoffmolek\u00fcle. Es ist ein \u201a<em>Radikalf\u00e4nger<\/em>&#8218; der dazu beitr\u00e4gt, toxische Nebenprodukte des Zellstoffwechsels zu neutralisieren, die bei vielen Arten von Krankheiten Gewebesch\u00e4den verursachen.<\/p>\n<p>F\u00fcr unser preiswertes 6er Pack C60 Bio-MCT-Kokos\u00f6l verwenden wir 99,99% reines, l\u00f6sungsmittelfreies C60 und Bio-Kokos-MCT-\u00d6l. Dar\u00fcber hinaus haben wir eine Mischung aus Bio-Kokos-MCT-\u00d6l in Kombination mit einer kleinen Menge nicht raffiniertem Bio-Kokos\u00f6l perfektioniert, die die Menge an C60 erh\u00f6ht, die sich darin aufl\u00f6st. Wir stellen alle unsere Produkte in Gro\u00dfbritannien her, damit wir sicher sein k\u00f6nnen, dass nur die besten Zutaten in unsere \u00d6le gelangen.<\/p>\n<h6>Diejenigen, die C60 in Bio-MCT-Kokos\u00f6l einnehmen, sagen, dass sie auch Vorteile bemerkt haben, die Folgendes umfassen:<\/h6>\n<ul type=\"disc\">\n<li>Nachhaltiger Gewichtsverlust<\/li>\n<li>Mehr Energie haben<\/li>\n<li>Reduziertes Hungergef\u00fchl<\/li>\n<li>Befeuchtete Haut<\/li>\n<li>Verbesserte Verdauung<\/li>\n<li>Erh\u00f6hte Konzentration<\/li>\n<\/ul>\n<\/div>\n<div class=\"description\">\n<style type=\"text\/css\">.boxed { border: 2px solid black ;<br \/>padding-top: 3px;<br \/>      padding-right: 3px;<br \/>      padding-bottom: 3px;<br \/>      padding-left: 3px;<br \/>}<\/style>\n<p>Bitte beachten Sie: Wer einen Kauf von C60 in Kokos\u00f6l in Betracht zieht, sollte Folgendes beachten:<\/p>\n<div class=\"boxed\">\n<div id=\":tf\" class=\"a3s aXjCH\">\n<div dir=\"ltr\" style=\"text-align: center;\"><strong>Es ist NICHT m\u00f6glich, 80 mg C60 in 100 ml Kokos\u00f6l zu l\u00f6sen, da es weniger l\u00f6slich ist als jedes andere verf\u00fcgbare C60-\u00d6l. Da wir nicht die gleiche Menge C60 in Kokosnuss\u00f6l aufl\u00f6sen k\u00f6nnen, verkaufen wir unsere 100-ml-Flaschen C60-Kokosnuss\u00f6l zu einem proportional niedrigeren Preis, sodass Sie immer noch den gleichen guten Wert erhalten.<\/strong><\/div>\n<\/div>\n<\/div>\n<\/div>\n<\/div>\n<p><!-- Schema & Structured Data For mini VITA60 organisation - --><\/p>\n<p><script type=\"application\/ld+json\" class=\"saswp-schema-markup-output\">\n[{\"@context\":\"https:\/\/schema.org\",\"@type\":\"Organization\",\"@id\":\"https:\/\/www.vita60.com#Organization\",\"name\":\"VITA60\",\"url\":\"https:\/\/www.vita60.com\/de\/\",\"sameAs\":[],\"logo\":{\"@type\":\"ImageObject\",\"url\":\"https:\/\/www.vita60.com\/wp-content\/uploads\/2020\/07\/VITA60-LOGO.png\",\"width\":\"200\",\"height\":\"100\"}}]\n<\/script><\/p>\n<p><!-- Schema & Structured Data For VITA60 organisation - --><script type=\"application\/ld+json\" class=\"saswp-custom-schema-markup-output\">{\n    \"@context\": \"https:\/\/schema.org\",\n    \"@type\": \"HealthAndBeautyBusiness\",\n    \"image\": \"https:\/\/www.vita60.com\/wp-content\/uploads\/2020\/10\/vita60-logo.png\",\n    \"priceRange\": \"\u00a328.75 - \u00a345.00 pro Flasche\",\n    \"telephone\": \"+44 (0) 3333 44 99 72\",\n    \"name\": \"VITA60\",\n    \"logo\": \"https:\/\/www.vita60.com\/wp-content\/uploads\/2020\/11\/vita60.png\",\n    \"description\": \"Hersteller hochwertiger C60-\u00d6le, der die gr\u00f6\u00dfte Auswahl an Bio-\u00d6len auf dem Markt herstellt. L\u00f6sungsmittelfreies 99,99% reines Kohlenstoff-60-Fulleren. Seit 2017 gegr\u00fcndet.\",\n    \"geo\": {\n        \"@type\": \"GeoCoordinates\",\n        \"latitude\": \"52.701882977520036\",\n        \"longitude\": \"-2.5216254000000005\"\n    },\n    \"url\": \"https:\/\/www.vita60.com\/de\/\",\n    \"contactPoint\": {\n        \"@type\": \"ContactPoint\",\n        \"telephone\": \"+44 (0) 3333 44 99 72\",\n        \"contactType\": \"customer service\",\n        \"email\": \"info@vita60.com\",\n        \"contactOption\": \"\",\n        \"areaServed\": \"\",\n        \"availableLanguage\": \"Englisch\"\n    },\n    \"address\": {\n        \"@type\": \"PostalAddress\",\n        \"addressCountry\": \"Vereinigtes K\u00f6nigreich\",\n        \"addressLocality\": \"Telford\",\n        \"addressRegion\": \"Shropshire\",\n        \"postalCode\": \"TF1 1EB\",\n        \"streetAddress\": \"15 Bridge Road, Wellington\"\n    }\n}<\/script><\/p>\n","protected":false},"excerpt":{"rendered":"<p><span style=\"font-size: 28pt;\">Sparen Sie [aelia_cs_currency_amount amount=\"20.40\" formatted=\"1|1\" from_currency=\"GBP\"]<\/span><\/p>\n<p>Gutes Preis-Leistungs-Verh\u00e4ltnis mit 99,99% reinem C60 in MCT-Kokos\u00f6l<br \/>\n6 x 100 ml Flaschen mit 53 mg pro Flasche C60 in Bio-MCT Kokos\u00f6l<\/p>\n<ul>\n<li><strong><span style=\"font-size: 13pt;\">6 Flaschen<\/span><\/strong> f\u00fcr <span style=\"font-size: 15pt;\"><strong>[aelia_cs_currency_amount amount=\"25.35\" formatted=\"1|1\" from_currency=\"GBP\"]\u00a0<\/strong><\/span>jeweils\u00a0 <span style=\"font-size: 13pt;\"><strong class=\"benefit\">10% sparen<\/strong><\/span><\/li>\n<li><strong><span style=\"font-size: 13pt;\">12 Flaschen<\/span><\/strong> f\u00fcr <span style=\"font-size: 15pt;\"><strong>[aelia_cs_currency_amount amount=\"22.81\" formatted=\"1|1\" from_currency=\"GBP\"]<\/strong><\/span> jeweils <span style=\"font-size: 13pt;\"><strong class=\"benefit\">20% sparen<\/strong><\/span><\/li>\n<\/ul>\n<p><span style=\"font-size: 14pt;\"><b>KOSTENLOSER VERSAND<\/b><\/span> mit Gesamtbestellungen \u00fcber <strong>[aelia_cs_currency_amount amount=\"170.00\" formatted=\"1|1\" from_currency=\"GBP\"]<\/strong> oder gleichwertig.<\/p>\n","protected":false},"featured_media":12012,"comment_status":"open","ping_status":"closed","template":"","meta":{"_acf_changed":false,"site-sidebar-layout":"default","site-content-layout":"default","ast-site-content-layout":"default","site-content-style":"default","site-sidebar-style":"default","ast-global-header-display":"","ast-banner-title-visibility":"","ast-main-header-display":"","ast-hfb-above-header-display":"","ast-hfb-below-header-display":"","ast-hfb-mobile-header-display":"","site-post-title":"","ast-breadcrumbs-content":"","ast-featured-img":"","footer-sml-layout":"","ast-disable-related-posts":"","theme-transparent-header-meta":"default","adv-header-id-meta":"","stick-header-meta":"","header-above-stick-meta":"","header-main-stick-meta":"","header-below-stick-meta":"","astra-migrate-meta-layouts":"default","ast-page-background-enabled":"default","ast-page-background-meta":{"desktop":{"background-color":"","background-image":"","background-repeat":"repeat","background-position":"center center","background-size":"auto","background-attachment":"scroll","background-type":"","background-media":"","overlay-type":"","overlay-color":"","overlay-opacity":"","overlay-gradient":""},"tablet":{"background-color":"","background-image":"","background-repeat":"repeat","background-position":"center center","background-size":"auto","background-attachment":"scroll","background-type":"","background-media":"","overlay-type":"","overlay-color":"","overlay-opacity":"","overlay-gradient":""},"mobile":{"background-color":"","background-image":"","background-repeat":"repeat","background-position":"center center","background-size":"auto","background-attachment":"scroll","background-type":"","background-media":"","overlay-type":"","overlay-color":"","overlay-opacity":"","overlay-gradient":""}},"ast-content-background-meta":{"desktop":{"background-color":"var(--ast-global-color-5)","background-image":"","background-repeat":"repeat","background-position":"center center","background-size":"auto","background-attachment":"scroll","background-type":"","background-media":"","overlay-type":"","overlay-color":"","overlay-opacity":"","overlay-gradient":""},"tablet":{"background-color":"var(--ast-global-color-5)","background-image":"","background-repeat":"repeat","background-position":"center center","background-size":"auto","background-attachment":"scroll","background-type":"","background-media":"","overlay-type":"","overlay-color":"","overlay-opacity":"","overlay-gradient":""},"mobile":{"background-color":"var(--ast-global-color-5)","background-image":"","background-repeat":"repeat","background-position":"center center","background-size":"auto","background-attachment":"scroll","background-type":"","background-media":"","overlay-type":"","overlay-color":"","overlay-opacity":"","overlay-gradient":""}}},"product_brand":[],"product_cat":[201],"product_tag":[],"class_list":{"0":"post-12011","1":"product","2":"type-product","3":"status-publish","4":"has-post-thumbnail","6":"product_cat-c60-bio-mct-kokosoel","7":"desktop-align-left","8":"tablet-align-left","9":"mobile-align-left","11":"first","12":"instock","13":"sale","14":"featured","15":"taxable","16":"shipping-taxable","17":"purchasable","18":"product-type-simple"},"acf":[],"_links":{"self":[{"href":"https:\/\/www.vita60.com\/de\/wp-json\/wp\/v2\/product\/12011","targetHints":{"allow":["GET"]}}],"collection":[{"href":"https:\/\/www.vita60.com\/de\/wp-json\/wp\/v2\/product"}],"about":[{"href":"https:\/\/www.vita60.com\/de\/wp-json\/wp\/v2\/types\/product"}],"replies":[{"embeddable":true,"href":"https:\/\/www.vita60.com\/de\/wp-json\/wp\/v2\/comments?post=12011"}],"version-history":[{"count":0,"href":"https:\/\/www.vita60.com\/de\/wp-json\/wp\/v2\/product\/12011\/revisions"}],"wp:featuredmedia":[{"embeddable":true,"href":"https:\/\/www.vita60.com\/de\/wp-json\/wp\/v2\/media\/12012"}],"wp:attachment":[{"href":"https:\/\/www.vita60.com\/de\/wp-json\/wp\/v2\/media?parent=12011"}],"wp:term":[{"taxonomy":"product_brand","embeddable":true,"href":"https:\/\/www.vita60.com\/de\/wp-json\/wp\/v2\/product_brand?post=12011"},{"taxonomy":"product_cat","embeddable":true,"href":"https:\/\/www.vita60.com\/de\/wp-json\/wp\/v2\/product_cat?post=12011"},{"taxonomy":"product_tag","embeddable":true,"href":"https:\/\/www.vita60.com\/de\/wp-json\/wp\/v2\/product_tag?post=12011"}],"curies":[{"name":"wp","href":"https:\/\/api.w.org\/{rel}","templated":true}]}}