{"id":9766,"date":"2020-06-29T10:09:26","date_gmt":"2020-09-08T16:58:31","guid":{"rendered":"https:\/\/www.vita60.com\/unkategorisiert\/flaschenadapter-und-spritze\/"},"modified":"2023-04-19T11:15:04","modified_gmt":"2023-04-19T11:15:04","slug":"standardadapter","status":"publish","type":"product","link":"https:\/\/www.vita60.com\/de\/standardadapter\/","title":{"rendered":"Flaschenadapter und Spritze"},"content":{"rendered":"<div id=\"tab-product-desc\" class=\"tab-pane fade in active\">\n<div class=\"description\">\n<p>Diese Standard-Medizinflaschenadapter und -spritzen sind eine gro\u00dfartige Erg\u00e4nzung beim Kauf von C60-\u00d6l, k\u00f6nnen jedoch zur Abgabe nahezu jeder Fl\u00fcssigkeit verwendet werden.<\/p>\n<ul>\n<li>Die Plastikflaschenadapter passen in einen 28-mm-Medizinflaschenhals und werden einfach hineingedr\u00fcckt.<\/li>\n<li>Sie passen perfekt in den Hals unserer C60-\u00d6lflaschen.<br \/>\nGraduierte 10-ml-Spritze &#8211; klare<\/li>\n<li>Graduierungsmarkierungen f\u00fcr eine einfachere und genauere Messung.<\/li>\n<li>Die Spritze weist in Abst\u00e4nden von 0,5 ml Markierungen auf.<\/li>\n<li>Nachdem wir diese Spritzen selbst verwendet haben, wissen wir, dass sich die Markierungen nicht so leicht abreiben lassen wie bei vielen anderen Spritzen.<\/li>\n<li>Diese Standardadapter f\u00fcr Medizinflaschen vermeiden Verschmutzungen, Versch\u00fctten oder Abfall. Sie m\u00fcssen keinen L\u00f6ffel verwenden, den Sie m\u00f6glicherweise versch\u00fctten.<\/li>\n<li>Die Eins\u00e4tze und Spritzen wiederverwendbar, hebeln Sie den Einsatz einfach aus der leeren Flasche und schieben Sie ihn in die n\u00e4chste.<\/li>\n<li>Die Oberseite des Adapters ist im Gegensatz zu vielen anderen Adaptern auf dem Markt b\u00fcndig mit der Flaschenoberseite.<\/li>\n<li>Am besten verschrauben Sie den Flaschenverschluss normal, w\u00e4hrend der Einsatz noch angebracht ist.<\/li>\n<li>Es ist nicht erforderlich, den Einsatz zwischen den Dosen zu entfernen.<\/li>\n<li>Sie k\u00f6nnen zwischen den Dosen waschen, aber den Einsatz, der in der Flasche verbleiben soll, bis er leer ist.<\/li>\n<li>Geeignet f\u00fcr Kinder und Erwachsene.<\/li>\n<\/ul>\n<p>Sie sind f\u00fcr eine orale Spritze von Paragon in den USA konzipiert und wurden speziell f\u00fcr diese Adapter entwickelt.<\/p>\n<p><b>Bitte \u00fcberpr\u00fcfen Sie vor dem Kauf, ob die Flasche die richtige Gr\u00f6\u00dfe f\u00fcr die Eins\u00e4tze hat.<\/b><\/p>\n<p><img fetchpriority=\"high\" decoding=\"async\" class=\"alignnone wp-image-12397 size-full\" src=\"https:\/\/www.vita60.com\/wp-content\/uploads\/2020\/06\/size-bottle-neck-21.png\" alt=\"Different bottle neck sizes\" width=\"640\" height=\"280\" srcset=\"https:\/\/www.vita60.com\/wp-content\/uploads\/2020\/06\/size-bottle-neck-21.png 640w, https:\/\/www.vita60.com\/wp-content\/uploads\/2020\/06\/size-bottle-neck-21-600x263.png 600w, https:\/\/www.vita60.com\/wp-content\/uploads\/2020\/06\/size-bottle-neck-21-300x131.png 300w, https:\/\/www.vita60.com\/wp-content\/uploads\/2020\/06\/size-bottle-neck-21-24x11.png 24w, https:\/\/www.vita60.com\/wp-content\/uploads\/2020\/06\/size-bottle-neck-21-36x16.png 36w, https:\/\/www.vita60.com\/wp-content\/uploads\/2020\/06\/size-bottle-neck-21-48x21.png 48w\" sizes=\"(max-width: 640px) 100vw, 640px\" \/><\/p>\n<p><b>Messen Sie Ihre Medizinflasche &#8211; Unsere Adapter passen auf 28-mm-Flaschen. Dies ist eine der beliebtesten Gr\u00f6\u00dfen, insbesondere f\u00fcr Medizinflaschen. Flaschengr\u00f6\u00dfen werden durch den Au\u00dfengewindedurchmesser ihres Halses bestimmt.\u00a0\u00a0<\/b><\/p>\n<p><b>Bitte beachten Sie die Abmessungen einer 28-mm-Medizinverschlussflasche. Der Innendurchmesser des Flaschenhalses betr\u00e4gt ca. 20 mm und der Au\u00dfendurchmesser ca. 25 mm.<\/b><i><\/i><u><\/u><\/p>\n<p>Reduziert das Risiko, dass eine Flasche beim Umkippen Inhalt versch\u00fcttet. Drehen Sie die Flasche mit einer Spritze um (drehen Sie sie um), um den fl\u00fcssigen Inhalt der Flasche abzusaugen. Dies bedeutet, dass Sie die Flasche in die Spritze entleeren k\u00f6nnen.<br \/>\nWir verkaufen auch den <a href=\"https:\/\/www.vita60.com\/de\/flaschenadapter-und-spritze\/sealsafe-flaschenadapter\/\">SealSafe Flaschenadapter<\/a>.<\/p>\n<\/div>\n<\/div>\n<p><script type=\"application\/ld+json\" class=\"saswp-schema-markup-output\">\n[{\"@context\":\"https:\/\/schema.org\",\"@type\":\"Organization\",\"@id\":\"https:\/\/www.vita60.com#Organization\",\"name\":\"VITA60\",\"url\":\"https:\/\/www.vita60.com\",\"sameAs\":[],\"logo\":{\"@type\":\"ImageObject\",\"url\":\"https:\/\/www.vita60.com\/wp-content\/uploads\/2020\/07\/VITA60-LOGO.png\",\"width\":\"200\",\"height\":\"100\"}}]\n<\/script><\/p>\n<p><!-- Schema & Structured Data For VITA60 organisation - --><script type=\"application\/ld+json\" class=\"saswp-custom-schema-markup-output\">{\n    \"@context\": \"https:\/\/schema.org\",\n    \"@type\": \"HealthAndBeautyBusiness\",\n    \"image\": \"https:\/\/www.vita60.com\/wp-content\/uploads\/2020\/10\/vita60-logo.png\",\n    \"priceRange\": \"\u00a328.75 - \u00a345.00 pro Flasche\",\n    \"telephone\": \"+44 (0) 3333 44 99 72\",\n    \"name\": \"VITA60\",\n    \"logo\": \"https:\/\/www.vita60.com\/wp-content\/uploads\/2020\/11\/vita60.png\",\n    \"description\": \"Hersteller hochwertiger C60-\u00d6le, der die gr\u00f6\u00dfte Auswahl an Bio-\u00d6len auf dem Markt herstellt. L\u00f6sungsmittelfreies 99,99% reines Kohlenstoff-60-Fulleren. Seit 2017 gegr\u00fcndet.\",\n    \"geo\": {\n        \"@type\": \"GeoCoordinates\",\n        \"latitude\": \"52.701882977520036\",\n        \"longitude\": \"-2.5216254000000005\"\n    },\n    \"url\": \"https:\/\/www.vita60.com\",\n    \"contactPoint\": {\n        \"@type\": \"ContactPoint\",\n        \"telephone\": \"+44 (0) 3333 44 99 72\",\n        \"contactType\": \"customer service\",\n        \"email\": \"info@vita60.com\",\n        \"contactOption\": \"\",\n        \"areaServed\": \"\",\n        \"availableLanguage\": \"Englisch\"\n    },\n    \"address\": {\n        \"@type\": \"PostalAddress\",\n        \"addressCountry\": \"Vereinigtes K\u00f6nigreich\",\n        \"addressLocality\": \"Telford\",\n        \"addressRegion\": \"Shropshire\",\n        \"postalCode\": \"TF1 1EB\",\n        \"streetAddress\": \"15 Bridge Road, Wellington\"\n    }\n}<\/script><\/p>\n","protected":false},"excerpt":{"rendered":"<h3>Zwei Flaschenadapter mit 10 ml Oralspritze.<\/h3>\n<ul>\n<li>Diese Plastikflaschenadapter passen auf einen 28-mm-Medizinflaschenhals<\/li>\n<li>Der Flaschenverschluss kann normal verschraubt werden, ohne dass der Einsatz entfernt werden muss<\/li>\n<li>Vermeidet Verschmutzungen, Versch\u00fctten oder Verschwendung<\/li>\n<li>Der Einsatz muss zwischen den Dosen nicht entfernt werden<\/li>\n<\/ul>\n<p><b><span style=\"font-size: 14pt;\">KOSTENLOSER VERSAND<\/span><\/b> beim Kauf mit C60 in \u00d6l.<\/p>\n","protected":false},"featured_media":6072,"comment_status":"open","ping_status":"closed","template":"","meta":{"_acf_changed":false,"site-sidebar-layout":"default","site-content-layout":"default","ast-site-content-layout":"default","site-content-style":"default","site-sidebar-style":"default","ast-global-header-display":"","ast-banner-title-visibility":"","ast-main-header-display":"","ast-hfb-above-header-display":"","ast-hfb-below-header-display":"","ast-hfb-mobile-header-display":"","site-post-title":"","ast-breadcrumbs-content":"","ast-featured-img":"","footer-sml-layout":"","ast-disable-related-posts":"","theme-transparent-header-meta":"default","adv-header-id-meta":"","stick-header-meta":"","header-above-stick-meta":"","header-main-stick-meta":"","header-below-stick-meta":"","astra-migrate-meta-layouts":"default","ast-page-background-enabled":"default","ast-page-background-meta":{"desktop":{"background-color":"","background-image":"","background-repeat":"repeat","background-position":"center center","background-size":"auto","background-attachment":"scroll","background-type":"","background-media":"","overlay-type":"","overlay-color":"","overlay-opacity":"","overlay-gradient":""},"tablet":{"background-color":"","background-image":"","background-repeat":"repeat","background-position":"center center","background-size":"auto","background-attachment":"scroll","background-type":"","background-media":"","overlay-type":"","overlay-color":"","overlay-opacity":"","overlay-gradient":""},"mobile":{"background-color":"","background-image":"","background-repeat":"repeat","background-position":"center center","background-size":"auto","background-attachment":"scroll","background-type":"","background-media":"","overlay-type":"","overlay-color":"","overlay-opacity":"","overlay-gradient":""}},"ast-content-background-meta":{"desktop":{"background-color":"var(--ast-global-color-5)","background-image":"","background-repeat":"repeat","background-position":"center center","background-size":"auto","background-attachment":"scroll","background-type":"","background-media":"","overlay-type":"","overlay-color":"","overlay-opacity":"","overlay-gradient":""},"tablet":{"background-color":"var(--ast-global-color-5)","background-image":"","background-repeat":"repeat","background-position":"center center","background-size":"auto","background-attachment":"scroll","background-type":"","background-media":"","overlay-type":"","overlay-color":"","overlay-opacity":"","overlay-gradient":""},"mobile":{"background-color":"var(--ast-global-color-5)","background-image":"","background-repeat":"repeat","background-position":"center center","background-size":"auto","background-attachment":"scroll","background-type":"","background-media":"","overlay-type":"","overlay-color":"","overlay-opacity":"","overlay-gradient":""}}},"product_brand":[],"product_cat":[206],"product_tag":[],"class_list":{"0":"post-9766","1":"product","2":"type-product","3":"status-publish","4":"has-post-thumbnail","6":"product_cat-flaschenadapter-und-spritze","7":"desktop-align-left","8":"tablet-align-left","9":"mobile-align-left","11":"first","12":"instock","13":"taxable","14":"shipping-taxable","15":"purchasable","16":"product-type-simple"},"acf":[],"_links":{"self":[{"href":"https:\/\/www.vita60.com\/de\/wp-json\/wp\/v2\/product\/9766","targetHints":{"allow":["GET"]}}],"collection":[{"href":"https:\/\/www.vita60.com\/de\/wp-json\/wp\/v2\/product"}],"about":[{"href":"https:\/\/www.vita60.com\/de\/wp-json\/wp\/v2\/types\/product"}],"replies":[{"embeddable":true,"href":"https:\/\/www.vita60.com\/de\/wp-json\/wp\/v2\/comments?post=9766"}],"version-history":[{"count":0,"href":"https:\/\/www.vita60.com\/de\/wp-json\/wp\/v2\/product\/9766\/revisions"}],"wp:featuredmedia":[{"embeddable":true,"href":"https:\/\/www.vita60.com\/de\/wp-json\/wp\/v2\/media\/6072"}],"wp:attachment":[{"href":"https:\/\/www.vita60.com\/de\/wp-json\/wp\/v2\/media?parent=9766"}],"wp:term":[{"taxonomy":"product_brand","embeddable":true,"href":"https:\/\/www.vita60.com\/de\/wp-json\/wp\/v2\/product_brand?post=9766"},{"taxonomy":"product_cat","embeddable":true,"href":"https:\/\/www.vita60.com\/de\/wp-json\/wp\/v2\/product_cat?post=9766"},{"taxonomy":"product_tag","embeddable":true,"href":"https:\/\/www.vita60.com\/de\/wp-json\/wp\/v2\/product_tag?post=9766"}],"curies":[{"name":"wp","href":"https:\/\/api.w.org\/{rel}","templated":true}]}}