{"id":9777,"date":"2020-06-29T10:13:39","date_gmt":"2020-09-08T20:16:36","guid":{"rendered":"https:\/\/www.vita60.com\/unkategorisiert\/sealsafe-flaschenadapter-und-spritze\/"},"modified":"2022-12-30T08:36:57","modified_gmt":"2022-12-30T08:36:57","slug":"sealsafe-flaschenadapter","status":"publish","type":"product","link":"https:\/\/www.vita60.com\/de\/sealsafe-flaschenadapter\/","title":{"rendered":"SealSafe<sup>\u00ae<\/sup> Flaschenadapter und Spritze"},"content":{"rendered":"<div id=\"tab-product-desc\" class=\"tab-pane fade in active\">\n<div class=\"description\">\n<p>Der SealSafe Flaschenadapter und die Spritze sind die perfekte Erg\u00e4nzung zu unseren C60-\u00d6len. Diese Plastikflaschenadapter passen auf einen 28-mm-Medizinflaschenhals. Sie passen perfekt in den Hals unserer C60-Flaschen in \u00d6l und lassen sich einfach hineinschieben. Der SealSafe<sup>\u00ae<\/sup>-Flaschenadapter hat oben ein \u201eVentil\u201c. Wenn Sie die Spitze einer oralen Spritze in das Ventil dr\u00fccken, \u00f6ffnet sie sich und versiegelt sich sofort wieder, wenn sie entfernt wird. Auf diese Weise k\u00f6nnen Sie C60-\u00d6l ohne Schmutz oder Abfall genau in die Mundspritze abziehen. Es wird nichts versch\u00fcttet, auch wenn die Flasche umgeworfen wird. Kein Versch\u00fctten und Tropfen mehr mit L\u00f6ffeln. Dies bedeutet auch, dass Flaschen kindersicher sind, wenn der Flaschenverschluss weggelassen wird.<\/p>\n<p><b>Normalerweise m\u00fcssen Sie in die USA schicken, um diese sehr n\u00fctzlichen Medikamente zu erhalten.<\/b><\/p>\n<p>SealSafe-Flaschenadapter sind wiederverwendbar. Heben Sie einfach den Einsatz aus der leeren Flasche und schieben Sie ihn in die n\u00e4chste Flasche. Sie k\u00f6nnen sie zwischen den Dosen waschen, aber sie sollen in der Flasche bleiben, bis sie leer ist.<br \/>\nAm besten passt der Einsatz b\u00fcndig mit dem Deckel und der Flasche ab, sodass der Flaschenverschluss normal festgeschraubt wird, w\u00e4hrend der Einsatz angebracht ist. Daher muss der Adapter zwischen den Dosen nicht entfernt werden, im Gegensatz zu vielen Flaschenadaptern, die entfernt werden m\u00fcssen, wenn sie aus der Flasche herausragen.<\/p>\n<\/div>\n<p>Geeignet f\u00fcr Kinder und Erwachsene.<\/p>\n<p><b>Messen Sie Ihre Medizinflasche &#8211; beachten Sie die Abmessungen einer 28-mm-Medizinverschlussflasche. Der Innendurchmesser des Flaschenhalses betr\u00e4gt ca. 20 mm und der Au\u00dfendurchmesser ca. 25 mm.<\/b><i><\/i><u><\/u><\/p>\n<p>Wir verkaufen auch die 5 ml- und 10 ml-Spritzen zum Einnehmen von Paragon in den USA, die zu diesen Adaptern passen. Diese abgestuften Spritzen haben Markierungen in Abst\u00e4nden von 0,5 ml. Die Markierungen sind widerstandsf\u00e4higer gegen Abreiben als viele andere Spritzen, die ihre Lebensdauer verl\u00e4ngern. Um den SealSafe Flaschenadapter und Spritze zu verwenden, schieben Sie die Spritze in das Ventil und drehen Sie die Flasche um. Ziehen Sie mit der Spritze den fl\u00fcssigen Inhalt der Flasche ab. Dies bedeutet, dass Sie die Flasche in die Spritze entleeren k\u00f6nnen. Wir verkaufen auch den <a href=\"https:\/\/www.vita60.com\/de\/flaschenadapter-und-spritze\/standardadapter\/\">Standard-Flaschenadapter<\/a>.<\/p>\n<p><b>Bitte \u00fcberpr\u00fcfen Sie vor dem Kauf, ob die Flasche die richtige Gr\u00f6\u00dfe f\u00fcr die Eins\u00e4tze hat<\/b>.<\/p>\n<\/div>\n<p><script type=\"application\/ld+json\" class=\"saswp-schema-markup-output\">\n[{\"@context\":\"https:\/\/schema.org\",\"@type\":\"Organization\",\"@id\":\"https:\/\/www.vita60.com#Organization\",\"name\":\"VITA60\",\"url\":\"https:\/\/www.vita60.com\",\"sameAs\":[],\"logo\":{\"@type\":\"ImageObject\",\"url\":\"https:\/\/www.vita60.com\/wp-content\/uploads\/2020\/07\/VITA60-LOGO.png\",\"width\":\"200\",\"height\":\"100\"}}]\n<\/script><\/p>\n<p><!-- Schema & Structured Data For VITA60 organisation - --><script type=\"application\/ld+json\" class=\"saswp-custom-schema-markup-output\">{\n    \"@context\": \"https:\/\/schema.org\",\n    \"@type\": \"HealthAndBeautyBusiness\",\n    \"image\": \"https:\/\/www.vita60.com\/wp-content\/uploads\/2020\/10\/vita60-logo.png\",\n    \"priceRange\": \"\u00a328.75 - \u00a345.00 pro Flasche\",\n    \"telephone\": \"+44 (0) 3333 44 99 72\",\n    \"name\": \"VITA60\",\n    \"logo\": \"https:\/\/www.vita60.com\/wp-content\/uploads\/2020\/11\/vita60.png\",\n    \"description\": \"Hersteller hochwertiger C60-\u00d6le, der die gr\u00f6\u00dfte Auswahl an Bio-\u00d6len auf dem Markt herstellt. L\u00f6sungsmittelfreies 99,99% reines Kohlenstoff-60-Fulleren. Seit 2017 gegr\u00fcndet.\",\n    \"geo\": {\n        \"@type\": \"GeoCoordinates\",\n        \"latitude\": \"52.701882977520036\",\n        \"longitude\": \"-2.5216254000000005\"\n    },\n    \"url\": \"https:\/\/www.vita60.com\",\n    \"contactPoint\": {\n        \"@type\": \"ContactPoint\",\n        \"telephone\": \"+44 (0) 3333 44 99 72\",\n        \"contactType\": \"customer service\",\n        \"email\": \"info@vita60.com\",\n        \"contactOption\": \"\",\n        \"areaServed\": \"\",\n        \"availableLanguage\": \"Englisch\"\n    },\n    \"address\": {\n        \"@type\": \"PostalAddress\",\n        \"addressCountry\": \"Vereinigtes K\u00f6nigreich\",\n        \"addressLocality\": \"Telford\",\n        \"addressRegion\": \"Shropshire\",\n        \"postalCode\": \"TF1 1EB\",\n        \"streetAddress\": \"15 Bridge Road, Wellington\"\n    }\n}<\/script><\/p>\n","protected":false},"excerpt":{"rendered":"<h3>Zwei SealSafe<sup>\u00ae<\/sup> Flaschenadapter mit 10 ml Oralspritze<\/h3>\n<ul>\n<li>Diese Plastikflaschenadapter passen auf einen 28-mm-Medizinflaschenhals<\/li>\n<li>Der Flaschenverschluss kann normal angeschraubt werden, ohne den Einsatz zu entfernen<\/li>\n<li>Kein Versch\u00fctten und Tropfen mehr mit L\u00f6ffeln.<\/li>\n<li>Die Flaschen sind kindersicher, auch wenn der Flaschendeckel weggelassen wird.<\/li>\n<\/ul>\n<p><b><span style=\"font-size: 14pt;\">KOSTENLOSER VERSAND<\/span><\/b> beim Kauf mit C60 in \u00d6l.<\/p>\n","protected":false},"featured_media":18832,"comment_status":"open","ping_status":"closed","template":"","meta":{"_acf_changed":false,"site-sidebar-layout":"default","site-content-layout":"default","ast-site-content-layout":"default","site-content-style":"default","site-sidebar-style":"default","ast-global-header-display":"","ast-banner-title-visibility":"","ast-main-header-display":"","ast-hfb-above-header-display":"","ast-hfb-below-header-display":"","ast-hfb-mobile-header-display":"","site-post-title":"","ast-breadcrumbs-content":"","ast-featured-img":"","footer-sml-layout":"","ast-disable-related-posts":"","theme-transparent-header-meta":"default","adv-header-id-meta":"","stick-header-meta":"","header-above-stick-meta":"","header-main-stick-meta":"","header-below-stick-meta":"","astra-migrate-meta-layouts":"default","ast-page-background-enabled":"default","ast-page-background-meta":{"desktop":{"background-color":"","background-image":"","background-repeat":"repeat","background-position":"center center","background-size":"auto","background-attachment":"scroll","background-type":"","background-media":"","overlay-type":"","overlay-color":"","overlay-opacity":"","overlay-gradient":""},"tablet":{"background-color":"","background-image":"","background-repeat":"repeat","background-position":"center center","background-size":"auto","background-attachment":"scroll","background-type":"","background-media":"","overlay-type":"","overlay-color":"","overlay-opacity":"","overlay-gradient":""},"mobile":{"background-color":"","background-image":"","background-repeat":"repeat","background-position":"center center","background-size":"auto","background-attachment":"scroll","background-type":"","background-media":"","overlay-type":"","overlay-color":"","overlay-opacity":"","overlay-gradient":""}},"ast-content-background-meta":{"desktop":{"background-color":"var(--ast-global-color-5)","background-image":"","background-repeat":"repeat","background-position":"center center","background-size":"auto","background-attachment":"scroll","background-type":"","background-media":"","overlay-type":"","overlay-color":"","overlay-opacity":"","overlay-gradient":""},"tablet":{"background-color":"var(--ast-global-color-5)","background-image":"","background-repeat":"repeat","background-position":"center center","background-size":"auto","background-attachment":"scroll","background-type":"","background-media":"","overlay-type":"","overlay-color":"","overlay-opacity":"","overlay-gradient":""},"mobile":{"background-color":"var(--ast-global-color-5)","background-image":"","background-repeat":"repeat","background-position":"center center","background-size":"auto","background-attachment":"scroll","background-type":"","background-media":"","overlay-type":"","overlay-color":"","overlay-opacity":"","overlay-gradient":""}}},"product_brand":[],"product_cat":[206],"product_tag":[],"class_list":{"0":"post-9777","1":"product","2":"type-product","3":"status-publish","4":"has-post-thumbnail","6":"product_cat-flaschenadapter-und-spritze","7":"desktop-align-left","8":"tablet-align-left","9":"mobile-align-left","11":"first","12":"instock","13":"taxable","14":"shipping-taxable","15":"purchasable","16":"product-type-simple"},"acf":[],"_links":{"self":[{"href":"https:\/\/www.vita60.com\/de\/wp-json\/wp\/v2\/product\/9777","targetHints":{"allow":["GET"]}}],"collection":[{"href":"https:\/\/www.vita60.com\/de\/wp-json\/wp\/v2\/product"}],"about":[{"href":"https:\/\/www.vita60.com\/de\/wp-json\/wp\/v2\/types\/product"}],"replies":[{"embeddable":true,"href":"https:\/\/www.vita60.com\/de\/wp-json\/wp\/v2\/comments?post=9777"}],"version-history":[{"count":0,"href":"https:\/\/www.vita60.com\/de\/wp-json\/wp\/v2\/product\/9777\/revisions"}],"wp:featuredmedia":[{"embeddable":true,"href":"https:\/\/www.vita60.com\/de\/wp-json\/wp\/v2\/media\/18832"}],"wp:attachment":[{"href":"https:\/\/www.vita60.com\/de\/wp-json\/wp\/v2\/media?parent=9777"}],"wp:term":[{"taxonomy":"product_brand","embeddable":true,"href":"https:\/\/www.vita60.com\/de\/wp-json\/wp\/v2\/product_brand?post=9777"},{"taxonomy":"product_cat","embeddable":true,"href":"https:\/\/www.vita60.com\/de\/wp-json\/wp\/v2\/product_cat?post=9777"},{"taxonomy":"product_tag","embeddable":true,"href":"https:\/\/www.vita60.com\/de\/wp-json\/wp\/v2\/product_tag?post=9777"}],"curies":[{"name":"wp","href":"https:\/\/api.w.org\/{rel}","templated":true}]}}