{"id":9798,"date":"2020-06-29T00:22:13","date_gmt":"2020-09-08T21:12:16","guid":{"rendered":"https:\/\/www.vita60.com\/unkategorisiert\/guter-wert-4er-pack-c60-in-bio-olivenoel\/"},"modified":"2024-03-25T06:25:42","modified_gmt":"2024-03-25T06:25:42","slug":"4er-pack-olivenoel","status":"publish","type":"product","link":"https:\/\/www.vita60.com\/de\/4er-pack-olivenoel\/","title":{"rendered":"Guter Wert 4er Pack C60 in Bio-Oliven\u00f6l"},"content":{"rendered":"<div id=\"tab-product-desc\" class=\"tab-pane fade in active\">\n<div class=\"description\">\n<p><strong><img fetchpriority=\"high\" decoding=\"async\" class=\"alignright\" style=\"margin: 5px; float: right;\" src=\"https:\/\/www.vita60.com\/wp-content\/uploads\/2020\/10\/black-olives.png\" alt=\"Schwarze Oliven am Baum - perfekt f\u00fcr 4er Pack C60 Oliven\u00f6l\" width=\"500\" height=\"383\" \/><\/strong>F\u00fcr unser preisg\u00fcnstiges 4er Pack C60 in Bio-Oliven\u00f6l haben wir ein \u00d6l aus Koroneiki-Oliven ausgew\u00e4hlt. Diese werden in der Region Chania im Norden Kretas biologisch angebaut, einem Gebiet, das den Status einer <a href=\"https:\/\/www.agrocrete.com\/efm\/de\/efm-products\/olive-oil\/\" target=\"_blank\" rel=\"noopener noreferrer\">EU gesch\u00fctzten geografischen Angabe<\/a> erhalten hat. Wir sind daher sicher, dass Sie nirgendwo einen besseren Carbon C60 in Oliven\u00f6l kaufen k\u00f6nnen.<\/p>\n<p>Oliven\u00f6l ist reich an gesunden einfach unges\u00e4ttigten Fetten und enth\u00e4lt auch Vitamin E. Bio-Oliven\u00f6l extra vergine aus Kreta ist von h\u00f6chster Qualit\u00e4t, da es gro\u00dfe Mengen an Antioxidantien enth\u00e4lt. Antioxidantien helfen auch, eine Reihe chronischer Krankheiten zu reduzieren. Antioxidantien helfen auch, Entz\u00fcndungen zu bek\u00e4mpfen und zu reduzieren und den Cholesterinspiegel im Blut zu senken, die f\u00fcr ein gesundes Herz unerl\u00e4sslich sind. Damit Ihr K\u00f6rper C60 aufnehmen kann, muss er in L\u00f6sung sein. Das Bio-Oliven\u00f6l l\u00f6st das C60-Fulleren auf und neutralisiert so sch\u00e4dliche freie Radikale im K\u00f6rper. C60 in nativem Oliven\u00f6l extra hat einen charakteristischen Pfeffergeschmack.<\/p>\n<p><strong><span style=\"font-size: 13pt;\">Weitere Vorteile sind:<\/span><\/strong><\/p>\n<ul type=\"disc\">\n<li style=\"list-style-type: none;\">\n<ul type=\"disc\">\n<li>Reduziert das Risiko f\u00fcr Typ-2-Diabetes<\/li>\n<li>Kann helfen, Schlaganf\u00e4lle zu verhindern<\/li>\n<li>K\u00f6nnte helfen, <a href=\"https:\/\/www.vita60.com\/de\/verhinderung-der-bildung-von-amyloidplaques\/\">Alzheimer<\/a>\u00a0vorzubeugen<\/li>\n<li>Kann bei der Behandlung von\u00a0<a href=\"https:\/\/www.vita60.com\/de\/c60-lindert-arthritis-steifheit-und-schuebe\/\">rheumatoider Arthritis<\/a>\u00a0helfen<\/li>\n<\/ul>\n<\/li>\n<\/ul>\n<p>C60 ist ein Molek\u00fcl mit 60 Kohlenstoffatomen, das dazu beitr\u00e4gt, toxische Nebenprodukte des Zellstoffwechsels zu neutralisieren, die bei vielen Arten von Krankheiten Gewebesch\u00e4den verursachen.<\/p>\n<p>Wir stellen alle unsere C60-\u00d6le in Gro\u00dfbritannien nur mit den besten Zutaten her. Daher enth\u00e4lt unsere preiswerte 4er Pack C60 Oliven\u00f6l das feinste \u00d6l aus Kreta. Jede 100 ml Flasche enth\u00e4lt 80 mg 99,99% reines l\u00f6sungsmittelfreies C60.<\/p>\n<h6>Diejenigen, die C60 in Oliven\u00f6l einnehmen, sagen, dass sie auch Vorteile bemerkt haben, die Folgendes umfassen:<\/h6>\n<ul type=\"disc\">\n<li style=\"list-style-type: none;\">\n<ul type=\"disc\">\n<li>Erholung und Wachstum gesunder Haut bei <a href=\"https:\/\/www.vita60.com\/de\/c60-olivenoel-gegen-psoriasis\/\">Psoriasis<\/a><\/li>\n<li>Reduzieren Sie R\u00f6tungen und Juckreiz bei Ekzemen<\/li>\n<li>Bessere Erholung nach dem Training und mehr Vitalit\u00e4t<\/li>\n<li>Eine Hilfe zur Gewichtsreduktion<\/li>\n<li>Strahlender Teint und weniger Falten<\/li>\n<li>Hilfe gegen das metabolische Syndrom<\/li>\n<li>Hilfe gegen Osteoporose<\/li>\n<\/ul>\n<\/li>\n<\/ul>\n<\/div>\n<\/div>\n<p><!-- Schema & Structured Data For mini VITA60 organisation - --><\/p>\n<p><script type=\"application\/ld+json\" class=\"saswp-schema-markup-output\">\n[{\"@context\":\"https:\/\/schema.org\",\"@type\":\"Organization\",\"@id\":\"https:\/\/www.vita60.com#Organization\",\"name\":\"VITA60\",\"url\":\"https:\/\/www.vita60.com\",\"sameAs\":[],\"logo\":{\"@type\":\"ImageObject\",\"url\":\"https:\/\/www.vita60.com\/wp-content\/uploads\/2020\/07\/VITA60-LOGO.png\",\"width\":\"200\",\"height\":\"100\"}}]\n<\/script><\/p>\n<p><!-- Schema & Structured Data For VITA60 organisation - --><script type=\"application\/ld+json\" class=\"saswp-custom-schema-markup-output\">{\n    \"@context\": \"https:\/\/schema.org\",\n    \"@type\": \"HealthAndBeautyBusiness\",\n    \"image\": \"https:\/\/www.vita60.com\/wp-content\/uploads\/2020\/10\/vita60-logo.png\",\n    \"priceRange\": \"\u00a328.75 - \u00a345.00 pro Flasche\",\n    \"telephone\": \"+44 (0) 3333 44 99 72\",\n    \"name\": \"VITA60\",\n    \"logo\": \"https:\/\/www.vita60.com\/wp-content\/uploads\/2020\/11\/vita60.png\",\n    \"description\": \"Hersteller hochwertiger C60-\u00d6le, der die gr\u00f6\u00dfte Auswahl an Bio-\u00d6len auf dem Markt herstellt. L\u00f6sungsmittelfreies 99,99% reines Kohlenstoff-60-Fulleren. Seit 2017 gegr\u00fcndet.\",\n    \"geo\": {\n        \"@type\": \"GeoCoordinates\",\n        \"latitude\": \"52.701882977520036\",\n        \"longitude\": \"-2.5216254000000005\"\n    },\n    \"url\": \"https:\/\/www.vita60.com\",\n    \"contactPoint\": {\n        \"@type\": \"ContactPoint\",\n        \"telephone\": \"+44 (0) 3333 44 99 72\",\n        \"contactType\": \"customer service\",\n        \"email\": \"info@vita60.com\",\n        \"contactOption\": \"\",\n        \"areaServed\": \"\",\n        \"availableLanguage\": \"Englisch\"\n    },\n    \"address\": {\n        \"@type\": \"PostalAddress\",\n        \"addressCountry\": \"Vereinigtes K\u00f6nigreich\",\n        \"addressLocality\": \"Telford\",\n        \"addressRegion\": \"Shropshire\",\n        \"postalCode\": \"TF1 1EB\",\n        \"streetAddress\": \"15 Bridge Road, Wellington\"\n    }\n}<\/script><\/p>\n","protected":false},"excerpt":{"rendered":"<p><span style=\"font-size: 22pt;\"><b>Sparen Sie 10%<\/b><\/span><\/p>\n<p>Wert Schn\u00e4ppchenpackung mit 99,99% reinem C60 in Bio-Oliven\u00f6l<\/p>\n<p>4 x 100 ml Flaschen mit 80 mg pro Flasche C60 in nativem Bio-Oliven\u00f6l extra<\/p>\n<ul>\n<li><strong><span style=\"font-size: 13pt;\">Kaufen Sie 4 Flashen<\/span><\/strong> <span style=\"font-size: 13pt;\"><strong>sparen Sie<\/strong><strong>\u00a010%<\/strong><\/span><\/li>\n<li><strong><span style=\"font-size: 13pt;\">Kaufen Sie 8 Flaschen<\/span><\/strong> <span style=\"font-size: 13pt;\"><strong class=\"benefit\">sparen Sie<\/strong><strong class=\"benefit\">\u00a020%<\/strong><\/span><\/li>\n<\/ul>\n<p><span style=\"font-size: 14pt;\"><b>KOSTENLOSER VERSAND <\/b><\/span>mit einer beliebigen Kombination von 5 oder mehr Flaschen.*<\/p>\n","protected":false},"featured_media":11974,"comment_status":"open","ping_status":"closed","template":"","meta":{"_acf_changed":false,"site-sidebar-layout":"default","site-content-layout":"default","ast-site-content-layout":"default","site-content-style":"default","site-sidebar-style":"default","ast-global-header-display":"","ast-banner-title-visibility":"","ast-main-header-display":"","ast-hfb-above-header-display":"","ast-hfb-below-header-display":"","ast-hfb-mobile-header-display":"","site-post-title":"","ast-breadcrumbs-content":"","ast-featured-img":"","footer-sml-layout":"","ast-disable-related-posts":"","theme-transparent-header-meta":"default","adv-header-id-meta":"","stick-header-meta":"","header-above-stick-meta":"","header-main-stick-meta":"","header-below-stick-meta":"","astra-migrate-meta-layouts":"default","ast-page-background-enabled":"default","ast-page-background-meta":{"desktop":{"background-color":"","background-image":"","background-repeat":"repeat","background-position":"center center","background-size":"auto","background-attachment":"scroll","background-type":"","background-media":"","overlay-type":"","overlay-color":"","overlay-opacity":"","overlay-gradient":""},"tablet":{"background-color":"","background-image":"","background-repeat":"repeat","background-position":"center center","background-size":"auto","background-attachment":"scroll","background-type":"","background-media":"","overlay-type":"","overlay-color":"","overlay-opacity":"","overlay-gradient":""},"mobile":{"background-color":"","background-image":"","background-repeat":"repeat","background-position":"center center","background-size":"auto","background-attachment":"scroll","background-type":"","background-media":"","overlay-type":"","overlay-color":"","overlay-opacity":"","overlay-gradient":""}},"ast-content-background-meta":{"desktop":{"background-color":"var(--ast-global-color-5)","background-image":"","background-repeat":"repeat","background-position":"center center","background-size":"auto","background-attachment":"scroll","background-type":"","background-media":"","overlay-type":"","overlay-color":"","overlay-opacity":"","overlay-gradient":""},"tablet":{"background-color":"var(--ast-global-color-5)","background-image":"","background-repeat":"repeat","background-position":"center center","background-size":"auto","background-attachment":"scroll","background-type":"","background-media":"","overlay-type":"","overlay-color":"","overlay-opacity":"","overlay-gradient":""},"mobile":{"background-color":"var(--ast-global-color-5)","background-image":"","background-repeat":"repeat","background-position":"center center","background-size":"auto","background-attachment":"scroll","background-type":"","background-media":"","overlay-type":"","overlay-color":"","overlay-opacity":"","overlay-gradient":""}}},"product_brand":[],"product_cat":[188],"product_tag":[],"class_list":{"0":"post-9798","1":"product","2":"type-product","3":"status-publish","4":"has-post-thumbnail","6":"product_cat-c60-olivenoel","7":"desktop-align-left","8":"tablet-align-left","9":"mobile-align-left","11":"first","12":"instock","13":"sale","14":"featured","15":"taxable","16":"shipping-taxable","17":"purchasable","18":"product-type-simple"},"acf":[],"_links":{"self":[{"href":"https:\/\/www.vita60.com\/de\/wp-json\/wp\/v2\/product\/9798","targetHints":{"allow":["GET"]}}],"collection":[{"href":"https:\/\/www.vita60.com\/de\/wp-json\/wp\/v2\/product"}],"about":[{"href":"https:\/\/www.vita60.com\/de\/wp-json\/wp\/v2\/types\/product"}],"replies":[{"embeddable":true,"href":"https:\/\/www.vita60.com\/de\/wp-json\/wp\/v2\/comments?post=9798"}],"version-history":[{"count":0,"href":"https:\/\/www.vita60.com\/de\/wp-json\/wp\/v2\/product\/9798\/revisions"}],"wp:featuredmedia":[{"embeddable":true,"href":"https:\/\/www.vita60.com\/de\/wp-json\/wp\/v2\/media\/11974"}],"wp:attachment":[{"href":"https:\/\/www.vita60.com\/de\/wp-json\/wp\/v2\/media?parent=9798"}],"wp:term":[{"taxonomy":"product_brand","embeddable":true,"href":"https:\/\/www.vita60.com\/de\/wp-json\/wp\/v2\/product_brand?post=9798"},{"taxonomy":"product_cat","embeddable":true,"href":"https:\/\/www.vita60.com\/de\/wp-json\/wp\/v2\/product_cat?post=9798"},{"taxonomy":"product_tag","embeddable":true,"href":"https:\/\/www.vita60.com\/de\/wp-json\/wp\/v2\/product_tag?post=9798"}],"curies":[{"name":"wp","href":"https:\/\/api.w.org\/{rel}","templated":true}]}}