{"id":14404,"date":"2020-10-19T17:49:15","date_gmt":"2020-10-19T17:49:15","guid":{"rendered":"https:\/\/www.vita60.com\/adaptador-y-frasco-y-jeringa\/"},"modified":"2021-10-09T00:56:45","modified_gmt":"2021-10-09T00:56:45","slug":"adaptador-y-jeringa","status":"publish","type":"page","link":"https:\/\/www.vita60.com\/es\/adaptador-y-jeringa\/","title":{"rendered":"Adaptadores y Jeringa"},"content":{"rendered":"\t\t<div data-elementor-type=\"wp-page\" data-elementor-id=\"14404\" class=\"elementor elementor-14404 elementor-14390\" data-elementor-post-type=\"page\">\n\t\t\t\t\t\t<section class=\"elementor-section elementor-inner-section elementor-element elementor-element-16cf0919 elementor-section-boxed elementor-section-height-default elementor-section-height-default\" data-id=\"16cf0919\" data-element_type=\"section\" data-e-type=\"section\" data-settings=\"{&quot;background_background&quot;:&quot;classic&quot;}\">\n\t\t\t\t\t\t\t<div class=\"elementor-background-overlay\"><\/div>\n\t\t\t\t\t\t\t<div class=\"elementor-container elementor-column-gap-default\">\n\t\t\t\t\t<div class=\"elementor-column elementor-col-50 elementor-inner-column elementor-element elementor-element-244ed0c9\" data-id=\"244ed0c9\" data-element_type=\"column\" data-e-type=\"column\">\n\t\t\t<div class=\"elementor-widget-wrap elementor-element-populated\">\n\t\t\t\t\t\t<div class=\"elementor-element elementor-element-34b75529 elementor-widget elementor-widget-heading\" data-id=\"34b75529\" data-element_type=\"widget\" data-e-type=\"widget\" data-widget_type=\"heading.default\">\n\t\t\t\t\t<h2 class=\"elementor-heading-title elementor-size-default\">ADAPTADOR DE <br>FRASCO Y JERINGA<\/h2>\t\t\t\t<\/div>\n\t\t\t\t<div class=\"elementor-element elementor-element-3320921 elementor-widget elementor-widget-text-editor\" data-id=\"3320921\" data-element_type=\"widget\" data-e-type=\"widget\" data-widget_type=\"text-editor.default\">\n\t\t\t\t\t\t\t\t\t<p>Hace que la dispensaci\u00f3n de C60 sea mucho m\u00e1s f\u00e1cil<\/p>\n\t\t\t\t\t\t\t\t<\/div>\n\t\t\t\t\t<\/div>\n\t\t<\/div>\n\t\t\t\t<div class=\"elementor-column elementor-col-50 elementor-inner-column elementor-element elementor-element-5248c0ec\" data-id=\"5248c0ec\" data-element_type=\"column\" data-e-type=\"column\">\n\t\t\t<div class=\"elementor-widget-wrap\">\n\t\t\t\t\t\t\t<\/div>\n\t\t<\/div>\n\t\t\t\t\t<\/div>\n\t\t<\/section>\n\t\t\t\t<section class=\"elementor-section elementor-top-section elementor-element elementor-element-551bad6 elementor-section-boxed elementor-section-height-default elementor-section-height-default\" data-id=\"551bad6\" data-element_type=\"section\" data-e-type=\"section\">\n\t\t\t\t\t\t<div class=\"elementor-container elementor-column-gap-default\">\n\t\t\t\t\t<div class=\"elementor-column elementor-col-50 elementor-top-column elementor-element elementor-element-6b00dfab\" data-id=\"6b00dfab\" data-element_type=\"column\" data-e-type=\"column\">\n\t\t\t<div class=\"elementor-widget-wrap elementor-element-populated\">\n\t\t\t\t\t\t<div class=\"elementor-element elementor-element-fe66f5f elementor-widget elementor-widget-text-editor\" data-id=\"fe66f5f\" data-element_type=\"widget\" data-e-type=\"widget\" data-widget_type=\"text-editor.default\">\n\t\t\t\t\t\t\t\t\t<p>Un inserto de jeringa y botella hace que dispensar l\u00edquidos sea simple y sin complicaciones.<\/p>\n<p><b>Adaptadors de Frasco<br \/>\n<\/b>Tenemos 2 estilos de insertos para frascos. Ambos encajan en el cuello del frasco y permiten atornillar la tapa del frasco sin necesidad de quitarlos.<\/p>\n<ul>\n<li>El inserto est\u00e1ndar es nuestro inserto m\u00e1s popular y es f\u00e1cil de usar.<\/li>\n<li>El inserto SealSafe<sup>\u00ae<\/sup> tiene una tecnolog\u00eda de valor patentada que evita cualquier derrame accidental si el frasco se vuelca.<\/li>\n<\/ul>\n<div>\n<p><b>Jeringuilla<br \/>\n<\/b>Nuestra jeringa de 10 ml encaja de forma segura en el inserto de la botella y elimina el riesgo de derrames accidentales. Hace que la dispensaci\u00f3n sea m\u00e1s limpia y segura.<\/p>\n<\/div>\n<p>La jeringa se puede lavar f\u00e1cilmente con agua tibia, lo que las hace reutilizables.<\/p>\n\t\t\t\t\t\t\t\t<\/div>\n\t\t\t\t\t<\/div>\n\t\t<\/div>\n\t\t\t\t<div class=\"elementor-column elementor-col-50 elementor-top-column elementor-element elementor-element-7e163963\" data-id=\"7e163963\" data-element_type=\"column\" data-e-type=\"column\">\n\t\t\t<div class=\"elementor-widget-wrap elementor-element-populated\">\n\t\t\t\t\t\t<div class=\"elementor-element elementor-element-c5532b5 elementor-grid-2 elementor-product-loop-item--align-center elementor-grid-tablet-3 elementor-grid-mobile-2 elementor-products-grid elementor-wc-products elementor-widget elementor-widget-woocommerce-products\" data-id=\"c5532b5\" data-element_type=\"widget\" data-e-type=\"widget\" data-widget_type=\"woocommerce-products.default\">\n\t\t\t\t<div class=\"elementor-widget-container\">\n\t\t\t\t\t<div class=\"woocommerce columns-2 \"><ul class=\"products elementor-grid columns-2\">\n<li class=\"desktop-align-left tablet-align-left mobile-align-left product type-product post-9763 status-publish first instock product_cat-adaptador-frasco has-post-thumbnail taxable shipping-taxable purchasable product-type-simple\">\n\t<a href=\"https:\/\/www.vita60.com\/es\/adaptadores-estandar\/\" class=\"woocommerce-LoopProduct-link woocommerce-loop-product__link\"><img fetchpriority=\"high\" decoding=\"async\" width=\"400\" height=\"400\" src=\"https:\/\/www.vita60.com\/wp-content\/uploads\/2020\/06\/standard-insert.png\" class=\"attachment-woocommerce_thumbnail size-woocommerce_thumbnail\" alt=\"insertos de frasco est\u00e1ndar y una jeringa de 10ml.\" srcset=\"https:\/\/www.vita60.com\/wp-content\/uploads\/2020\/06\/standard-insert.png 400w, https:\/\/www.vita60.com\/wp-content\/uploads\/2020\/06\/standard-insert-100x100.png 100w, https:\/\/www.vita60.com\/wp-content\/uploads\/2020\/06\/standard-insert-300x300.png 300w, https:\/\/www.vita60.com\/wp-content\/uploads\/2020\/06\/standard-insert-150x150.png 150w, https:\/\/www.vita60.com\/wp-content\/uploads\/2020\/06\/standard-insert-24x24.png 24w, https:\/\/www.vita60.com\/wp-content\/uploads\/2020\/06\/standard-insert-36x36.png 36w, https:\/\/www.vita60.com\/wp-content\/uploads\/2020\/06\/standard-insert-48x48.png 48w\" sizes=\"(max-width: 400px) 100vw, 400px\" data-xooWscFly=\"fly\" \/><h2 class=\"woocommerce-loop-product__title\">Adaptador de Frasco y Jeringa<\/h2>\n\t<span class=\"price\"><span class=\"woocommerce-Price-amount amount\"><bdi><span class=\"woocommerce-Price-currencySymbol\">\u00a3<\/span>1.75<\/bdi><\/span><\/span>\n<\/a><a href=\"\/es\/wp-json\/wp\/v2\/pages\/14404?add-to-cart=9763\" aria-describedby=\"woocommerce_loop_add_to_cart_link_describedby_9763\" data-quantity=\"1\" class=\"button product_type_simple add_to_cart_button ajax_add_to_cart\" data-product_id=\"9763\" data-product_sku=\"BT01\" aria-label=\"A\u00f1adir al carrito: &ldquo;Adaptador de Frasco y Jeringa&rdquo;\" rel=\"nofollow\" data-success_message=\"\u00abAdaptador de Frasco y Jeringa\u00bb se ha a\u00f1adido a tu carrito\" role=\"button\">A\u00f1adir al carrito<\/a>\t<span id=\"woocommerce_loop_add_to_cart_link_describedby_9763\" class=\"screen-reader-text\">\n\t\t\t<\/span>\n<span class=\"gtm4wp_productdata\" style=\"display:none; visibility:hidden;\" data-gtm4wp_product_data=\"{&quot;internal_id&quot;:9763,&quot;item_id&quot;:9763,&quot;item_name&quot;:&quot;Adaptador de Frasco y Jeringa&quot;,&quot;sku&quot;:&quot;BT01&quot;,&quot;price&quot;:1.75,&quot;stocklevel&quot;:null,&quot;stockstatus&quot;:&quot;instock&quot;,&quot;google_business_vertical&quot;:&quot;retail&quot;,&quot;item_category&quot;:&quot;Adaptador de frasco&quot;,&quot;id&quot;:9763,&quot;productlink&quot;:&quot;https:\\\/\\\/www.vita60.com\\\/es\\\/adaptadores-estandar\\\/&quot;,&quot;item_list_name&quot;:&quot;Lista general de productos&quot;,&quot;index&quot;:1,&quot;product_type&quot;:&quot;simple&quot;,&quot;item_brand&quot;:&quot;&quot;}\"><\/span><a href=\"#\" class=\"button yith-wcqv-button\" data-product_id=\"9763\">Vista r\u00e1pida<\/a><\/li>\n<li class=\"desktop-align-left tablet-align-left mobile-align-left product type-product post-9759 status-publish last instock product_cat-adaptador-frasco has-post-thumbnail taxable shipping-taxable purchasable product-type-simple\">\n\t<a href=\"https:\/\/www.vita60.com\/es\/adaptadores-sealsafe\/\" class=\"woocommerce-LoopProduct-link woocommerce-loop-product__link\"><img decoding=\"async\" width=\"400\" height=\"400\" src=\"https:\/\/www.vita60.com\/wp-content\/uploads\/2020\/06\/syringe-sealsafe-bottle-adapters.jpg\" class=\"attachment-woocommerce_thumbnail size-woocommerce_thumbnail\" alt=\"SealSafe bottle adapters and syringe\" srcset=\"https:\/\/www.vita60.com\/wp-content\/uploads\/2020\/06\/syringe-sealsafe-bottle-adapters.jpg 400w, https:\/\/www.vita60.com\/wp-content\/uploads\/2020\/06\/syringe-sealsafe-bottle-adapters-100x100.jpg 100w, https:\/\/www.vita60.com\/wp-content\/uploads\/2020\/06\/syringe-sealsafe-bottle-adapters-300x300.jpg 300w, https:\/\/www.vita60.com\/wp-content\/uploads\/2020\/06\/syringe-sealsafe-bottle-adapters-150x150.jpg 150w, https:\/\/www.vita60.com\/wp-content\/uploads\/2020\/06\/syringe-sealsafe-bottle-adapters-24x24.jpg 24w, https:\/\/www.vita60.com\/wp-content\/uploads\/2020\/06\/syringe-sealsafe-bottle-adapters-36x36.jpg 36w, https:\/\/www.vita60.com\/wp-content\/uploads\/2020\/06\/syringe-sealsafe-bottle-adapters-48x48.jpg 48w\" sizes=\"(max-width: 400px) 100vw, 400px\" data-xooWscFly=\"fly\" \/><h2 class=\"woocommerce-loop-product__title\">SealSafe<sup>\u00ae<\/sup> Adaptaor de Frasco y Jeringa<\/h2>\n\t<span class=\"price\"><span class=\"woocommerce-Price-amount amount\"><bdi><span class=\"woocommerce-Price-currencySymbol\">\u00a3<\/span>2.40<\/bdi><\/span><\/span>\n<\/a><a href=\"\/es\/wp-json\/wp\/v2\/pages\/14404?add-to-cart=9759\" aria-describedby=\"woocommerce_loop_add_to_cart_link_describedby_9759\" data-quantity=\"1\" class=\"button product_type_simple add_to_cart_button ajax_add_to_cart\" data-product_id=\"9759\" data-product_sku=\"BT02\" aria-label=\"A\u00f1adir al carrito: &ldquo;SealSafe\u00ae Adaptaor de Frasco y Jeringa&rdquo;\" rel=\"nofollow\" data-success_message=\"\u00abSealSafe&lt;sup&gt;\u00ae&lt;\/sup&gt; Adaptaor de Frasco y Jeringa\u00bb se ha a\u00f1adido a tu carrito\" role=\"button\">A\u00f1adir al carrito<\/a>\t<span id=\"woocommerce_loop_add_to_cart_link_describedby_9759\" class=\"screen-reader-text\">\n\t\t\t<\/span>\n<span class=\"gtm4wp_productdata\" style=\"display:none; visibility:hidden;\" data-gtm4wp_product_data=\"{&quot;internal_id&quot;:9759,&quot;item_id&quot;:9759,&quot;item_name&quot;:&quot;SealSafe&lt;sup&gt;\\u00ae&lt;\\\/sup&gt; Adaptaor de Frasco y Jeringa&quot;,&quot;sku&quot;:&quot;BT02&quot;,&quot;price&quot;:2.4,&quot;stocklevel&quot;:null,&quot;stockstatus&quot;:&quot;instock&quot;,&quot;google_business_vertical&quot;:&quot;retail&quot;,&quot;item_category&quot;:&quot;Adaptador de frasco&quot;,&quot;id&quot;:9759,&quot;productlink&quot;:&quot;https:\\\/\\\/www.vita60.com\\\/es\\\/adaptadores-sealsafe\\\/&quot;,&quot;item_list_name&quot;:&quot;Lista general de productos&quot;,&quot;index&quot;:2,&quot;product_type&quot;:&quot;simple&quot;,&quot;item_brand&quot;:&quot;&quot;}\"><\/span><a href=\"#\" class=\"button yith-wcqv-button\" data-product_id=\"9759\">Vista r\u00e1pida<\/a><\/li>\n<\/ul>\n<\/div>\t\t\t\t<\/div>\n\t\t\t\t<\/div>\n\t\t\t\t\t<\/div>\n\t\t<\/div>\n\t\t\t\t\t<\/div>\n\t\t<\/section>\n\t\t\t\t<\/div>\n\t\t","protected":false},"excerpt":{"rendered":"<p>ADAPTADOR DE FRASCO Y JERINGA Hace que la dispensaci\u00f3n de C60 sea mucho m\u00e1s f\u00e1cil Un inserto de jeringa y botella hace que dispensar l\u00edquidos sea simple y sin complicaciones. Adaptadors de Frasco Tenemos 2 estilos de insertos para frascos. Ambos encajan en el cuello del frasco y permiten atornillar la tapa del frasco sin [&hellip;]<\/p>\n","protected":false},"author":2,"featured_media":0,"parent":0,"menu_order":0,"comment_status":"closed","ping_status":"closed","template":"","meta":{"_acf_changed":false,"site-sidebar-layout":"no-sidebar","site-content-layout":"page-builder","ast-site-content-layout":"default","site-content-style":"default","site-sidebar-style":"default","ast-global-header-display":"","ast-banner-title-visibility":"","ast-main-header-display":"","ast-hfb-above-header-display":"","ast-hfb-below-header-display":"","ast-hfb-mobile-header-display":"","site-post-title":"disabled","ast-breadcrumbs-content":"","ast-featured-img":"disabled","footer-sml-layout":"","ast-disable-related-posts":"","theme-transparent-header-meta":"default","adv-header-id-meta":"","stick-header-meta":"","header-above-stick-meta":"","header-main-stick-meta":"","header-below-stick-meta":"","astra-migrate-meta-layouts":"default","ast-page-background-enabled":"default","ast-page-background-meta":{"desktop":{"background-color":"","background-image":"","background-repeat":"repeat","background-position":"center center","background-size":"auto","background-attachment":"scroll","background-type":"","background-media":"","overlay-type":"","overlay-color":"","overlay-opacity":"","overlay-gradient":""},"tablet":{"background-color":"","background-image":"","background-repeat":"repeat","background-position":"center center","background-size":"auto","background-attachment":"scroll","background-type":"","background-media":"","overlay-type":"","overlay-color":"","overlay-opacity":"","overlay-gradient":""},"mobile":{"background-color":"","background-image":"","background-repeat":"repeat","background-position":"center center","background-size":"auto","background-attachment":"scroll","background-type":"","background-media":"","overlay-type":"","overlay-color":"","overlay-opacity":"","overlay-gradient":""}},"ast-content-background-meta":{"desktop":{"background-color":"var(--ast-global-color-5)","background-image":"","background-repeat":"repeat","background-position":"center center","background-size":"auto","background-attachment":"scroll","background-type":"","background-media":"","overlay-type":"","overlay-color":"","overlay-opacity":"","overlay-gradient":""},"tablet":{"background-color":"var(--ast-global-color-5)","background-image":"","background-repeat":"repeat","background-position":"center center","background-size":"auto","background-attachment":"scroll","background-type":"","background-media":"","overlay-type":"","overlay-color":"","overlay-opacity":"","overlay-gradient":""},"mobile":{"background-color":"var(--ast-global-color-5)","background-image":"","background-repeat":"repeat","background-position":"center center","background-size":"auto","background-attachment":"scroll","background-type":"","background-media":"","overlay-type":"","overlay-color":"","overlay-opacity":"","overlay-gradient":""}},"footnotes":""},"class_list":["post-14404","page","type-page","status-publish","hentry"],"acf":[],"_links":{"self":[{"href":"https:\/\/www.vita60.com\/es\/wp-json\/wp\/v2\/pages\/14404","targetHints":{"allow":["GET"]}}],"collection":[{"href":"https:\/\/www.vita60.com\/es\/wp-json\/wp\/v2\/pages"}],"about":[{"href":"https:\/\/www.vita60.com\/es\/wp-json\/wp\/v2\/types\/page"}],"author":[{"embeddable":true,"href":"https:\/\/www.vita60.com\/es\/wp-json\/wp\/v2\/users\/2"}],"replies":[{"embeddable":true,"href":"https:\/\/www.vita60.com\/es\/wp-json\/wp\/v2\/comments?post=14404"}],"version-history":[{"count":0,"href":"https:\/\/www.vita60.com\/es\/wp-json\/wp\/v2\/pages\/14404\/revisions"}],"wp:attachment":[{"href":"https:\/\/www.vita60.com\/es\/wp-json\/wp\/v2\/media?parent=14404"}],"curies":[{"name":"wp","href":"https:\/\/api.w.org\/{rel}","templated":true}]}}