{"id":6782,"date":"2020-07-13T16:08:02","date_gmt":"2020-07-13T16:08:02","guid":{"rendered":"https:\/\/www.vita60.com\/derechos-de-autor\/"},"modified":"2020-12-28T12:01:43","modified_gmt":"2020-12-28T12:01:43","slug":"derechos-de-autor","status":"publish","type":"page","link":"https:\/\/www.vita60.com\/es\/derechos-de-autor\/","title":{"rendered":"Derechos de autor"},"content":{"rendered":"\t\t<div data-elementor-type=\"wp-page\" data-elementor-id=\"6782\" class=\"elementor elementor-6782 elementor-1625\" data-elementor-post-type=\"page\">\n\t\t\t\t\t\t<section class=\"elementor-section elementor-top-section elementor-element elementor-element-e840aa3 elementor-section-boxed elementor-section-height-default elementor-section-height-default\" data-id=\"e840aa3\" data-element_type=\"section\" data-e-type=\"section\" data-settings=\"{&quot;background_background&quot;:&quot;classic&quot;}\">\n\t\t\t\t\t\t<div class=\"elementor-container elementor-column-gap-default\">\n\t\t\t\t\t<div class=\"elementor-column elementor-col-100 elementor-top-column elementor-element elementor-element-007f4e9\" data-id=\"007f4e9\" data-element_type=\"column\" data-e-type=\"column\">\n\t\t\t<div class=\"elementor-widget-wrap elementor-element-populated\">\n\t\t\t\t\t\t<div class=\"elementor-element elementor-element-14641b5 elementor-widget elementor-widget-heading\" data-id=\"14641b5\" data-element_type=\"widget\" data-e-type=\"widget\" data-widget_type=\"heading.default\">\n\t\t\t\t\t<h3 class=\"elementor-heading-title elementor-size-default\">Derechos de autor<\/h3>\t\t\t\t<\/div>\n\t\t\t\t\t<\/div>\n\t\t<\/div>\n\t\t\t\t\t<\/div>\n\t\t<\/section>\n\t\t\t\t<section class=\"elementor-section elementor-top-section elementor-element elementor-element-0ad8edd elementor-section-boxed elementor-section-height-default elementor-section-height-default\" data-id=\"0ad8edd\" data-element_type=\"section\" data-e-type=\"section\">\n\t\t\t\t\t\t<div class=\"elementor-container elementor-column-gap-default\">\n\t\t\t\t\t<div class=\"elementor-column elementor-col-100 elementor-top-column elementor-element elementor-element-47c0d11\" data-id=\"47c0d11\" data-element_type=\"column\" data-e-type=\"column\">\n\t\t\t<div class=\"elementor-widget-wrap elementor-element-populated\">\n\t\t\t\t\t\t<div class=\"elementor-element elementor-element-d2fd8fe elementor-widget elementor-widget-heading\" data-id=\"d2fd8fe\" data-element_type=\"widget\" data-e-type=\"widget\" data-widget_type=\"heading.default\">\n\t\t\t\t\t<h2 class=\"elementor-heading-title elementor-size-default\"><h4>Derechos de autor<\/h4><\/h2>\t\t\t\t<\/div>\n\t\t\t\t\t<\/div>\n\t\t<\/div>\n\t\t\t\t\t<\/div>\n\t\t<\/section>\n\t\t\t\t<section class=\"elementor-section elementor-top-section elementor-element elementor-element-0b933c7 elementor-section-boxed elementor-section-height-default elementor-section-height-default\" data-id=\"0b933c7\" data-element_type=\"section\" data-e-type=\"section\">\n\t\t\t\t\t\t<div class=\"elementor-container elementor-column-gap-default\">\n\t\t\t\t\t<div class=\"elementor-column elementor-col-50 elementor-top-column elementor-element elementor-element-1889d50\" data-id=\"1889d50\" data-element_type=\"column\" data-e-type=\"column\">\n\t\t\t<div class=\"elementor-widget-wrap elementor-element-populated\">\n\t\t\t\t\t\t<div class=\"elementor-element elementor-element-acc4275 elementor-widget elementor-widget-text-editor\" data-id=\"acc4275\" data-element_type=\"widget\" data-e-type=\"widget\" data-widget_type=\"text-editor.default\">\n\t\t\t\t\t\t\t\t\t<p>\u00a9 VITA60.com. El material protegido por derechos de autor de VITA60 en este sitio web es propiedad de VITA60 Group Limited y est\u00e1 protegido por las leyes de derechos de autor del Reino Unido, los tratados internacionales de derechos de autor de VITA60 y todas las dem\u00e1s leyes de derechos de autor y propiedad intelectual aplicables.<\/p>\n<p>VITA60 es un nombre comercial registrado de la empresa.<\/p>\n<p>Tiene derecho a copiar cualquier informaci\u00f3n para su uso personal, pero no puede volver a publicar dicha informaci\u00f3n de ninguna manera sin el consentimiento previo por escrito de VITA60 Group Limited. Todos los derechos no otorgados expresamente en este documento est\u00e1n reservados por VITA60 Group Limited.<\/p>\n\t\t\t\t\t\t\t\t<\/div>\n\t\t\t\t\t<\/div>\n\t\t<\/div>\n\t\t\t\t<div class=\"elementor-column elementor-col-50 elementor-top-column elementor-element elementor-element-1b30361\" data-id=\"1b30361\" data-element_type=\"column\" data-e-type=\"column\">\n\t\t\t<div class=\"elementor-widget-wrap elementor-element-populated\">\n\t\t\t\t\t\t<div class=\"elementor-element elementor-element-c1987ae elementor-widget elementor-widget-image\" data-id=\"c1987ae\" data-element_type=\"widget\" data-e-type=\"widget\" data-widget_type=\"image.default\">\n\t\t\t\t\t\t\t\t\t\t\t\t\t\t\t<img fetchpriority=\"high\" decoding=\"async\" width=\"300\" height=\"300\" src=\"https:\/\/www.vita60.com\/wp-content\/uploads\/2020\/12\/copyright-300x300.jpg\" class=\"attachment-medium size-medium wp-image-22260\" alt=\"VITA60 derechos de autor\" srcset=\"https:\/\/www.vita60.com\/wp-content\/uploads\/2020\/12\/copyright-300x300.jpg 300w, https:\/\/www.vita60.com\/wp-content\/uploads\/2020\/12\/copyright-600x600.jpg 600w, https:\/\/www.vita60.com\/wp-content\/uploads\/2020\/12\/copyright-100x100.jpg 100w, https:\/\/www.vita60.com\/wp-content\/uploads\/2020\/12\/copyright-150x150.jpg 150w, https:\/\/www.vita60.com\/wp-content\/uploads\/2020\/12\/copyright-24x24.jpg 24w, https:\/\/www.vita60.com\/wp-content\/uploads\/2020\/12\/copyright-36x36.jpg 36w, https:\/\/www.vita60.com\/wp-content\/uploads\/2020\/12\/copyright-48x48.jpg 48w, https:\/\/www.vita60.com\/wp-content\/uploads\/2020\/12\/copyright.jpg 700w\" sizes=\"(max-width: 300px) 100vw, 300px\" \/>\t\t\t\t\t\t\t\t\t\t\t\t\t\t\t<\/div>\n\t\t\t\t\t<\/div>\n\t\t<\/div>\n\t\t\t\t\t<\/div>\n\t\t<\/section>\n\t\t\t\t<section class=\"elementor-section elementor-top-section elementor-element elementor-element-905f1eb elementor-section-boxed elementor-section-height-default elementor-section-height-default\" data-id=\"905f1eb\" data-element_type=\"section\" data-e-type=\"section\" data-settings=\"{&quot;background_background&quot;:&quot;classic&quot;}\">\n\t\t\t\t\t\t<div class=\"elementor-container elementor-column-gap-default\">\n\t\t\t\t\t<div class=\"elementor-column elementor-col-100 elementor-top-column elementor-element elementor-element-2f63852\" data-id=\"2f63852\" data-element_type=\"column\" data-e-type=\"column\">\n\t\t\t<div class=\"elementor-widget-wrap elementor-element-populated\">\n\t\t\t\t\t\t<div class=\"elementor-element elementor-element-f2c586d elementor-widget elementor-widget-heading\" data-id=\"f2c586d\" data-element_type=\"widget\" data-e-type=\"widget\" data-widget_type=\"heading.default\">\n\t\t\t\t\t<h4 class=\"elementor-heading-title elementor-size-default\">Marcas registradas y derechos de propiedad intelectual<\/h4>\t\t\t\t<\/div>\n\t\t\t\t<div class=\"elementor-element elementor-element-54931bb elementor-widget elementor-widget-text-editor\" data-id=\"54931bb\" data-element_type=\"widget\" data-e-type=\"widget\" data-widget_type=\"text-editor.default\">\n\t\t\t\t\t\t\t\t\t<p><span style=\"font-size: 15px;\">La marca corporativa es una marca comercial de VITA60 Group Limited, una empresa registrada en Inglaterra y Gales, N\u00famero de empresa: 11187659<br \/>\n<\/span><span style=\"font-style: inherit;\"><br \/>\n<b>Oficinas Registradas:<br \/>\n<\/b><\/span><span style=\"font-size: 15px;\">Union House<br \/>\n<\/span><span style=\"font-size: 15px;\">111 New Union Street<br \/>\n<\/span><span style=\"font-size: 15px;\">Telford<br \/>\n<\/span><span style=\"font-size: 15px;\">West Midlands<br \/>\n<\/span><span style=\"font-size: 15px;\">CV1 2NT<br \/>\n<\/span><span style=\"font-size: 15px;\">Inglaterra<\/span><\/p>\n<p>El nombre VITA60 y C60inoliveoil.com son nuestros nombres comerciales. El dise\u00f1o en forma de V con la imagen de la mol\u00e9cula C60 y las manos ahuecadas con la mol\u00e9cula C60 nuestros logotipos.<\/p>\n<p>Todas las variaciones de estas im\u00e1genes est\u00e1n protegidas por derechos de autor.<\/p>\n\t\t\t\t\t\t\t\t<\/div>\n\t\t\t\t\t<\/div>\n\t\t<\/div>\n\t\t\t\t\t<\/div>\n\t\t<\/section>\n\t\t\t\t<\/div>\n\t\t","protected":false},"excerpt":{"rendered":"<p>Derechos de autor Derechos de autor \u00a9 VITA60.com. El material protegido por derechos de autor de VITA60 en este sitio web es propiedad de VITA60 Group Limited y est\u00e1 protegido por las leyes de derechos de autor del Reino Unido, los tratados internacionales de derechos de autor de VITA60 y todas las dem\u00e1s leyes de [&hellip;]<\/p>\n","protected":false},"author":2,"featured_media":0,"parent":0,"menu_order":0,"comment_status":"closed","ping_status":"closed","template":"","meta":{"_acf_changed":false,"site-sidebar-layout":"no-sidebar","site-content-layout":"page-builder","ast-site-content-layout":"default","site-content-style":"default","site-sidebar-style":"default","ast-global-header-display":"","ast-banner-title-visibility":"","ast-main-header-display":"","ast-hfb-above-header-display":"","ast-hfb-below-header-display":"","ast-hfb-mobile-header-display":"","site-post-title":"disabled","ast-breadcrumbs-content":"","ast-featured-img":"disabled","footer-sml-layout":"","ast-disable-related-posts":"","theme-transparent-header-meta":"default","adv-header-id-meta":"","stick-header-meta":"","header-above-stick-meta":"","header-main-stick-meta":"","header-below-stick-meta":"","astra-migrate-meta-layouts":"default","ast-page-background-enabled":"default","ast-page-background-meta":{"desktop":{"background-color":"","background-image":"","background-repeat":"repeat","background-position":"center center","background-size":"auto","background-attachment":"scroll","background-type":"","background-media":"","overlay-type":"","overlay-color":"","overlay-opacity":"","overlay-gradient":""},"tablet":{"background-color":"","background-image":"","background-repeat":"repeat","background-position":"center center","background-size":"auto","background-attachment":"scroll","background-type":"","background-media":"","overlay-type":"","overlay-color":"","overlay-opacity":"","overlay-gradient":""},"mobile":{"background-color":"","background-image":"","background-repeat":"repeat","background-position":"center center","background-size":"auto","background-attachment":"scroll","background-type":"","background-media":"","overlay-type":"","overlay-color":"","overlay-opacity":"","overlay-gradient":""}},"ast-content-background-meta":{"desktop":{"background-color":"var(--ast-global-color-5)","background-image":"","background-repeat":"repeat","background-position":"center center","background-size":"auto","background-attachment":"scroll","background-type":"","background-media":"","overlay-type":"","overlay-color":"","overlay-opacity":"","overlay-gradient":""},"tablet":{"background-color":"var(--ast-global-color-5)","background-image":"","background-repeat":"repeat","background-position":"center center","background-size":"auto","background-attachment":"scroll","background-type":"","background-media":"","overlay-type":"","overlay-color":"","overlay-opacity":"","overlay-gradient":""},"mobile":{"background-color":"var(--ast-global-color-5)","background-image":"","background-repeat":"repeat","background-position":"center center","background-size":"auto","background-attachment":"scroll","background-type":"","background-media":"","overlay-type":"","overlay-color":"","overlay-opacity":"","overlay-gradient":""}},"footnotes":""},"class_list":["post-6782","page","type-page","status-publish","hentry"],"acf":[],"_links":{"self":[{"href":"https:\/\/www.vita60.com\/es\/wp-json\/wp\/v2\/pages\/6782","targetHints":{"allow":["GET"]}}],"collection":[{"href":"https:\/\/www.vita60.com\/es\/wp-json\/wp\/v2\/pages"}],"about":[{"href":"https:\/\/www.vita60.com\/es\/wp-json\/wp\/v2\/types\/page"}],"author":[{"embeddable":true,"href":"https:\/\/www.vita60.com\/es\/wp-json\/wp\/v2\/users\/2"}],"replies":[{"embeddable":true,"href":"https:\/\/www.vita60.com\/es\/wp-json\/wp\/v2\/comments?post=6782"}],"version-history":[{"count":0,"href":"https:\/\/www.vita60.com\/es\/wp-json\/wp\/v2\/pages\/6782\/revisions"}],"wp:attachment":[{"href":"https:\/\/www.vita60.com\/es\/wp-json\/wp\/v2\/media?parent=6782"}],"curies":[{"name":"wp","href":"https:\/\/api.w.org\/{rel}","templated":true}]}}