{"id":6794,"date":"2020-07-13T18:48:44","date_gmt":"2020-07-13T18:48:44","guid":{"rendered":"https:\/\/www.vita60.com\/politica-de-cookies\/"},"modified":"2020-12-28T12:09:46","modified_gmt":"2020-12-28T12:09:46","slug":"politica-de-cookies","status":"publish","type":"page","link":"https:\/\/www.vita60.com\/es\/politica-de-cookies\/","title":{"rendered":"Pol\u00edtica de cookies"},"content":{"rendered":"\t\t<div data-elementor-type=\"wp-page\" data-elementor-id=\"6794\" class=\"elementor elementor-6794 elementor-1628\" data-elementor-post-type=\"page\">\n\t\t\t\t\t\t<section class=\"elementor-section elementor-top-section elementor-element elementor-element-f59f325 elementor-section-boxed elementor-section-height-default elementor-section-height-default\" data-id=\"f59f325\" data-element_type=\"section\" data-e-type=\"section\" data-settings=\"{&quot;background_background&quot;:&quot;classic&quot;}\">\n\t\t\t\t\t\t<div class=\"elementor-container elementor-column-gap-default\">\n\t\t\t\t\t<div class=\"elementor-column elementor-col-100 elementor-top-column elementor-element elementor-element-70a0509\" data-id=\"70a0509\" data-element_type=\"column\" data-e-type=\"column\">\n\t\t\t<div class=\"elementor-widget-wrap elementor-element-populated\">\n\t\t\t\t\t\t<div class=\"elementor-element elementor-element-7df639f elementor-widget elementor-widget-heading\" data-id=\"7df639f\" data-element_type=\"widget\" data-e-type=\"widget\" data-widget_type=\"heading.default\">\n\t\t\t\t\t<h3 class=\"elementor-heading-title elementor-size-default\">Pol\u00edtica de cookies<\/h3>\t\t\t\t<\/div>\n\t\t\t\t\t<\/div>\n\t\t<\/div>\n\t\t\t\t\t<\/div>\n\t\t<\/section>\n\t\t\t\t<section class=\"elementor-section elementor-top-section elementor-element elementor-element-02ba2bc elementor-section-boxed elementor-section-height-default elementor-section-height-default\" data-id=\"02ba2bc\" data-element_type=\"section\" data-e-type=\"section\" data-settings=\"{&quot;background_background&quot;:&quot;classic&quot;}\">\n\t\t\t\t\t\t\t<div class=\"elementor-background-overlay\"><\/div>\n\t\t\t\t\t\t\t<div class=\"elementor-container elementor-column-gap-default\">\n\t\t\t\t\t<div class=\"elementor-column elementor-col-100 elementor-top-column elementor-element elementor-element-ea84ace\" data-id=\"ea84ace\" data-element_type=\"column\" data-e-type=\"column\">\n\t\t\t<div class=\"elementor-widget-wrap elementor-element-populated\">\n\t\t\t\t\t\t<div class=\"elementor-element elementor-element-89c88ec elementor-widget elementor-widget-heading\" data-id=\"89c88ec\" data-element_type=\"widget\" data-e-type=\"widget\" data-widget_type=\"heading.default\">\n\t\t\t\t\t<h4 class=\"elementor-heading-title elementor-size-default\">Pol\u00edtica de cookies del sitio web<\/h4>\t\t\t\t<\/div>\n\t\t\t\t<div class=\"elementor-element elementor-element-e9565d1 elementor-hidden-phone elementor-widget elementor-widget-text-editor\" data-id=\"e9565d1\" data-element_type=\"widget\" data-e-type=\"widget\" data-widget_type=\"text-editor.default\">\n\t\t\t\t\t\t\t\t\t<p><img fetchpriority=\"high\" decoding=\"async\" class=\"alignright\" src=\"https:\/\/www.vita60.com\/wp-content\/uploads\/2020\/12\/cookie-policy.jpg\" alt=\"Pol\u00edtica de cookies de VITA60\" width=\"300\" height=\"300\" \/><\/p>\n<p>Esta pol\u00edtica de cookies describe las cookies que procesamos para admitir el sitio web. El sitio web es un sitio web de WordPress y requiere cookies para funcionar correctamente. Almacenamos y utilizamos activamente cookies simplemente como parte de la funci\u00f3n del sitio web. En este documento, VITA60.com y VITA60 Group Limited se utilizan como sin\u00f3nimos.<\/p>\n<p class=\"elementor-heading-title elementor-size-default\"><span style=\"font-size: 15pt;\"><strong>\u00bfQu\u00e9 son las cookies?\u200b<\/strong><\/span><\/p>\n<p>Como es pr\u00e1ctica com\u00fan en casi todos los sitios web profesionales, este sitio utiliza cookies, que son peque\u00f1os archivos que se descargan a su computadora, para mejorar su experiencia. Esta p\u00e1gina describe qu\u00e9 informaci\u00f3n recopilan, c\u00f3mo la usamos y por qu\u00e9 a veces necesitamos almacenar estas cookies. Tambi\u00e9n compartiremos c\u00f3mo puede evitar que se almacenen estas cookies, sin embargo, esto puede degradar o \u2018romper\u2019 ciertos elementos de la funcionalidad de los sitios.<\/p>\n<p>Para obtener m\u00e1s informaci\u00f3n general sobre las cookies, consulte el art\u00edculo de\u00a0<a href=\"https:\/\/es.wikipedia.org\/wiki\/Cookie_(inform%C3%A1tica)\" target=\"_blank\" rel=\"noopener\">Wikipedia sobre cookies HTTP<\/a>.<\/p>\n\t\t\t\t\t\t\t\t<\/div>\n\t\t\t\t<div class=\"elementor-element elementor-element-9583aee elementor-hidden-desktop elementor-hidden-tablet elementor-widget elementor-widget-text-editor\" data-id=\"9583aee\" data-element_type=\"widget\" data-e-type=\"widget\" data-widget_type=\"text-editor.default\">\n\t\t\t\t\t\t\t\t\t<p><img decoding=\"async\" class=\"aligncenter\" src=\"https:\/\/www.vita60.com\/wp-content\/uploads\/2020\/12\/cookie-policy.jpg\" alt=\"Pol\u00edtica de cookies de VITA60\" width=\"300\" height=\"300\" \/><\/p>\n<p>Esta pol\u00edtica de cookies describe las cookies que procesamos para admitir el sitio web. El sitio web es un sitio web de WordPress y requiere cookies para funcionar correctamente. Almacenamos y utilizamos activamente cookies simplemente como parte de la funci\u00f3n del sitio web. En este documento, VITA60.com y VITA60 Group Limited se utilizan como sin\u00f3nimos.<\/p>\n<p class=\"elementor-heading-title elementor-size-default\"><span style=\"font-size: 15pt;\"><strong>\u00bfQu\u00e9 son las cookies?\u200b<\/strong><\/span><\/p>\n<p>Como es pr\u00e1ctica com\u00fan en casi todos los sitios web profesionales, este sitio utiliza cookies, que son peque\u00f1os archivos que se descargan a su computadora, para mejorar su experiencia. Esta p\u00e1gina describe qu\u00e9 informaci\u00f3n recopilan, c\u00f3mo la usamos y por qu\u00e9 a veces necesitamos almacenar estas cookies. Tambi\u00e9n compartiremos c\u00f3mo puede evitar que se almacenen estas cookies, sin embargo, esto puede degradar o \u2018romper\u2019 ciertos elementos de la funcionalidad de los sitios.<\/p>\n<p>Para obtener m\u00e1s informaci\u00f3n general sobre las cookies, consulte el art\u00edculo de\u00a0<a href=\"https:\/\/es.wikipedia.org\/wiki\/Cookie_(inform%C3%A1tica)\" target=\"_blank\" rel=\"noopener\">Wikipedia sobre cookies HTTP<\/a>.<\/p>\n\t\t\t\t\t\t\t\t<\/div>\n\t\t\t\t<div class=\"elementor-element elementor-element-f02cab6 elementor-widget elementor-widget-heading\" data-id=\"f02cab6\" data-element_type=\"widget\" data-e-type=\"widget\" data-widget_type=\"heading.default\">\n\t\t\t\t\t<h4 class=\"elementor-heading-title elementor-size-default\">C\u00f3mo usamos las cookies<\/h4>\t\t\t\t<\/div>\n\t\t\t\t<div class=\"elementor-element elementor-element-245dd51 elementor-widget elementor-widget-text-editor\" data-id=\"245dd51\" data-element_type=\"widget\" data-e-type=\"widget\" data-widget_type=\"text-editor.default\">\n\t\t\t\t\t\t\t\t\t<p>Utilizamos cookies por una variedad de razones detalladas a continuaci\u00f3n. Desafortunadamente, en la mayor\u00eda de los casos no hay opciones est\u00e1ndar de la industria para deshabilitar las cookies sin deshabilitar completamente la funcionalidad y las funciones que agregan a este sitio. Como sitio web de WordPress, este sitio requiere cookies para funcionar correctamente. Se recomienda que deje todas las cookies si no est\u00e1 seguro de si las necesita o no en caso de que se utilicen para proporcionar un servicio que utiliza.<\/p>\n\t\t\t\t\t\t\t\t<\/div>\n\t\t\t\t<div class=\"elementor-element elementor-element-03adfc3 elementor-widget elementor-widget-heading\" data-id=\"03adfc3\" data-element_type=\"widget\" data-e-type=\"widget\" data-widget_type=\"heading.default\">\n\t\t\t\t\t<h4 class=\"elementor-heading-title elementor-size-default\">Deshabilitar cookies<\/h4>\t\t\t\t<\/div>\n\t\t\t\t<div class=\"elementor-element elementor-element-2f21fd7 elementor-widget elementor-widget-text-editor\" data-id=\"2f21fd7\" data-element_type=\"widget\" data-e-type=\"widget\" data-widget_type=\"text-editor.default\">\n\t\t\t\t\t\t\t\t\t<p>Puede evitar la configuraci\u00f3n de cookies ajustando la configuraci\u00f3n de su navegador (consulte la Ayuda de su navegador para saber c\u00f3mo hacerlo). Tenga en cuenta que deshabilitar las cookies afectar\u00e1 la funcionalidad de este y muchos otros sitios web que visita. La desactivaci\u00f3n de las cookies generalmente dar\u00e1 como resultado tambi\u00e9n la desactivaci\u00f3n de ciertas funciones y caracter\u00edsticas del \/ este sitio. Por lo tanto, se recomienda que no desactive las cookies.<\/p>\n\t\t\t\t\t\t\t\t<\/div>\n\t\t\t\t<div class=\"elementor-element elementor-element-846492c elementor-widget elementor-widget-heading\" data-id=\"846492c\" data-element_type=\"widget\" data-e-type=\"widget\" data-widget_type=\"heading.default\">\n\t\t\t\t\t<h4 class=\"elementor-heading-title elementor-size-default\">Las cookies que establecemos<\/h4>\t\t\t\t<\/div>\n\t\t\t\t<div class=\"elementor-element elementor-element-df4c90a elementor-widget elementor-widget-text-editor\" data-id=\"df4c90a\" data-element_type=\"widget\" data-e-type=\"widget\" data-widget_type=\"text-editor.default\">\n\t\t\t\t\t\t\t\t\t<ul>\n<li>Cookies relacionadas con la cuentaSi crea una cuenta con nosotros, utilizaremos cookies para la gesti\u00f3n del proceso de registro y la administraci\u00f3n general. Estas cookies generalmente se eliminar\u00e1n cuando cierre la sesi\u00f3n; sin embargo, en algunos casos pueden permanecer despu\u00e9s para recordar las preferencias de su sitio cuando cierre la sesi\u00f3n.<\/li>\n<\/ul>\n<ul>\n<li>Iniciar sesi\u00f3n cookies relacionadas<br \/>\nUsamos cookies cuando est\u00e1 conectado para que podamos recordar este hecho. Esto evita que tenga que iniciar sesi\u00f3n cada vez que visita una nueva p\u00e1gina. Estas cookies generalmente se eliminan o borran cuando cierra sesi\u00f3n para garantizar que solo pueda acceder a las funciones y \u00e1reas restringidas cuando inicie sesi\u00f3n.<\/li>\n<\/ul>\n<ul>\n<li>Procesamiento de pedidos relacionados con cookies<br \/>\nEste sitio ofrece servicios de pago o comercio electr\u00f3nico y algunas cookies son esenciales para garantizar que su pedido sea recordado entre p\u00e1ginas para que podamos procesarlo correctamente.<\/li>\n<\/ul>\n<ul>\n<li>Cookies relacionadas con formularios<br \/>\nCuando env\u00eda datos a \/ a trav\u00e9s de un formulario como los que se encuentran en las p\u00e1ginas de contacto o formularios de comentarios, se pueden configurar cookies para recordar sus datos de usuario para correspondencia futura.<\/li>\n<\/ul>\n\t\t\t\t\t\t\t\t<\/div>\n\t\t\t\t<div class=\"elementor-element elementor-element-0c3ce98 elementor-widget elementor-widget-heading\" data-id=\"0c3ce98\" data-element_type=\"widget\" data-e-type=\"widget\" data-widget_type=\"heading.default\">\n\t\t\t\t\t<h4 class=\"elementor-heading-title elementor-size-default\">Cookies de terceros<\/h4>\t\t\t\t<\/div>\n\t\t\t\t<div class=\"elementor-element elementor-element-f76be90 elementor-widget elementor-widget-text-editor\" data-id=\"f76be90\" data-element_type=\"widget\" data-e-type=\"widget\" data-widget_type=\"text-editor.default\">\n\t\t\t\t\t\t\t\t\t<p>En algunos casos especiales, tambi\u00e9n utilizamos cookies proporcionadas por terceros de confianza. La siguiente secci\u00f3n detalla qu\u00e9 cookies de terceros puede encontrar a trav\u00e9s de este sitio.<\/p>\n<ul>\n<li style=\"list-style-type: none;\">\n<ul>\n<li>Este sitio utiliza Google Analytics, que es una de las soluciones anal\u00edticas m\u00e1s extendidas y confiables en la web para ayudarnos a comprender c\u00f3mo usa el sitio y las formas en que podemos mejorar su experiencia. Estas cookies pueden rastrear cosas como el tiempo que pasa en el sitio y las p\u00e1ginas que visita para que podamos continuar produciendo contenido atractivo.<br \/>\nPara obtener m\u00e1s informaci\u00f3n sobre las cookies de Google Analytics, consulte la p\u00e1gina oficial de Google Analytics.<\/li>\n<\/ul>\n<\/li>\n<\/ul>\n<p>Si todav\u00eda est\u00e1 buscando m\u00e1s informaci\u00f3n, puede contactarnos a trav\u00e9s de nuestra p\u00e1gina de\u00a0<a href=\"https:\/\/www.vita60.com\/es\/contactenos\/\">contacto<\/a>.<\/p>\n\t\t\t\t\t\t\t\t<\/div>\n\t\t\t\t\t<\/div>\n\t\t<\/div>\n\t\t\t\t\t<\/div>\n\t\t<\/section>\n\t\t\t\t<\/div>\n\t\t","protected":false},"excerpt":{"rendered":"<p>Pol\u00edtica de cookies Pol\u00edtica de cookies del sitio web Esta pol\u00edtica de cookies describe las cookies que procesamos para admitir el sitio web. El sitio web es un sitio web de WordPress y requiere cookies para funcionar correctamente. Almacenamos y utilizamos activamente cookies simplemente como parte de la funci\u00f3n del sitio web. En este documento, [&hellip;]<\/p>\n","protected":false},"author":2,"featured_media":0,"parent":0,"menu_order":0,"comment_status":"closed","ping_status":"closed","template":"","meta":{"_acf_changed":false,"site-sidebar-layout":"no-sidebar","site-content-layout":"page-builder","ast-site-content-layout":"default","site-content-style":"default","site-sidebar-style":"default","ast-global-header-display":"","ast-banner-title-visibility":"","ast-main-header-display":"","ast-hfb-above-header-display":"","ast-hfb-below-header-display":"","ast-hfb-mobile-header-display":"","site-post-title":"disabled","ast-breadcrumbs-content":"","ast-featured-img":"disabled","footer-sml-layout":"","ast-disable-related-posts":"","theme-transparent-header-meta":"default","adv-header-id-meta":"","stick-header-meta":"","header-above-stick-meta":"","header-main-stick-meta":"","header-below-stick-meta":"","astra-migrate-meta-layouts":"default","ast-page-background-enabled":"default","ast-page-background-meta":{"desktop":{"background-color":"","background-image":"","background-repeat":"repeat","background-position":"center center","background-size":"auto","background-attachment":"scroll","background-type":"","background-media":"","overlay-type":"","overlay-color":"","overlay-opacity":"","overlay-gradient":""},"tablet":{"background-color":"","background-image":"","background-repeat":"repeat","background-position":"center center","background-size":"auto","background-attachment":"scroll","background-type":"","background-media":"","overlay-type":"","overlay-color":"","overlay-opacity":"","overlay-gradient":""},"mobile":{"background-color":"","background-image":"","background-repeat":"repeat","background-position":"center center","background-size":"auto","background-attachment":"scroll","background-type":"","background-media":"","overlay-type":"","overlay-color":"","overlay-opacity":"","overlay-gradient":""}},"ast-content-background-meta":{"desktop":{"background-color":"var(--ast-global-color-5)","background-image":"","background-repeat":"repeat","background-position":"center center","background-size":"auto","background-attachment":"scroll","background-type":"","background-media":"","overlay-type":"","overlay-color":"","overlay-opacity":"","overlay-gradient":""},"tablet":{"background-color":"var(--ast-global-color-5)","background-image":"","background-repeat":"repeat","background-position":"center center","background-size":"auto","background-attachment":"scroll","background-type":"","background-media":"","overlay-type":"","overlay-color":"","overlay-opacity":"","overlay-gradient":""},"mobile":{"background-color":"var(--ast-global-color-5)","background-image":"","background-repeat":"repeat","background-position":"center center","background-size":"auto","background-attachment":"scroll","background-type":"","background-media":"","overlay-type":"","overlay-color":"","overlay-opacity":"","overlay-gradient":""}},"footnotes":""},"class_list":["post-6794","page","type-page","status-publish","hentry"],"acf":[],"_links":{"self":[{"href":"https:\/\/www.vita60.com\/es\/wp-json\/wp\/v2\/pages\/6794","targetHints":{"allow":["GET"]}}],"collection":[{"href":"https:\/\/www.vita60.com\/es\/wp-json\/wp\/v2\/pages"}],"about":[{"href":"https:\/\/www.vita60.com\/es\/wp-json\/wp\/v2\/types\/page"}],"author":[{"embeddable":true,"href":"https:\/\/www.vita60.com\/es\/wp-json\/wp\/v2\/users\/2"}],"replies":[{"embeddable":true,"href":"https:\/\/www.vita60.com\/es\/wp-json\/wp\/v2\/comments?post=6794"}],"version-history":[{"count":0,"href":"https:\/\/www.vita60.com\/es\/wp-json\/wp\/v2\/pages\/6794\/revisions"}],"wp:attachment":[{"href":"https:\/\/www.vita60.com\/es\/wp-json\/wp\/v2\/media?parent=6794"}],"curies":[{"name":"wp","href":"https:\/\/api.w.org\/{rel}","templated":true}]}}