{"id":7065,"date":"2020-07-15T14:29:08","date_gmt":"2020-07-15T14:29:08","guid":{"rendered":"https:\/\/www.vita60.com\/descargo-de-responsabilidad\/"},"modified":"2021-09-09T08:08:50","modified_gmt":"2021-09-09T08:08:50","slug":"descargo-de-responsabilidad","status":"publish","type":"page","link":"https:\/\/www.vita60.com\/es\/descargo-de-responsabilidad\/","title":{"rendered":"Descargo de responsabilidad"},"content":{"rendered":"\t\t<div data-elementor-type=\"wp-page\" data-elementor-id=\"7065\" class=\"elementor elementor-7065 elementor-1626\" data-elementor-post-type=\"page\">\n\t\t\t\t\t\t<section class=\"elementor-section elementor-top-section elementor-element elementor-element-209eadf elementor-section-boxed elementor-section-height-default elementor-section-height-default\" data-id=\"209eadf\" data-element_type=\"section\" data-e-type=\"section\" data-settings=\"{&quot;background_background&quot;:&quot;classic&quot;}\">\n\t\t\t\t\t\t<div class=\"elementor-container elementor-column-gap-default\">\n\t\t\t\t\t<div class=\"elementor-column elementor-col-100 elementor-top-column elementor-element elementor-element-be61ed2\" data-id=\"be61ed2\" data-element_type=\"column\" data-e-type=\"column\">\n\t\t\t<div class=\"elementor-widget-wrap elementor-element-populated\">\n\t\t\t\t\t\t<div class=\"elementor-element elementor-element-2c41c77 elementor-widget elementor-widget-heading\" data-id=\"2c41c77\" data-element_type=\"widget\" data-e-type=\"widget\" data-widget_type=\"heading.default\">\n\t\t\t\t\t<h3 class=\"elementor-heading-title elementor-size-default\">Descargo de responsabilidad<\/h3>\t\t\t\t<\/div>\n\t\t\t\t\t<\/div>\n\t\t<\/div>\n\t\t\t\t\t<\/div>\n\t\t<\/section>\n\t\t\t\t<section class=\"elementor-section elementor-top-section elementor-element elementor-element-b55d6ab elementor-section-boxed elementor-section-height-default elementor-section-height-default\" data-id=\"b55d6ab\" data-element_type=\"section\" data-e-type=\"section\" data-settings=\"{&quot;background_background&quot;:&quot;classic&quot;}\">\n\t\t\t\t\t\t<div class=\"elementor-container elementor-column-gap-default\">\n\t\t\t\t\t<div class=\"elementor-column elementor-col-100 elementor-top-column elementor-element elementor-element-210ff38\" data-id=\"210ff38\" data-element_type=\"column\" data-e-type=\"column\">\n\t\t\t<div class=\"elementor-widget-wrap elementor-element-populated\">\n\t\t\t\t\t\t<div class=\"elementor-element elementor-element-d4a81fb elementor-hidden-phone elementor-widget elementor-widget-text-editor\" data-id=\"d4a81fb\" data-element_type=\"widget\" data-e-type=\"widget\" data-widget_type=\"text-editor.default\">\n\t\t\t\t\t\t\t\t\t<p><img fetchpriority=\"high\" decoding=\"async\" class=\"alignright wp-image-8359 size-medium\" src=\"https:\/\/www.vita60.com\/wp-content\/uploads\/2020\/12\/disclaimer-300x300.jpg\" alt=\"Descargo de responsabilidad sitio web de VITA60\" width=\"300\" height=\"300\" \/>Los aceites que contienen C60 vendidos por VITA60 Group Limited a trav\u00e9s de este sitio web y en otros lugares son para la replicaci\u00f3n de estudios cient\u00edficos. Al realizar un pedido en este sitio web, acepta nuestro descargo de responsabilidad, que forma parte de los t\u00e9rminos y condiciones de venta.<\/p>\n<p>Las declaraciones hechas aqu\u00ed en este sitio web no han sido evaluadas por ninguna autoridad gubernamental de licencias de medicamentos, como la FDA de los Estados Unidos o la MHRA del Reino Unido.<\/p>\n<p>Los productos y la informaci\u00f3n proporcionada en este sitio web no est\u00e1n destinados a diagnosticar, tratar, curar o prevenir ninguna enfermedad.<\/p>\n<p>VITA60 Group Limited proporciona informaci\u00f3n solo con fines de referencia, investigaci\u00f3n e informativos.<\/p>\n<p>El contenido de este sitio web no sustituye el consejo de un profesional m\u00e9dico o de salud alternativo debidamente calificado.<\/p>\n<p>VITA60 Group Limited recomienda que los visitantes de este sitio tengan precauci\u00f3n al tomar todas las decisiones de salud o suplementos.<\/p>\n<p>Si no est\u00e1 seguro acerca de su afecci\u00f3n m\u00e9dica o necesita suplementos, consulte a su proveedor de atenci\u00f3n m\u00e9dica.<\/p>\n<p>Si bien los materiales incluidos en VITA60.com se revisan para garantizar su precisi\u00f3n, no hacemos ninguna representaci\u00f3n, ni respaldamos la exactitud, integridad, oportunidad o confiabilidad de cualquier informaci\u00f3n, opini\u00f3n, declaraci\u00f3n u otro material o base de datos que se muestre o distribuya en el sitio web.<\/p>\n<p>Los materiales y la informaci\u00f3n en este sitio web se proporcionan \u00abtal cual\u00bb, sin representaci\u00f3n o garant\u00eda de ning\u00fan tipo, ya sea expresa o impl\u00edcita, incluida, entre otras, cualquier garant\u00eda de informaci\u00f3n, servicios o productos proporcionados a trav\u00e9s de las p\u00e1ginas web de VITA60.com o cualquier garant\u00eda impl\u00edcita de comerciabilidad, idoneidad para un prop\u00f3sito particular o no infracci\u00f3n. Esta exclusi\u00f3n no es aplicable en jurisdicciones que no permiten la exclusi\u00f3n de garant\u00edas impl\u00edcitas.<\/p>\n<p>VITA60 Group Limited, sus funcionarios, directores, accionistas, padres, subsidiarias, afiliados, agentes o licenciantes no son responsables por da\u00f1os incidentales, indirectos, consecuentes, especiales, punitivos o ejemplares de ning\u00fan tipo, incluyendo p\u00e9rdida de ingresos o ganancias, p\u00e9rdida de negocios o p\u00e9rdida de datos, de cualquier manera relacionada con este servicio o por cualquier reclamo, p\u00e9rdida o lesi\u00f3n basada en errores u omisiones, interrupciones o cualquier otra inexactitud que aparezca en VITA60.com.<\/p>\n\t\t\t\t\t\t\t\t<\/div>\n\t\t\t\t<div class=\"elementor-element elementor-element-620da8a elementor-hidden-desktop elementor-hidden-tablet elementor-widget elementor-widget-text-editor\" data-id=\"620da8a\" data-element_type=\"widget\" data-e-type=\"widget\" data-widget_type=\"text-editor.default\">\n\t\t\t\t\t\t\t\t\t<p><img decoding=\"async\" class=\"wp-image-8359 size-medium aligncenter\" src=\"https:\/\/www.vita60.com\/wp-content\/uploads\/2020\/12\/disclaimer-300x300.jpg\" alt=\"Descargo de responsabilidad sitio web de VITA60\" width=\"300\" height=\"300\" \/>Los aceites que contienen C60 vendidos por VITA60 Group Limited a trav\u00e9s de este sitio web y en otros lugares son para la replicaci\u00f3n de estudios cient\u00edficos. Al realizar un pedido en este sitio web, acepta nuestro descargo de responsabilidad, que forma parte de los t\u00e9rminos y condiciones de venta.<\/p>\n<p>Las declaraciones hechas aqu\u00ed en este sitio web no han sido evaluadas por ninguna autoridad gubernamental de licencias de medicamentos, como la FDA de los Estados Unidos o la MHRA del Reino Unido.<\/p>\n<p>Los productos y la informaci\u00f3n proporcionada en este sitio web no est\u00e1n destinados a diagnosticar, tratar, curar o prevenir ninguna enfermedad.<\/p>\n<p>VITA60 Group Limited proporciona informaci\u00f3n solo con fines de referencia, investigaci\u00f3n e informativos.<\/p>\n<p>El contenido de este sitio web no sustituye el consejo de un profesional m\u00e9dico o de salud alternativo debidamente calificado.<\/p>\n<p>VITA60 Group Limited recomienda que los visitantes de este sitio tengan precauci\u00f3n al tomar todas las decisiones de salud o suplementos.<\/p>\n<p>Si no est\u00e1 seguro acerca de su afecci\u00f3n m\u00e9dica o necesita suplementos, consulte a su proveedor de atenci\u00f3n m\u00e9dica.<\/p>\n<p>Si bien los materiales incluidos en VITA60.com se revisan para garantizar su precisi\u00f3n, no hacemos ninguna representaci\u00f3n, ni respaldamos la exactitud, integridad, oportunidad o confiabilidad de cualquier informaci\u00f3n, opini\u00f3n, declaraci\u00f3n u otro material o base de datos que se muestre o distribuya en el sitio web.<\/p>\n<p>Los materiales y la informaci\u00f3n en este sitio web se proporcionan \u00abtal cual\u00bb, sin representaci\u00f3n o garant\u00eda de ning\u00fan tipo, ya sea expresa o impl\u00edcita, incluida, entre otras, cualquier garant\u00eda de informaci\u00f3n, servicios o productos proporcionados a trav\u00e9s de las p\u00e1ginas web de VITA60.com o cualquier garant\u00eda impl\u00edcita de comerciabilidad, idoneidad para un prop\u00f3sito particular o no infracci\u00f3n. Esta exclusi\u00f3n no es aplicable en jurisdicciones que no permiten la exclusi\u00f3n de garant\u00edas impl\u00edcitas.<\/p>\n<p>VITA60 Group Limited, sus funcionarios, directores, accionistas, padres, subsidiarias, afiliados, agentes o licenciantes no son responsables por da\u00f1os incidentales, indirectos, consecuentes, especiales, punitivos o ejemplares de ning\u00fan tipo, incluyendo p\u00e9rdida de ingresos o ganancias, p\u00e9rdida de negocios o p\u00e9rdida de datos, de cualquier manera relacionada con este servicio o por cualquier reclamo, p\u00e9rdida o lesi\u00f3n basada en errores u omisiones, interrupciones o cualquier otra inexactitud que aparezca en VITA60.com.<\/p>\n\t\t\t\t\t\t\t\t<\/div>\n\t\t\t\t\t<\/div>\n\t\t<\/div>\n\t\t\t\t\t<\/div>\n\t\t<\/section>\n\t\t\t\t<\/div>\n\t\t","protected":false},"excerpt":{"rendered":"<p>Descargo de responsabilidad Los aceites que contienen C60 vendidos por VITA60 Group Limited a trav\u00e9s de este sitio web y en otros lugares son para la replicaci\u00f3n de estudios cient\u00edficos. Al realizar un pedido en este sitio web, acepta nuestro descargo de responsabilidad, que forma parte de los t\u00e9rminos y condiciones de venta. Las declaraciones [&hellip;]<\/p>\n","protected":false},"author":2,"featured_media":0,"parent":0,"menu_order":0,"comment_status":"closed","ping_status":"closed","template":"","meta":{"_acf_changed":false,"site-sidebar-layout":"no-sidebar","site-content-layout":"page-builder","ast-site-content-layout":"default","site-content-style":"default","site-sidebar-style":"default","ast-global-header-display":"","ast-banner-title-visibility":"","ast-main-header-display":"","ast-hfb-above-header-display":"","ast-hfb-below-header-display":"","ast-hfb-mobile-header-display":"","site-post-title":"disabled","ast-breadcrumbs-content":"","ast-featured-img":"disabled","footer-sml-layout":"","ast-disable-related-posts":"","theme-transparent-header-meta":"default","adv-header-id-meta":"","stick-header-meta":"","header-above-stick-meta":"","header-main-stick-meta":"","header-below-stick-meta":"","astra-migrate-meta-layouts":"default","ast-page-background-enabled":"default","ast-page-background-meta":{"desktop":{"background-color":"","background-image":"","background-repeat":"repeat","background-position":"center center","background-size":"auto","background-attachment":"scroll","background-type":"","background-media":"","overlay-type":"","overlay-color":"","overlay-opacity":"","overlay-gradient":""},"tablet":{"background-color":"","background-image":"","background-repeat":"repeat","background-position":"center center","background-size":"auto","background-attachment":"scroll","background-type":"","background-media":"","overlay-type":"","overlay-color":"","overlay-opacity":"","overlay-gradient":""},"mobile":{"background-color":"","background-image":"","background-repeat":"repeat","background-position":"center center","background-size":"auto","background-attachment":"scroll","background-type":"","background-media":"","overlay-type":"","overlay-color":"","overlay-opacity":"","overlay-gradient":""}},"ast-content-background-meta":{"desktop":{"background-color":"var(--ast-global-color-5)","background-image":"","background-repeat":"repeat","background-position":"center center","background-size":"auto","background-attachment":"scroll","background-type":"","background-media":"","overlay-type":"","overlay-color":"","overlay-opacity":"","overlay-gradient":""},"tablet":{"background-color":"var(--ast-global-color-5)","background-image":"","background-repeat":"repeat","background-position":"center center","background-size":"auto","background-attachment":"scroll","background-type":"","background-media":"","overlay-type":"","overlay-color":"","overlay-opacity":"","overlay-gradient":""},"mobile":{"background-color":"var(--ast-global-color-5)","background-image":"","background-repeat":"repeat","background-position":"center center","background-size":"auto","background-attachment":"scroll","background-type":"","background-media":"","overlay-type":"","overlay-color":"","overlay-opacity":"","overlay-gradient":""}},"footnotes":""},"class_list":["post-7065","page","type-page","status-publish","hentry"],"acf":[],"_links":{"self":[{"href":"https:\/\/www.vita60.com\/es\/wp-json\/wp\/v2\/pages\/7065","targetHints":{"allow":["GET"]}}],"collection":[{"href":"https:\/\/www.vita60.com\/es\/wp-json\/wp\/v2\/pages"}],"about":[{"href":"https:\/\/www.vita60.com\/es\/wp-json\/wp\/v2\/types\/page"}],"author":[{"embeddable":true,"href":"https:\/\/www.vita60.com\/es\/wp-json\/wp\/v2\/users\/2"}],"replies":[{"embeddable":true,"href":"https:\/\/www.vita60.com\/es\/wp-json\/wp\/v2\/comments?post=7065"}],"version-history":[{"count":0,"href":"https:\/\/www.vita60.com\/es\/wp-json\/wp\/v2\/pages\/7065\/revisions"}],"wp:attachment":[{"href":"https:\/\/www.vita60.com\/es\/wp-json\/wp\/v2\/media?parent=7065"}],"curies":[{"name":"wp","href":"https:\/\/api.w.org\/{rel}","templated":true}]}}