{"id":8845,"date":"2020-08-17T03:09:07","date_gmt":"2020-08-17T03:09:07","guid":{"rendered":"https:\/\/www.vita60.com\/politica-de-privacidad-2\/"},"modified":"2025-07-27T13:18:55","modified_gmt":"2025-07-27T13:18:55","slug":"politica-de-privacidad","status":"publish","type":"page","link":"https:\/\/www.vita60.com\/es\/politica-de-privacidad\/","title":{"rendered":"Pol\u00edtica de privacidad"},"content":{"rendered":"\t\t<div data-elementor-type=\"wp-page\" data-elementor-id=\"8845\" class=\"elementor elementor-8845 elementor-8607\" data-elementor-post-type=\"page\">\n\t\t\t\t\t\t<section class=\"elementor-section elementor-top-section elementor-element elementor-element-1a0b755 elementor-section-boxed elementor-section-height-default elementor-section-height-default\" data-id=\"1a0b755\" data-element_type=\"section\" data-e-type=\"section\" data-settings=\"{&quot;background_background&quot;:&quot;classic&quot;}\">\n\t\t\t\t\t\t<div class=\"elementor-container elementor-column-gap-default\">\n\t\t\t\t\t<div class=\"elementor-column elementor-col-100 elementor-top-column elementor-element elementor-element-53b2251\" data-id=\"53b2251\" data-element_type=\"column\" data-e-type=\"column\">\n\t\t\t<div class=\"elementor-widget-wrap elementor-element-populated\">\n\t\t\t\t\t\t<div class=\"elementor-element elementor-element-23af64d elementor-widget elementor-widget-heading\" data-id=\"23af64d\" data-element_type=\"widget\" data-e-type=\"widget\" data-widget_type=\"heading.default\">\n\t\t\t\t\t<h3 class=\"elementor-heading-title elementor-size-default\">Pol\u00edtica de privacidad<\/h3>\t\t\t\t<\/div>\n\t\t\t\t\t<\/div>\n\t\t<\/div>\n\t\t\t\t\t<\/div>\n\t\t<\/section>\n\t\t\t\t<section class=\"elementor-section elementor-top-section elementor-element elementor-element-98b56af elementor-section-boxed elementor-section-height-default elementor-section-height-default\" data-id=\"98b56af\" data-element_type=\"section\" data-e-type=\"section\">\n\t\t\t\t\t\t<div class=\"elementor-container elementor-column-gap-default\">\n\t\t\t\t\t<div class=\"elementor-column elementor-col-100 elementor-top-column elementor-element elementor-element-edaed95\" data-id=\"edaed95\" data-element_type=\"column\" data-e-type=\"column\">\n\t\t\t<div class=\"elementor-widget-wrap elementor-element-populated\">\n\t\t\t\t\t\t<div class=\"elementor-element elementor-element-6d23b12 elementor-hidden-phone elementor-widget elementor-widget-text-editor\" data-id=\"6d23b12\" data-element_type=\"widget\" data-e-type=\"widget\" data-widget_type=\"text-editor.default\">\n\t\t\t\t\t\t\t\t\t<p><img fetchpriority=\"high\" decoding=\"async\" class=\"wp-image-8359 size-medium alignright\" src=\"https:\/\/www.vita60.com\/wp-content\/uploads\/2020\/12\/privacy-policy.jpg\" alt=\"Privacy policy VITA60\" width=\"300\" height=\"300\" \/><\/p>\n<p>Esta pol\u00edtica de privacidad describe la informaci\u00f3n que poseemos y procesamos para respaldar el sitio web y otros productos y caracter\u00edsticas ofrecidos por VITA60 Group Limited. En este documento, VITA60, VITA60.com y VITA60 Group Limited se utilizan como sin\u00f3nimos.<\/p>\n<p><strong>1 &#8211; Introducci\u00f3n<\/strong><\/p>\n<p>VITA60 trabaja para garantizar que su privacidad est\u00e9 protegida al utilizar nuestros Servicios. Por lo tanto, tenemos una pol\u00edtica que establece c\u00f3mo se procesar\u00e1n y proteger\u00e1n sus Datos personales. Mant\u00e9ngase actualizado sobre cualquier cambio en esta Pol\u00edtica de privacidad visitando nuestro sitio web.<\/p>\n<p>Esta Pol\u00edtica de privacidad solo concierne a los Clientes y usuarios limitados de C60inOliveOil.com de nuestro sitio web \u201cVita60.com\u201d y Servicios.<\/p>\n<p><strong>2 &#8211; \u00bfQu\u00e9 tipo de datos personales sobre usted procesamos?<\/strong><\/p>\n<p>VITA60.com recopila los datos personales que nos proporciona directamente o que generamos cuando abre una cuenta, realiza transacciones en nuestro sitio web o mediante la interacci\u00f3n con nuestras cuentas de redes sociales. Esto puede incluir:<\/p>\n\t\t\t\t\t\t\t\t<\/div>\n\t\t\t\t<div class=\"elementor-element elementor-element-4284d68 elementor-hidden-desktop elementor-hidden-tablet elementor-widget elementor-widget-text-editor\" data-id=\"4284d68\" data-element_type=\"widget\" data-e-type=\"widget\" data-widget_type=\"text-editor.default\">\n\t\t\t\t\t\t\t\t\t<p><img decoding=\"async\" class=\"wp-image-8359 size-medium aligncenter\" src=\"https:\/\/www.vita60.com\/wp-content\/uploads\/2020\/12\/privacy-policy.jpg\" alt=\"Privacy policy VITA60\" width=\"300\" height=\"300\" \/><span style=\"font-size: 15px;\"><br \/>\n<\/span><\/p>\n<p>Esta pol\u00edtica de privacidad describe la informaci\u00f3n que poseemos y procesamos para respaldar el sitio web y otros productos y caracter\u00edsticas ofrecidos por VITA60 Group Limited. En este documento, VITA60, VITA60.com y VITA60 Group Limited se utilizan como sin\u00f3nimos.<\/p>\n<p><strong>1 &#8211; Introducci\u00f3n<\/strong><\/p>\n<p>VITA60 trabaja para garantizar que su privacidad est\u00e9 protegida al utilizar nuestros Servicios. Por lo tanto, tenemos una pol\u00edtica que establece c\u00f3mo se procesar\u00e1n y proteger\u00e1n sus Datos personales. Mant\u00e9ngase actualizado sobre cualquier cambio en esta Pol\u00edtica de privacidad visitando nuestro sitio web.<\/p>\n<p>Esta Pol\u00edtica de privacidad solo concierne a los Clientes y usuarios limitados de C60inOliveOil.com de nuestro sitio web \u201cVita60.com\u201d y Servicios.<\/p>\n<p><strong>2 &#8211; \u00bfQu\u00e9 tipo de datos personales sobre usted procesamos?<\/strong><\/p>\n<p>VITA60.com recopila los datos personales que nos proporciona directamente o que generamos cuando abre una cuenta, realiza transacciones en nuestro sitio web o mediante la interacci\u00f3n con nuestras cuentas de redes sociales. Esto puede incluir:<\/p>\n\t\t\t\t\t\t\t\t<\/div>\n\t\t\t\t\t<\/div>\n\t\t<\/div>\n\t\t\t\t\t<\/div>\n\t\t<\/section>\n\t\t\t\t<section class=\"elementor-section elementor-top-section elementor-element elementor-element-607d423 elementor-section-boxed elementor-section-height-default elementor-section-height-default\" data-id=\"607d423\" data-element_type=\"section\" data-e-type=\"section\" data-settings=\"{&quot;background_background&quot;:&quot;classic&quot;}\">\n\t\t\t\t\t\t<div class=\"elementor-container elementor-column-gap-default\">\n\t\t\t\t\t<div class=\"elementor-column elementor-col-100 elementor-top-column elementor-element elementor-element-b4fbf91\" data-id=\"b4fbf91\" data-element_type=\"column\" data-e-type=\"column\">\n\t\t\t<div class=\"elementor-widget-wrap elementor-element-populated\">\n\t\t\t\t\t\t<div class=\"elementor-element elementor-element-88dff29 elementor-widget elementor-widget-text-editor\" data-id=\"88dff29\" data-element_type=\"widget\" data-e-type=\"widget\" data-widget_type=\"text-editor.default\">\n\t\t\t\t\t\t\t\t\t<ul><li>Esta pol\u00edtica describe la informaci\u00f3n que poseemos y procesamos para respaldar el sitio web y otros productos y caracter\u00edsticas ofrecidos por VITA60 Group Limited. En este documento, VITA60, VITA60.com y VITA60 Group Limited se utilizan como sin\u00f3nimos.1 &#8211; Introducci\u00f3nVITA60 trabaja para garantizar que su privacidad est\u00e9 protegida al utilizar nuestros Servicios. Por lo tanto, tenemos una pol\u00edtica que establece c\u00f3mo se procesar\u00e1n y proteger\u00e1n sus Datos personales. Mant\u00e9ngase actualizado sobre cualquier cambio en esta Pol\u00edtica de privacidad visitando nuestro sitio web.Esta Pol\u00edtica de privacidad solo concierne a los Clientes y usuarios limitados de C60inOliveOil.com de nuestro sitio web \u201c<a href=\"https:\/\/vita60.com\/es\">VITA60.com<\/a>\u201d y Servicios.2 &#8211; \u00bfQu\u00e9 tipo de datos personales sobre usted procesamos?<p>VITA60.com recopila los datos personales que nos proporciona directamente o que generamos cuando abre una cuenta, realiza transacciones en nuestro sitio web o mediante la interacci\u00f3n con nuestras cuentas de redes sociales. Esto puede incluir:<\/p><ul><li>Informaci\u00f3n de contacto, como nombre, direcci\u00f3n de facturaci\u00f3n y entrega, n\u00famero de tel\u00e9fono y direcci\u00f3n de correo electr\u00f3nico;<\/li><li>Informaci\u00f3n de la cuenta, como nombre de usuario, contrase\u00f1a, configuraci\u00f3n y preferencias de la cuenta;<br \/>Informaci\u00f3n sobre la forma en que utiliza nuestros servicios, como cuando utiliz\u00f3 nuestros servicios y los servicios espec\u00edficos utilizados; y<\/li><li>Informaci\u00f3n relacionada con las comunicaciones con nosotros, ya sea a trav\u00e9s del sitio web Vita60.com o por correo electr\u00f3nico, por tel\u00e9fono o por cualquier otro medio.<\/li><\/ul><p>Tambi\u00e9n recopilamos autom\u00e1ticamente ciertos dispositivos inform\u00e1ticos e informaci\u00f3n de navegaci\u00f3n cuando accede al sitio web Vita60.com. Esta informaci\u00f3n se agrega para proporcionar datos estad\u00edsticos sobre las acciones y patrones de navegaci\u00f3n de nuestros usuarios, y no identifica personalmente a las personas. Esta informaci\u00f3n puede incluir:<\/p><ul><li>Informaci\u00f3n de la computadora o dispositivo m\u00f3vil, incluida la direcci\u00f3n IP, el sistema operativo, el sistema de red, el tipo de navegador y la configuraci\u00f3n;<\/li><li>Informaci\u00f3n de uso del sitio web.<\/li><\/ul><p>3 &#8211; \u00bfPara qu\u00e9 utilizamos sus datos personales?<\/p><p>Usamos sus datos personales, incluidos los datos personales enumerados en la secci\u00f3n 2 anterior, para los siguientes fines:<\/p><ul><li>Administre su cuenta con nosotros y personalice su experiencia y comunicaci\u00f3n con usted<\/li><li>Comunicarse con usted acerca de nuestros servicios, por ejemplo, por tel\u00e9fono, correo electr\u00f3nico, SMS, chat en l\u00ednea o publicaci\u00f3n o respondiendo a publicaciones en redes sociales que nos haya dirigido.<\/li><li>Procese sus pedidos, cr\u00e9ditos y reembolsos<\/li><li>Gestionar cualquier aspecto de nuestros servicios<\/li><li>Para que nuestros proveedores entreguen y recojan art\u00edculos de su propiedad<\/li><li>Actualizaci\u00f3n de sus registros<\/li><li>Para monitorear y mantener registros de nuestras comunicaciones con usted y nuestro personal (ver m\u00e1s abajo)<\/li><li>Ayudar a desarrollar, revisar y mejorar nuestra gama de productos, servicios, tecnolog\u00eda de la informaci\u00f3n, sistemas, conocimientos y la forma en que nos comunicamos con usted<\/li><li>Para investigaci\u00f3n y an\u00e1lisis de mercado y desarrollo de estad\u00edsticas<\/li><li>Para comunicaciones de marketing directo<\/li><li>Usar su comportamiento de navegaci\u00f3n en l\u00ednea, as\u00ed como sus compras y compras en l\u00ednea, para ayudarnos a comprenderlo mejor como cliente y brindarle ofertas y servicios personalizados<\/li><li>Para medir la efectividad de nuestras comunicaciones de marketing<\/li><li>Para cumplir con las obligaciones, requisitos y orientaci\u00f3n legales y reglamentarios<\/li><li>Proporcionar informaci\u00f3n y an\u00e1lisis de nuestros clientes<\/li><li>Invitarle a participar y gestionar encuestas de clientes, cuestionarios y otras actividades de investigaci\u00f3n de mercado que llevamos a cabo.<\/li><\/ul><p>4 &#8211; \u00bfD\u00f3nde se almacenan sus datos personales?<\/p><p>Los datos se almacenan en el servidor seguro del dominio, esto incluye todas las comunicaciones por correo electr\u00f3nico y copias de seguridad. No conservamos informaci\u00f3n impresa que no sea una copia de la factura para fines fiscales.<\/p><p>5 &#8211; \u00bfDurante cu\u00e1nto tiempo se almacenan sus datos personales?<\/p><p>VITA60 Group Limited conservar\u00e1 sus Datos personales durante el tiempo que mantenga una cuenta o seg\u00fan sea necesario para brindarle servicios. Tambi\u00e9n conservaremos y usaremos sus datos personales seg\u00fan sea necesario para cumplir con nuestras obligaciones legales y resolver disputas.<\/p><p>6 &#8211; \u00bfQui\u00e9n es responsable de sus datos personales?<\/p><p>VITA60 Group Limited es el controlador de los datos personales que nos env\u00eda y es responsable de sus datos personales. Esto no es tratado por terceros.<\/p><p>7 &#8211; \u00bfQui\u00e9n tiene acceso a sus datos personales?<\/p><p>Nunca transmitimos, vendemos ni intercambiamos sus datos con fines de marketing a terceros. VITA60 Group Limited puede divulgar su informaci\u00f3n, incluida la informaci\u00f3n personal, a tribunales, autoridades policiales o gubernamentales, o terceros autorizados, si y en la medida en que la ley nos exija o permita que lo hagamos o si dicha divulgaci\u00f3n es razonablemente necesaria: (i) para cumplir con nuestras obligaciones legales, (ii) para cumplir con el proceso legal y para responder a reclamos presentados contra VITA60 Group Limited, (iii) para responder a solicitudes verificadas relacionadas con una investigaci\u00f3n criminal o actividad ilegal presunta o sospechada o cualquier otra actividad que pueda exponernos a nosotros, a usted oa cualquier otro de nuestros usuarios a responsabilidad legal, (iv) para hacer cumplir y administrar nuestros T\u00e9rminos de servicio u otros acuerdos con los miembros, o (v) para proteger los derechos, la propiedad o la seguridad personal de Vita60.com y sus miembros.<\/p><p>8 &#8211; \u00bfC\u00f3mo protegemos sus datos personales?<\/p><p>Hemos tomado medidas t\u00e9cnicas y organizativas para proteger sus datos contra p\u00e9rdida, manipulaci\u00f3n y acceso no autorizado. Adaptamos continuamente nuestras medidas de seguridad en l\u00ednea con los avances y desarrollos tecnol\u00f3gicos.<\/p><p>9 &#8211; \u00bfCu\u00e1les son sus derechos?<\/p><p>Puede ejercer cualquiera de los derechos descritos en los apartados anteriores enviando un correo electr\u00f3nico a\u00a0<a href=\"mailto:info@vita60.com\">info@vita60.com<\/a>. Tenga en cuenta que es posible que le pidamos que verifique su identidad antes de tomar medidas adicionales a su solicitud.<\/p><p>9.1 &#8211; Manejo de su informaci\u00f3n<\/p><p>Puede solicitar copias de los datos disponibles para nosotros con el prop\u00f3sito de revisar, enmendar y solicitar su eliminaci\u00f3n.<\/p><p>9.2 &#8211; Acceso y portabilidad de datos<\/p><p>Tiene derecho a solicitar copias de la informaci\u00f3n personal que nos ha proporcionado en un formato estructurado, de uso com\u00fan y legible por m\u00e1quina y \/ o solicitarnos que transmitamos esta informaci\u00f3n a otro proveedor de servicios (cuando sea t\u00e9cnicamente posible).<\/p><p>9.3- Retenci\u00f3n y borrado de datos<\/p><p>Generalmente, retenemos su informaci\u00f3n personal durante el tiempo que sea necesario para continuar brind\u00e1ndole nuestros Servicios y para cumplir con nuestras obligaciones legales. Si ya no desea que usemos su informaci\u00f3n, puede solicitar que borremos su informaci\u00f3n personal y cerremos su cuenta de Vita60.com. Tenga en cuenta que si solicita el borrado de su informaci\u00f3n personal:<\/p><ul><li>Podemos retener parte de su informaci\u00f3n personal seg\u00fan sea necesario para nuestros intereses comerciales leg\u00edtimos, como la detecci\u00f3n y prevenci\u00f3n de fraudes, y la mejora de la seguridad.<\/li><li>Podemos retener y utilizar su informaci\u00f3n personal en la medida necesaria para cumplir con nuestras obligaciones legales. Por ejemplo, Vita60.com puede conservar parte de su informaci\u00f3n para obligaciones fiscales, de informes legales y de auditor\u00eda.<\/li><li>Informaci\u00f3n que ha compartido con otros (por ejemplo, las Rese\u00f1as pueden seguir siendo visibles p\u00fablicamente en el sitio web Vita60.com, incluso despu\u00e9s de que se cancele su Cuenta). Adem\u00e1s, algunas copias de su informaci\u00f3n (por ejemplo, registros de registro) pueden permanecer en nuestra base de datos, pero est\u00e1n desvinculadas de los identificadores personales.<\/li><li>Debido a que mantenemos el sitio web Vita60.com para protegerlo de p\u00e9rdidas y destrucci\u00f3n accidentales o maliciosas, es posible que las copias residuales de su informaci\u00f3n personal no se eliminen de nuestros sistemas de respaldo durante un per\u00edodo de tiempo limitado.<\/li><\/ul><p>9.4 &#8211; Retirada del consentimiento y restricci\u00f3n del procesamiento<\/p><p>Puede retirar su consentimiento en cualquier momento enviando una comunicaci\u00f3n a Vita60.com. Tenga en cuenta que la retirada de su consentimiento no afecta la legalidad de ninguna actividad de tratamiento basada en dicho consentimiento antes de su retirada.<\/p><p>9.5 &#8211; Objeci\u00f3n al procesamiento<\/p><p>Tiene derecho a oponerse al procesamiento de Vita60.com de su informaci\u00f3n personal. Si se opone a dicho procesamiento, Vita60.com ya no procesar\u00e1 su informaci\u00f3n personal, pero tambi\u00e9n puede ser necesario cerrar su cuenta.<\/p><p>VITA60 puede continuar el procesamiento de datos personales para fines espec\u00edficos si Vita60.com puede demostrar motivos leg\u00edtimos convincentes para dicho procesamiento o si dicho procesamiento es necesario para el establecimiento, ejercicio o defensa de reclamaciones legales.<\/p><p>Cuando su informaci\u00f3n personal se procesa con fines de marketing directo, puede, en cualquier momento, solicitar a Vita60.com que deje de procesar sus datos para estos fines de marketing directo enviando un correo electr\u00f3nico a <a href=\"mailto:info@vita60.com\">info@vita60.com<\/a><\/p><p>10 &#8211; Transferencia comercial<\/p><p>Si VITA60 Group Limited emprende o participa en cualquier fusi\u00f3n, adquisici\u00f3n, reorganizaci\u00f3n, venta de activos, quiebra o evento de insolvencia, entonces podemos vender, transferir o compartir algunos o todos nuestros activos, incluida su informaci\u00f3n en relaci\u00f3n con dicha transacci\u00f3n. o en contemplaci\u00f3n de dicha transacci\u00f3n (por ejemplo, debida diligencia). En este caso, le notificaremos antes de que su informaci\u00f3n personal sea transferida y est\u00e9 sujeta a una pol\u00edtica de privacidad diferente.<\/p><p>11 &#8211; Quejas de alojamiento<\/p><p>Tiene derecho a presentar reclamaciones sobre las actividades de tratamiento de datos realizadas por Vita60.com ante las autoridades de protecci\u00f3n de datos competentes. La autoridad supervisora \u200b\u200bprincipal de Vita60.com es la Oficina del Comisionado de Informaci\u00f3n del Reino Unido.<\/p><p>12 Responsable del tratamiento de datos personales<\/p><p>VITA60 Group Limited<\/p><p>E-mail:\u00a0<a href=\"mailto:info@vita60.com\">info@vita60.com<\/a><\/p><p>Direccion postal:<\/p><p>15 Bridge Road,<br \/>Wellington,<br \/>Telford,<br \/>TF1 1EB<br \/>Inglaterra<\/p><p>Numero de compa\u00f1ia 11187659<\/p><\/li><\/ul>\t\t\t\t\t\t\t\t<\/div>\n\t\t\t\t\t<\/div>\n\t\t<\/div>\n\t\t\t\t\t<\/div>\n\t\t<\/section>\n\t\t\t\t<\/div>\n\t\t","protected":false},"excerpt":{"rendered":"<p>Pol\u00edtica de privacidad Esta pol\u00edtica de privacidad describe la informaci\u00f3n que poseemos y procesamos para respaldar el sitio web y otros productos y caracter\u00edsticas ofrecidos por VITA60 Group Limited. En este documento, VITA60, VITA60.com y VITA60 Group Limited se utilizan como sin\u00f3nimos. 1 &#8211; Introducci\u00f3n VITA60 trabaja para garantizar que su privacidad est\u00e9 protegida al [&hellip;]<\/p>\n","protected":false},"author":2,"featured_media":0,"parent":0,"menu_order":0,"comment_status":"closed","ping_status":"closed","template":"","meta":{"_acf_changed":false,"site-sidebar-layout":"no-sidebar","site-content-layout":"page-builder","ast-site-content-layout":"default","site-content-style":"default","site-sidebar-style":"default","ast-global-header-display":"","ast-banner-title-visibility":"","ast-main-header-display":"","ast-hfb-above-header-display":"","ast-hfb-below-header-display":"","ast-hfb-mobile-header-display":"","site-post-title":"disabled","ast-breadcrumbs-content":"","ast-featured-img":"disabled","footer-sml-layout":"","ast-disable-related-posts":"","theme-transparent-header-meta":"default","adv-header-id-meta":"","stick-header-meta":"","header-above-stick-meta":"","header-main-stick-meta":"","header-below-stick-meta":"","astra-migrate-meta-layouts":"default","ast-page-background-enabled":"default","ast-page-background-meta":{"desktop":{"background-color":"","background-image":"","background-repeat":"repeat","background-position":"center center","background-size":"auto","background-attachment":"scroll","background-type":"","background-media":"","overlay-type":"","overlay-color":"","overlay-opacity":"","overlay-gradient":""},"tablet":{"background-color":"","background-image":"","background-repeat":"repeat","background-position":"center center","background-size":"auto","background-attachment":"scroll","background-type":"","background-media":"","overlay-type":"","overlay-color":"","overlay-opacity":"","overlay-gradient":""},"mobile":{"background-color":"","background-image":"","background-repeat":"repeat","background-position":"center center","background-size":"auto","background-attachment":"scroll","background-type":"","background-media":"","overlay-type":"","overlay-color":"","overlay-opacity":"","overlay-gradient":""}},"ast-content-background-meta":{"desktop":{"background-color":"var(--ast-global-color-5)","background-image":"","background-repeat":"repeat","background-position":"center center","background-size":"auto","background-attachment":"scroll","background-type":"","background-media":"","overlay-type":"","overlay-color":"","overlay-opacity":"","overlay-gradient":""},"tablet":{"background-color":"var(--ast-global-color-5)","background-image":"","background-repeat":"repeat","background-position":"center center","background-size":"auto","background-attachment":"scroll","background-type":"","background-media":"","overlay-type":"","overlay-color":"","overlay-opacity":"","overlay-gradient":""},"mobile":{"background-color":"var(--ast-global-color-5)","background-image":"","background-repeat":"repeat","background-position":"center center","background-size":"auto","background-attachment":"scroll","background-type":"","background-media":"","overlay-type":"","overlay-color":"","overlay-opacity":"","overlay-gradient":""}},"footnotes":""},"class_list":["post-8845","page","type-page","status-publish","hentry"],"acf":[],"_links":{"self":[{"href":"https:\/\/www.vita60.com\/es\/wp-json\/wp\/v2\/pages\/8845","targetHints":{"allow":["GET"]}}],"collection":[{"href":"https:\/\/www.vita60.com\/es\/wp-json\/wp\/v2\/pages"}],"about":[{"href":"https:\/\/www.vita60.com\/es\/wp-json\/wp\/v2\/types\/page"}],"author":[{"embeddable":true,"href":"https:\/\/www.vita60.com\/es\/wp-json\/wp\/v2\/users\/2"}],"replies":[{"embeddable":true,"href":"https:\/\/www.vita60.com\/es\/wp-json\/wp\/v2\/comments?post=8845"}],"version-history":[{"count":3,"href":"https:\/\/www.vita60.com\/es\/wp-json\/wp\/v2\/pages\/8845\/revisions"}],"predecessor-version":[{"id":26817,"href":"https:\/\/www.vita60.com\/es\/wp-json\/wp\/v2\/pages\/8845\/revisions\/26817"}],"wp:attachment":[{"href":"https:\/\/www.vita60.com\/es\/wp-json\/wp\/v2\/media?parent=8845"}],"curies":[{"name":"wp","href":"https:\/\/api.w.org\/{rel}","templated":true}]}}