{"id":10137,"date":"2020-06-28T23:52:51","date_gmt":"2020-06-28T23:52:51","guid":{"rendered":"https:\/\/www.vita60.com\/sin%20categor\u00eda\/best-value-8-pack-c60-in-avocado-oil\/"},"modified":"2024-03-11T08:09:13","modified_gmt":"2024-03-11T08:09:13","slug":"pack-de-8-aceite-de-aguacate","status":"publish","type":"product","link":"https:\/\/www.vita60.com\/es\/pack-de-8-aceite-de-aguacate\/","title":{"rendered":"La mejor oferta pack de <br>8 aceite de aguacate BIO C60"},"content":{"rendered":"<div id=\"tab-product-desc\" class=\"tab-pane fade in active\">\n<div class=\"description\">\n<p><strong><img fetchpriority=\"high\" decoding=\"async\" class=\"alignright\" style=\"margin: 5px; float: right;\" src=\"https:\/\/www.vita60.com\/wp-content\/uploads\/2020\/10\/ripe-of-avocados.png\" alt=\"Ripe avocados - perfect for 8 Pack C60 Organic Avocado Oil\" width=\"500\" height=\"420\" \/><\/strong>Cuando elija nuestro pack de 8 aceite de aguacate C60 de mejor valor, recibir\u00e1 un aceite org\u00e1nico de Comercio Justo de aguacates cultivados en Kenia en peque\u00f1as granjas biodiversas. Cada botella de 100 ml contiene el aceite sin refinar prensado en fr\u00edo de 8 frutas de aguacate, por lo que est\u00e1 lleno de bondad y mantiene todas sus propiedades saludables. Con nuestro paquete de 8 al mejor precio, obtendr\u00e1 m\u00e1s del 20% de descuento sobre el precio de una botella y env\u00edo gratuito.<\/p>\n<p>Los aguacates son ricos en \u00e1cidos grasos omega-3 y omega-6, \u00e1cido oleico y lute\u00edna, que son valiosos antioxidantes. Se sabe que el aceite de aguacate ayuda a reducir el colesterol y mejora la salud del coraz\u00f3n. Tambi\u00e9n puede reducir el riesgo de cataratas y otros trastornos oculares relacionados con la edad. El aceite de aguacate tambi\u00e9n ayuda al cuerpo a absorber nutrientes espec\u00edficos como los carotenoides y proporciona antioxidantes para ayudar a neutralizar los radicales libres da\u00f1inos. C60 en aceite de aguacate extra virgen tiene un sabor suave a tierra, mantecoso y una textura cremosa. Esto significa que es m\u00e1s suave que algunos de nuestros otros aceites y, por lo tanto, suele ser la opci\u00f3n preferida.<\/p>\n<p><strong><span style=\"font-size: 13pt;\">Otros beneficios incluyen:<\/span><\/strong><\/p>\n<ul type=\"disc\">\n<li>Reduce el colesterol y mejora la salud del coraz\u00f3n<\/li>\n<li>Alto contenido de lute\u00edna, un antioxidante que tiene beneficios para los ojos.<\/li>\n<li>Mejora la absorci\u00f3n de nutrientes importantes.<\/li>\n<li>Puede reducir los s\u00edntomas de <a href=\"https:\/\/www.vita60.com\/es\/c60-alivia-la-rigidez-y-los-brotes-de-artritis\/\">la artritis<\/a>.<\/li>\n<li>Puede ayudar a prevenir la enfermedad de las enc\u00edas.<\/li>\n<li>Mejora la piel y mejora la cicatrizaci\u00f3n de heridas.<\/li>\n<\/ul>\n<p>C60 es una mol\u00e9cula de 60 carbonos que ayuda a neutralizar los subproductos t\u00f3xicos del metabolismo celular, que causan da\u00f1o tisular en muchos tipos de enfermedades. Es un &#8216;eliminador de radicales libres&#8217; que ayuda a neutralizar los subproductos t\u00f3xicos del metabolismo celular. Estos causan da\u00f1o tisular en muchos tipos de enfermedades, especialmente aquellas que padecen enfermedades inflamatorias.<\/p>\n<p>Fabricamos todos nuestros productos en el Reino Unido utilizando solo los mejores ingredientes. Controlamos todas las etapas de producci\u00f3n de nuestro pack de 8 aceite de aguacate BIO C60. Esto es para que podamos estar seguros de que est\u00e1 elaborado con fullereno C60 99,99% puro, sin disolventes y aceite de aguacate extra virgen org\u00e1nico prensado en fr\u00edo.<\/p>\n<h6>Aquellos que toman C60 en aceite de aguacate extra virgen dicen que tambi\u00e9n han notado beneficios que incluyen:<\/h6>\n<ul type=\"disc\">\n<li>Recuperaci\u00f3n y crecimiento de piel sana en <a href=\"https:\/\/www.vita60.com\/es\/aceite-de-oliva-c60-psoriasis\/\">psoriasis<\/a><\/li>\n<li>Reducir el enrojecimiento y la picaz\u00f3n en el eccema.<\/li>\n<li>Mejor recuperaci\u00f3n despu\u00e9s del ejercicio y m\u00e1s vitalidad.<\/li>\n<li>Una ayuda para adelgazar<\/li>\n<li>Tez radiante y menos arrugas<\/li>\n<li>Menos canas y rebrote del color normal del cabello<\/li>\n<\/ul>\n<\/div>\n<\/div>\n<p><!-- Schema & Structured Data For mini VITA60 organisation - --><\/p>\n<p><script type=\"application\/ld+json\" class=\"saswp-schema-markup-output\">\n[{\"@context\":\"https:\/\/schema.org\",\"@type\":\"Organization\",\"@id\":\"https:\/\/www.vita60.com#Organization\",\"name\":\"VITA60\",\"url\":\"https:\/\/www.vita60.com\",\"sameAs\":[],\"logo\":{\"@type\":\"ImageObject\",\"url\":\"https:\/\/www.vita60.com\/wp-content\/uploads\/2020\/07\/VITA60-LOGO.png\",\"width\":\"200\",\"height\":\"100\"}}]\n<\/script><\/p>\n<p><!-- Schema & Structured Data For VITA60 organisation - --><\/p>\n<p><script type=\"application\/ld+json\" class=\"saswp-custom-schema-markup-output\">{\n    \"@context\": \"https:\/\/schema.org\",\n    \"@type\": \"HealthAndBeautyBusiness\",\n    \"image\": \"https:\/\/www.vita60.com\/wp-content\/uploads\/2020\/10\/vita60-logo.png\",\n    \"priceRange\": \"\u00a328.75 - \u00a345.00 por frasco\",\n    \"telephone\": \"+44 (0) 3333 44 99 72\",\n    \"name\": \"VITA60\",\n    \"logo\": \"https:\/\/www.vita60.com\/wp-content\/uploads\/2020\/11\/vita60.png\",\n    \"description\": \"Fabricante de C60 de alta calidad en aceites org\u00e1nicos, produciendo la m\u00e1s amplia gama de aceites disponibles. Libre de solventes, 99,99% de carbono puro 60 fullereno. Establecido desde 2017.\",\n    \"geo\": {\n        \"@type\": \"GeoCoordinates\",\n        \"latitude\": \"52.701882977520036\",\n        \"longitude\": \"-2.5216254000000005\"\n    },\n    \"url\": \"https:\/\/www.vita60.com\/es\/\",\n    \"contactPoint\": {\n        \"@type\": \"ContactPoint\",\n        \"telephone\": \"+44 (0) 3333 44 99 72\",\n        \"contactType\": \"customer service\",\n        \"email\": \"info@vita60.com\",\n        \"contactOption\": \"\",\n        \"areaServed\": \"\",\n        \"availableLanguage\": \"Ingl\u00e9s\"\n    },\n    \"address\": {\n        \"@type\": \"PostalAddress\",\n        \"addressCountry\": \"Reino Unido\",\n        \"addressLocality\": \"Telford\",\n        \"addressRegion\": \"Shropshire\",\n        \"postalCode\": \"TF1 1EB\",\n        \"streetAddress\": \"15 Bridge Road, Wellington\"\n    }\n}<\/script><\/p>\n","protected":false},"excerpt":{"rendered":"<p><span style=\"font-size: 22pt;\"><b>Ahorra [aelia_cs_currency_amount amount=\"63.00\" formatted=\"1|1\" from_currency=\"GBP\"]<\/b><\/span><\/p>\n<p>Paquete de mejor offerta de C60 99,99% puro en aceite de aguacate<\/p>\n<p>8 frascos de 100ml de 80mg C60 en aceite de aguacate virgen extra ecol\u00f3gico<\/p>\n<p>M\u00e1s del 20% de descuento sobre el precio de un frasco. Equivalente a <strong>[aelia_cs_currency_amount amount=\"31.13\" formatted=\"1|1\" from_currency=\"GBP\"] por frasco<\/strong><\/p>\n<p><strong><b><span style=\"font-size: 14pt;\">ENV\u00cdO GRATIS<\/span><\/b><\/strong>\u00a0con este pedido<\/p>\n","protected":false},"featured_media":23989,"comment_status":"open","ping_status":"closed","template":"","meta":{"_acf_changed":false,"site-sidebar-layout":"default","site-content-layout":"default","ast-site-content-layout":"default","site-content-style":"default","site-sidebar-style":"default","ast-global-header-display":"","ast-banner-title-visibility":"","ast-main-header-display":"","ast-hfb-above-header-display":"","ast-hfb-below-header-display":"","ast-hfb-mobile-header-display":"","site-post-title":"","ast-breadcrumbs-content":"","ast-featured-img":"","footer-sml-layout":"","ast-disable-related-posts":"","theme-transparent-header-meta":"default","adv-header-id-meta":"","stick-header-meta":"","header-above-stick-meta":"","header-main-stick-meta":"","header-below-stick-meta":"","astra-migrate-meta-layouts":"default","ast-page-background-enabled":"default","ast-page-background-meta":{"desktop":{"background-color":"","background-image":"","background-repeat":"repeat","background-position":"center center","background-size":"auto","background-attachment":"scroll","background-type":"","background-media":"","overlay-type":"","overlay-color":"","overlay-opacity":"","overlay-gradient":""},"tablet":{"background-color":"","background-image":"","background-repeat":"repeat","background-position":"center center","background-size":"auto","background-attachment":"scroll","background-type":"","background-media":"","overlay-type":"","overlay-color":"","overlay-opacity":"","overlay-gradient":""},"mobile":{"background-color":"","background-image":"","background-repeat":"repeat","background-position":"center center","background-size":"auto","background-attachment":"scroll","background-type":"","background-media":"","overlay-type":"","overlay-color":"","overlay-opacity":"","overlay-gradient":""}},"ast-content-background-meta":{"desktop":{"background-color":"var(--ast-global-color-5)","background-image":"","background-repeat":"repeat","background-position":"center center","background-size":"auto","background-attachment":"scroll","background-type":"","background-media":"","overlay-type":"","overlay-color":"","overlay-opacity":"","overlay-gradient":""},"tablet":{"background-color":"var(--ast-global-color-5)","background-image":"","background-repeat":"repeat","background-position":"center center","background-size":"auto","background-attachment":"scroll","background-type":"","background-media":"","overlay-type":"","overlay-color":"","overlay-opacity":"","overlay-gradient":""},"mobile":{"background-color":"var(--ast-global-color-5)","background-image":"","background-repeat":"repeat","background-position":"center center","background-size":"auto","background-attachment":"scroll","background-type":"","background-media":"","overlay-type":"","overlay-color":"","overlay-opacity":"","overlay-gradient":""}}},"product_brand":[],"product_cat":[181],"product_tag":[],"class_list":{"0":"post-10137","1":"product","2":"type-product","3":"status-publish","4":"has-post-thumbnail","6":"product_cat-aceite-aguacate-c60","7":"desktop-align-left","8":"tablet-align-left","9":"mobile-align-left","11":"first","12":"instock","13":"sale","14":"featured","15":"taxable","16":"shipping-taxable","17":"purchasable","18":"product-type-simple"},"acf":[],"_links":{"self":[{"href":"https:\/\/www.vita60.com\/es\/wp-json\/wp\/v2\/product\/10137","targetHints":{"allow":["GET"]}}],"collection":[{"href":"https:\/\/www.vita60.com\/es\/wp-json\/wp\/v2\/product"}],"about":[{"href":"https:\/\/www.vita60.com\/es\/wp-json\/wp\/v2\/types\/product"}],"replies":[{"embeddable":true,"href":"https:\/\/www.vita60.com\/es\/wp-json\/wp\/v2\/comments?post=10137"}],"version-history":[{"count":0,"href":"https:\/\/www.vita60.com\/es\/wp-json\/wp\/v2\/product\/10137\/revisions"}],"wp:featuredmedia":[{"embeddable":true,"href":"https:\/\/www.vita60.com\/es\/wp-json\/wp\/v2\/media\/23989"}],"wp:attachment":[{"href":"https:\/\/www.vita60.com\/es\/wp-json\/wp\/v2\/media?parent=10137"}],"wp:term":[{"taxonomy":"product_brand","embeddable":true,"href":"https:\/\/www.vita60.com\/es\/wp-json\/wp\/v2\/product_brand?post=10137"},{"taxonomy":"product_cat","embeddable":true,"href":"https:\/\/www.vita60.com\/es\/wp-json\/wp\/v2\/product_cat?post=10137"},{"taxonomy":"product_tag","embeddable":true,"href":"https:\/\/www.vita60.com\/es\/wp-json\/wp\/v2\/product_tag?post=10137"}],"curies":[{"name":"wp","href":"https:\/\/api.w.org\/{rel}","templated":true}]}}