{"id":10973,"date":"2020-06-29T00:07:33","date_gmt":"2020-06-29T00:07:33","guid":{"rendered":"https:\/\/www.vita60.com\/sin%20categor\u00eda\/100ml-c60-in-organic-mct-coconut-oil\/"},"modified":"2024-03-14T14:33:11","modified_gmt":"2024-03-14T14:33:11","slug":"100ml-frasco-aceite-de-coco-mct-c60","status":"publish","type":"product","link":"https:\/\/www.vita60.com\/es\/100ml-frasco-aceite-de-coco-mct-c60\/","title":{"rendered":"100ml de aceite de coco MCT BIO C60"},"content":{"rendered":"<div id=\"tab-product-desc\" class=\"tab-pane fade in active\">\n<div class=\"description\">\n<p><strong><img fetchpriority=\"high\" decoding=\"async\" class=\"alignright\" style=\"margin: 5px; float: right;\" src=\"https:\/\/www.vita60.com\/wp-content\/uploads\/2020\/10\/cracked-coconut.png\" alt=\"Coco fresco: perfecto para 100 ml de aceite de coco MCT BIO C60\" width=\"450\" height=\"370\" \/><\/strong>Nuestros aceites de coco elegidos se producen a partir de cocos cultivados en el Pac\u00edfico en granjas que han sido certificadas como org\u00e1nicas tanto por el USDA como por <a href=\"https:\/\/www.ecocert.com\/es\/home\">ECO-CERT<\/a>. Solo usamos lo mejor para nuestras frascos de 100 ml de aceite de coco MCT BIO C60.<\/p>\n<p>El aceite de coco a menudo se conoce como un superalimento debido a su larga lista de propiedades beneficiosas. Estos incluyen salud card\u00edaca, funci\u00f3n cerebral, manejo de la diabetes y p\u00e9rdida de peso. El aceite de coco contiene triglic\u00e9ridos de cadena media (MCT), que son \u00e1cidos grasos espec\u00edficos para que el cuerpo pueda absorberlos r\u00e1pidamente a trav\u00e9s del h\u00edgado. El cuerpo puede convertirlas en cetonas y utilizarlas como una fuente r\u00e1pida de energ\u00eda. El aceite tiene un sabor muy suave y cremoso.<\/p>\n<p><strong><span style=\"font-size: 13pt;\">Otros beneficios incluyen:<\/span><\/strong><\/p>\n<\/div>\n<div class=\"description\">\n<ul type=\"disc\">\n<li>Estimula al cuerpo a quemar el exceso de grasa<\/li>\n<li>Podr\u00eda ayudar a controlar la epilepsia, la enfermedad de Alzheimer y el autismo<\/li>\n<li>Reduce el colesterol<\/li>\n<li>Beneficioso para el cabello, la piel y los dientes<\/li>\n<li>Puede reducir las convulsiones<\/li>\n<li>Puede ayudar en infecciones bacterianas y virales<\/li>\n<\/ul>\n<p>C60 es una mol\u00e9cula de 60 \u00e1tomos de carbono, un miembro del grupo fullereno de mol\u00e9culas de carbono. Es un \u00ab eliminador de radicales libres \u00bb que ayuda a neutralizar los subproductos t\u00f3xicos del metabolismo celular, como resultado, C60 puede ayudar a reducir el da\u00f1o tisular que estas toxinas causan en muchos tipos de enfermedades.<\/p>\n<p>Para nuestras frascos de 100 ml de aceite de coco MCT BIO C60 de alta calidad, utilizamos C60 99,99% puro, sin solventes y aceite MCT de coco org\u00e1nico. Incluimos una peque\u00f1a cantidad de aceite de coco org\u00e1nico sin refinar para que podamos aumentar la cantidad de C60 que se disolver\u00e1 en \u00e9l. Fabricamos todos nuestros productos en el Reino Unido utilizando solo los mejores ingredientes. Por lo tanto, podemos controlar todas las etapas para asegurar que lo que hacemos sea un producto de alta calidad.<\/p>\n<h6>Aquellos que toman C60 en aceite de coco<\/h6>\n<h6>MCT\u00a0org\u00e1nico dicen que tambi\u00e9n han notado beneficios que incluyen:<\/h6>\n<ul type=\"disc\">\n<li>P\u00e9rdida de peso sostenida<\/li>\n<li>Tener m\u00e1s energ\u00eda<\/li>\n<li>Reducci\u00f3n de la sensaci\u00f3n de hambre<\/li>\n<li>Piel hidratada<\/li>\n<li>Digesti\u00f3n mejorada<\/li>\n<li>Aumento de los niveles de concentraci\u00f3n<\/li>\n<\/ul>\n<\/div>\n<div class=\"description\">\n<style type=\"text\/css\">.boxed { border: 2px solid black ;<br \/>padding-top: 3px;<br \/>      padding-right: 3px;<br \/>      padding-bottom: 3px;<br \/>      padding-left: 3px;<br \/>}<\/style>\n<p>Tenga en cuenta: Aquellos que est\u00e9n considerando comprar C60 en aceite de coco MCT deben tener en cuenta que:<\/p>\n<div class=\"boxed\">\n<div id=\":tf\" class=\"a3s aXjCH\">\n<div dir=\"ltr\" style=\"text-align: center;\"><strong>NO es posible disolver 80 mg de C60 en 100 ml de aceite de coco MCT ya que es menos soluble que en cualquiera de los otros aceites C60 disponibles. Como no podemos disolver la misma cantidad de C60 en aceite de coco MCT, vendemos nuestras frascos de 100 ml de C60 en aceite de coco MCT a un precio proporcionalmente m\u00e1s bajo, por lo que a\u00fan recibe el mismo buen valor.<\/strong><\/div>\n<\/div>\n<\/div>\n<\/div>\n<\/div>\n<p><!-- Schema & Structured Data For mini VITA60 organisation - --><script type=\"application\/ld+json\" class=\"saswp-schema-markup-output\">\n[{\"@context\":\"https:\/\/schema.org\",\"@type\":\"Organization\",\"@id\":\"https:\/\/www.vita60.com#Organization\",\"name\":\"VITA60\",\"url\":\"https:\/\/www.vita60.com\/es\/\",\"sameAs\":[],\"logo\":{\"@type\":\"ImageObject\",\"url\":\"https:\/\/www.vita60.com\/wp-content\/uploads\/2020\/07\/VITA60-LOGO.png\",\"width\":\"200\",\"height\":\"100\"}}]\n<\/script><\/p>\n<p><!-- Schema & Structured Data For VITA60 organisation - --><script type=\"application\/ld+json\" class=\"saswp-custom-schema-markup-output\">{\n    \"@context\": \"https:\/\/schema.org\",\n    \"@type\": \"HealthAndBeautyBusiness\",\n    \"image\": \"https:\/\/www.vita60.com\/wp-content\/uploads\/2020\/10\/vita60-logo.png\",\n    \"priceRange\": \"\u00a328.75 - \u00a345.00 por frasco\",\n    \"telephone\": \"+44 (0) 3333 44 99 72\",\n    \"name\": \"VITA60\",\n    \"logo\": \"https:\/\/www.vita60.com\/wp-content\/uploads\/2020\/11\/vita60.png\",\n    \"description\": \"Fabricante de C60 de alta calidad en aceites org\u00e1nicos, produciendo la m\u00e1s amplia gama de aceites disponibles. Libre de solventes, 99,99% de carbono puro 60 fullereno. Establecido desde 2017.\",\n    \"geo\": {\n        \"@type\": \"GeoCoordinates\",\n        \"latitude\": \"52.701882977520036\",\n        \"longitude\": \"-2.5216254000000005\"\n    },\n    \"url\": \"https:\/\/www.vita60.com\/es\/\",\n    \"contactPoint\": {\n        \"@type\": \"ContactPoint\",\n        \"telephone\": \"+44 (0) 3333 44 99 72\",\n        \"contactType\": \"customer service\",\n        \"email\": \"info@vita60.com\",\n        \"contactOption\": \"\",\n        \"areaServed\": \"\",\n        \"availableLanguage\": \"Ingl\u00e9s\"\n    },\n    \"address\": {\n        \"@type\": \"PostalAddress\",\n        \"addressCountry\": \"Reino Unido\",\n        \"addressLocality\": \"Telford\",\n        \"addressRegion\": \"Shropshire\",\n        \"postalCode\": \"TF1 1EB\",\n        \"streetAddress\": \"15 Bridge Road, Wellington\"\n    }\n}<\/script><\/p>\n","protected":false},"excerpt":{"rendered":"<p>Una soluci\u00f3n de 53 mg de C60 99,99% puro, libre de solventes en 100ml de aceite de coco MCT BIO C60<span style=\"font-size: 16px;\">.<\/span><\/p>\n<p><strong>Descuentos disponibles:<\/strong><\/p>\n<ul>\n<li><strong><span style=\"font-size: 13pt;\">Compra 4 frascos<\/span><\/strong>\u00a0y\u00a0<span style=\"font-size: 13pt;\"><strong>ahorre un 5%<\/strong><\/span><\/li>\n<li><strong><span style=\"font-size: 13pt;\">Compra 6 frascos<\/span><\/strong>\u00a0y\u00a0<span style=\"font-size: 13pt;\"><strong>ahorre un 10%<\/strong><\/span><\/li>\n<li><strong><span style=\"font-size: 13pt;\">Compre 11 frascos <\/span><\/strong>y\u00a0<span style=\"font-size: 13pt;\"><strong class=\"benefit\">ahorre un 20%<\/strong><\/span><\/li>\n<\/ul>\n<p><span style=\"font-size: 14pt;\"><b>ENV\u00cdO GRATIS <\/b> <\/span> con cualquier combinaci\u00f3n de 7 o m\u00e1s frascos. *<\/p>\n","protected":false},"featured_media":11033,"comment_status":"open","ping_status":"closed","template":"","meta":{"_acf_changed":false,"_kad_blocks_custom_css":"","_kad_blocks_head_custom_js":"","_kad_blocks_body_custom_js":"","_kad_blocks_footer_custom_js":"","site-sidebar-layout":"default","site-content-layout":"default","ast-site-content-layout":"default","site-content-style":"default","site-sidebar-style":"default","ast-global-header-display":"","ast-banner-title-visibility":"","ast-main-header-display":"","ast-hfb-above-header-display":"","ast-hfb-below-header-display":"","ast-hfb-mobile-header-display":"","site-post-title":"","ast-breadcrumbs-content":"","ast-featured-img":"","footer-sml-layout":"","ast-disable-related-posts":"","theme-transparent-header-meta":"default","adv-header-id-meta":"","stick-header-meta":"","header-above-stick-meta":"","header-main-stick-meta":"","header-below-stick-meta":"","astra-migrate-meta-layouts":"default","ast-page-background-enabled":"default","ast-page-background-meta":{"desktop":{"background-color":"","background-image":"","background-repeat":"repeat","background-position":"center center","background-size":"auto","background-attachment":"scroll","background-type":"","background-media":"","overlay-type":"","overlay-color":"","overlay-opacity":"","overlay-gradient":""},"tablet":{"background-color":"","background-image":"","background-repeat":"repeat","background-position":"center center","background-size":"auto","background-attachment":"scroll","background-type":"","background-media":"","overlay-type":"","overlay-color":"","overlay-opacity":"","overlay-gradient":""},"mobile":{"background-color":"","background-image":"","background-repeat":"repeat","background-position":"center center","background-size":"auto","background-attachment":"scroll","background-type":"","background-media":"","overlay-type":"","overlay-color":"","overlay-opacity":"","overlay-gradient":""}},"ast-content-background-meta":{"desktop":{"background-color":"var(--ast-global-color-5)","background-image":"","background-repeat":"repeat","background-position":"center center","background-size":"auto","background-attachment":"scroll","background-type":"","background-media":"","overlay-type":"","overlay-color":"","overlay-opacity":"","overlay-gradient":""},"tablet":{"background-color":"var(--ast-global-color-5)","background-image":"","background-repeat":"repeat","background-position":"center center","background-size":"auto","background-attachment":"scroll","background-type":"","background-media":"","overlay-type":"","overlay-color":"","overlay-opacity":"","overlay-gradient":""},"mobile":{"background-color":"var(--ast-global-color-5)","background-image":"","background-repeat":"repeat","background-position":"center center","background-size":"auto","background-attachment":"scroll","background-type":"","background-media":"","overlay-type":"","overlay-color":"","overlay-opacity":"","overlay-gradient":""}}},"product_brand":[],"product_cat":[202],"product_tag":[],"class_list":{"0":"post-10973","1":"product","2":"type-product","3":"status-publish","4":"has-post-thumbnail","6":"product_cat-aceite-coco-mct-organico-c60","7":"desktop-align-left","8":"tablet-align-left","9":"mobile-align-left","11":"first","12":"instock","13":"featured","14":"taxable","15":"shipping-taxable","16":"purchasable","17":"product-type-simple"},"acf":[],"taxonomy_info":{"product_cat":[{"value":202,"label":"Aceite de coco MCT org\u00e1nico C60"}]},"featured_image_src_large":["https:\/\/www.vita60.com\/wp-content\/uploads\/2020\/06\/100ml-c60-mct-aceite-de-coco-1024x1024.png",1024,1024,true],"author_info":[],"comment_info":0,"_links":{"self":[{"href":"https:\/\/www.vita60.com\/es\/wp-json\/wp\/v2\/product\/10973","targetHints":{"allow":["GET"]}}],"collection":[{"href":"https:\/\/www.vita60.com\/es\/wp-json\/wp\/v2\/product"}],"about":[{"href":"https:\/\/www.vita60.com\/es\/wp-json\/wp\/v2\/types\/product"}],"replies":[{"embeddable":true,"href":"https:\/\/www.vita60.com\/es\/wp-json\/wp\/v2\/comments?post=10973"}],"version-history":[{"count":0,"href":"https:\/\/www.vita60.com\/es\/wp-json\/wp\/v2\/product\/10973\/revisions"}],"wp:featuredmedia":[{"embeddable":true,"href":"https:\/\/www.vita60.com\/es\/wp-json\/wp\/v2\/media\/11033"}],"wp:attachment":[{"href":"https:\/\/www.vita60.com\/es\/wp-json\/wp\/v2\/media?parent=10973"}],"wp:term":[{"taxonomy":"product_brand","embeddable":true,"href":"https:\/\/www.vita60.com\/es\/wp-json\/wp\/v2\/product_brand?post=10973"},{"taxonomy":"product_cat","embeddable":true,"href":"https:\/\/www.vita60.com\/es\/wp-json\/wp\/v2\/product_cat?post=10973"},{"taxonomy":"product_tag","embeddable":true,"href":"https:\/\/www.vita60.com\/es\/wp-json\/wp\/v2\/product_tag?post=10973"}],"curies":[{"name":"wp","href":"https:\/\/api.w.org\/{rel}","templated":true}]}}