{"id":11089,"date":"2020-06-28T01:13:15","date_gmt":"2020-06-28T01:13:15","guid":{"rendered":"https:\/\/www.vita60.com\/sin%20categor\u00eda\/best-value-8-pack-c60-in-organic-black-seed-oil\/"},"modified":"2024-03-17T16:54:44","modified_gmt":"2024-03-17T16:54:44","slug":"pack-de-8-aceite-de-semilla-negra","status":"publish","type":"product","link":"https:\/\/www.vita60.com\/es\/pack-de-8-aceite-de-semilla-negra\/","title":{"rendered":"La mejor oferta pack de <br>8 aceite de semilla negra BIO C60"},"content":{"rendered":"<div id=\"tab-product-desc\" class=\"tab-pane fade in active\">\n<div class=\"description\">\n<p><strong><img fetchpriority=\"high\" decoding=\"async\" class=\"alignright\" style=\"margin: 5px; float: right;\" src=\"https:\/\/www.vita60.com\/wp-content\/uploads\/2020\/10\/black-nigella-seeds-and-flower.png\" alt=\"black nigella seeds and flower for 8 Pack C60 Organic Black Seed Oil\" width=\"500\" height=\"383\" \/><\/strong>Para nuestro pack de 8 aceite de semilla negra BIO C60, hemos seleccionado un aceite org\u00e1nico prensado en fr\u00edo de granjas org\u00e1nicas seleccionadas en Egipto. El prensado en fr\u00edo de las semillas crea un aceite superior. Esto se debe a que conserva las bondades naturales y las propiedades medicinales del aceite.<\/p>\n<p>La semilla negra o <em>Nigella sativa<\/em> es un peque\u00f1o arbusto de flores con flores de color p\u00farpura o blanco. Ha crecido en Oriente Medio, Europa del Este y Asia Occidental durante miles de a\u00f1os. Cuando los arque\u00f3logos excavaron la tumba del rey Tut, encontraron semillas negras, enfatizando su importancia en la historia para la curaci\u00f3n y protecci\u00f3n.<\/p>\n<p>Tomar aceite de semilla negra con regularidad puede reducir la presi\u00f3n arterial alta. Tambi\u00e9n reduce los niveles de colesterol y, por lo tanto, promueve la salud del coraz\u00f3n. Tambi\u00e9n se ha asociado con la mejora de los s\u00edntomas de la <a href=\"https:\/\/www.vita60.com\/es\/c60-alivia-la-rigidez-y-los-brotes-de-artritis\/\">artritis reumatoide<\/a> y ayudando a disminuir los efectos del asma. Adem\u00e1s de esto, a menudo se recomienda para ayudar a reducir los efectos de muchas afecciones de la piel, como el acn\u00e9 y la <a href=\"https:\/\/www.vita60.com\/psoriasis-sufferers-dramatic-improvement\/\">psoriasis<\/a>, adem\u00e1s de mejorar la condici\u00f3n del cabello. El aceite tiene un sabor medicinal intenso, sin embargo el nuestro tiene un sabor redondeado suave y relativamente suave.<\/p>\n<p><span style=\"font-size: 13pt;\"><strong>Otros beneficios incluyen:<\/strong><\/span><\/p>\n<ul type=\"disc\">\n<li>Funci\u00f3n inmunol\u00f3gica mejorada<\/li>\n<li>Inflamaci\u00f3n reducida<\/li>\n<li>Puede aliviar los problemas gastrointestinales<\/li>\n<li>Ayuda a la cicatrizaci\u00f3n de heridas<\/li>\n<li>Hidrata la piel<\/li>\n<li>Digesti\u00f3n mejorada<\/li>\n<\/ul>\n<p>C60 es una mol\u00e9cula de 60 \u00e1tomos de carbono, un miembro del grupo fullereno de mol\u00e9culas de carbono. Es un \u00ab<em>eliminador de radicales libres\u00bb<\/em>\u00a0que ayuda a neutralizar los subproductos t\u00f3xicos del metabolismo celular, que causan da\u00f1o tisular en muchos tipos de enfermedades, particularmente en las afecciones inflamatorias cr\u00f3nicas.<\/p>\n<p>Para nuestro pack de 8 aceite de semilla negra BIO C60 de alta calidad, utilizamos C60 99.99% puro libre de solventes y aceite de semilla negro org\u00e1nico. Realizamos todo el proceso de elaboraci\u00f3n de nuestros aceites nosotros mismos. De esta forma podemos asegurarnos de que sea de la m\u00e1s alta calidad.<\/p>\n<h6>Aquellos que toman C60 en aceite de semilla negra dicen que tambi\u00e9n han notado beneficios que incluyen:<\/h6>\n<ul type=\"disc\">\n<li>M\u00e1s resistencia<\/li>\n<li>Piel y complexi\u00f3n de aspecto saludable<\/li>\n<li>Reducci\u00f3n del enrojecimiento y picaz\u00f3n en el eccema<\/li>\n<li>Cabello brillante y saludable<\/li>\n<\/ul>\n<\/div>\n<\/div>\n<p><!-- Schema & Structured Data For mini VITA60 organisation - --><script type=\"application\/ld+json\" class=\"saswp-schema-markup-output\">\n[{\"@context\":\"https:\/\/schema.org\",\"@type\":\"Organization\",\"@id\":\"https:\/\/www.vita60.com#Organization\",\"name\":\"VITA60\",\"url\":\"https:\/\/www.vita60.com\/es\/\",\"sameAs\":[],\"logo\":{\"@type\":\"ImageObject\",\"url\":\"https:\/\/www.vita60.com\/wp-content\/uploads\/2020\/07\/VITA60-LOGO.png\",\"width\":\"200\",\"height\":\"100\"}}]\n<\/script><\/p>\n<p><!-- Schema & Structured Data For VITA60 organisation - --><script type=\"application\/ld+json\" class=\"saswp-custom-schema-markup-output\">{\n    \"@context\": \"https:\/\/schema.org\",\n    \"@type\": \"HealthAndBeautyBusiness\",\n    \"image\": \"https:\/\/www.vita60.com\/wp-content\/uploads\/2020\/10\/vita60-logo.png\",\n    \"priceRange\": \"\u00a328.75 - \u00a345.00 por frasco\",\n    \"telephone\": \"+44 (0) 3333 44 99 72\",\n    \"name\": \"VITA60\",\n    \"logo\": \"https:\/\/www.vita60.com\/wp-content\/uploads\/2020\/11\/vita60.png\",\n    \"description\": \"Fabricante de C60 de alta calidad en aceites org\u00e1nicos, produciendo la m\u00e1s amplia gama de aceites disponibles. Libre de solventes, 99,99% de carbono puro 60 fullereno. Establecido desde 2017.\",\n    \"geo\": {\n        \"@type\": \"GeoCoordinates\",\n        \"latitude\": \"52.701882977520036\",\n        \"longitude\": \"-2.5216254000000005\"\n    },\n    \"url\": \"https:\/\/www.vita60.com\/es\/\",\n    \"contactPoint\": {\n        \"@type\": \"ContactPoint\",\n        \"telephone\": \"+44 (0) 3333 44 99 72\",\n        \"contactType\": \"customer service\",\n        \"email\": \"info@vita60.com\",\n        \"contactOption\": \"\",\n        \"areaServed\": \"\",\n        \"availableLanguage\": \"Ingl\u00e9s\"\n    },\n    \"address\": {\n        \"@type\": \"PostalAddress\",\n        \"addressCountry\": \"Reino Unido\",\n        \"addressLocality\": \"Telford\",\n        \"addressRegion\": \"Shropshire\",\n        \"postalCode\": \"TF1 1EB\",\n        \"streetAddress\": \"15 Bridge Road, Wellington\"\n    }\n}<\/script><\/p>\n","protected":false},"excerpt":{"rendered":"<p><span style=\"font-size: 22pt;\"><b>Ahorre 20%<\/b><\/span><\/p>\n<p>Paquete econ\u00f3mico de C60 99,99% puro en aceite de semilla negra<\/p>\n<p>8 frascos de 100 ml de C60 en aceite de semilla negra org\u00e1nico<\/p>\n<p>M\u00e1s del 20% de descuento sobre el precio de un frasco. Equivalente a <b>[aelia_cs_currency_amount amount=\"36.00\" formatted=\"1|1\" from_currency=\"GBP\"]\u00a0por frasco<\/b><\/p>\n<p><b><strong>Env\u00edo gratis con este pedido<\/strong><\/b><\/p>\n","protected":false},"featured_media":12325,"comment_status":"open","ping_status":"closed","template":"","meta":{"_acf_changed":false,"site-sidebar-layout":"default","site-content-layout":"default","ast-site-content-layout":"default","site-content-style":"default","site-sidebar-style":"default","ast-global-header-display":"","ast-banner-title-visibility":"","ast-main-header-display":"","ast-hfb-above-header-display":"","ast-hfb-below-header-display":"","ast-hfb-mobile-header-display":"","site-post-title":"","ast-breadcrumbs-content":"","ast-featured-img":"","footer-sml-layout":"","ast-disable-related-posts":"","theme-transparent-header-meta":"default","adv-header-id-meta":"","stick-header-meta":"","header-above-stick-meta":"","header-main-stick-meta":"","header-below-stick-meta":"","astra-migrate-meta-layouts":"default","ast-page-background-enabled":"default","ast-page-background-meta":{"desktop":{"background-color":"","background-image":"","background-repeat":"repeat","background-position":"center center","background-size":"auto","background-attachment":"scroll","background-type":"","background-media":"","overlay-type":"","overlay-color":"","overlay-opacity":"","overlay-gradient":""},"tablet":{"background-color":"","background-image":"","background-repeat":"repeat","background-position":"center center","background-size":"auto","background-attachment":"scroll","background-type":"","background-media":"","overlay-type":"","overlay-color":"","overlay-opacity":"","overlay-gradient":""},"mobile":{"background-color":"","background-image":"","background-repeat":"repeat","background-position":"center center","background-size":"auto","background-attachment":"scroll","background-type":"","background-media":"","overlay-type":"","overlay-color":"","overlay-opacity":"","overlay-gradient":""}},"ast-content-background-meta":{"desktop":{"background-color":"var(--ast-global-color-5)","background-image":"","background-repeat":"repeat","background-position":"center center","background-size":"auto","background-attachment":"scroll","background-type":"","background-media":"","overlay-type":"","overlay-color":"","overlay-opacity":"","overlay-gradient":""},"tablet":{"background-color":"var(--ast-global-color-5)","background-image":"","background-repeat":"repeat","background-position":"center center","background-size":"auto","background-attachment":"scroll","background-type":"","background-media":"","overlay-type":"","overlay-color":"","overlay-opacity":"","overlay-gradient":""},"mobile":{"background-color":"var(--ast-global-color-5)","background-image":"","background-repeat":"repeat","background-position":"center center","background-size":"auto","background-attachment":"scroll","background-type":"","background-media":"","overlay-type":"","overlay-color":"","overlay-opacity":"","overlay-gradient":""}}},"product_brand":[],"product_cat":[194],"product_tag":[],"class_list":{"0":"post-11089","1":"product","2":"type-product","3":"status-publish","4":"has-post-thumbnail","6":"product_cat-aceite-semilla-negra-c60","7":"desktop-align-left","8":"tablet-align-left","9":"mobile-align-left","11":"first","12":"instock","13":"sale","14":"featured","15":"taxable","16":"shipping-taxable","17":"purchasable","18":"product-type-variable","19":"has-default-attributes"},"acf":[],"_links":{"self":[{"href":"https:\/\/www.vita60.com\/es\/wp-json\/wp\/v2\/product\/11089","targetHints":{"allow":["GET"]}}],"collection":[{"href":"https:\/\/www.vita60.com\/es\/wp-json\/wp\/v2\/product"}],"about":[{"href":"https:\/\/www.vita60.com\/es\/wp-json\/wp\/v2\/types\/product"}],"replies":[{"embeddable":true,"href":"https:\/\/www.vita60.com\/es\/wp-json\/wp\/v2\/comments?post=11089"}],"version-history":[{"count":0,"href":"https:\/\/www.vita60.com\/es\/wp-json\/wp\/v2\/product\/11089\/revisions"}],"wp:featuredmedia":[{"embeddable":true,"href":"https:\/\/www.vita60.com\/es\/wp-json\/wp\/v2\/media\/12325"}],"wp:attachment":[{"href":"https:\/\/www.vita60.com\/es\/wp-json\/wp\/v2\/media?parent=11089"}],"wp:term":[{"taxonomy":"product_brand","embeddable":true,"href":"https:\/\/www.vita60.com\/es\/wp-json\/wp\/v2\/product_brand?post=11089"},{"taxonomy":"product_cat","embeddable":true,"href":"https:\/\/www.vita60.com\/es\/wp-json\/wp\/v2\/product_cat?post=11089"},{"taxonomy":"product_tag","embeddable":true,"href":"https:\/\/www.vita60.com\/es\/wp-json\/wp\/v2\/product_tag?post=11089"}],"curies":[{"name":"wp","href":"https:\/\/api.w.org\/{rel}","templated":true}]}}