{"id":11153,"date":"2020-06-28T01:07:09","date_gmt":"2020-06-28T01:07:09","guid":{"rendered":"https:\/\/www.vita60.com\/sin%20categor\u00eda\/good-value-4-pack-c60-in-organic-black-seed-oil\/"},"modified":"2023-12-13T19:48:17","modified_gmt":"2023-12-13T19:48:17","slug":"pack-de-4-aceite-de-semilla-negra","status":"publish","type":"product","link":"https:\/\/www.vita60.com\/es\/pack-de-4-aceite-de-semilla-negra\/","title":{"rendered":"Chollo pack de 4 aceite de semilla negra BIO C60"},"content":{"rendered":"<div id=\"tab-product-desc\" class=\"tab-pane fade in active\">\n<div class=\"description\">\n<p><strong><img fetchpriority=\"high\" decoding=\"async\" class=\"alignright\" style=\"margin: 5px; float: right;\" src=\"https:\/\/www.vita60.com\/wp-content\/uploads\/2020\/10\/flowers-and-seeds-of-black-seed.png\" alt=\"Flores y semillas de semilla negra paquete de 4 C60 Aceite de semilla negra org\u00e1nico\" width=\"500\" height=\"383\" \/><\/strong>En nuestro pack de 4 frascos de aceite de semilla negra BIO C60 a buen precio, encontrar\u00e1 un aceite egipcio de agricultores org\u00e1nicos seleccionados. Existe una larga historia de cultivo de semillas negras en la regi\u00f3n que se remonta al menos a los faraones. Elegimos este aceite org\u00e1nico prensado en fr\u00edo egipcio por varias razones.<\/p>\n<p>Es org\u00e1nico, la opci\u00f3n preferida de muchos, ya que est\u00e1 libre de qu\u00edmicos y es \u00e9tico. Los procesos involucrados en la fabricaci\u00f3n de aceite prensado en fr\u00edo no involucran calor ni productos qu\u00edmicos, por lo que retiene todos los beneficios para la salud del aceite. El aceite de semilla negra tiene un sabor muy fuerte. Este aceite tiene todas las bondades del aceite de semilla negra, pero un sabor redondeado suave y relativamente suave.<\/p>\n<p>Tomar aceite de semilla negra con regularidad puede reducir la presi\u00f3n arterial alta y los niveles de colesterol y, por lo tanto, promover la salud del coraz\u00f3n. Tambi\u00e9n se ha asociado con la mejora de los s\u00edntomas de la <a href=\"https:\/\/www.vita60.com\/es\/c60-alivia-la-rigidez-y-los-brotes-de-artritis\/\">artritis reumatoide<\/a> y tambi\u00e9n ayudando a reducir los efectos del asma. Adem\u00e1s, a menudo se recomienda su uso para ayudar a mejorar muchas afecciones de la piel, como el acn\u00e9 y la <a href=\"https:\/\/www.vita60.com\/es\/aceite-de-oliva-c60-psoriasis\/\">psoriasis<\/a>, adem\u00e1s de mejorar la condici\u00f3n del cabello.<\/p>\n<p><span style=\"font-size: 13pt;\"><strong>Otros beneficios incluyen:<\/strong><\/span><\/p>\n<ul type=\"disc\">\n<li>Funci\u00f3n inmunol\u00f3gica mejorada<\/li>\n<li>Inflamaci\u00f3n reducida<\/li>\n<li>Puede aliviar los problemas gastrointestinales<\/li>\n<li>Ayuda a la cicatrizaci\u00f3n de heridas<\/li>\n<li>Hidrata la piel<\/li>\n<li>Digesti\u00f3n mejorada<\/li>\n<\/ul>\n<p>C60 es una mol\u00e9cula de 60 \u00e1tomos de carbono, un miembro del grupo fullereno de mol\u00e9culas de carbono. Es un \u00ab<em>eliminador de radicales libres\u00bb<\/em>\u00a0que ayuda a neutralizar los subproductos t\u00f3xicos del metabolismo celular, que causan da\u00f1o tisular en muchos tipos de enfermedades, particularmente en las afecciones inflamatorias cr\u00f3nicas.<\/p>\n<p>Fabricamos todos nuestros aceites C60 en el Reino Unido utilizando solo los mejores ingredientes. Como resultado, nuestro pack de 4 aceite de semilla negra BIO C60 de buen precio, contiene aceite de semilla negra de primera calidad de Egipto. Adem\u00e1s de contener un 99,99% de fullereno C60 puro sin disolventes. Realizamos todos los procesos en la elaboraci\u00f3n de nuestros aceites y as\u00ed podemos asegurarnos de que sea de la m\u00e1s alta calidad que esperan nuestros clientes.<\/p>\n<h6>Aquellos que toman C60 en aceite de semilla negra dicen que tambi\u00e9n han notado beneficios que incluyen:<\/h6>\n<ul type=\"disc\">\n<li>M\u00e1s resistencia<\/li>\n<li>Piel y complexi\u00f3n de aspecto saludable<\/li>\n<li>Reducci\u00f3n del enrojecimiento y picaz\u00f3n en el eccema<\/li>\n<li>Cabello brillante y saludable<\/li>\n<\/ul>\n<\/div>\n<\/div>\n<p>https:\/\/www.vita60.com\/es\/aceite-canamo-c60\/pack-de-8-aceite-de-canamo\/<\/p>\n<p><!-- Schema & Structured Data For mini VITA60 organisation - --><script type=\"application\/ld+json\" class=\"saswp-schema-markup-output\">\n[{\"@context\":\"https:\/\/schema.org\",\"@type\":\"Organization\",\"@id\":\"https:\/\/www.vita60.com#Organization\",\"name\":\"VITA60\",\"url\":\"https:\/\/www.vita60.com\/es\/\",\"sameAs\":[],\"logo\":{\"@type\":\"ImageObject\",\"url\":\"https:\/\/www.vita60.com\/wp-content\/uploads\/2020\/07\/VITA60-LOGO.png\",\"width\":\"200\",\"height\":\"100\"}}]\n<\/script><\/p>\n<p><!-- Schema & Structured Data For VITA60 organisation - --><script type=\"application\/ld+json\" class=\"saswp-custom-schema-markup-output\">{\n    \"@context\": \"https:\/\/schema.org\",\n    \"@type\": \"HealthAndBeautyBusiness\",\n    \"image\": \"https:\/\/www.vita60.com\/wp-content\/uploads\/2020\/10\/vita60-logo.png\",\n    \"priceRange\": \"\u00a328.75 - \u00a345.00 por frasco\",\n    \"telephone\": \"+44 (0) 3333 44 99 72\",\n    \"name\": \"VITA60\",\n    \"logo\": \"https:\/\/www.vita60.com\/wp-content\/uploads\/2020\/11\/vita60.png\",\n    \"description\": \"Fabricante de C60 de alta calidad en aceites org\u00e1nicos, produciendo la m\u00e1s amplia gama de aceites disponibles. Libre de solventes, 99,99% de carbono puro 60 fullereno. Establecido desde 2017.\",\n    \"geo\": {\n        \"@type\": \"GeoCoordinates\",\n        \"latitude\": \"52.701882977520036\",\n        \"longitude\": \"-2.5216254000000005\"\n    },\n    \"url\": \"https:\/\/www.vita60.com\/es\/\",\n    \"contactPoint\": {\n        \"@type\": \"ContactPoint\",\n        \"telephone\": \"+44 (0) 3333 44 99 72\",\n        \"contactType\": \"customer service\",\n        \"email\": \"info@vita60.com\",\n        \"contactOption\": \"\",\n        \"areaServed\": \"\",\n        \"availableLanguage\": \"Ingl\u00e9s\"\n    },\n    \"address\": {\n        \"@type\": \"PostalAddress\",\n        \"addressCountry\": \"Reino Unido\",\n        \"addressLocality\": \"Telford\",\n        \"addressRegion\": \"Shropshire\",\n        \"postalCode\": \"TF1 1EB\",\n        \"streetAddress\": \"15 Bridge Road, Wellington\"\n    }\n}<\/script><\/p>\n<p>&nbsp;<\/p>\n","protected":false},"excerpt":{"rendered":"<p><span style=\"font-size: 22pt;\"><b>Ahorre [aelia_cs_currency_amount amount=\"20.00\" formatted=\"1|1\" from_currency=\"GBP\"]<\/b><\/span><\/p>\n<p>Paquete econ\u00f3mico de C60 99,99% puro en aceite de semilla negra<\/p>\n<p>4 frascos de 100 ml de C60 en aceite de semilla negra org\u00e1nico<\/p>\n<p>M\u00e1s 10% de descuento sobre el precio de un frasco. Equivalente a <b>[aelia_cs_currency_amount amount=\"40.00\" formatted=\"1|1\" from_currency=\"GBP\"] por frasco<\/b><\/p>\n<p><b>Env\u00edo gratuito con cualquier combinaci\u00f3n de 5 o m\u00e1s frascos.*<\/b><\/p>\n","protected":false},"featured_media":11154,"comment_status":"open","ping_status":"closed","template":"","meta":{"_acf_changed":false,"site-sidebar-layout":"default","site-content-layout":"default","ast-site-content-layout":"default","site-content-style":"default","site-sidebar-style":"default","ast-global-header-display":"","ast-banner-title-visibility":"","ast-main-header-display":"","ast-hfb-above-header-display":"","ast-hfb-below-header-display":"","ast-hfb-mobile-header-display":"","site-post-title":"","ast-breadcrumbs-content":"","ast-featured-img":"","footer-sml-layout":"","ast-disable-related-posts":"","theme-transparent-header-meta":"default","adv-header-id-meta":"","stick-header-meta":"","header-above-stick-meta":"","header-main-stick-meta":"","header-below-stick-meta":"","astra-migrate-meta-layouts":"default","ast-page-background-enabled":"default","ast-page-background-meta":{"desktop":{"background-color":"","background-image":"","background-repeat":"repeat","background-position":"center center","background-size":"auto","background-attachment":"scroll","background-type":"","background-media":"","overlay-type":"","overlay-color":"","overlay-opacity":"","overlay-gradient":""},"tablet":{"background-color":"","background-image":"","background-repeat":"repeat","background-position":"center center","background-size":"auto","background-attachment":"scroll","background-type":"","background-media":"","overlay-type":"","overlay-color":"","overlay-opacity":"","overlay-gradient":""},"mobile":{"background-color":"","background-image":"","background-repeat":"repeat","background-position":"center center","background-size":"auto","background-attachment":"scroll","background-type":"","background-media":"","overlay-type":"","overlay-color":"","overlay-opacity":"","overlay-gradient":""}},"ast-content-background-meta":{"desktop":{"background-color":"var(--ast-global-color-5)","background-image":"","background-repeat":"repeat","background-position":"center center","background-size":"auto","background-attachment":"scroll","background-type":"","background-media":"","overlay-type":"","overlay-color":"","overlay-opacity":"","overlay-gradient":""},"tablet":{"background-color":"var(--ast-global-color-5)","background-image":"","background-repeat":"repeat","background-position":"center center","background-size":"auto","background-attachment":"scroll","background-type":"","background-media":"","overlay-type":"","overlay-color":"","overlay-opacity":"","overlay-gradient":""},"mobile":{"background-color":"var(--ast-global-color-5)","background-image":"","background-repeat":"repeat","background-position":"center center","background-size":"auto","background-attachment":"scroll","background-type":"","background-media":"","overlay-type":"","overlay-color":"","overlay-opacity":"","overlay-gradient":""}}},"product_brand":[],"product_cat":[194],"product_tag":[],"class_list":{"0":"post-11153","1":"product","2":"type-product","3":"status-publish","4":"has-post-thumbnail","6":"product_cat-aceite-semilla-negra-c60","7":"desktop-align-left","8":"tablet-align-left","9":"mobile-align-left","11":"first","12":"instock","13":"sale","14":"featured","15":"taxable","16":"shipping-taxable","17":"purchasable","18":"product-type-variable","19":"has-default-attributes"},"acf":[],"_links":{"self":[{"href":"https:\/\/www.vita60.com\/es\/wp-json\/wp\/v2\/product\/11153","targetHints":{"allow":["GET"]}}],"collection":[{"href":"https:\/\/www.vita60.com\/es\/wp-json\/wp\/v2\/product"}],"about":[{"href":"https:\/\/www.vita60.com\/es\/wp-json\/wp\/v2\/types\/product"}],"replies":[{"embeddable":true,"href":"https:\/\/www.vita60.com\/es\/wp-json\/wp\/v2\/comments?post=11153"}],"version-history":[{"count":0,"href":"https:\/\/www.vita60.com\/es\/wp-json\/wp\/v2\/product\/11153\/revisions"}],"wp:featuredmedia":[{"embeddable":true,"href":"https:\/\/www.vita60.com\/es\/wp-json\/wp\/v2\/media\/11154"}],"wp:attachment":[{"href":"https:\/\/www.vita60.com\/es\/wp-json\/wp\/v2\/media?parent=11153"}],"wp:term":[{"taxonomy":"product_brand","embeddable":true,"href":"https:\/\/www.vita60.com\/es\/wp-json\/wp\/v2\/product_brand?post=11153"},{"taxonomy":"product_cat","embeddable":true,"href":"https:\/\/www.vita60.com\/es\/wp-json\/wp\/v2\/product_cat?post=11153"},{"taxonomy":"product_tag","embeddable":true,"href":"https:\/\/www.vita60.com\/es\/wp-json\/wp\/v2\/product_tag?post=11153"}],"curies":[{"name":"wp","href":"https:\/\/api.w.org\/{rel}","templated":true}]}}