{"id":8691,"date":"2020-06-29T00:22:13","date_gmt":"2020-08-12T01:28:48","guid":{"rendered":"https:\/\/www.vita60.com\/sin%20categor\u00eda\/buen-valor-paquete-de-4-c60-en-aceite-de-oliva\/"},"modified":"2024-03-25T06:25:42","modified_gmt":"2024-03-25T06:25:42","slug":"pack-de-4-aceite-de-oliva","status":"publish","type":"product","link":"https:\/\/www.vita60.com\/es\/pack-de-4-aceite-de-oliva\/","title":{"rendered":"Chollo pack de 4 <br>aceite de oliva BIO C60"},"content":{"rendered":"<div id=\"tab-product-desc\" class=\"tab-pane fade in active\">\n<div class=\"description\">\n<p><strong><img fetchpriority=\"high\" decoding=\"async\" class=\"alignright\" style=\"margin: 5px; float: right;\" src=\"https:\/\/www.vita60.com\/wp-content\/uploads\/2020\/10\/black-olives.png\" alt=\"Black olives on the tree - perfect for 4 Pack C60 Organic Olive Oil\" width=\"500\" height=\"383\" \/><\/strong>Para nuestro pack de 4 aceite de oliva BIO C60 a buen precio en aceite de oliva org\u00e1nico, elegimos un aceite producido a partir de aceitunas Koroneiki. Estos se cultivan org\u00e1nicamente en la regi\u00f3n de Chania en el norte de Creta, un \u00e1rea que recibi\u00f3 el estatus de Indicaci\u00f3n Geogr\u00e1fica Protegida de la UE. Por lo tanto, estamos seguros de que no podr\u00e1 comprar un carbono C60 de mejor calidad en aceite de oliva en ning\u00fan lugar.<\/p>\n<p>El aceite de oliva es rico en grasas monoinsaturadas saludables y tambi\u00e9n es una fuente de vitamina E. El aceite de oliva org\u00e1nico extra virgen de Creta es de calidad superior porque contiene grandes cantidades de antioxidantes. Los antioxidantes tambi\u00e9n ayudan a reducir una variedad de enfermedades cr\u00f3nicas. Los antioxidantes tambi\u00e9n ayudan a combatir y reducir la inflamaci\u00f3n y reducir el colesterol en sangre, que son esenciales para un coraz\u00f3n sano. Para que su cuerpo absorba C60, tiene que estar en soluci\u00f3n. El aceite de oliva org\u00e1nico disuelve el fullereno C60, que luego le permite neutralizar los radicales libres da\u00f1inos en el cuerpo. C60 en aceite de oliva virgen extra tiene un distintivo sabor a pimienta.<\/p>\n<p><strong><span style=\"font-size: 13pt;\">Otros beneficios incluyen:<\/span><\/strong><\/p>\n<ul type=\"disc\">\n<li style=\"list-style-type: none;\">\n<ul type=\"disc\">\n<li>Reduce el riesgo de diabetes tipo 2<\/li>\n<li>Puede ayudar a prevenir accidentes cerebrovasculares<\/li>\n<li>Puede ayudar a prevenir la enfermedad de <a href=\"https:\/\/www.vita60.com\/es\/puede-prevenir-la-causa-de-la-acumulacion-de-placa-amiloide\/\">Alzheimer<\/a><\/li>\n<li>Puede ayudar a tratar<a href=\"https:\/\/www.vita60.com\/es\/c60-alivia-la-rigidez-y-los-brotes-de-artritis\/\">\u00a0la artritis reumatoide<\/a><\/li>\n<\/ul>\n<\/li>\n<\/ul>\n<p>C60 es una mol\u00e9cula de 60 \u00e1tomos de carbono que ayuda a neutralizar los subproductos t\u00f3xicos del metabolismo celular, que causan da\u00f1o tisular en muchos tipos de enfermedades.<\/p>\n<p>Nuestro pack de 4 aceite de oliva BIO C60 de alta calidad est\u00e1 elaborado con C60 99,99% puro libre de disolventes y aceite de oliva virgen extra cretiano org\u00e1nico, probado por el Instituto de Inspecci\u00f3n de Productos Org\u00e1nicos (<a href=\"https:\/\/www.biohellasgr.com\/en\/\">BIOhellas<\/a>). Nuestros productos se fabrican en el Reino Unido utilizando solo los mejores ingredientes.<\/p>\n<h6>Aquellos que toman C60 en aceite de oliva dicen que tambi\u00e9n han notado beneficios que incluyen:<\/h6>\n<ul type=\"disc\">\n<li style=\"list-style-type: none;\">\n<ul type=\"disc\">\n<li>Recuperaci\u00f3n y crecimiento de piel sana en <a href=\"https:\/\/www.vita60.com\/es\/aceite-de-oliva-c60-psoriasis\/\">psoriasis<\/a><\/li>\n<li>Reducir el enrojecimiento y la picaz\u00f3n en el eccema.<\/li>\n<li>Mejor recuperaci\u00f3n despu\u00e9s del ejercicio y m\u00e1s vitalidad.<\/li>\n<li>Una ayuda para adelgazar<\/li>\n<li>Tez radiante y menos arrugas<\/li>\n<li>Ayuda contra el s\u00edndrome metab\u00f3lico<\/li>\n<li>Ayuda contra la osteoporosis<\/li>\n<\/ul>\n<\/li>\n<\/ul>\n<\/div>\n<\/div>\n<p><!-- Schema & Structured Data For mini VITA60 organisation - --><script type=\"application\/ld+json\" class=\"saswp-schema-markup-output\">\n[{\"@context\":\"https:\/\/schema.org\",\"@type\":\"Organization\",\"@id\":\"https:\/\/www.vita60.com#Organization\",\"name\":\"VITA60\",\"url\":\"https:\/\/www.vita60.com\/es\/\",\"sameAs\":[],\"logo\":{\"@type\":\"ImageObject\",\"url\":\"https:\/\/www.vita60.com\/wp-content\/uploads\/2020\/07\/VITA60-LOGO.png\",\"width\":\"200\",\"height\":\"100\"}}]\n<\/script><\/p>\n<p><!-- Schema & Structured Data For VITA60 organisation - --><script type=\"application\/ld+json\" class=\"saswp-custom-schema-markup-output\">{\n    \"@context\": \"https:\/\/schema.org\",\n    \"@type\": \"HealthAndBeautyBusiness\",\n    \"image\": \"https:\/\/www.vita60.com\/wp-content\/uploads\/2020\/10\/vita60-logo.png\",\n    \"priceRange\": \"\u00a328.75 - \u00a345.00 por frasco\",\n    \"telephone\": \"+44 (0) 3333 44 99 72\",\n    \"name\": \"VITA60\",\n    \"logo\": \"https:\/\/www.vita60.com\/wp-content\/uploads\/2020\/11\/vita60.png\",\n    \"description\": \"Fabricante de C60 de alta calidad en aceites org\u00e1nicos, produciendo la m\u00e1s amplia gama de aceites disponibles. Libre de solventes, 99,99% de carbono puro 60 fullereno. Establecido desde 2017.\",\n    \"geo\": {\n        \"@type\": \"GeoCoordinates\",\n        \"latitude\": \"52.701882977520036\",\n        \"longitude\": \"-2.5216254000000005\"\n    },\n    \"url\": \"https:\/\/www.vita60.com\/es\/\",\n    \"contactPoint\": {\n        \"@type\": \"ContactPoint\",\n        \"telephone\": \"+44 (0) 3333 44 99 72\",\n        \"contactType\": \"customer service\",\n        \"email\": \"info@vita60.com\",\n        \"contactOption\": \"\",\n        \"areaServed\": \"\",\n        \"availableLanguage\": \"Ingl\u00e9s\"\n    },\n    \"address\": {\n        \"@type\": \"PostalAddress\",\n        \"addressCountry\": \"Reino Unido\",\n        \"addressLocality\": \"Telford\",\n        \"addressRegion\": \"Shropshire\",\n        \"postalCode\": \"TF1 1EB\",\n        \"streetAddress\": \"15 Bridge Road, Wellington\"\n    }\n}<\/script><\/p>\n","protected":false},"excerpt":{"rendered":"<p><span style=\"font-size: 22pt;\"><b>Ahorra 10%<\/b><\/span><\/p>\n<p>Paquete econ\u00f3mico de C60 99,99% puro en aceite de oliva<\/p>\n<p>4 frascos de 100ml de 80mg C60 en aceite de oliva virgen extra ecol\u00f3gico<\/p>\n<ul>\n<li><strong><span style=\"font-size: 13pt;\">Compra 4 frascos<\/span><\/strong>\u00a0<span style=\"font-size: 13pt;\"><strong>ahorrando <\/strong>un<strong> 10%<\/strong><\/span><\/li>\n<li><strong><span style=\"font-size: 13pt;\">Compra 8 frascos ahorrando un <\/span><\/strong><span style=\"font-size: 13pt;\"><strong class=\"benefit\">20%<\/strong><\/span><\/li>\n<\/ul>\n<p><span style=\"font-size: 14pt;\"><b>ENV\u00cdO GRATUITO <\/b><\/span>con cualquier combinaci\u00f3n de 5 o m\u00e1s frascos.*<\/p>\n","protected":false},"featured_media":12082,"comment_status":"open","ping_status":"closed","template":"","meta":{"_acf_changed":false,"site-sidebar-layout":"default","site-content-layout":"default","ast-site-content-layout":"default","site-content-style":"default","site-sidebar-style":"default","ast-global-header-display":"","ast-banner-title-visibility":"","ast-main-header-display":"","ast-hfb-above-header-display":"","ast-hfb-below-header-display":"","ast-hfb-mobile-header-display":"","site-post-title":"","ast-breadcrumbs-content":"","ast-featured-img":"","footer-sml-layout":"","ast-disable-related-posts":"","theme-transparent-header-meta":"default","adv-header-id-meta":"","stick-header-meta":"","header-above-stick-meta":"","header-main-stick-meta":"","header-below-stick-meta":"","astra-migrate-meta-layouts":"default","ast-page-background-enabled":"default","ast-page-background-meta":{"desktop":{"background-color":"","background-image":"","background-repeat":"repeat","background-position":"center center","background-size":"auto","background-attachment":"scroll","background-type":"","background-media":"","overlay-type":"","overlay-color":"","overlay-opacity":"","overlay-gradient":""},"tablet":{"background-color":"","background-image":"","background-repeat":"repeat","background-position":"center center","background-size":"auto","background-attachment":"scroll","background-type":"","background-media":"","overlay-type":"","overlay-color":"","overlay-opacity":"","overlay-gradient":""},"mobile":{"background-color":"","background-image":"","background-repeat":"repeat","background-position":"center center","background-size":"auto","background-attachment":"scroll","background-type":"","background-media":"","overlay-type":"","overlay-color":"","overlay-opacity":"","overlay-gradient":""}},"ast-content-background-meta":{"desktop":{"background-color":"var(--ast-global-color-5)","background-image":"","background-repeat":"repeat","background-position":"center center","background-size":"auto","background-attachment":"scroll","background-type":"","background-media":"","overlay-type":"","overlay-color":"","overlay-opacity":"","overlay-gradient":""},"tablet":{"background-color":"var(--ast-global-color-5)","background-image":"","background-repeat":"repeat","background-position":"center center","background-size":"auto","background-attachment":"scroll","background-type":"","background-media":"","overlay-type":"","overlay-color":"","overlay-opacity":"","overlay-gradient":""},"mobile":{"background-color":"var(--ast-global-color-5)","background-image":"","background-repeat":"repeat","background-position":"center center","background-size":"auto","background-attachment":"scroll","background-type":"","background-media":"","overlay-type":"","overlay-color":"","overlay-opacity":"","overlay-gradient":""}}},"product_brand":[],"product_cat":[189],"product_tag":[],"class_list":{"0":"post-8691","1":"product","2":"type-product","3":"status-publish","4":"has-post-thumbnail","6":"product_cat-aceite-oliva-c60","7":"desktop-align-left","8":"tablet-align-left","9":"mobile-align-left","11":"first","12":"instock","13":"sale","14":"featured","15":"taxable","16":"shipping-taxable","17":"purchasable","18":"product-type-simple"},"acf":[],"_links":{"self":[{"href":"https:\/\/www.vita60.com\/es\/wp-json\/wp\/v2\/product\/8691","targetHints":{"allow":["GET"]}}],"collection":[{"href":"https:\/\/www.vita60.com\/es\/wp-json\/wp\/v2\/product"}],"about":[{"href":"https:\/\/www.vita60.com\/es\/wp-json\/wp\/v2\/types\/product"}],"replies":[{"embeddable":true,"href":"https:\/\/www.vita60.com\/es\/wp-json\/wp\/v2\/comments?post=8691"}],"version-history":[{"count":0,"href":"https:\/\/www.vita60.com\/es\/wp-json\/wp\/v2\/product\/8691\/revisions"}],"wp:featuredmedia":[{"embeddable":true,"href":"https:\/\/www.vita60.com\/es\/wp-json\/wp\/v2\/media\/12082"}],"wp:attachment":[{"href":"https:\/\/www.vita60.com\/es\/wp-json\/wp\/v2\/media?parent=8691"}],"wp:term":[{"taxonomy":"product_brand","embeddable":true,"href":"https:\/\/www.vita60.com\/es\/wp-json\/wp\/v2\/product_brand?post=8691"},{"taxonomy":"product_cat","embeddable":true,"href":"https:\/\/www.vita60.com\/es\/wp-json\/wp\/v2\/product_cat?post=8691"},{"taxonomy":"product_tag","embeddable":true,"href":"https:\/\/www.vita60.com\/es\/wp-json\/wp\/v2\/product_tag?post=8691"}],"curies":[{"name":"wp","href":"https:\/\/api.w.org\/{rel}","templated":true}]}}