{"id":9759,"date":"2020-06-29T10:13:39","date_gmt":"2020-09-08T00:52:04","guid":{"rendered":"https:\/\/www.vita60.com\/sin%20categor\u00eda\/sealsafe-adaptaor-de-frasco-y-jeringa\/"},"modified":"2023-11-30T09:37:15","modified_gmt":"2023-11-30T09:37:15","slug":"adaptadores-sealsafe","status":"publish","type":"product","link":"https:\/\/www.vita60.com\/es\/adaptadores-sealsafe\/","title":{"rendered":"SealSafe<sup>\u00ae<\/sup> Adaptaor de Frasco y Jeringa"},"content":{"rendered":"<div id=\"tab-product-desc\" class=\"tab-pane fade in active\">\n<div class=\"description\">\n<p>Los adaptadores de frasco SealSafe con una jeringa son el complemento perfecto para nuestros aceites C60. Estos adaptadores de frascos de pl\u00e1stico se ajustan a un cuello de frasco de medicina de 28 mm. Encajan perfectamente en el cuello de nuestros frascos de C60 en aceite y simplemente empujan hacia adentro. El adaptador de frasco SealSafe<sup>\u00ae<\/sup> tiene una \u00ab v\u00e1lvula \u00bb en la parte superior. Cuando empuja la punta de una jeringa oral en la v\u00e1lvula, se abre y luego se vuelve a sellar instant\u00e1neamente cuando se retira. Esto le permite extraer con precisi\u00f3n el aceite C60 en la jeringa oral sin ensuciar ni desperdiciar. No se derrama nada, incluso si se vuelca el frasco. No m\u00e1s derrames y goteos con cucharas. Tambi\u00e9n significa que los frascos son a prueba de ni\u00f1os, cuando se deja la tapa del frasco.<\/p>\n<p><b>Por lo general, debe enviarlo a los EE. UU. Para obtener estos \u00fatiles auxiliares de dispensaci\u00f3n de medicamentos.<\/b><\/p>\n<p>Los adaptadores de frasco SealSafe con una jeringa son reutilizables; simplemente saque el inserto del frasco vac\u00eda y emp\u00fajelo en el siguiente frasco. Puede lavarlos entre dosis, pero deben permanecer en el frasco hasta que est\u00e9 vac\u00edo.<br \/>\nLo mejor de todo es que el inserto encaja al ras con la parte superior y el frasco, por lo que la tapa del frasco se atornilla normalmente mientras el inserto est\u00e1 en su lugar. Por lo tanto, no es necesario quitar el adaptador entre dosis, a diferencia de muchos adaptadores de frasco, que deben retirarse a medida que sobresalen del frasco.<\/p>\n<\/div>\n<p>Apto para ni\u00f1os y adultos.<\/p>\n<p><b>Medir el frasco de su medicamento: consulte las dimensiones de un frasco con tapa de medicamento de 28 mm. El di\u00e1metro interno del cuello del frasco es de aproximadamente 20 mm y el di\u00e1metro externo es de aproximadamente 25 mm.<\/b><u><\/u><\/p>\n<p>Tambi\u00e9n vendemos las jeringas orales de 5 ml y 10 ml fabricadas por Paragon en EE. UU., Que se ajustan a estos adaptadores. Estas jeringas graduadas tienen marcas a intervalos de 0,5 ml. Las marcas son m\u00e1s resistentes al roce que muchas otras jeringas que prolongan su vida \u00fatil. Para usar el adaptador y la jeringa, empuje la jeringa dentro de la v\u00e1lvula y d\u00e9 la vuelta al frasco. Con la jeringa colocada, extraiga el contenido l\u00edquido del frasco. Esto significa que puede vaciar el frasco en la jeringa.<br \/>\nTambi\u00e9n vendemos el adaptador de <a href=\"https:\/\/www.vita60.com\/es\/adaptador-frasco\/adaptadores-de-frasco-y-jeringa\/\">frasco est\u00e1ndar<\/a>.<\/p>\n<p><strong>Verifique que el frasco sea del tama\u00f1o correcto para los insertos antes de comprar.<\/strong><\/p>\n<\/div>\n<p><!-- Schema & Structured Data For mini VITA60 organisation - --><script type=\"application\/ld+json\" class=\"saswp-schema-markup-output\">\n[{\"@context\":\"https:\/\/schema.org\",\"@type\":\"Organization\",\"@id\":\"https:\/\/www.vita60.com#Organization\",\"name\":\"VITA60\",\"url\":\"https:\/\/www.vita60.com\/es\/\",\"sameAs\":[],\"logo\":{\"@type\":\"ImageObject\",\"url\":\"https:\/\/www.vita60.com\/wp-content\/uploads\/2020\/07\/VITA60-LOGO.png\",\"width\":\"200\",\"height\":\"100\"}}]\n<\/script><\/p>\n<p><!-- Schema & Structured Data For VITA60 organisation - --><script type=\"application\/ld+json\" class=\"saswp-custom-schema-markup-output\">{\n    \"@context\": \"https:\/\/schema.org\",\n    \"@type\": \"HealthAndBeautyBusiness\",\n    \"image\": \"https:\/\/www.vita60.com\/wp-content\/uploads\/2020\/10\/vita60-logo.png\",\n    \"priceRange\": \"\u00a328.75 - \u00a345.00 por frasco\",\n    \"telephone\": \"+44 (0) 3333 44 99 72\",\n    \"name\": \"VITA60\",\n    \"logo\": \"https:\/\/www.vita60.com\/wp-content\/uploads\/2020\/11\/vita60.png\",\n    \"description\": \"Fabricante de C60 de alta calidad en aceites org\u00e1nicos, produciendo la m\u00e1s amplia gama de aceites disponibles. Libre de solventes, 99,99% de carbono puro 60 fullereno. Establecido desde 2017.\",\n    \"geo\": {\n        \"@type\": \"GeoCoordinates\",\n        \"latitude\": \"52.701882977520036\",\n        \"longitude\": \"-2.5216254000000005\"\n    },\n    \"url\": \"https:\/\/www.vita60.com\/es\/\",\n    \"contactPoint\": {\n        \"@type\": \"ContactPoint\",\n        \"telephone\": \"+44 (0) 3333 44 99 72\",\n        \"contactType\": \"customer service\",\n        \"email\": \"info@vita60.com\",\n        \"contactOption\": \"\",\n        \"areaServed\": \"\",\n        \"availableLanguage\": \"Ingl\u00e9s\"\n    },\n    \"address\": {\n        \"@type\": \"PostalAddress\",\n        \"addressCountry\": \"Reino Unido\",\n        \"addressLocality\": \"Telford\",\n        \"addressRegion\": \"Shropshire\",\n        \"postalCode\": \"TF1 1EB\",\n        \"streetAddress\": \"15 Bridge Road, Wellington\"\n    }\n}<\/script><\/p>\n<p>&nbsp;<\/p>\n","protected":false},"excerpt":{"rendered":"<h4>Dos adaptadores con jeringa de 10ml<\/h4>\n<ul>\n<li>Estos adaptadores de frasco de pl\u00e1stico se ajustan a un cuello de frasco de medicina de 28 mm<\/li>\n<li>La tapa del frasco se puede enroscar normalmente sin tener que quitar el inserto<\/li>\n<li>No m\u00e1s derrames y goteos con cucharas<\/li>\n<li>Los frascos son a prueba de ni\u00f1os incluso cuando la tapa del frasco est\u00e1 abierta.<\/li>\n<\/ul>\n<p><b><span style=\"font-size: 14pt;\">ENV\u00cdO GRATIS<\/span><\/b> comprado con C60 en aceite.<\/p>\n","protected":false},"featured_media":18832,"comment_status":"open","ping_status":"closed","template":"","meta":{"_acf_changed":false,"_kad_blocks_custom_css":"","_kad_blocks_head_custom_js":"","_kad_blocks_body_custom_js":"","_kad_blocks_footer_custom_js":"","site-sidebar-layout":"default","site-content-layout":"default","ast-site-content-layout":"default","site-content-style":"default","site-sidebar-style":"default","ast-global-header-display":"","ast-banner-title-visibility":"","ast-main-header-display":"","ast-hfb-above-header-display":"","ast-hfb-below-header-display":"","ast-hfb-mobile-header-display":"","site-post-title":"","ast-breadcrumbs-content":"","ast-featured-img":"","footer-sml-layout":"","ast-disable-related-posts":"","theme-transparent-header-meta":"default","adv-header-id-meta":"","stick-header-meta":"","header-above-stick-meta":"","header-main-stick-meta":"","header-below-stick-meta":"","astra-migrate-meta-layouts":"default","ast-page-background-enabled":"default","ast-page-background-meta":{"desktop":{"background-color":"","background-image":"","background-repeat":"repeat","background-position":"center center","background-size":"auto","background-attachment":"scroll","background-type":"","background-media":"","overlay-type":"","overlay-color":"","overlay-opacity":"","overlay-gradient":""},"tablet":{"background-color":"","background-image":"","background-repeat":"repeat","background-position":"center center","background-size":"auto","background-attachment":"scroll","background-type":"","background-media":"","overlay-type":"","overlay-color":"","overlay-opacity":"","overlay-gradient":""},"mobile":{"background-color":"","background-image":"","background-repeat":"repeat","background-position":"center center","background-size":"auto","background-attachment":"scroll","background-type":"","background-media":"","overlay-type":"","overlay-color":"","overlay-opacity":"","overlay-gradient":""}},"ast-content-background-meta":{"desktop":{"background-color":"var(--ast-global-color-5)","background-image":"","background-repeat":"repeat","background-position":"center center","background-size":"auto","background-attachment":"scroll","background-type":"","background-media":"","overlay-type":"","overlay-color":"","overlay-opacity":"","overlay-gradient":""},"tablet":{"background-color":"var(--ast-global-color-5)","background-image":"","background-repeat":"repeat","background-position":"center center","background-size":"auto","background-attachment":"scroll","background-type":"","background-media":"","overlay-type":"","overlay-color":"","overlay-opacity":"","overlay-gradient":""},"mobile":{"background-color":"var(--ast-global-color-5)","background-image":"","background-repeat":"repeat","background-position":"center center","background-size":"auto","background-attachment":"scroll","background-type":"","background-media":"","overlay-type":"","overlay-color":"","overlay-opacity":"","overlay-gradient":""}}},"product_brand":[],"product_cat":[206],"product_tag":[],"class_list":{"0":"post-9759","1":"product","2":"type-product","3":"status-publish","4":"has-post-thumbnail","6":"product_cat-flaschenadapter-und-spritze","7":"desktop-align-left","8":"tablet-align-left","9":"mobile-align-left","11":"first","12":"instock","13":"taxable","14":"shipping-taxable","15":"purchasable","16":"product-type-simple"},"acf":[],"taxonomy_info":{"product_cat":[{"value":206,"label":"Flaschenadapter"}]},"featured_image_src_large":["https:\/\/www.vita60.com\/wp-content\/uploads\/2020\/06\/syringe-sealsafe-bottle-adapters.jpg",400,400,false],"author_info":[],"comment_info":0,"_links":{"self":[{"href":"https:\/\/www.vita60.com\/es\/wp-json\/wp\/v2\/product\/9759","targetHints":{"allow":["GET"]}}],"collection":[{"href":"https:\/\/www.vita60.com\/es\/wp-json\/wp\/v2\/product"}],"about":[{"href":"https:\/\/www.vita60.com\/es\/wp-json\/wp\/v2\/types\/product"}],"replies":[{"embeddable":true,"href":"https:\/\/www.vita60.com\/es\/wp-json\/wp\/v2\/comments?post=9759"}],"version-history":[{"count":0,"href":"https:\/\/www.vita60.com\/es\/wp-json\/wp\/v2\/product\/9759\/revisions"}],"wp:featuredmedia":[{"embeddable":true,"href":"https:\/\/www.vita60.com\/es\/wp-json\/wp\/v2\/media\/18832"}],"wp:attachment":[{"href":"https:\/\/www.vita60.com\/es\/wp-json\/wp\/v2\/media?parent=9759"}],"wp:term":[{"taxonomy":"product_brand","embeddable":true,"href":"https:\/\/www.vita60.com\/es\/wp-json\/wp\/v2\/product_brand?post=9759"},{"taxonomy":"product_cat","embeddable":true,"href":"https:\/\/www.vita60.com\/es\/wp-json\/wp\/v2\/product_cat?post=9759"},{"taxonomy":"product_tag","embeddable":true,"href":"https:\/\/www.vita60.com\/es\/wp-json\/wp\/v2\/product_tag?post=9759"}],"curies":[{"name":"wp","href":"https:\/\/api.w.org\/{rel}","templated":true}]}}