{"id":9913,"date":"2020-06-29T00:14:34","date_gmt":"2020-06-29T00:14:34","guid":{"rendered":"https:\/\/www.vita60.com\/sin%20categor\u00eda\/4x100-ml-frascos\/"},"modified":"2023-12-13T17:17:51","modified_gmt":"2023-12-13T17:17:51","slug":"pack-de-4-aceite-de-canamo","status":"publish","type":"product","link":"https:\/\/www.vita60.com\/es\/pack-de-4-aceite-de-canamo\/","title":{"rendered":"Chollo pack de 4 aceite de <br>semilla de c\u00e1\u00f1amo BIO C60"},"content":{"rendered":"<div id=\"tab-product-desc\" class=\"tab-pane fade in active\">\n<div class=\"description\">\n<p><strong><img fetchpriority=\"high\" decoding=\"async\" class=\"alignright\" style=\"margin: 5px; float: right;\" src=\"https:\/\/www.vita60.com\/wp-content\/uploads\/2020\/10\/hemp-against-sky.png\" alt=\"Plantas de c\u00e1\u00f1amo en el campo: perfecto para el aceite de c\u00e1\u00f1amo org\u00e1nico C60 de buen valor, paquete de 4\" width=\"500\" height=\"383\" \/><\/strong>Nuestro pack de 4 aceite de semilla de c\u00e1\u00f1amo BIO C60 proviene de granjas org\u00e1nicas en Europa certificadas por Agricultores y Productores Org\u00e1nicos y prensado en fr\u00edo para garantizar que se mantengan las excelentes cualidades nutricionales y los beneficios para la salud.<\/p>\n<p>El aceite de c\u00e1\u00f1amo contiene \u00e1cidos grasos poliinsaturados, incluidos omega-3 y omega-6, que son extremadamente beneficiosos para tratar trastornos de la piel como <a href=\"https:\/\/www.vita60.com\/es\/el-camino-del-acne-hacia-una-tez-clara\/\">acn\u00e9<\/a>, eccema, psoriasis y liquen plano. Tambi\u00e9n es un agente antibacteriano eficaz que protege contra varios tipos de bacterias da\u00f1inas. El aceite de c\u00e1\u00f1amo se ha asociado con la salud del cerebro y el coraz\u00f3n, el equilibrio hormonal y tambi\u00e9n para ralentizar el proceso de envejecimiento. El aceite tiene un suave sabor a nuez.<\/p>\n<p><span style=\"font-size: 13pt;\"><strong>Otros beneficios incluyen:<\/strong><\/span><\/p>\n<ul type=\"disc\">\n<li>Reduce el colesterol y mejora la salud del coraz\u00f3n<\/li>\n<li>Ayuda a reducir la presi\u00f3n arterial alta.<\/li>\n<li>Reduce el riesgo de enfermedad cardiovascular.<\/li>\n<li>Reduce el dolor de la inflamaci\u00f3n<\/li>\n<li>Ayuda a reducir los s\u00edntomas del estr\u00e9s y la tensi\u00f3n<\/li>\n<li>Puede ayudar a moderar los niveles de az\u00facar en sangre<\/li>\n<\/ul>\n<p>C60 es una mol\u00e9cula de 60 \u00e1tomos de carbono, un miembro del grupo fullereno de mol\u00e9culas de carbono. Es un &#8216;eliminador de radicales libres&#8217; que ayuda a neutralizar los subproductos t\u00f3xicos del metabolismo celular, que causan da\u00f1o tisular en muchos tipos de enfermedades. C60 es uno de los antioxidantes m\u00e1s poderosos de la naturaleza, 172 veces m\u00e1s poderoso que la vitamina C.<\/p>\n<p>Nuestro pack de 4 aceite de semilla de c\u00e1\u00f1amo BIO C60 de alta calidad est\u00e1 elaborado con C60 99,99% puro libre de solventes y aceite de c\u00e1\u00f1amo org\u00e1nico prensado en fr\u00edo. Nuestros productos se fabrican en el Reino Unido utilizando solo los mejores ingredientes, revueltos suavemente para garantizar 80mg \/100ml de C60 en cada frasco.<\/p>\n<h5>Aquellos que toman C60 en aceite de c\u00e1\u00f1amo org\u00e1nico dicen que tambi\u00e9n han notado beneficios que incluyen:<\/h5>\n<ul type=\"disc\">\n<li>Ayuda con los s\u00edntomas del s\u00edndrome premenstrual y la menopausia.<\/li>\n<li>Recuperaci\u00f3n y crecimiento de piel sana en <a href=\"https:\/\/www.vita60.com\/es\/aceite-de-oliva-c60-psoriasis\/\">psoriasis<\/a><\/li>\n<li>Reducir el enrojecimiento y la picaz\u00f3n en el eczema<\/li>\n<li>Tez radiante y piel clara<\/li>\n<\/ul>\n<\/div>\n<p>* Tenga en cuenta que no hay ingredientes activos como THC o CBD en nuestro producto aceite de c\u00e1\u00f1amo org\u00e1nico C60<\/p>\n<\/div>\n<p><!-- Schema & Structured Data For mini VITA60 organisation - --><script type=\"application\/ld+json\" class=\"saswp-schema-markup-output\">\n[{\"@context\":\"https:\/\/schema.org\",\"@type\":\"Organization\",\"@id\":\"https:\/\/www.vita60.com#Organization\",\"name\":\"VITA60\",\"url\":\"https:\/\/www.vita60.com\/es\/\",\"sameAs\":[],\"logo\":{\"@type\":\"ImageObject\",\"url\":\"https:\/\/www.vita60.com\/wp-content\/uploads\/2020\/07\/VITA60-LOGO.png\",\"width\":\"200\",\"height\":\"100\"}}]\n<\/script><\/p>\n<p><!-- Schema & Structured Data For VITA60 organisation - --><script type=\"application\/ld+json\" class=\"saswp-custom-schema-markup-output\">{\n    \"@context\": \"https:\/\/schema.org\",\n    \"@type\": \"HealthAndBeautyBusiness\",\n    \"image\": \"https:\/\/www.vita60.com\/wp-content\/uploads\/2020\/10\/vita60-logo.png\",\n    \"priceRange\": \"\u00a328.75 - \u00a345.00 por frasco\",\n    \"telephone\": \"+44 (0) 3333 44 99 72\",\n    \"name\": \"VITA60\",\n    \"logo\": \"https:\/\/www.vita60.com\/wp-content\/uploads\/2020\/11\/vita60.png\",\n    \"description\": \"Fabricante de C60 de alta calidad en aceites org\u00e1nicos, produciendo la m\u00e1s amplia gama de aceites disponibles. Libre de solventes, 99,99% de carbono puro 60 fullereno. Establecido desde 2017.\",\n    \"geo\": {\n        \"@type\": \"GeoCoordinates\",\n        \"latitude\": \"52.701882977520036\",\n        \"longitude\": \"-2.5216254000000005\"\n    },\n    \"url\": \"https:\/\/www.vita60.com\/es\/\",\n    \"contactPoint\": {\n        \"@type\": \"ContactPoint\",\n        \"telephone\": \"+44 (0) 3333 44 99 72\",\n        \"contactType\": \"customer service\",\n        \"email\": \"info@vita60.com\",\n        \"contactOption\": \"\",\n        \"areaServed\": \"\",\n        \"availableLanguage\": \"Ingl\u00e9s\"\n    },\n    \"address\": {\n        \"@type\": \"PostalAddress\",\n        \"addressCountry\": \"Reino Unido\",\n        \"addressLocality\": \"Telford\",\n        \"addressRegion\": \"Shropshire\",\n        \"postalCode\": \"TF1 1EB\",\n        \"streetAddress\": \"15 Bridge Road, Wellington\"\n    }\n}<\/script><\/p>\n<p>&nbsp;<\/p>\n","protected":false},"excerpt":{"rendered":"<p><span style=\"font-size: 22pt;\"><b>Ahorre m\u00e1s del 10%<\/b><\/span><\/p>\n<p>Paquete econ\u00f3mico de 99,99% de C60 puro en aceite de semilla de c\u00e1\u00f1amo<\/p>\n<p>4 frascos de 100 ml de C60 en aceite de c\u00e1\u00f1amo org\u00e1nico<\/p>\n<ul>\n<li><strong><span style=\"font-size: 13pt;\">Compra 4 frascos<\/span><\/strong>\u00a0<span style=\"font-size: 13pt;\"><strong>ahorrando <\/strong>un<strong> 10%<\/strong><\/span><\/li>\n<li><strong><span style=\"font-size: 13pt;\">Compra 8 frascos<\/span><\/strong> <span style=\"font-size: 13pt;\"><strong class=\"benefit\">ahorrando <\/strong>un<strong> 20%<\/strong><\/span><\/li>\n<\/ul>\n<p><span style=\"font-size: 14pt;\"><b>ENV\u00cdO GRATIS<\/b><\/span>\u00a0con cualquier combinaci\u00f3n de 5 o m\u00e1s frascos.*<\/p>\n","protected":false},"featured_media":11440,"comment_status":"open","ping_status":"closed","template":"","meta":{"_acf_changed":false,"site-sidebar-layout":"default","site-content-layout":"default","ast-site-content-layout":"default","site-content-style":"default","site-sidebar-style":"default","ast-global-header-display":"","ast-banner-title-visibility":"","ast-main-header-display":"","ast-hfb-above-header-display":"","ast-hfb-below-header-display":"","ast-hfb-mobile-header-display":"","site-post-title":"","ast-breadcrumbs-content":"","ast-featured-img":"","footer-sml-layout":"","ast-disable-related-posts":"","theme-transparent-header-meta":"default","adv-header-id-meta":"","stick-header-meta":"","header-above-stick-meta":"","header-main-stick-meta":"","header-below-stick-meta":"","astra-migrate-meta-layouts":"default","ast-page-background-enabled":"default","ast-page-background-meta":{"desktop":{"background-color":"","background-image":"","background-repeat":"repeat","background-position":"center center","background-size":"auto","background-attachment":"scroll","background-type":"","background-media":"","overlay-type":"","overlay-color":"","overlay-opacity":"","overlay-gradient":""},"tablet":{"background-color":"","background-image":"","background-repeat":"repeat","background-position":"center center","background-size":"auto","background-attachment":"scroll","background-type":"","background-media":"","overlay-type":"","overlay-color":"","overlay-opacity":"","overlay-gradient":""},"mobile":{"background-color":"","background-image":"","background-repeat":"repeat","background-position":"center center","background-size":"auto","background-attachment":"scroll","background-type":"","background-media":"","overlay-type":"","overlay-color":"","overlay-opacity":"","overlay-gradient":""}},"ast-content-background-meta":{"desktop":{"background-color":"var(--ast-global-color-5)","background-image":"","background-repeat":"repeat","background-position":"center center","background-size":"auto","background-attachment":"scroll","background-type":"","background-media":"","overlay-type":"","overlay-color":"","overlay-opacity":"","overlay-gradient":""},"tablet":{"background-color":"var(--ast-global-color-5)","background-image":"","background-repeat":"repeat","background-position":"center center","background-size":"auto","background-attachment":"scroll","background-type":"","background-media":"","overlay-type":"","overlay-color":"","overlay-opacity":"","overlay-gradient":""},"mobile":{"background-color":"var(--ast-global-color-5)","background-image":"","background-repeat":"repeat","background-position":"center center","background-size":"auto","background-attachment":"scroll","background-type":"","background-media":"","overlay-type":"","overlay-color":"","overlay-opacity":"","overlay-gradient":""}}},"product_brand":[],"product_cat":[192],"product_tag":[],"class_list":{"0":"post-9913","1":"product","2":"type-product","3":"status-publish","4":"has-post-thumbnail","6":"product_cat-aceite-canamo-c60","7":"desktop-align-left","8":"tablet-align-left","9":"mobile-align-left","11":"first","12":"instock","13":"sale","14":"featured","15":"taxable","16":"shipping-taxable","17":"purchasable","18":"product-type-simple"},"acf":[],"_links":{"self":[{"href":"https:\/\/www.vita60.com\/es\/wp-json\/wp\/v2\/product\/9913","targetHints":{"allow":["GET"]}}],"collection":[{"href":"https:\/\/www.vita60.com\/es\/wp-json\/wp\/v2\/product"}],"about":[{"href":"https:\/\/www.vita60.com\/es\/wp-json\/wp\/v2\/types\/product"}],"replies":[{"embeddable":true,"href":"https:\/\/www.vita60.com\/es\/wp-json\/wp\/v2\/comments?post=9913"}],"version-history":[{"count":0,"href":"https:\/\/www.vita60.com\/es\/wp-json\/wp\/v2\/product\/9913\/revisions"}],"wp:featuredmedia":[{"embeddable":true,"href":"https:\/\/www.vita60.com\/es\/wp-json\/wp\/v2\/media\/11440"}],"wp:attachment":[{"href":"https:\/\/www.vita60.com\/es\/wp-json\/wp\/v2\/media?parent=9913"}],"wp:term":[{"taxonomy":"product_brand","embeddable":true,"href":"https:\/\/www.vita60.com\/es\/wp-json\/wp\/v2\/product_brand?post=9913"},{"taxonomy":"product_cat","embeddable":true,"href":"https:\/\/www.vita60.com\/es\/wp-json\/wp\/v2\/product_cat?post=9913"},{"taxonomy":"product_tag","embeddable":true,"href":"https:\/\/www.vita60.com\/es\/wp-json\/wp\/v2\/product_tag?post=9913"}],"curies":[{"name":"wp","href":"https:\/\/api.w.org\/{rel}","templated":true}]}}