{"id":9920,"date":"2020-06-29T00:16:35","date_gmt":"2020-06-29T00:16:35","guid":{"rendered":"https:\/\/www.vita60.com\/sin%20categor\u00eda\/8x100-ml-frascos\/"},"modified":"2023-12-23T17:01:20","modified_gmt":"2023-12-23T17:01:20","slug":"pack-de-8-aceite-de-canamo","status":"publish","type":"product","link":"https:\/\/www.vita60.com\/es\/pack-de-8-aceite-de-canamo\/","title":{"rendered":"La mejor oferta pack de 8 aceite <br>de semilla de c\u00e1\u00f1amo BIO C60"},"content":{"rendered":"<div id=\"tab-product-desc\" class=\"tab-pane fade in active\">\n<div class=\"description\">\n<p><strong><img fetchpriority=\"high\" decoding=\"async\" class=\"alignright\" style=\"margin: 5px; float: right;\" src=\"https:\/\/www.vita60.com\/wp-content\/uploads\/2020\/10\/hemp-shrub.png\" alt=\"Arbusto de c\u00e1\u00f1amo - perfecto para paquete de 8 aceite de c\u00e1\u00f1amo org\u00e1nico C60\" width=\"500\" height=\"420\" \/><\/strong>Nuestra mejor oferta pack de 8 aceite de semilla de c\u00e1\u00f1amo proviene de granjas org\u00e1nicas en Europa certificadas por agricultores y productores org\u00e1nicos. Se prensa en fr\u00edo para garantizar que se mantengan las excelentes cualidades nutricionales y los beneficios para la salud.<\/p>\n<p>El aceite de c\u00e1\u00f1amo contiene \u00e1cidos grasos poliinsaturados, incluidos omega-3 y omega-6. Estos son extremadamente beneficiosos en el tratamiento de trastornos de la piel como <a href=\"https:\/\/www.vita60.com\/es\/el-camino-del-acne-hacia-una-tez-clara\/\">acn\u00e9<\/a>, eccema, <a href=\"https:\/\/www.vita60.com\/es\/aceite-de-oliva-c60-psoriasis\/\">psoriasis<\/a> y liquen plano. Tambi\u00e9n es un agente antibacteriano eficaz que protege contra varios tipos de bacterias da\u00f1inas. El aceite de c\u00e1\u00f1amo org\u00e1nico se ha asociado con la salud del cerebro y el coraz\u00f3n, el equilibrio hormonal y tambi\u00e9n para ralentizar el proceso de envejecimiento. El aceite tiene un suave sabor a nuez.<\/p>\n<p><span style=\"font-size: 13pt;\"><strong>Otros beneficios incluyen:<\/strong><\/span><\/p>\n<ul type=\"disc\">\n<li>Reduce el colesterol y mejora la salud del coraz\u00f3n<\/li>\n<li>Ayuda a reducir la presi\u00f3n arterial alta.<\/li>\n<li>Reduce el riesgo de enfermedad cardiovascular.<\/li>\n<li>Reduce el dolor de la inflamaci\u00f3n<\/li>\n<li>Ayuda a reducir los s\u00edntomas del estr\u00e9s y la tensi\u00f3n<\/li>\n<li>Puede ayudar a moderar los niveles de az\u00facar en sangre<\/li>\n<\/ul>\n<p>C60 es una mol\u00e9cula de 60 \u00e1tomos de carbono, un miembro del grupo fullereno de mol\u00e9culas de carbono. Es un &#8216;<em>eliminador de radicales libres<\/em>&#8216; que ayuda a neutralizar los subproductos t\u00f3xicos del metabolismo celular, que causan da\u00f1o tisular en muchos tipos de enfermedades.<\/p>\n<p>Nuestro pack de 8 aceite de semilla de c\u00e1\u00f1amo BIO C60 de alta calidad est\u00e1 elaborado con C60 99,99% puro libre de solventes y aceite de c\u00e1\u00f1amo org\u00e1nico prensado en fr\u00edo. Nuestros productos se fabrican en el Reino Unido utilizando solo los mejores ingredientes, revueltos suavemente para garantizar 80mg \/100ml de C60 en cada frasco.<\/p>\n<h5>Aquellos que toman C60 en aceite de c\u00e1\u00f1amo organico dicen que tambi\u00e9n han notado beneficios que incluyen:<\/h5>\n<ul type=\"disc\">\n<li>Ayuda con los s\u00edntomas del s\u00edndrome premenstrual y la menopausia.<\/li>\n<li>Recuperaci\u00f3n y crecimiento de piel sana en <a href=\"https:\/\/www.vita60.com\/es\/aceite-de-oliva-c60-psoriasis\/\">psoriasis<\/a><\/li>\n<li>Reducir el enrojecimiento y la picaz\u00f3n en el eczema<\/li>\n<li>Tez radiante y piel clara<\/li>\n<\/ul>\n<\/div>\n<p>* Tenga en cuenta que no hay ingredientes activos como THC o CBD en nuestro producto aceite de c\u00e1\u00f1amo org\u00e1nico C60<\/p>\n<\/div>\n<p><!-- Schema & Structured Data For mini VITA60 organisation - --><script type=\"application\/ld+json\" class=\"saswp-schema-markup-output\">\n[{\"@context\":\"https:\/\/schema.org\",\"@type\":\"Organization\",\"@id\":\"https:\/\/www.vita60.com#Organization\",\"name\":\"VITA60\",\"url\":\"https:\/\/www.vita60.com\/es\/\",\"sameAs\":[],\"logo\":{\"@type\":\"ImageObject\",\"url\":\"https:\/\/www.vita60.com\/wp-content\/uploads\/2020\/07\/VITA60-LOGO.png\",\"width\":\"200\",\"height\":\"100\"}}]\n<\/script><\/p>\n<p><!-- Schema & Structured Data For VITA60 organisation - --><script type=\"application\/ld+json\" class=\"saswp-custom-schema-markup-output\">{\n    \"@context\": \"https:\/\/schema.org\",\n    \"@type\": \"HealthAndBeautyBusiness\",\n    \"image\": \"https:\/\/www.vita60.com\/wp-content\/uploads\/2020\/10\/vita60-logo.png\",\n    \"priceRange\": \"\u00a328.75 - \u00a345.00 por frasco\",\n    \"telephone\": \"+44 (0) 3333 44 99 72\",\n    \"name\": \"VITA60\",\n    \"logo\": \"https:\/\/www.vita60.com\/wp-content\/uploads\/2020\/11\/vita60.png\",\n    \"description\": \"Fabricante de C60 de alta calidad en aceites org\u00e1nicos, produciendo la m\u00e1s amplia gama de aceites disponibles. Libre de solventes, 99,99% de carbono puro 60 fullereno. Establecido desde 2017.\",\n    \"geo\": {\n        \"@type\": \"GeoCoordinates\",\n        \"latitude\": \"52.701882977520036\",\n        \"longitude\": \"-2.5216254000000005\"\n    },\n    \"url\": \"https:\/\/www.vita60.com\/es\/\",\n    \"contactPoint\": {\n        \"@type\": \"ContactPoint\",\n        \"telephone\": \"+44 (0) 3333 44 99 72\",\n        \"contactType\": \"customer service\",\n        \"email\": \"info@vita60.com\",\n        \"contactOption\": \"\",\n        \"areaServed\": \"\",\n        \"availableLanguage\": \"Ingl\u00e9s\"\n    },\n    \"address\": {\n        \"@type\": \"PostalAddress\",\n        \"addressCountry\": \"Reino Unido\",\n        \"addressLocality\": \"Telford\",\n        \"addressRegion\": \"Shropshire\",\n        \"postalCode\": \"TF1 6TJ\",\n        \"streetAddress\": \"15 Bridge Road, Wellington\"\n    }\n}<\/script><\/p>\n","protected":false},"excerpt":{"rendered":"<p><strong><span style=\"font-size: 22pt;\">Ahorre 20%<\/span><\/strong><\/p>\n<p>Paquete de mejor precio de 99,99% de C60 puro en aceite de c\u00e1\u00f1amo<\/p>\n<p>8 frascos de 100 ml de C60 en aceite de c\u00e1\u00f1amo organico<\/p>\n<p>M\u00e1s del 20% de descuento en el precio de cada frasco.<\/p>\n<p><b><span style=\"font-size: 14pt;\">ENV\u00cdO GRATUITO<\/span> con este pedido.<br \/>\n<\/b><\/p>\n","protected":false},"featured_media":11139,"comment_status":"open","ping_status":"closed","template":"","meta":{"_acf_changed":false,"_kad_blocks_custom_css":"","_kad_blocks_head_custom_js":"","_kad_blocks_body_custom_js":"","_kad_blocks_footer_custom_js":"","site-sidebar-layout":"default","site-content-layout":"default","ast-site-content-layout":"default","site-content-style":"default","site-sidebar-style":"default","ast-global-header-display":"","ast-banner-title-visibility":"","ast-main-header-display":"","ast-hfb-above-header-display":"","ast-hfb-below-header-display":"","ast-hfb-mobile-header-display":"","site-post-title":"","ast-breadcrumbs-content":"","ast-featured-img":"","footer-sml-layout":"","ast-disable-related-posts":"","theme-transparent-header-meta":"default","adv-header-id-meta":"","stick-header-meta":"","header-above-stick-meta":"","header-main-stick-meta":"","header-below-stick-meta":"","astra-migrate-meta-layouts":"default","ast-page-background-enabled":"default","ast-page-background-meta":{"desktop":{"background-color":"","background-image":"","background-repeat":"repeat","background-position":"center center","background-size":"auto","background-attachment":"scroll","background-type":"","background-media":"","overlay-type":"","overlay-color":"","overlay-opacity":"","overlay-gradient":""},"tablet":{"background-color":"","background-image":"","background-repeat":"repeat","background-position":"center center","background-size":"auto","background-attachment":"scroll","background-type":"","background-media":"","overlay-type":"","overlay-color":"","overlay-opacity":"","overlay-gradient":""},"mobile":{"background-color":"","background-image":"","background-repeat":"repeat","background-position":"center center","background-size":"auto","background-attachment":"scroll","background-type":"","background-media":"","overlay-type":"","overlay-color":"","overlay-opacity":"","overlay-gradient":""}},"ast-content-background-meta":{"desktop":{"background-color":"var(--ast-global-color-5)","background-image":"","background-repeat":"repeat","background-position":"center center","background-size":"auto","background-attachment":"scroll","background-type":"","background-media":"","overlay-type":"","overlay-color":"","overlay-opacity":"","overlay-gradient":""},"tablet":{"background-color":"var(--ast-global-color-5)","background-image":"","background-repeat":"repeat","background-position":"center center","background-size":"auto","background-attachment":"scroll","background-type":"","background-media":"","overlay-type":"","overlay-color":"","overlay-opacity":"","overlay-gradient":""},"mobile":{"background-color":"var(--ast-global-color-5)","background-image":"","background-repeat":"repeat","background-position":"center center","background-size":"auto","background-attachment":"scroll","background-type":"","background-media":"","overlay-type":"","overlay-color":"","overlay-opacity":"","overlay-gradient":""}}},"product_brand":[],"product_cat":[192],"product_tag":[],"class_list":{"0":"post-9920","1":"product","2":"type-product","3":"status-publish","4":"has-post-thumbnail","6":"product_cat-aceite-canamo-c60","7":"desktop-align-left","8":"tablet-align-left","9":"mobile-align-left","11":"first","12":"instock","13":"sale","14":"featured","15":"taxable","16":"shipping-taxable","17":"purchasable","18":"product-type-simple"},"acf":[],"taxonomy_info":{"product_cat":[{"value":192,"label":"Aceite de c\u00e1\u00f1amo C60"}]},"featured_image_src_large":["https:\/\/www.vita60.com\/wp-content\/uploads\/2020\/06\/8-frascos-c60-aceite-de-canamo-1024x1024.png",1024,1024,true],"author_info":[],"comment_info":0,"_links":{"self":[{"href":"https:\/\/www.vita60.com\/es\/wp-json\/wp\/v2\/product\/9920","targetHints":{"allow":["GET"]}}],"collection":[{"href":"https:\/\/www.vita60.com\/es\/wp-json\/wp\/v2\/product"}],"about":[{"href":"https:\/\/www.vita60.com\/es\/wp-json\/wp\/v2\/types\/product"}],"replies":[{"embeddable":true,"href":"https:\/\/www.vita60.com\/es\/wp-json\/wp\/v2\/comments?post=9920"}],"version-history":[{"count":0,"href":"https:\/\/www.vita60.com\/es\/wp-json\/wp\/v2\/product\/9920\/revisions"}],"wp:featuredmedia":[{"embeddable":true,"href":"https:\/\/www.vita60.com\/es\/wp-json\/wp\/v2\/media\/11139"}],"wp:attachment":[{"href":"https:\/\/www.vita60.com\/es\/wp-json\/wp\/v2\/media?parent=9920"}],"wp:term":[{"taxonomy":"product_brand","embeddable":true,"href":"https:\/\/www.vita60.com\/es\/wp-json\/wp\/v2\/product_brand?post=9920"},{"taxonomy":"product_cat","embeddable":true,"href":"https:\/\/www.vita60.com\/es\/wp-json\/wp\/v2\/product_cat?post=9920"},{"taxonomy":"product_tag","embeddable":true,"href":"https:\/\/www.vita60.com\/es\/wp-json\/wp\/v2\/product_tag?post=9920"}],"curies":[{"name":"wp","href":"https:\/\/api.w.org\/{rel}","templated":true}]}}