{"id":9954,"date":"2020-06-28T23:20:08","date_gmt":"2020-06-28T23:20:08","guid":{"rendered":"https:\/\/www.vita60.com\/sin%20categor\u00eda\/4x-100-ml-frascos\/"},"modified":"2024-03-11T09:33:24","modified_gmt":"2024-03-11T09:33:24","slug":"pack-de-4-aceite-de-semilla-de-calabaza","status":"publish","type":"product","link":"https:\/\/www.vita60.com\/es\/pack-de-4-aceite-de-semilla-de-calabaza\/","title":{"rendered":"Chollo paquete de 4 de aceite de semilla de calabaza C60"},"content":{"rendered":"<div id=\"tab-product-desc\" class=\"tab-pane fade in active\">\n<div class=\"description\">\n<p><strong><img fetchpriority=\"high\" decoding=\"async\" class=\"alignright\" style=\"margin: 5px; float: right;\" src=\"https:\/\/www.vita60.com\/wp-content\/uploads\/2020\/10\/pumpkin-in-field-c60-pumpkin-seed-oil.png\" alt=\"Calabaza en un campo - lista para paquete de 4 C60 en aceite de semilla de calabaza\" width=\"484\" height=\"371\" \/><\/strong>Cuando creamos nuestro aceite de semilla de calabaza org\u00e1nico C60 de buen valor, elegimos un aceite de semilla de calabaza org\u00e1nico de la regi\u00f3n de Estiria de Austria. La UE declar\u00f3 la regi\u00f3n como una <a href=\"https:\/\/www.steirisches-kuerbiskernoel.eu\/es\/Home\/ShowPage\/3\" target=\"_blank\" rel=\"noopener noreferrer\">Indicaci\u00f3n Geogr\u00e1fica Protegida<\/a> porque durante siglos los agricultores han producido aceite de semilla de calabaza de la m\u00e1s alta calidad.<\/p>\n<p>El aceite de semilla de calabaza es tradicionalmente conocido por levantar el \u00e1nimo y proporcionar una sensaci\u00f3n de bienestar. Sin embargo, tambi\u00e9n tiene un efecto muy positivo sobre el cabello y la piel, especialmente en los hombres. El aceite de semilla de calabaza contiene grandes cantidades de grasas insaturadas, que son buenas para la salud del coraz\u00f3n. Estudios recientes tambi\u00e9n han demostrado que el aceite de semilla de calabaza puede tener un efecto muy beneficioso sobre los problemas de pr\u00f3stata, causados \u200b\u200bcon mayor frecuencia por un agrandamiento de la pr\u00f3stata.<\/p>\n<p dir=\"ltr\"><strong><span style=\"font-size: 13pt;\">Otros beneficios incluyen:<\/span><\/strong><\/p>\n<div dir=\"ltr\">\n<ul type=\"disc\">\n<li>Reduce el colesterol y mejora la salud del coraz\u00f3n.<\/li>\n<li>Ayuda a reducir la presi\u00f3n arterial alta.<\/li>\n<li>Reducir el riesgo de enfermedad cardiovascular.<\/li>\n<li>Reducir el dolor de la inflamaci\u00f3n<\/li>\n<li>Ayuda a reducir los s\u00edntomas del estr\u00e9s y la tensi\u00f3n.<\/li>\n<li>Puede ayudar a moderar los niveles de az\u00facar en sangre<\/li>\n<\/ul>\n<\/div>\n<p>C60 es una mol\u00e9cula de 60 \u00e1tomos de carbono que ayuda a neutralizar los subproductos t\u00f3xicos del metabolismo celular, que causan da\u00f1o tisular en muchos tipos de enfermedades.<\/p>\n<p>Nuestro C60 de alta calidad en aceite de semilla de calabaza est\u00e1 elaborado con C60 99,99% puro, sin solventes y aceite org\u00e1nico de semilla de calabaza. Nuestros productos se fabrican en el Reino Unido utilizando solo los mejores ingredientes.<\/p>\n<h6>Aquellos que toman C60 en aceite de semilla de calabaza org\u00e1nico dicen que tambi\u00e9n han notado beneficios que incluyen:<\/h6>\n<ul type=\"disc\">\n<li>Ayuda con los s\u00edntomas asociados con la menopausia.<\/li>\n<li>Reduce la inflamaci\u00f3n<\/li>\n<li>Reduce el colesterol<\/li>\n<li>Beneficioso para el cabello y la piel<\/li>\n<li>Ayuda a mantener la salud de los huesos<\/li>\n<li>Alivia la ansiedad y la depresi\u00f3n<\/li>\n<\/ul>\n<\/div>\n<\/div>\n<p><!-- Schema & Structured Data For mini VITA60 organisation - --><script type=\"application\/ld+json\" class=\"saswp-schema-markup-output\">\n[{\"@context\":\"https:\/\/schema.org\",\"@type\":\"Organization\",\"@id\":\"https:\/\/www.vita60.com#Organization\",\"name\":\"VITA60\",\"url\":\"https:\/\/www.vita60.com\/es\/\",\"sameAs\":[],\"logo\":{\"@type\":\"ImageObject\",\"url\":\"https:\/\/www.vita60.com\/wp-content\/uploads\/2020\/07\/VITA60-LOGO.png\",\"width\":\"200\",\"height\":\"100\"}}]\n<\/script><\/p>\n<p><!-- Schema & Structured Data For VITA60 organisation - --><script type=\"application\/ld+json\" class=\"saswp-custom-schema-markup-output\">{\n    \"@context\": \"https:\/\/schema.org\",\n    \"@type\": \"HealthAndBeautyBusiness\",\n    \"image\": \"https:\/\/www.vita60.com\/wp-content\/uploads\/2020\/10\/vita60-logo.png\",\n    \"priceRange\": \"\u00a328.75 - \u00a345.00 por frasco\",\n    \"telephone\": \"+44 (0) 3333 44 99 72\",\n    \"name\": \"VITA60\",\n    \"logo\": \"https:\/\/www.vita60.com\/wp-content\/uploads\/2020\/11\/vita60.png\",\n    \"description\": \"Fabricante de C60 de alta calidad en aceites org\u00e1nicos, produciendo la m\u00e1s amplia gama de aceites disponibles. Libre de solventes, 99,99% de carbono puro 60 fullereno. Establecido desde 2017.\",\n    \"geo\": {\n        \"@type\": \"GeoCoordinates\",\n        \"latitude\": \"52.701882977520036\",\n        \"longitude\": \"-2.5216254000000005\"\n    },\n    \"url\": \"https:\/\/www.vita60.com\/es\/\",\n    \"contactPoint\": {\n        \"@type\": \"ContactPoint\",\n        \"telephone\": \"+44 (0) 3333 44 99 72\",\n        \"contactType\": \"customer service\",\n        \"email\": \"info@vita60.com\",\n        \"contactOption\": \"\",\n        \"areaServed\": \"\",\n        \"availableLanguage\": \"Ingl\u00e9s\"\n    },\n    \"address\": {\n        \"@type\": \"PostalAddress\",\n        \"addressCountry\": \"Reino Unido\",\n        \"addressLocality\": \"Telford\",\n        \"addressRegion\": \"Shropshire\",\n        \"postalCode\": \"TF1 1EB\",\n        \"streetAddress\": \"15 Bridge Road, Wellington\"\n    }\n}<\/script><\/p>\n","protected":false},"excerpt":{"rendered":"<p><span style=\"font-size: 22pt;\"><b>Ahorre [aelia_cs_currency_amount amount=\"18.00\" formatted=\"1|1\" from_currency=\"GBP\"]<\/b><\/span><\/p>\n<p>Paquete econ\u00f3mico de 80 mg por frasco de C60 99,99% puro en aceite de semilla de calabaza<\/p>\n<p>4 frascos de 100 ml de C60 en aceite de semilla de calabaza org\u00e1nico<\/p>\n<ul>\n<li><strong><span style=\"font-size: 13pt;\">4 frascos<\/span><\/strong> por\u00a0<span style=\"font-size: 15pt;\"><strong>[aelia_cs_currency_amount amount=\"36.50\" formatted=\"1|1\" from_currency=\"GBP\"]<\/strong><\/span> <strong>ahorrando <\/strong>un<strong> 10% <\/strong>cada una<\/li>\n<li><strong><span style=\"font-size: 13pt;\">8 frascos<\/span><\/strong> por\u00a0<span style=\"font-size: 15pt;\"><strong>[aelia_cs_currency_amount amount=\"33.00\" formatted=\"1|1\" from_currency=\"GBP\"]<\/strong><\/span> <strong>ahorrando <\/strong>un<strong> 20% <\/strong>cada una<\/li>\n<\/ul>\n<p><span style=\"font-size: 14pt;\"><b>ENV\u00cdO GRATUITO <\/b><\/span>con cualquier combinaci\u00f3n de 5 o m\u00e1s frascos.*<\/p>\n","protected":false},"featured_media":11025,"comment_status":"open","ping_status":"closed","template":"","meta":{"_acf_changed":false,"site-sidebar-layout":"default","site-content-layout":"default","ast-site-content-layout":"default","site-content-style":"default","site-sidebar-style":"default","ast-global-header-display":"","ast-banner-title-visibility":"","ast-main-header-display":"","ast-hfb-above-header-display":"","ast-hfb-below-header-display":"","ast-hfb-mobile-header-display":"","site-post-title":"","ast-breadcrumbs-content":"","ast-featured-img":"","footer-sml-layout":"","ast-disable-related-posts":"","theme-transparent-header-meta":"default","adv-header-id-meta":"","stick-header-meta":"","header-above-stick-meta":"","header-main-stick-meta":"","header-below-stick-meta":"","astra-migrate-meta-layouts":"default","ast-page-background-enabled":"default","ast-page-background-meta":{"desktop":{"background-color":"","background-image":"","background-repeat":"repeat","background-position":"center center","background-size":"auto","background-attachment":"scroll","background-type":"","background-media":"","overlay-type":"","overlay-color":"","overlay-opacity":"","overlay-gradient":""},"tablet":{"background-color":"","background-image":"","background-repeat":"repeat","background-position":"center center","background-size":"auto","background-attachment":"scroll","background-type":"","background-media":"","overlay-type":"","overlay-color":"","overlay-opacity":"","overlay-gradient":""},"mobile":{"background-color":"","background-image":"","background-repeat":"repeat","background-position":"center center","background-size":"auto","background-attachment":"scroll","background-type":"","background-media":"","overlay-type":"","overlay-color":"","overlay-opacity":"","overlay-gradient":""}},"ast-content-background-meta":{"desktop":{"background-color":"var(--ast-global-color-5)","background-image":"","background-repeat":"repeat","background-position":"center center","background-size":"auto","background-attachment":"scroll","background-type":"","background-media":"","overlay-type":"","overlay-color":"","overlay-opacity":"","overlay-gradient":""},"tablet":{"background-color":"var(--ast-global-color-5)","background-image":"","background-repeat":"repeat","background-position":"center center","background-size":"auto","background-attachment":"scroll","background-type":"","background-media":"","overlay-type":"","overlay-color":"","overlay-opacity":"","overlay-gradient":""},"mobile":{"background-color":"var(--ast-global-color-5)","background-image":"","background-repeat":"repeat","background-position":"center center","background-size":"auto","background-attachment":"scroll","background-type":"","background-media":"","overlay-type":"","overlay-color":"","overlay-opacity":"","overlay-gradient":""}}},"product_brand":[],"product_cat":[199],"product_tag":[],"class_list":{"0":"post-9954","1":"product","2":"type-product","3":"status-publish","4":"has-post-thumbnail","6":"product_cat-aceite-semilla-calabaza-organica-c60","7":"desktop-align-left","8":"tablet-align-left","9":"mobile-align-left","11":"first","12":"instock","13":"sale","14":"featured","15":"taxable","16":"shipping-taxable","17":"purchasable","18":"product-type-simple"},"acf":[],"_links":{"self":[{"href":"https:\/\/www.vita60.com\/es\/wp-json\/wp\/v2\/product\/9954","targetHints":{"allow":["GET"]}}],"collection":[{"href":"https:\/\/www.vita60.com\/es\/wp-json\/wp\/v2\/product"}],"about":[{"href":"https:\/\/www.vita60.com\/es\/wp-json\/wp\/v2\/types\/product"}],"replies":[{"embeddable":true,"href":"https:\/\/www.vita60.com\/es\/wp-json\/wp\/v2\/comments?post=9954"}],"version-history":[{"count":0,"href":"https:\/\/www.vita60.com\/es\/wp-json\/wp\/v2\/product\/9954\/revisions"}],"wp:featuredmedia":[{"embeddable":true,"href":"https:\/\/www.vita60.com\/es\/wp-json\/wp\/v2\/media\/11025"}],"wp:attachment":[{"href":"https:\/\/www.vita60.com\/es\/wp-json\/wp\/v2\/media?parent=9954"}],"wp:term":[{"taxonomy":"product_brand","embeddable":true,"href":"https:\/\/www.vita60.com\/es\/wp-json\/wp\/v2\/product_brand?post=9954"},{"taxonomy":"product_cat","embeddable":true,"href":"https:\/\/www.vita60.com\/es\/wp-json\/wp\/v2\/product_cat?post=9954"},{"taxonomy":"product_tag","embeddable":true,"href":"https:\/\/www.vita60.com\/es\/wp-json\/wp\/v2\/product_tag?post=9954"}],"curies":[{"name":"wp","href":"https:\/\/api.w.org\/{rel}","templated":true}]}}