{"id":14409,"date":"2020-10-19T17:57:34","date_gmt":"2020-10-19T17:57:34","guid":{"rendered":"https:\/\/www.vita60.com\/adaptateurs-et-seringue\/"},"modified":"2021-10-09T00:55:31","modified_gmt":"2021-10-09T00:55:31","slug":"adaptateurs-et-seringue","status":"publish","type":"page","link":"https:\/\/www.vita60.com\/fr\/adaptateurs-et-seringue\/","title":{"rendered":"Adaptateurs et seringue"},"content":{"rendered":"\t\t<div data-elementor-type=\"wp-page\" data-elementor-id=\"14409\" class=\"elementor elementor-14409 elementor-14390\" data-elementor-post-type=\"page\">\n\t\t\t\t\t\t<section class=\"elementor-section elementor-inner-section elementor-element elementor-element-16cf0919 elementor-section-boxed elementor-section-height-default elementor-section-height-default\" data-id=\"16cf0919\" data-element_type=\"section\" data-e-type=\"section\" data-settings=\"{&quot;background_background&quot;:&quot;classic&quot;}\">\n\t\t\t\t\t\t\t<div class=\"elementor-background-overlay\"><\/div>\n\t\t\t\t\t\t\t<div class=\"elementor-container elementor-column-gap-default\">\n\t\t\t\t\t<div class=\"elementor-column elementor-col-50 elementor-inner-column elementor-element elementor-element-244ed0c9\" data-id=\"244ed0c9\" data-element_type=\"column\" data-e-type=\"column\">\n\t\t\t<div class=\"elementor-widget-wrap elementor-element-populated\">\n\t\t\t\t\t\t<div class=\"elementor-element elementor-element-34b75529 elementor-widget elementor-widget-heading\" data-id=\"34b75529\" data-element_type=\"widget\" data-e-type=\"widget\" data-widget_type=\"heading.default\">\n\t\t\t\t\t<h2 class=\"elementor-heading-title elementor-size-default\">ADAPTATEURS <br>ET SERINGE<\/h2>\t\t\t\t<\/div>\n\t\t\t\t<div class=\"elementor-element elementor-element-3320921 elementor-widget elementor-widget-text-editor\" data-id=\"3320921\" data-element_type=\"widget\" data-e-type=\"widget\" data-widget_type=\"text-editor.default\">\n\t\t\t\t\t\t\t\t\t<p>Rend la distribution tellement plus facile<\/p>\n\t\t\t\t\t\t\t\t<\/div>\n\t\t\t\t\t<\/div>\n\t\t<\/div>\n\t\t\t\t<div class=\"elementor-column elementor-col-50 elementor-inner-column elementor-element elementor-element-5248c0ec\" data-id=\"5248c0ec\" data-element_type=\"column\" data-e-type=\"column\">\n\t\t\t<div class=\"elementor-widget-wrap\">\n\t\t\t\t\t\t\t<\/div>\n\t\t<\/div>\n\t\t\t\t\t<\/div>\n\t\t<\/section>\n\t\t\t\t<section class=\"elementor-section elementor-top-section elementor-element elementor-element-551bad6 elementor-section-boxed elementor-section-height-default elementor-section-height-default\" data-id=\"551bad6\" data-element_type=\"section\" data-e-type=\"section\">\n\t\t\t\t\t\t<div class=\"elementor-container elementor-column-gap-default\">\n\t\t\t\t\t<div class=\"elementor-column elementor-col-50 elementor-top-column elementor-element elementor-element-6b00dfab\" data-id=\"6b00dfab\" data-element_type=\"column\" data-e-type=\"column\">\n\t\t\t<div class=\"elementor-widget-wrap elementor-element-populated\">\n\t\t\t\t\t\t<div class=\"elementor-element elementor-element-fe66f5f elementor-widget elementor-widget-text-editor\" data-id=\"fe66f5f\" data-element_type=\"widget\" data-e-type=\"widget\" data-widget_type=\"text-editor.default\">\n\t\t\t\t\t\t\t\t\t<p>Une seringue et un adaptateur pour flacon rendent la distribution de liquides simple et sans g\u00e2chis.<\/p>\n<p><b>Adaptateur<br \/>\n<\/b>Nous avons 2 styles d&rsquo;inserts de flacons. Les deux s&rsquo;ins\u00e8rent dans le goulot du flacon et permettent de visser le bouchon du flacon sans qu&rsquo;il soit n\u00e9cessaire de les retirer.<\/p>\n<ul>\n<li>L&rsquo;insert standard est notre insert le plus populaire et est facile \u00e0 utiliser.<\/li>\n<li>L&rsquo;adaptateur SealSafe<sup>\u00ae<\/sup> a une technologie de valeur brevet\u00e9e qui emp\u00eache tout d\u00e9versement accidentel si la bouteille est renvers\u00e9e.<\/li>\n<\/ul>\n<div>\n<p><b>Seringue<br \/>\n<\/b>Notre seringue de 10 ml s&rsquo;ins\u00e8re solidement dans l&rsquo;insert du flacon et \u00e9limine le risque de d\u00e9versement accidentel. Cela rend la distribution plus propre et plus s\u00fbre.<\/p>\n<p>La seringue peut \u00eatre facilement rinc\u00e9e \u00e0 l&rsquo;eau ti\u00e8de, ce qui la rend r\u00e9utilisable.<\/p>\n<\/div>\n\t\t\t\t\t\t\t\t<\/div>\n\t\t\t\t\t<\/div>\n\t\t<\/div>\n\t\t\t\t<div class=\"elementor-column elementor-col-50 elementor-top-column elementor-element elementor-element-7e163963\" data-id=\"7e163963\" data-element_type=\"column\" data-e-type=\"column\">\n\t\t\t<div class=\"elementor-widget-wrap elementor-element-populated\">\n\t\t\t\t\t\t<div class=\"elementor-element elementor-element-c5532b5 elementor-grid-2 elementor-product-loop-item--align-center elementor-grid-tablet-3 elementor-grid-mobile-2 elementor-products-grid elementor-wc-products elementor-widget elementor-widget-woocommerce-products\" data-id=\"c5532b5\" data-element_type=\"widget\" data-e-type=\"widget\" data-widget_type=\"woocommerce-products.default\">\n\t\t\t\t<div class=\"elementor-widget-container\">\n\t\t\t\t\t<div class=\"woocommerce columns-2 \"><ul class=\"products elementor-grid columns-2\">\n<li class=\"desktop-align-left tablet-align-left mobile-align-left product type-product post-9774 status-publish first instock product_cat-adaptateur-flacon has-post-thumbnail taxable shipping-taxable purchasable product-type-simple\">\n\t<a href=\"https:\/\/www.vita60.com\/fr\/adaptateurs-standard\/\" class=\"woocommerce-LoopProduct-link woocommerce-loop-product__link\"><img fetchpriority=\"high\" decoding=\"async\" width=\"400\" height=\"400\" src=\"https:\/\/www.vita60.com\/wp-content\/uploads\/2020\/06\/standard-insert.png\" class=\"attachment-woocommerce_thumbnail size-woocommerce_thumbnail\" alt=\"standard bottle inserts and 10ml syringe\" srcset=\"https:\/\/www.vita60.com\/wp-content\/uploads\/2020\/06\/standard-insert.png 400w, https:\/\/www.vita60.com\/wp-content\/uploads\/2020\/06\/standard-insert-100x100.png 100w, https:\/\/www.vita60.com\/wp-content\/uploads\/2020\/06\/standard-insert-300x300.png 300w, https:\/\/www.vita60.com\/wp-content\/uploads\/2020\/06\/standard-insert-150x150.png 150w, https:\/\/www.vita60.com\/wp-content\/uploads\/2020\/06\/standard-insert-24x24.png 24w, https:\/\/www.vita60.com\/wp-content\/uploads\/2020\/06\/standard-insert-36x36.png 36w, https:\/\/www.vita60.com\/wp-content\/uploads\/2020\/06\/standard-insert-48x48.png 48w\" sizes=\"(max-width: 400px) 100vw, 400px\" data-xooWscFly=\"fly\" \/><h2 class=\"woocommerce-loop-product__title\">Adaptateur de Flacon et Seringue<\/h2>\n\t<span class=\"price\"><span class=\"woocommerce-Price-amount amount\"><bdi><span class=\"woocommerce-Price-currencySymbol\">\u00a3<\/span>1.75<\/bdi><\/span><\/span>\n<\/a><a href=\"\/fr\/wp-json\/wp\/v2\/pages\/14409?add-to-cart=9774\" aria-describedby=\"woocommerce_loop_add_to_cart_link_describedby_9774\" data-quantity=\"1\" class=\"button product_type_simple add_to_cart_button ajax_add_to_cart\" data-product_id=\"9774\" data-product_sku=\"BT01\" aria-label=\"Ajouter au panier\u00a0: &ldquo;Adaptateur de Flacon et Seringue&rdquo;\" rel=\"nofollow\" data-success_message=\"\u00ab\u00a0Adaptateur de Flacon et Seringue\u00a0\u00bb a \u00e9t\u00e9 ajout\u00e9 \u00e0 votre panier\" role=\"button\">Ajouter au panier<\/a>\t<span id=\"woocommerce_loop_add_to_cart_link_describedby_9774\" class=\"screen-reader-text\">\n\t\t\t<\/span>\n<span class=\"gtm4wp_productdata\" style=\"display:none; visibility:hidden;\" data-gtm4wp_product_data=\"{&quot;internal_id&quot;:9774,&quot;item_id&quot;:9774,&quot;item_name&quot;:&quot;Adaptateur de Flacon et Seringue&quot;,&quot;sku&quot;:&quot;BT01&quot;,&quot;price&quot;:1.75,&quot;stocklevel&quot;:null,&quot;stockstatus&quot;:&quot;instock&quot;,&quot;google_business_vertical&quot;:&quot;retail&quot;,&quot;item_category&quot;:&quot;Adaptateur du Flacon&quot;,&quot;id&quot;:9774,&quot;productlink&quot;:&quot;https:\\\/\\\/www.vita60.com\\\/fr\\\/adaptateurs-standard\\\/&quot;,&quot;item_list_name&quot;:&quot;Liste g\\u00e9n\\u00e9rale des produits&quot;,&quot;index&quot;:1,&quot;product_type&quot;:&quot;simple&quot;,&quot;item_brand&quot;:&quot;&quot;}\"><\/span><a href=\"#\" class=\"button yith-wcqv-button\" data-product_id=\"9774\">Aper\u00e7u rapide<\/a><\/li>\n<li class=\"desktop-align-left tablet-align-left mobile-align-left product type-product post-5890 status-publish last instock product_cat-adaptateur-flacon has-post-thumbnail taxable shipping-taxable purchasable product-type-simple\">\n\t<a href=\"https:\/\/www.vita60.com\/fr\/adapteurs-et-seringue-flacon-sealsafe\/\" class=\"woocommerce-LoopProduct-link woocommerce-loop-product__link\"><img decoding=\"async\" width=\"400\" height=\"400\" src=\"https:\/\/www.vita60.com\/wp-content\/uploads\/2020\/06\/syringe-sealsafe-bottle-adapters.jpg\" class=\"attachment-woocommerce_thumbnail size-woocommerce_thumbnail\" alt=\"SealSafe bottle adapters and syringe\" srcset=\"https:\/\/www.vita60.com\/wp-content\/uploads\/2020\/06\/syringe-sealsafe-bottle-adapters.jpg 400w, https:\/\/www.vita60.com\/wp-content\/uploads\/2020\/06\/syringe-sealsafe-bottle-adapters-100x100.jpg 100w, https:\/\/www.vita60.com\/wp-content\/uploads\/2020\/06\/syringe-sealsafe-bottle-adapters-300x300.jpg 300w, https:\/\/www.vita60.com\/wp-content\/uploads\/2020\/06\/syringe-sealsafe-bottle-adapters-150x150.jpg 150w, https:\/\/www.vita60.com\/wp-content\/uploads\/2020\/06\/syringe-sealsafe-bottle-adapters-24x24.jpg 24w, https:\/\/www.vita60.com\/wp-content\/uploads\/2020\/06\/syringe-sealsafe-bottle-adapters-36x36.jpg 36w, https:\/\/www.vita60.com\/wp-content\/uploads\/2020\/06\/syringe-sealsafe-bottle-adapters-48x48.jpg 48w\" sizes=\"(max-width: 400px) 100vw, 400px\" data-xooWscFly=\"fly\" \/><h2 class=\"woocommerce-loop-product__title\">Adaptateur de Flacon SealSafe<sup>\u00ae<\/sup> et Seringue<\/h2>\n\t<span class=\"price\"><span class=\"woocommerce-Price-amount amount\"><bdi><span class=\"woocommerce-Price-currencySymbol\">\u00a3<\/span>2.40<\/bdi><\/span><\/span>\n<\/a><a href=\"\/fr\/wp-json\/wp\/v2\/pages\/14409?add-to-cart=5890\" aria-describedby=\"woocommerce_loop_add_to_cart_link_describedby_5890\" data-quantity=\"1\" class=\"button product_type_simple add_to_cart_button ajax_add_to_cart\" data-product_id=\"5890\" data-product_sku=\"BT02\" aria-label=\"Ajouter au panier\u00a0: &ldquo;Adaptateur de Flacon SealSafe\u00ae et Seringue&rdquo;\" rel=\"nofollow\" data-success_message=\"\u00ab\u00a0Adaptateur de Flacon SealSafe&lt;sup&gt;\u00ae&lt;\/sup&gt; et Seringue\u00a0\u00bb a \u00e9t\u00e9 ajout\u00e9 \u00e0 votre panier\" role=\"button\">Ajouter au panier<\/a>\t<span id=\"woocommerce_loop_add_to_cart_link_describedby_5890\" class=\"screen-reader-text\">\n\t\t\t<\/span>\n<span class=\"gtm4wp_productdata\" style=\"display:none; visibility:hidden;\" data-gtm4wp_product_data=\"{&quot;internal_id&quot;:5890,&quot;item_id&quot;:5890,&quot;item_name&quot;:&quot;Adaptateur de Flacon SealSafe&lt;sup&gt;\\u00ae&lt;\\\/sup&gt; et Seringue&quot;,&quot;sku&quot;:&quot;BT02&quot;,&quot;price&quot;:2.4,&quot;stocklevel&quot;:null,&quot;stockstatus&quot;:&quot;instock&quot;,&quot;google_business_vertical&quot;:&quot;retail&quot;,&quot;item_category&quot;:&quot;Adaptateur du Flacon&quot;,&quot;id&quot;:5890,&quot;productlink&quot;:&quot;https:\\\/\\\/www.vita60.com\\\/fr\\\/adapteurs-et-seringue-flacon-sealsafe\\\/&quot;,&quot;item_list_name&quot;:&quot;Liste g\\u00e9n\\u00e9rale des produits&quot;,&quot;index&quot;:2,&quot;product_type&quot;:&quot;simple&quot;,&quot;item_brand&quot;:&quot;&quot;}\"><\/span><a href=\"#\" class=\"button yith-wcqv-button\" data-product_id=\"5890\">Aper\u00e7u rapide<\/a><\/li>\n<\/ul>\n<\/div>\t\t\t\t<\/div>\n\t\t\t\t<\/div>\n\t\t\t\t\t<\/div>\n\t\t<\/div>\n\t\t\t\t\t<\/div>\n\t\t<\/section>\n\t\t\t\t<\/div>\n\t\t","protected":false},"excerpt":{"rendered":"<p>ADAPTATEURS ET SERINGE Rend la distribution tellement plus facile Une seringue et un adaptateur pour flacon rendent la distribution de liquides simple et sans g\u00e2chis. Adaptateur Nous avons 2 styles d&rsquo;inserts de flacons. Les deux s&rsquo;ins\u00e8rent dans le goulot du flacon et permettent de visser le bouchon du flacon sans qu&rsquo;il soit n\u00e9cessaire de les [&hellip;]<\/p>\n","protected":false},"author":2,"featured_media":0,"parent":0,"menu_order":0,"comment_status":"closed","ping_status":"closed","template":"","meta":{"_acf_changed":false,"site-sidebar-layout":"no-sidebar","site-content-layout":"page-builder","ast-site-content-layout":"default","site-content-style":"default","site-sidebar-style":"default","ast-global-header-display":"","ast-banner-title-visibility":"","ast-main-header-display":"","ast-hfb-above-header-display":"","ast-hfb-below-header-display":"","ast-hfb-mobile-header-display":"","site-post-title":"disabled","ast-breadcrumbs-content":"","ast-featured-img":"disabled","footer-sml-layout":"","ast-disable-related-posts":"","theme-transparent-header-meta":"default","adv-header-id-meta":"","stick-header-meta":"","header-above-stick-meta":"","header-main-stick-meta":"","header-below-stick-meta":"","astra-migrate-meta-layouts":"default","ast-page-background-enabled":"default","ast-page-background-meta":{"desktop":{"background-color":"","background-image":"","background-repeat":"repeat","background-position":"center center","background-size":"auto","background-attachment":"scroll","background-type":"","background-media":"","overlay-type":"","overlay-color":"","overlay-opacity":"","overlay-gradient":""},"tablet":{"background-color":"","background-image":"","background-repeat":"repeat","background-position":"center center","background-size":"auto","background-attachment":"scroll","background-type":"","background-media":"","overlay-type":"","overlay-color":"","overlay-opacity":"","overlay-gradient":""},"mobile":{"background-color":"","background-image":"","background-repeat":"repeat","background-position":"center center","background-size":"auto","background-attachment":"scroll","background-type":"","background-media":"","overlay-type":"","overlay-color":"","overlay-opacity":"","overlay-gradient":""}},"ast-content-background-meta":{"desktop":{"background-color":"var(--ast-global-color-5)","background-image":"","background-repeat":"repeat","background-position":"center center","background-size":"auto","background-attachment":"scroll","background-type":"","background-media":"","overlay-type":"","overlay-color":"","overlay-opacity":"","overlay-gradient":""},"tablet":{"background-color":"var(--ast-global-color-5)","background-image":"","background-repeat":"repeat","background-position":"center center","background-size":"auto","background-attachment":"scroll","background-type":"","background-media":"","overlay-type":"","overlay-color":"","overlay-opacity":"","overlay-gradient":""},"mobile":{"background-color":"var(--ast-global-color-5)","background-image":"","background-repeat":"repeat","background-position":"center center","background-size":"auto","background-attachment":"scroll","background-type":"","background-media":"","overlay-type":"","overlay-color":"","overlay-opacity":"","overlay-gradient":""}},"footnotes":""},"class_list":["post-14409","page","type-page","status-publish","hentry"],"acf":[],"_links":{"self":[{"href":"https:\/\/www.vita60.com\/fr\/wp-json\/wp\/v2\/pages\/14409","targetHints":{"allow":["GET"]}}],"collection":[{"href":"https:\/\/www.vita60.com\/fr\/wp-json\/wp\/v2\/pages"}],"about":[{"href":"https:\/\/www.vita60.com\/fr\/wp-json\/wp\/v2\/types\/page"}],"author":[{"embeddable":true,"href":"https:\/\/www.vita60.com\/fr\/wp-json\/wp\/v2\/users\/2"}],"replies":[{"embeddable":true,"href":"https:\/\/www.vita60.com\/fr\/wp-json\/wp\/v2\/comments?post=14409"}],"version-history":[{"count":0,"href":"https:\/\/www.vita60.com\/fr\/wp-json\/wp\/v2\/pages\/14409\/revisions"}],"wp:attachment":[{"href":"https:\/\/www.vita60.com\/fr\/wp-json\/wp\/v2\/media?parent=14409"}],"curies":[{"name":"wp","href":"https:\/\/api.w.org\/{rel}","templated":true}]}}