{"id":22810,"date":"2020-12-21T08:32:06","date_gmt":"2020-12-21T08:32:06","guid":{"rendered":"https:\/\/www.vita60.com\/sondage\/"},"modified":"2020-12-28T19:13:22","modified_gmt":"2020-12-28T19:13:22","slug":"sondage-sur-c60","status":"publish","type":"page","link":"https:\/\/www.vita60.com\/fr\/sondage-sur-c60\/","title":{"rendered":"Sondage sur C60"},"content":{"rendered":"\t\t<div data-elementor-type=\"wp-page\" data-elementor-id=\"22810\" class=\"elementor elementor-22810 elementor-1627\" data-elementor-post-type=\"page\">\n\t\t\t\t\t\t<section class=\"elementor-section elementor-top-section elementor-element elementor-element-4c55936 elementor-section-boxed elementor-section-height-default elementor-section-height-default\" data-id=\"4c55936\" data-element_type=\"section\" data-e-type=\"section\" data-settings=\"{&quot;background_background&quot;:&quot;classic&quot;}\">\n\t\t\t\t\t\t<div class=\"elementor-container elementor-column-gap-default\">\n\t\t\t\t\t<div class=\"elementor-column elementor-col-100 elementor-top-column elementor-element elementor-element-e7692c2\" data-id=\"e7692c2\" data-element_type=\"column\" data-e-type=\"column\">\n\t\t\t<div class=\"elementor-widget-wrap elementor-element-populated\">\n\t\t\t\t\t\t<div class=\"elementor-element elementor-element-e8bf088 elementor-widget elementor-widget-heading\" data-id=\"e8bf088\" data-element_type=\"widget\" data-e-type=\"widget\" data-widget_type=\"heading.default\">\n\t\t\t\t\t<h3 class=\"elementor-heading-title elementor-size-default\">Sondage sur C60<\/h3>\t\t\t\t<\/div>\n\t\t\t\t\t<\/div>\n\t\t<\/div>\n\t\t\t\t\t<\/div>\n\t\t<\/section>\n\t\t\t\t<section class=\"elementor-section elementor-top-section elementor-element elementor-element-ef6cb10 elementor-section-boxed elementor-section-height-default elementor-section-height-default\" data-id=\"ef6cb10\" data-element_type=\"section\" data-e-type=\"section\">\n\t\t\t\t\t\t<div class=\"elementor-container elementor-column-gap-default\">\n\t\t\t\t\t<div class=\"elementor-column elementor-col-100 elementor-top-column elementor-element elementor-element-376a249\" data-id=\"376a249\" data-element_type=\"column\" data-e-type=\"column\">\n\t\t\t<div class=\"elementor-widget-wrap elementor-element-populated\">\n\t\t\t\t\t\t<div class=\"elementor-element elementor-element-28c1e07 elementor-widget elementor-widget-text-editor\" data-id=\"28c1e07\" data-element_type=\"widget\" data-e-type=\"widget\" data-widget_type=\"text-editor.default\">\n\t\t\t\t\t\t\t\t\t<h4>Sondage des membres du forum Longecity dont les membres \u00e9tudient divers aspects de la sant\u00e9 et une vie plus longue. Les membres ont \u00e9t\u00e9 invit\u00e9s \u00e0 r\u00e9pondre \u00e0 des questions sur leurs exp\u00e9riences de prise de C60 dans l&rsquo;huile d&rsquo;olive. C&rsquo;est peut-\u00eatre l&rsquo;une des plus grandes \u00e9tudes informelles sur les effets de la prise de C60 dans l&rsquo;huile d&rsquo;olive<\/h4>\n\t\t\t\t\t\t\t\t<\/div>\n\t\t\t\t<div class=\"elementor-element elementor-element-be8a38c elementor-widget elementor-widget-html\" data-id=\"be8a38c\" data-element_type=\"widget\" data-e-type=\"widget\" data-widget_type=\"html.default\">\n\t\t\t\t\t<p><img decoding=\"async\" src=\"https:\/\/c60inoliveoil.com\/images\/poll\/longecity-poll.jpg\" alt=\"Sondage du forum Longecity des utilisateurs sur leurs d\u00e9couvertes apr\u00e8s l'utilisation de C60 dans l'huile d'olive\" title=\"Sondage du forum Longecity des utilisateurs sur leurs d\u00e9couvertes apr\u00e8s l'utilisation de C60 dans l'huile d'olive\" \/><\/p>\t\t\t\t<\/div>\n\t\t\t\t\t<\/div>\n\t\t<\/div>\n\t\t\t\t\t<\/div>\n\t\t<\/section>\n\t\t\t\t<\/div>\n\t\t","protected":false},"excerpt":{"rendered":"<p>Sondage sur C60 Sondage des membres du forum Longecity dont les membres \u00e9tudient divers aspects de la sant\u00e9 et une vie plus longue. Les membres ont \u00e9t\u00e9 invit\u00e9s \u00e0 r\u00e9pondre \u00e0 des questions sur leurs exp\u00e9riences de prise de C60 dans l&rsquo;huile d&rsquo;olive. C&rsquo;est peut-\u00eatre l&rsquo;une des plus grandes \u00e9tudes informelles sur les effets de [&hellip;]<\/p>\n","protected":false},"author":2,"featured_media":0,"parent":0,"menu_order":0,"comment_status":"closed","ping_status":"closed","template":"","meta":{"_acf_changed":false,"site-sidebar-layout":"no-sidebar","site-content-layout":"page-builder","ast-site-content-layout":"default","site-content-style":"default","site-sidebar-style":"default","ast-global-header-display":"","ast-banner-title-visibility":"","ast-main-header-display":"","ast-hfb-above-header-display":"","ast-hfb-below-header-display":"","ast-hfb-mobile-header-display":"","site-post-title":"disabled","ast-breadcrumbs-content":"","ast-featured-img":"disabled","footer-sml-layout":"","ast-disable-related-posts":"","theme-transparent-header-meta":"disabled","adv-header-id-meta":"","stick-header-meta":"","header-above-stick-meta":"","header-main-stick-meta":"","header-below-stick-meta":"","astra-migrate-meta-layouts":"default","ast-page-background-enabled":"default","ast-page-background-meta":{"desktop":{"background-color":"","background-image":"","background-repeat":"repeat","background-position":"center center","background-size":"auto","background-attachment":"scroll","background-type":"","background-media":"","overlay-type":"","overlay-color":"","overlay-opacity":"","overlay-gradient":""},"tablet":{"background-color":"","background-image":"","background-repeat":"repeat","background-position":"center center","background-size":"auto","background-attachment":"scroll","background-type":"","background-media":"","overlay-type":"","overlay-color":"","overlay-opacity":"","overlay-gradient":""},"mobile":{"background-color":"","background-image":"","background-repeat":"repeat","background-position":"center center","background-size":"auto","background-attachment":"scroll","background-type":"","background-media":"","overlay-type":"","overlay-color":"","overlay-opacity":"","overlay-gradient":""}},"ast-content-background-meta":{"desktop":{"background-color":"var(--ast-global-color-5)","background-image":"","background-repeat":"repeat","background-position":"center center","background-size":"auto","background-attachment":"scroll","background-type":"","background-media":"","overlay-type":"","overlay-color":"","overlay-opacity":"","overlay-gradient":""},"tablet":{"background-color":"var(--ast-global-color-5)","background-image":"","background-repeat":"repeat","background-position":"center center","background-size":"auto","background-attachment":"scroll","background-type":"","background-media":"","overlay-type":"","overlay-color":"","overlay-opacity":"","overlay-gradient":""},"mobile":{"background-color":"var(--ast-global-color-5)","background-image":"","background-repeat":"repeat","background-position":"center center","background-size":"auto","background-attachment":"scroll","background-type":"","background-media":"","overlay-type":"","overlay-color":"","overlay-opacity":"","overlay-gradient":""}},"footnotes":""},"class_list":["post-22810","page","type-page","status-publish","hentry"],"acf":[],"_links":{"self":[{"href":"https:\/\/www.vita60.com\/fr\/wp-json\/wp\/v2\/pages\/22810","targetHints":{"allow":["GET"]}}],"collection":[{"href":"https:\/\/www.vita60.com\/fr\/wp-json\/wp\/v2\/pages"}],"about":[{"href":"https:\/\/www.vita60.com\/fr\/wp-json\/wp\/v2\/types\/page"}],"author":[{"embeddable":true,"href":"https:\/\/www.vita60.com\/fr\/wp-json\/wp\/v2\/users\/2"}],"replies":[{"embeddable":true,"href":"https:\/\/www.vita60.com\/fr\/wp-json\/wp\/v2\/comments?post=22810"}],"version-history":[{"count":0,"href":"https:\/\/www.vita60.com\/fr\/wp-json\/wp\/v2\/pages\/22810\/revisions"}],"wp:attachment":[{"href":"https:\/\/www.vita60.com\/fr\/wp-json\/wp\/v2\/media?parent=22810"}],"curies":[{"name":"wp","href":"https:\/\/api.w.org\/{rel}","templated":true}]}}