{"id":6959,"date":"2020-07-14T07:27:04","date_gmt":"2020-07-14T07:27:04","guid":{"rendered":"https:\/\/www.vita60.com\/politique-de-cookies\/"},"modified":"2020-12-28T12:13:42","modified_gmt":"2020-12-28T12:13:42","slug":"politique-de-cookies","status":"publish","type":"page","link":"https:\/\/www.vita60.com\/fr\/politique-de-cookies\/","title":{"rendered":"Politique de cookies"},"content":{"rendered":"\t\t<div data-elementor-type=\"wp-page\" data-elementor-id=\"6959\" class=\"elementor elementor-6959 elementor-1628\" data-elementor-post-type=\"page\">\n\t\t\t\t\t\t<section class=\"elementor-section elementor-top-section elementor-element elementor-element-f59f325 elementor-section-boxed elementor-section-height-default elementor-section-height-default\" data-id=\"f59f325\" data-element_type=\"section\" data-e-type=\"section\" data-settings=\"{&quot;background_background&quot;:&quot;classic&quot;}\">\n\t\t\t\t\t\t<div class=\"elementor-container elementor-column-gap-default\">\n\t\t\t\t\t<div class=\"elementor-column elementor-col-100 elementor-top-column elementor-element elementor-element-70a0509\" data-id=\"70a0509\" data-element_type=\"column\" data-e-type=\"column\">\n\t\t\t<div class=\"elementor-widget-wrap elementor-element-populated\">\n\t\t\t\t\t\t<div class=\"elementor-element elementor-element-7df639f elementor-widget elementor-widget-heading\" data-id=\"7df639f\" data-element_type=\"widget\" data-e-type=\"widget\" data-widget_type=\"heading.default\">\n\t\t\t\t\t<h3 class=\"elementor-heading-title elementor-size-default\">Politique de cookies<\/h3>\t\t\t\t<\/div>\n\t\t\t\t\t<\/div>\n\t\t<\/div>\n\t\t\t\t\t<\/div>\n\t\t<\/section>\n\t\t\t\t<section class=\"elementor-section elementor-top-section elementor-element elementor-element-02ba2bc elementor-section-boxed elementor-section-height-default elementor-section-height-default\" data-id=\"02ba2bc\" data-element_type=\"section\" data-e-type=\"section\" data-settings=\"{&quot;background_background&quot;:&quot;classic&quot;}\">\n\t\t\t\t\t\t\t<div class=\"elementor-background-overlay\"><\/div>\n\t\t\t\t\t\t\t<div class=\"elementor-container elementor-column-gap-default\">\n\t\t\t\t\t<div class=\"elementor-column elementor-col-100 elementor-top-column elementor-element elementor-element-ea84ace\" data-id=\"ea84ace\" data-element_type=\"column\" data-e-type=\"column\">\n\t\t\t<div class=\"elementor-widget-wrap elementor-element-populated\">\n\t\t\t\t\t\t<div class=\"elementor-element elementor-element-89c88ec elementor-widget elementor-widget-heading\" data-id=\"89c88ec\" data-element_type=\"widget\" data-e-type=\"widget\" data-widget_type=\"heading.default\">\n\t\t\t\t\t<h4 class=\"elementor-heading-title elementor-size-default\">Politique de cookies de VITA60<\/h4>\t\t\t\t<\/div>\n\t\t\t\t<div class=\"elementor-element elementor-element-e9565d1 elementor-hidden-phone elementor-widget elementor-widget-text-editor\" data-id=\"e9565d1\" data-element_type=\"widget\" data-e-type=\"widget\" data-widget_type=\"text-editor.default\">\n\t\t\t\t\t\t\t\t\t<p><img fetchpriority=\"high\" decoding=\"async\" class=\"alignriight alignright\" src=\"https:\/\/www.vita60.com\/wp-content\/uploads\/2020\/12\/cookie-policy.jpg\" alt=\"Cookie Policy on VITA60\" width=\"300\" height=\"300\" \/><\/p>\n<p>Cette politique de cookies d\u00e9crit les cookies que nous traitons pour soutenir le site Web. Le site Web est un site Web WordPress et n\u00e9cessite des cookies pour fonctionner correctement. Nous stockons et utilisons activement les cookies simplement dans le cadre de la fonction du site Web. Dans ce document, VITA60.com et VITA60 Group Limited sont utilis\u00e9s comme synonymes.<\/p>\n<div class=\"elementor-element elementor-element-3c77dbc elementor-widget elementor-widget-heading\" data-id=\"3c77dbc\" data-element_type=\"widget\" data-widget_type=\"heading.default\">\n<div class=\"elementor-widget-container\">\n<p class=\"elementor-heading-title elementor-size-default\"><strong><span style=\"font-size: 15pt;\">Que sont les cookies?<\/span><\/strong><\/p>\n<\/div>\n<\/div>\n<div class=\"elementor-element elementor-element-0a51c37 elementor-widget elementor-widget-text-editor\" data-id=\"0a51c37\" data-element_type=\"widget\" data-widget_type=\"text-editor.default\">\n<div class=\"elementor-widget-container\">\n<div class=\"elementor-text-editor elementor-clearfix\">\n<p>Comme c\u2019est la pratique courante avec presque tous les sites Web professionnels, ce site utilise des cookies, qui sont de minuscules fichiers t\u00e9l\u00e9charg\u00e9s sur votre ordinateur, pour am\u00e9liorer votre exp\u00e9rience. Cette page d\u00e9crit les informations qu\u2019ils collectent, comment nous les utilisons et pourquoi nous devons parfois stocker ces cookies. Nous partagerons \u00e9galement comment vous pouvez emp\u00eacher ces cookies d\u2019\u00eatre stock\u00e9s, mais cela peut d\u00e9classer ou \u00abcasser\u00bb certains \u00e9l\u00e9ments de la fonctionnalit\u00e9 du site.<\/p>\n<p>Pour plus d\u2019informations g\u00e9n\u00e9rales sur les cookies, consultez l\u2019article de\u00a0<a href=\"https:\/\/fr.wikipedia.org\/wiki\/Cookie_(informatique)\" target=\"_blank\" rel=\"noopener\">Wikip\u00e9dia sur les cookies HTTP<\/a>.<\/p>\n<\/div>\n<\/div>\n<\/div>\n\t\t\t\t\t\t\t\t<\/div>\n\t\t\t\t<div class=\"elementor-element elementor-element-9583aee elementor-hidden-desktop elementor-hidden-tablet elementor-widget elementor-widget-text-editor\" data-id=\"9583aee\" data-element_type=\"widget\" data-e-type=\"widget\" data-widget_type=\"text-editor.default\">\n\t\t\t\t\t\t\t\t\t<p><img decoding=\"async\" class=\"alignriight aligncenter\" src=\"https:\/\/www.vita60.com\/wp-content\/uploads\/2020\/12\/cookie-policy.jpg\" alt=\"Cookie Policy on VITA60\" width=\"300\" height=\"300\" \/><\/p>\n<p>Cette politique de cookies d\u00e9crit les cookies que nous traitons pour soutenir le site Web. Le site Web est un site Web WordPress et n\u00e9cessite des cookies pour fonctionner correctement. Nous stockons et utilisons activement les cookies simplement dans le cadre de la fonction du site Web. Dans ce document, VITA60.com et VITA60 Group Limited sont utilis\u00e9s comme synonymes.<\/p>\n<div class=\"elementor-element elementor-element-3c77dbc elementor-widget elementor-widget-heading\" data-id=\"3c77dbc\" data-element_type=\"widget\" data-widget_type=\"heading.default\">\n<div class=\"elementor-widget-container\">\n<p class=\"elementor-heading-title elementor-size-default\"><strong><span style=\"font-size: 15pt;\">Que sont les cookies?<\/span><\/strong><\/p>\n<\/div>\n<\/div>\n<div class=\"elementor-element elementor-element-0a51c37 elementor-widget elementor-widget-text-editor\" data-id=\"0a51c37\" data-element_type=\"widget\" data-widget_type=\"text-editor.default\">\n<div class=\"elementor-widget-container\">\n<div class=\"elementor-text-editor elementor-clearfix\">\n<p>Comme c\u2019est la pratique courante avec presque tous les sites Web professionnels, ce site utilise des cookies, qui sont de minuscules fichiers t\u00e9l\u00e9charg\u00e9s sur votre ordinateur, pour am\u00e9liorer votre exp\u00e9rience. Cette page d\u00e9crit les informations qu\u2019ils collectent, comment nous les utilisons et pourquoi nous devons parfois stocker ces cookies. Nous partagerons \u00e9galement comment vous pouvez emp\u00eacher ces cookies d\u2019\u00eatre stock\u00e9s, mais cela peut d\u00e9classer ou \u00abcasser\u00bb certains \u00e9l\u00e9ments de la fonctionnalit\u00e9 du site.<\/p>\n<p>Pour plus d\u2019informations g\u00e9n\u00e9rales sur les cookies, consultez l\u2019article de\u00a0<a href=\"https:\/\/fr.wikipedia.org\/wiki\/Cookie_(informatique)\" target=\"_blank\" rel=\"noopener\">Wikip\u00e9dia sur les cookies HTTP<\/a>.<\/p>\n<\/div>\n<\/div>\n<\/div>\n\t\t\t\t\t\t\t\t<\/div>\n\t\t\t\t<div class=\"elementor-element elementor-element-f02cab6 elementor-widget elementor-widget-heading\" data-id=\"f02cab6\" data-element_type=\"widget\" data-e-type=\"widget\" data-widget_type=\"heading.default\">\n\t\t\t\t\t<h4 class=\"elementor-heading-title elementor-size-default\">Comment nous utilisons les cookies<\/h4>\t\t\t\t<\/div>\n\t\t\t\t<div class=\"elementor-element elementor-element-245dd51 elementor-widget elementor-widget-text-editor\" data-id=\"245dd51\" data-element_type=\"widget\" data-e-type=\"widget\" data-widget_type=\"text-editor.default\">\n\t\t\t\t\t\t\t\t\t<p>Nous utilisons des cookies pour diverses raisons d\u00e9taill\u00e9es ci-dessous. Malheureusement, dans la plupart des cas, il n\u2019y a pas d\u2019options standard pour d\u00e9sactiver les cookies sans d\u00e9sactiver compl\u00e8tement les fonctionnalit\u00e9s et les fonctionnalit\u00e9s qu\u2019ils ajoutent \u00e0 ce site. Les sites Web WordPress, dont l\u2019un est, n\u00e9cessitent des cookies pour fonctionner. Il est recommand\u00e9 de laisser tous les cookies si vous ne savez pas si vous en avez besoin ou non au cas o\u00f9 ils seraient utilis\u00e9s pour fournir un service que vous utilisez.<\/p>\n\t\t\t\t\t\t\t\t<\/div>\n\t\t\t\t<div class=\"elementor-element elementor-element-03adfc3 elementor-widget elementor-widget-heading\" data-id=\"03adfc3\" data-element_type=\"widget\" data-e-type=\"widget\" data-widget_type=\"heading.default\">\n\t\t\t\t\t<h4 class=\"elementor-heading-title elementor-size-default\">D\u00e9sactiver les cookies<\/h4>\t\t\t\t<\/div>\n\t\t\t\t<div class=\"elementor-element elementor-element-2f21fd7 elementor-widget elementor-widget-text-editor\" data-id=\"2f21fd7\" data-element_type=\"widget\" data-e-type=\"widget\" data-widget_type=\"text-editor.default\">\n\t\t\t\t\t\t\t\t\t<p>Vous pouvez emp\u00eacher l\u2019installation de cookies en ajustant les param\u00e8tres de votre navigateur (consultez l\u2019aide de votre navigateur pour savoir comment proc\u00e9der). Veuillez noter que la d\u00e9sactivation des cookies affecte la fonctionnalit\u00e9 de ce site et de nombreux autres sites Web que vous visitez. La d\u00e9sactivation des cookies entra\u00eenera g\u00e9n\u00e9ralement la d\u00e9sactivation de certaines fonctionnalit\u00e9s et fonctionnalit\u00e9s de \/ ce site. Par cons\u00e9quent, il est recommand\u00e9 de ne pas d\u00e9sactiver les cookies.<\/p>\n\t\t\t\t\t\t\t\t<\/div>\n\t\t\t\t<div class=\"elementor-element elementor-element-846492c elementor-widget elementor-widget-heading\" data-id=\"846492c\" data-element_type=\"widget\" data-e-type=\"widget\" data-widget_type=\"heading.default\">\n\t\t\t\t\t<h4 class=\"elementor-heading-title elementor-size-default\">Les cookies que nous \u00e9tablissons<\/h4>\t\t\t\t<\/div>\n\t\t\t\t<div class=\"elementor-element elementor-element-df4c90a elementor-widget elementor-widget-text-editor\" data-id=\"df4c90a\" data-element_type=\"widget\" data-e-type=\"widget\" data-widget_type=\"text-editor.default\">\n\t\t\t\t\t\t\t\t\t<ul>\n<li style=\"list-style-type: none;\">\n<ul>\n<li>Cookies li\u00e9s au compte<br \/>\nSi vous cr\u00e9ez un compte chez nous, nous utiliserons des cookies pour la gestion du processus d\u2019inscription et l\u2019administration g\u00e9n\u00e9rale. Ces cookies seront g\u00e9n\u00e9ralement supprim\u00e9s lorsque vous vous d\u00e9connectez, mais dans certains cas, ils peuvent subsister pour se souvenir de vos pr\u00e9f\u00e9rences de site lorsque vous vous d\u00e9connectez.<\/li>\n<\/ul>\n<\/li>\n<\/ul>\n<ul>\n<li style=\"list-style-type: none;\">\n<ul>\n<li>Cookies li\u00e9s \u00e0 la connexion<br \/>\nNous utilisons des cookies lorsque vous \u00eates connect\u00e9 afin que nous puissions nous souvenir de ce fait. Cela vous \u00e9vite d\u2019avoir \u00e0 vous connecter \u00e0 chaque fois que vous visitez une nouvelle page. Ces cookies sont g\u00e9n\u00e9ralement supprim\u00e9s ou effac\u00e9s lorsque vous vous d\u00e9connectez pour vous assurer que vous ne pouvez acc\u00e9der qu\u2019aux fonctionnalit\u00e9s et zones restreintes lorsque vous \u00eates connect\u00e9.<\/li>\n<\/ul>\n<\/li>\n<\/ul>\n<ul>\n<li style=\"list-style-type: none;\">\n<ul>\n<li>Cookies li\u00e9s au traitement des commandes<br \/>\nCe site offre des facilit\u00e9s de commerce \u00e9lectronique ou de paiement et certains cookies sont essentiels pour que votre commande soit m\u00e9moris\u00e9e entre les pages afin que nous puissions la traiter correctement.<\/li>\n<\/ul>\n<\/li>\n<\/ul>\n<ul>\n<li style=\"list-style-type: none;\">\n<ul>\n<li>Cookies li\u00e9s aux formulaires<br \/>\nLorsque vous soumettez des donn\u00e9es \u00e0 \/ via un formulaire tel que ceux trouv\u00e9s sur les pages de contact ou les formulaires de commentaires, des cookies peuvent \u00eatre configur\u00e9s pour m\u00e9moriser vos informations d\u2019utilisateur pour une future correspondance.<\/li>\n<\/ul>\n<\/li>\n<\/ul>\n\t\t\t\t\t\t\t\t<\/div>\n\t\t\t\t<div class=\"elementor-element elementor-element-0c3ce98 elementor-widget elementor-widget-heading\" data-id=\"0c3ce98\" data-element_type=\"widget\" data-e-type=\"widget\" data-widget_type=\"heading.default\">\n\t\t\t\t\t<h4 class=\"elementor-heading-title elementor-size-default\">Cookies tiers<\/h4>\t\t\t\t<\/div>\n\t\t\t\t<div class=\"elementor-element elementor-element-f76be90 elementor-widget elementor-widget-text-editor\" data-id=\"f76be90\" data-element_type=\"widget\" data-e-type=\"widget\" data-widget_type=\"text-editor.default\">\n\t\t\t\t\t\t\t\t\t<p>Dans certains cas particuliers, nous utilisons \u00e9galement des cookies fournis par des tiers de confiance. La section suivante d\u00e9taille les cookies tiers que vous pourriez rencontrer sur ce site.<\/p>\n<ul>\n<li style=\"list-style-type: none;\">\n<ul>\n<li>Ce site utilise Google Analytics qui est l\u2019une des solutions d\u2019analyse les plus r\u00e9pandues et les plus fiables sur le Web pour nous aider \u00e0 comprendre comment vous utilisez le site et comment nous pouvons am\u00e9liorer votre exp\u00e9rience. Ces cookies peuvent suivre des \u00e9l\u00e9ments tels que le temps que vous passez sur le site et les pages que vous visitez afin que nous puissions continuer \u00e0 produire du contenu attrayant.<br \/>\nPour plus d\u2019informations sur les cookies de Google Analytics, consultez la page officielle de Google Analytics.<\/li>\n<\/ul>\n<\/li>\n<\/ul>\n<p>Si vous recherchez toujours plus d\u2019informations, vous pouvez nous contacter via notre page\u00a0<a href=\"https:\/\/www.vita60.com\/fr\/contact\/\">contact<\/a>.<\/p>\n\t\t\t\t\t\t\t\t<\/div>\n\t\t\t\t\t<\/div>\n\t\t<\/div>\n\t\t\t\t\t<\/div>\n\t\t<\/section>\n\t\t\t\t<\/div>\n\t\t","protected":false},"excerpt":{"rendered":"<p>Politique de cookies Politique de cookies de VITA60 Cette politique de cookies d\u00e9crit les cookies que nous traitons pour soutenir le site Web. Le site Web est un site Web WordPress et n\u00e9cessite des cookies pour fonctionner correctement. Nous stockons et utilisons activement les cookies simplement dans le cadre de la fonction du site Web. [&hellip;]<\/p>\n","protected":false},"author":2,"featured_media":0,"parent":0,"menu_order":0,"comment_status":"closed","ping_status":"closed","template":"","meta":{"_acf_changed":false,"site-sidebar-layout":"no-sidebar","site-content-layout":"page-builder","ast-site-content-layout":"default","site-content-style":"default","site-sidebar-style":"default","ast-global-header-display":"","ast-banner-title-visibility":"","ast-main-header-display":"","ast-hfb-above-header-display":"","ast-hfb-below-header-display":"","ast-hfb-mobile-header-display":"","site-post-title":"disabled","ast-breadcrumbs-content":"","ast-featured-img":"disabled","footer-sml-layout":"","ast-disable-related-posts":"","theme-transparent-header-meta":"default","adv-header-id-meta":"","stick-header-meta":"","header-above-stick-meta":"","header-main-stick-meta":"","header-below-stick-meta":"","astra-migrate-meta-layouts":"default","ast-page-background-enabled":"default","ast-page-background-meta":{"desktop":{"background-color":"","background-image":"","background-repeat":"repeat","background-position":"center center","background-size":"auto","background-attachment":"scroll","background-type":"","background-media":"","overlay-type":"","overlay-color":"","overlay-opacity":"","overlay-gradient":""},"tablet":{"background-color":"","background-image":"","background-repeat":"repeat","background-position":"center center","background-size":"auto","background-attachment":"scroll","background-type":"","background-media":"","overlay-type":"","overlay-color":"","overlay-opacity":"","overlay-gradient":""},"mobile":{"background-color":"","background-image":"","background-repeat":"repeat","background-position":"center center","background-size":"auto","background-attachment":"scroll","background-type":"","background-media":"","overlay-type":"","overlay-color":"","overlay-opacity":"","overlay-gradient":""}},"ast-content-background-meta":{"desktop":{"background-color":"var(--ast-global-color-5)","background-image":"","background-repeat":"repeat","background-position":"center center","background-size":"auto","background-attachment":"scroll","background-type":"","background-media":"","overlay-type":"","overlay-color":"","overlay-opacity":"","overlay-gradient":""},"tablet":{"background-color":"var(--ast-global-color-5)","background-image":"","background-repeat":"repeat","background-position":"center center","background-size":"auto","background-attachment":"scroll","background-type":"","background-media":"","overlay-type":"","overlay-color":"","overlay-opacity":"","overlay-gradient":""},"mobile":{"background-color":"var(--ast-global-color-5)","background-image":"","background-repeat":"repeat","background-position":"center center","background-size":"auto","background-attachment":"scroll","background-type":"","background-media":"","overlay-type":"","overlay-color":"","overlay-opacity":"","overlay-gradient":""}},"footnotes":""},"class_list":["post-6959","page","type-page","status-publish","hentry"],"acf":[],"_links":{"self":[{"href":"https:\/\/www.vita60.com\/fr\/wp-json\/wp\/v2\/pages\/6959","targetHints":{"allow":["GET"]}}],"collection":[{"href":"https:\/\/www.vita60.com\/fr\/wp-json\/wp\/v2\/pages"}],"about":[{"href":"https:\/\/www.vita60.com\/fr\/wp-json\/wp\/v2\/types\/page"}],"author":[{"embeddable":true,"href":"https:\/\/www.vita60.com\/fr\/wp-json\/wp\/v2\/users\/2"}],"replies":[{"embeddable":true,"href":"https:\/\/www.vita60.com\/fr\/wp-json\/wp\/v2\/comments?post=6959"}],"version-history":[{"count":0,"href":"https:\/\/www.vita60.com\/fr\/wp-json\/wp\/v2\/pages\/6959\/revisions"}],"wp:attachment":[{"href":"https:\/\/www.vita60.com\/fr\/wp-json\/wp\/v2\/media?parent=6959"}],"curies":[{"name":"wp","href":"https:\/\/api.w.org\/{rel}","templated":true}]}}