{"id":6973,"date":"2020-07-14T11:44:00","date_gmt":"2020-07-14T11:44:00","guid":{"rendered":"https:\/\/www.vita60.com\/modalites\/"},"modified":"2020-12-28T23:21:05","modified_gmt":"2020-12-28T23:21:05","slug":"conditions-generales","status":"publish","type":"page","link":"https:\/\/www.vita60.com\/fr\/conditions-generales\/","title":{"rendered":"Conditions g\u00e9n\u00e9rales"},"content":{"rendered":"\t\t<div data-elementor-type=\"wp-page\" data-elementor-id=\"6973\" class=\"elementor elementor-6973 elementor-1623\" data-elementor-post-type=\"page\">\n\t\t\t\t\t\t<section class=\"elementor-section elementor-top-section elementor-element elementor-element-fe437a1 elementor-section-boxed elementor-section-height-default elementor-section-height-default\" data-id=\"fe437a1\" data-element_type=\"section\" data-e-type=\"section\" data-settings=\"{&quot;background_background&quot;:&quot;classic&quot;}\">\n\t\t\t\t\t\t<div class=\"elementor-container elementor-column-gap-default\">\n\t\t\t\t\t<div class=\"elementor-column elementor-col-100 elementor-top-column elementor-element elementor-element-db43365\" data-id=\"db43365\" data-element_type=\"column\" data-e-type=\"column\">\n\t\t\t<div class=\"elementor-widget-wrap elementor-element-populated\">\n\t\t\t\t\t\t<div class=\"elementor-element elementor-element-eb731d4 elementor-widget elementor-widget-heading\" data-id=\"eb731d4\" data-element_type=\"widget\" data-e-type=\"widget\" data-widget_type=\"heading.default\">\n\t\t\t\t<div class=\"elementor-widget-container\">\n\t\t\t\t\t<h3 class=\"elementor-heading-title elementor-size-default\">Conditions g\u00e9n\u00e9rales<\/h3>\t\t\t\t<\/div>\n\t\t\t\t<\/div>\n\t\t\t\t\t<\/div>\n\t\t<\/div>\n\t\t\t\t\t<\/div>\n\t\t<\/section>\n\t\t\t\t<section class=\"elementor-section elementor-top-section elementor-element elementor-element-1e76cfd elementor-section-boxed elementor-section-height-default elementor-section-height-default\" data-id=\"1e76cfd\" data-element_type=\"section\" data-e-type=\"section\" data-settings=\"{&quot;background_background&quot;:&quot;classic&quot;}\">\n\t\t\t\t\t\t<div class=\"elementor-container elementor-column-gap-default\">\n\t\t\t\t\t<div class=\"elementor-column elementor-col-100 elementor-top-column elementor-element elementor-element-6cc1916\" data-id=\"6cc1916\" data-element_type=\"column\" data-e-type=\"column\">\n\t\t\t<div class=\"elementor-widget-wrap elementor-element-populated\">\n\t\t\t\t\t\t<div class=\"elementor-element elementor-element-4496466 elementor-widget elementor-widget-heading\" data-id=\"4496466\" data-element_type=\"widget\" data-e-type=\"widget\" data-widget_type=\"heading.default\">\n\t\t\t\t<div class=\"elementor-widget-container\">\n\t\t\t\t\t<h5 class=\"elementor-heading-title elementor-size-default\">Conditions d'utilisation<\/h5>\t\t\t\t<\/div>\n\t\t\t\t<\/div>\n\t\t\t\t<div class=\"elementor-element elementor-element-4278d0e elementor-hidden-phone elementor-widget elementor-widget-text-editor\" data-id=\"4278d0e\" data-element_type=\"widget\" data-e-type=\"widget\" data-widget_type=\"text-editor.default\">\n\t\t\t\t<div class=\"elementor-widget-container\">\n\t\t\t\t\t\t\t\t\t<p><img fetchpriority=\"high\" decoding=\"async\" class=\"wp-image-8359 size-medium alignright\" src=\"https:\/\/www.vita60.com\/wp-content\/uploads\/2020\/12\/terms-and-conditions.jpg\" alt=\"Conditions g\u00e9n\u00e9rales VITA60\" width=\"300\" height=\"300\" \/>Dans le cadre des conditions g\u00e9n\u00e9rales, toutes les commandes sont trait\u00e9es et exp\u00e9di\u00e9es dans les 3 \u00e0 5 jours ouvrables suivant leur r\u00e9ception, jours f\u00e9ri\u00e9s ou week-ends non compris.<\/p>\n<div class=\"elementor-element elementor-element-1baf5e6 elementor-widget elementor-widget-heading\" data-id=\"1baf5e6\" data-element_type=\"widget\" data-widget_type=\"heading.default\">\n<div class=\"elementor-widget-container\">\n<p class=\"elementor-heading-title elementor-size-default\"><strong><span style=\"font-size: 14pt;\">Paiements<\/span><\/strong><\/p>\n<\/div>\n<\/div>\n<div class=\"elementor-element elementor-element-f8bf039 elementor-widget elementor-widget-text-editor\" data-id=\"f8bf039\" data-element_type=\"widget\" data-widget_type=\"text-editor.default\">\n<div class=\"elementor-widget-container\">\n<div class=\"elementor-text-editor elementor-clearfix\">\n<p>Nous acceptons toutes les cartes de cr\u00e9dit trait\u00e9es par PayPal et Stripe.<\/p>\n<p>Le paiement est g\u00e9r\u00e9 via PayPal mais aucun compte PayPal n\u2019est requis pour effectuer un paiement.<\/p>\n<p>Nous ne prenons ni ne stockons les d\u00e9tails de la carte de paiement. Tout cela est g\u00e9r\u00e9 par PayPal et Stripe.<\/p>\n<p>Nous offrons le virement bancaire mais cela est \u00e0 notre discr\u00e9tion et sur une base individuelle qui doit \u00eatre arrang\u00e9e \u00e0 l\u2019avance.<\/p>\n<p>La devise de la transaction finale est GBP, USD, EUR ou AUD selon la devise choisie par le client.<\/p>\n<\/div>\n<\/div>\n<\/div>\n\t\t\t\t\t\t\t\t<\/div>\n\t\t\t\t<\/div>\n\t\t\t\t<div class=\"elementor-element elementor-element-91e1bc6 elementor-hidden-desktop elementor-hidden-tablet elementor-widget elementor-widget-text-editor\" data-id=\"91e1bc6\" data-element_type=\"widget\" data-e-type=\"widget\" data-widget_type=\"text-editor.default\">\n\t\t\t\t<div class=\"elementor-widget-container\">\n\t\t\t\t\t\t\t\t\t<p><img decoding=\"async\" class=\"wp-image-8359 size-medium aligncenter\" src=\"https:\/\/www.vita60.com\/wp-content\/uploads\/2020\/12\/terms-and-conditions.jpg\" alt=\"Conditions g\u00e9n\u00e9rales VITA60\" width=\"300\" height=\"300\" \/>Dans le cadre des conditions g\u00e9n\u00e9rales, toutes les commandes sont trait\u00e9es et exp\u00e9di\u00e9es dans les 3 \u00e0 5 jours ouvrables suivant leur r\u00e9ception, jours f\u00e9ri\u00e9s ou week-ends non compris.<\/p>\n<div class=\"elementor-element elementor-element-1baf5e6 elementor-widget elementor-widget-heading\" data-id=\"1baf5e6\" data-element_type=\"widget\" data-widget_type=\"heading.default\">\n<div class=\"elementor-widget-container\">\n<h5 class=\"elementor-heading-title elementor-size-default\">Paiements<\/h5>\n<\/div>\n<\/div>\n<div class=\"elementor-element elementor-element-f8bf039 elementor-widget elementor-widget-text-editor\" data-id=\"f8bf039\" data-element_type=\"widget\" data-widget_type=\"text-editor.default\">\n<div class=\"elementor-widget-container\">\n<div class=\"elementor-text-editor elementor-clearfix\">\n<p>Nous acceptons toutes les cartes de cr\u00e9dit trait\u00e9es par PayPal et Stripe.<\/p>\n<p>Le paiement est g\u00e9r\u00e9 via PayPal mais aucun compte PayPal n\u2019est requis pour effectuer un paiement.<\/p>\n<p>Nous ne prenons ni ne stockons les d\u00e9tails de la carte de paiement. Tout cela est g\u00e9r\u00e9 par PayPal et Stripe.<\/p>\n<p>Nous offrons le virement bancaire mais cela est \u00e0 notre discr\u00e9tion et sur une base individuelle qui doit \u00eatre arrang\u00e9e \u00e0 l\u2019avance.<\/p>\n<p>La devise de la transaction finale est GBP, USD, EUR ou AUD selon la devise choisie par le client.<\/p>\n<\/div>\n<\/div>\n<\/div>\n\t\t\t\t\t\t\t\t<\/div>\n\t\t\t\t<\/div>\n\t\t\t\t<div class=\"elementor-element elementor-element-6ee903b elementor-widget elementor-widget-heading\" data-id=\"6ee903b\" data-element_type=\"widget\" data-e-type=\"widget\" data-widget_type=\"heading.default\">\n\t\t\t\t<div class=\"elementor-widget-container\">\n\t\t\t\t\t<h5 class=\"elementor-heading-title elementor-size-default\">Exp\u00e9ditions<\/h5>\t\t\t\t<\/div>\n\t\t\t\t<\/div>\n\t\t\t\t<div class=\"elementor-element elementor-element-a3c7ec5 elementor-widget elementor-widget-text-editor\" data-id=\"a3c7ec5\" data-element_type=\"widget\" data-e-type=\"widget\" data-widget_type=\"text-editor.default\">\n\t\t\t\t<div class=\"elementor-widget-container\">\n\t\t\t\t\t\t\t\t\t<p>L&rsquo;exp\u00e9dition est disponible pour les pays r\u00e9pertori\u00e9s dans le processus de paiement. Si nous n&rsquo;offrons pas d&rsquo;exp\u00e9dition dans votre pays, vous ne pourrez pas terminer la commande. Si nous n&rsquo;exp\u00e9dions pas dans votre pays, nous sommes ouverts \u00e0 consid\u00e9rer votre pays. Si nous n&rsquo;offrons pas d&rsquo;exp\u00e9dition \u00e0 votre pays, vous ne pourrez pas terminer le paiement. Les frais de port sont calcul\u00e9s \u00e0 partir de la taille de la commande et de l&rsquo;adresse de livraison fournie par le client.<\/p>\n<p>Il est de la responsabilit\u00e9 du client de s&rsquo;assurer que l&rsquo;adresse de livraison est correcte, aucun remboursement ne sera accord\u00e9 si l&rsquo;adresse de livraison est incorrecte.<\/p>\n<p>Les envois peuvent entra\u00eener une taxe sp\u00e9cifique \u00e0 un pays telle que la taxe de vente (TVA, IVA) et \/ ou un droit de douane ou une taxe pour permettre l&rsquo;entr\u00e9e dans ce pays. Le client est responsable de tous les frais encourus pour entrer dans le pays de l&rsquo;adresse de livraison.<\/p>\n\t\t\t\t\t\t\t\t<\/div>\n\t\t\t\t<\/div>\n\t\t\t\t<div class=\"elementor-element elementor-element-00b9c91 elementor-widget elementor-widget-heading\" data-id=\"00b9c91\" data-element_type=\"widget\" data-e-type=\"widget\" data-widget_type=\"heading.default\">\n\t\t\t\t<div class=\"elementor-widget-container\">\n\t\t\t\t\t<h5 class=\"elementor-heading-title elementor-size-default\">Annulations<\/h5>\t\t\t\t<\/div>\n\t\t\t\t<\/div>\n\t\t\t\t<div class=\"elementor-element elementor-element-332fe8d elementor-widget elementor-widget-text-editor\" data-id=\"332fe8d\" data-element_type=\"widget\" data-e-type=\"widget\" data-widget_type=\"text-editor.default\">\n\t\t\t\t<div class=\"elementor-widget-container\">\n\t\t\t\t\t\t\t\t\t<p>Si vous d\u00e9cidez d&rsquo;annuler votre commande avant l&rsquo;exp\u00e9dition de l&rsquo;article, nous vous rembourserons int\u00e9gralement moins 5% de frais pour couvrir les frais de carte de cr\u00e9dit qui nous sont factur\u00e9s. Cependant, si l&rsquo;article a \u00e9t\u00e9 exp\u00e9di\u00e9, aucun remboursement ne sera disponible.<\/p>\n\t\t\t\t\t\t\t\t<\/div>\n\t\t\t\t<\/div>\n\t\t\t\t<div class=\"elementor-element elementor-element-76ccbb2 elementor-widget elementor-widget-heading\" data-id=\"76ccbb2\" data-element_type=\"widget\" data-e-type=\"widget\" data-widget_type=\"heading.default\">\n\t\t\t\t<div class=\"elementor-widget-container\">\n\t\t\t\t\t<h5 class=\"elementor-heading-title elementor-size-default\">R\u00e9clamations<\/h5>\t\t\t\t<\/div>\n\t\t\t\t<\/div>\n\t\t\t\t<div class=\"elementor-element elementor-element-9aacbd9 elementor-widget elementor-widget-text-editor\" data-id=\"9aacbd9\" data-element_type=\"widget\" data-e-type=\"widget\" data-widget_type=\"text-editor.default\">\n\t\t\t\t<div class=\"elementor-widget-container\">\n\t\t\t\t\t\t\t\t\t<p>Si vous avez une raison de d\u00e9poser une plainte, veuillez nous contacter via la page <a href=\"https:\/\/vita60.com\/fr\/contact\/\">Contact<\/a> en indiquant votre num\u00e9ro de facture et nous essaierons de r\u00e9soudre votre probl\u00e8me. Veuillez nous donner autant de d\u00e9tails que possible pour nous aider \u00e0 vous aider.<\/p>\n\t\t\t\t\t\t\t\t<\/div>\n\t\t\t\t<\/div>\n\t\t\t\t\t<\/div>\n\t\t<\/div>\n\t\t\t\t\t<\/div>\n\t\t<\/section>\n\t\t\t\t<\/div>\n\t\t","protected":false},"excerpt":{"rendered":"<p>Conditions g\u00e9n\u00e9rales Conditions d&rsquo;utilisation Dans le cadre des conditions g\u00e9n\u00e9rales, toutes les commandes sont trait\u00e9es et exp\u00e9di\u00e9es dans les 3 \u00e0 5 jours ouvrables suivant leur r\u00e9ception, jours f\u00e9ri\u00e9s ou week-ends non compris. Paiements Nous acceptons toutes les cartes de cr\u00e9dit trait\u00e9es par PayPal et Stripe. Le paiement est g\u00e9r\u00e9 via PayPal mais aucun compte [&hellip;]<\/p>\n","protected":false},"author":2,"featured_media":0,"parent":0,"menu_order":0,"comment_status":"closed","ping_status":"closed","template":"","meta":{"_acf_changed":false,"_kad_blocks_custom_css":"","_kad_blocks_head_custom_js":"","_kad_blocks_body_custom_js":"","_kad_blocks_footer_custom_js":"","site-sidebar-layout":"no-sidebar","site-content-layout":"page-builder","ast-site-content-layout":"default","site-content-style":"default","site-sidebar-style":"default","ast-global-header-display":"","ast-banner-title-visibility":"","ast-main-header-display":"","ast-hfb-above-header-display":"","ast-hfb-below-header-display":"","ast-hfb-mobile-header-display":"","site-post-title":"disabled","ast-breadcrumbs-content":"","ast-featured-img":"disabled","footer-sml-layout":"","ast-disable-related-posts":"","theme-transparent-header-meta":"default","adv-header-id-meta":"","stick-header-meta":"","header-above-stick-meta":"","header-main-stick-meta":"","header-below-stick-meta":"","astra-migrate-meta-layouts":"default","ast-page-background-enabled":"default","ast-page-background-meta":{"desktop":{"background-color":"","background-image":"","background-repeat":"repeat","background-position":"center center","background-size":"auto","background-attachment":"scroll","background-type":"","background-media":"","overlay-type":"","overlay-color":"","overlay-opacity":"","overlay-gradient":""},"tablet":{"background-color":"","background-image":"","background-repeat":"repeat","background-position":"center center","background-size":"auto","background-attachment":"scroll","background-type":"","background-media":"","overlay-type":"","overlay-color":"","overlay-opacity":"","overlay-gradient":""},"mobile":{"background-color":"","background-image":"","background-repeat":"repeat","background-position":"center center","background-size":"auto","background-attachment":"scroll","background-type":"","background-media":"","overlay-type":"","overlay-color":"","overlay-opacity":"","overlay-gradient":""}},"ast-content-background-meta":{"desktop":{"background-color":"var(--ast-global-color-5)","background-image":"","background-repeat":"repeat","background-position":"center center","background-size":"auto","background-attachment":"scroll","background-type":"","background-media":"","overlay-type":"","overlay-color":"","overlay-opacity":"","overlay-gradient":""},"tablet":{"background-color":"var(--ast-global-color-5)","background-image":"","background-repeat":"repeat","background-position":"center center","background-size":"auto","background-attachment":"scroll","background-type":"","background-media":"","overlay-type":"","overlay-color":"","overlay-opacity":"","overlay-gradient":""},"mobile":{"background-color":"var(--ast-global-color-5)","background-image":"","background-repeat":"repeat","background-position":"center center","background-size":"auto","background-attachment":"scroll","background-type":"","background-media":"","overlay-type":"","overlay-color":"","overlay-opacity":"","overlay-gradient":""}},"footnotes":""},"class_list":["post-6973","page","type-page","status-publish","hentry"],"acf":[],"taxonomy_info":[],"featured_image_src_large":false,"author_info":{"display_name":"Dr Steve Moore","author_link":"https:\/\/www.vita60.com\/fr\/author\/stbrides\/"},"comment_info":0,"_links":{"self":[{"href":"https:\/\/www.vita60.com\/fr\/wp-json\/wp\/v2\/pages\/6973","targetHints":{"allow":["GET"]}}],"collection":[{"href":"https:\/\/www.vita60.com\/fr\/wp-json\/wp\/v2\/pages"}],"about":[{"href":"https:\/\/www.vita60.com\/fr\/wp-json\/wp\/v2\/types\/page"}],"author":[{"embeddable":true,"href":"https:\/\/www.vita60.com\/fr\/wp-json\/wp\/v2\/users\/2"}],"replies":[{"embeddable":true,"href":"https:\/\/www.vita60.com\/fr\/wp-json\/wp\/v2\/comments?post=6973"}],"version-history":[{"count":0,"href":"https:\/\/www.vita60.com\/fr\/wp-json\/wp\/v2\/pages\/6973\/revisions"}],"wp:attachment":[{"href":"https:\/\/www.vita60.com\/fr\/wp-json\/wp\/v2\/media?parent=6973"}],"curies":[{"name":"wp","href":"https:\/\/api.w.org\/{rel}","templated":true}]}}