{"id":7067,"date":"2020-07-15T14:36:54","date_gmt":"2020-07-15T14:36:54","guid":{"rendered":"https:\/\/www.vita60.com\/avertissement\/"},"modified":"2021-09-09T08:09:18","modified_gmt":"2021-09-09T08:09:18","slug":"clause-de-non-responsabilite","status":"publish","type":"page","link":"https:\/\/www.vita60.com\/fr\/clause-de-non-responsabilite\/","title":{"rendered":"Clause de non-responsabilit\u00e9"},"content":{"rendered":"\t\t<div data-elementor-type=\"wp-page\" data-elementor-id=\"7067\" class=\"elementor elementor-7067 elementor-1626\" data-elementor-post-type=\"page\">\n\t\t\t\t\t\t<section class=\"elementor-section elementor-top-section elementor-element elementor-element-209eadf elementor-section-boxed elementor-section-height-default elementor-section-height-default\" data-id=\"209eadf\" data-element_type=\"section\" data-e-type=\"section\" data-settings=\"{&quot;background_background&quot;:&quot;classic&quot;}\">\n\t\t\t\t\t\t<div class=\"elementor-container elementor-column-gap-default\">\n\t\t\t\t\t<div class=\"elementor-column elementor-col-100 elementor-top-column elementor-element elementor-element-be61ed2\" data-id=\"be61ed2\" data-element_type=\"column\" data-e-type=\"column\">\n\t\t\t<div class=\"elementor-widget-wrap elementor-element-populated\">\n\t\t\t\t\t\t<div class=\"elementor-element elementor-element-2c41c77 elementor-widget elementor-widget-heading\" data-id=\"2c41c77\" data-element_type=\"widget\" data-e-type=\"widget\" data-widget_type=\"heading.default\">\n\t\t\t\t\t<h3 class=\"elementor-heading-title elementor-size-default\">Clause de non-responsabilit\u00e9<\/h3>\t\t\t\t<\/div>\n\t\t\t\t\t<\/div>\n\t\t<\/div>\n\t\t\t\t\t<\/div>\n\t\t<\/section>\n\t\t\t\t<section class=\"elementor-section elementor-top-section elementor-element elementor-element-b55d6ab elementor-section-boxed elementor-section-height-default elementor-section-height-default\" data-id=\"b55d6ab\" data-element_type=\"section\" data-e-type=\"section\" data-settings=\"{&quot;background_background&quot;:&quot;classic&quot;}\">\n\t\t\t\t\t\t<div class=\"elementor-container elementor-column-gap-default\">\n\t\t\t\t\t<div class=\"elementor-column elementor-col-100 elementor-top-column elementor-element elementor-element-210ff38\" data-id=\"210ff38\" data-element_type=\"column\" data-e-type=\"column\">\n\t\t\t<div class=\"elementor-widget-wrap elementor-element-populated\">\n\t\t\t\t\t\t<div class=\"elementor-element elementor-element-d4a81fb elementor-hidden-phone elementor-widget elementor-widget-text-editor\" data-id=\"d4a81fb\" data-element_type=\"widget\" data-e-type=\"widget\" data-widget_type=\"text-editor.default\">\n\t\t\t\t\t\t\t\t\t<p><img fetchpriority=\"high\" decoding=\"async\" class=\"alignright wp-image-8359 size-medium\" src=\"https:\/\/www.vita60.com\/wp-content\/uploads\/2020\/12\/disclaimer-300x300.jpg\" alt=\"Clause de non-responsabilit\u00e9 de VITA60\" width=\"300\" height=\"300\" \/><span style=\"font-size: 15px;\">Les huiles contenant du C60 vendues par VITA60 Group Limited via ce site Web et ailleurs sont destin\u00e9es \u00e0 la reproduction d&rsquo;\u00e9tudes scientifiques. Lorsque vous commandez sur ce site Web, vous acceptez notre Clause de non-responsabilit\u00e9 qui fait partie des conditions g\u00e9n\u00e9rales de vente.<\/span><\/p>\n<p>Les d\u00e9clarations faites ici sur ce site Web n\u2019ont \u00e9t\u00e9 \u00e9valu\u00e9es par aucune autorit\u00e9 gouvernementale d\u2019autorisation de m\u00e9dicaments, comme la FDA des \u00c9tats-Unis ou la MHRA du Royaume-Uni.<\/p>\n<p>Les produits et informations fournis sur ce site Web ne sont pas destin\u00e9s \u00e0 diagnostiquer, traiter, gu\u00e9rir ou pr\u00e9venir une maladie.<\/p>\n<p>VITA60 Group Limited fournit des informations \u00e0 des fins de r\u00e9f\u00e9rence, de recherche et d&rsquo;information uniquement.<\/p>\n<p>Le contenu de ce site Web ne remplace pas les conseils d&rsquo;un m\u00e9decin ou d&rsquo;un professionnel de la sant\u00e9 alternativement qualifi\u00e9.<\/p>\n<p>VITA60 Group Limited recommande que les visiteurs de ce site fassent preuve de prudence dans toute d\u00e9cision de sant\u00e9 ou de suppl\u00e9mentation.<\/p>\n<p>Si vous n&rsquo;\u00eates pas s\u00fbr de votre \u00e9tat de sant\u00e9 ou si vous avez besoin de suppl\u00e9ments, veuillez consulter votre professionnel de la sant\u00e9.<\/p>\n<p>Bien que les documents inclus sur VITA60.com soient examin\u00e9s pour en v\u00e9rifier l&rsquo;exactitude, nous ne faisons aucune d\u00e9claration, et nous n&rsquo;approuvons pas l&rsquo;exactitude, l&rsquo;exhaustivit\u00e9, l&rsquo;actualit\u00e9 ou la fiabilit\u00e9 des informations, opinions, d\u00e9clarations ou autres documents ou bases de donn\u00e9es affich\u00e9s, t\u00e9l\u00e9charg\u00e9s ou distribu\u00e9 sur le site.<\/p>\n<p>Le mat\u00e9riel et les informations de ce site Web sont fournis \u00abtels quels\u00bb, sans repr\u00e9sentation ni garantie d&rsquo;aucune sorte, expresse ou implicite, y compris, sans limitation, toute garantie pour les informations, services ou produits fournis via ou en relation avec les pages Web de VITA60.com toute garantie implicite de qualit\u00e9 marchande, d&rsquo;ad\u00e9quation \u00e0 un usage particulier ou de non-contrefa\u00e7on. Cette exclusion n\u2019est pas applicable dans les juridictions qui n\u2019autorisent pas l\u2019exclusion des garanties implicites.<\/p>\n<p>VITA60 Group Limited, ses dirigeants, administrateurs, actionnaires, parents, filiales, soci\u00e9t\u00e9s affili\u00e9es, agents ou conc\u00e9dants de licence ne sont pas responsables des dommages accessoires, indirects, cons\u00e9cutifs, sp\u00e9ciaux, punitifs ou exemplaires de toute nature, y compris la perte de revenus ou de profits, la perte des affaires, ou la perte de donn\u00e9es, de quelque mani\u00e8re li\u00e9e \u00e0 ce service ou pour toute r\u00e9clamation, perte ou blessure bas\u00e9e sur des erreurs ou des omissions, des interruptions ou toute autre inexactitude apparaissant sur VITA60.com.<\/p>\n\t\t\t\t\t\t\t\t<\/div>\n\t\t\t\t<div class=\"elementor-element elementor-element-620da8a elementor-hidden-desktop elementor-hidden-tablet elementor-widget elementor-widget-text-editor\" data-id=\"620da8a\" data-element_type=\"widget\" data-e-type=\"widget\" data-widget_type=\"text-editor.default\">\n\t\t\t\t\t\t\t\t\t<p><img decoding=\"async\" class=\"aligncenter wp-image-8359 size-medium\" src=\"https:\/\/www.vita60.com\/wp-content\/uploads\/2020\/12\/disclaimer-300x300.jpg\" alt=\"Clause de non-responsabilit\u00e9 de VITA60\" width=\"300\" height=\"300\" \/><span style=\"font-size: 15px;\"><br \/>\n<\/span><\/p>\n<p><span style=\"font-size: 15px;\">Les huiles contenant du C60 vendues par VITA60 Group Limited via ce site Web et ailleurs sont destin\u00e9es \u00e0 la reproduction d&rsquo;\u00e9tudes scientifiques. Lorsque vous commandez sur ce site Web, vous acceptez notre Clause de non-responsabilit\u00e9 qui fait partie des conditions g\u00e9n\u00e9rales de vente.<\/span><\/p>\n<p>Les d\u00e9clarations faites ici sur ce site Web n\u2019ont \u00e9t\u00e9 \u00e9valu\u00e9es par aucune autorit\u00e9 gouvernementale d\u2019autorisation de m\u00e9dicaments, comme la FDA des \u00c9tats-Unis ou la MHRA du Royaume-Uni.<\/p>\n<p>Les produits et informations fournis sur ce site Web ne sont pas destin\u00e9s \u00e0 diagnostiquer, traiter, gu\u00e9rir ou pr\u00e9venir une maladie.<\/p>\n<p>VITA60 Group Limited fournit des informations \u00e0 des fins de r\u00e9f\u00e9rence, de recherche et d&rsquo;information uniquement.<\/p>\n<p>Le contenu de ce site Web ne remplace pas les conseils d&rsquo;un m\u00e9decin ou d&rsquo;un professionnel de la sant\u00e9 alternativement qualifi\u00e9.<\/p>\n<p>VITA60 Group Limited recommande que les visiteurs de ce site fassent preuve de prudence dans toute d\u00e9cision de sant\u00e9 ou de suppl\u00e9mentation.<\/p>\n<p>Si vous n&rsquo;\u00eates pas s\u00fbr de votre \u00e9tat de sant\u00e9 ou si vous avez besoin de suppl\u00e9ments, veuillez consulter votre professionnel de la sant\u00e9.<\/p>\n<p>Bien que les documents inclus sur VITA60.com soient examin\u00e9s pour en v\u00e9rifier l&rsquo;exactitude, nous ne faisons aucune d\u00e9claration, et nous n&rsquo;approuvons pas l&rsquo;exactitude, l&rsquo;exhaustivit\u00e9, l&rsquo;actualit\u00e9 ou la fiabilit\u00e9 des informations, opinions, d\u00e9clarations ou autres documents ou bases de donn\u00e9es affich\u00e9s, t\u00e9l\u00e9charg\u00e9s ou distribu\u00e9 sur le site.<\/p>\n<p>Le mat\u00e9riel et les informations de ce site Web sont fournis \u00abtels quels\u00bb, sans repr\u00e9sentation ni garantie d&rsquo;aucune sorte, expresse ou implicite, y compris, sans limitation, toute garantie pour les informations, services ou produits fournis via ou en relation avec les pages Web de VITA60.com toute garantie implicite de qualit\u00e9 marchande, d&rsquo;ad\u00e9quation \u00e0 un usage particulier ou de non-contrefa\u00e7on. Cette exclusion n\u2019est pas applicable dans les juridictions qui n\u2019autorisent pas l\u2019exclusion des garanties implicites.<\/p>\n<p>VITA60 Group Limited, ses dirigeants, administrateurs, actionnaires, parents, filiales, soci\u00e9t\u00e9s affili\u00e9es, agents ou conc\u00e9dants de licence ne sont pas responsables des dommages accessoires, indirects, cons\u00e9cutifs, sp\u00e9ciaux, punitifs ou exemplaires de toute nature, y compris la perte de revenus ou de profits, la perte des affaires, ou la perte de donn\u00e9es, de quelque mani\u00e8re li\u00e9e \u00e0 ce service ou pour toute r\u00e9clamation, perte ou blessure bas\u00e9e sur des erreurs ou des omissions, des interruptions ou toute autre inexactitude apparaissant sur VITA60.com.<\/p>\n<p><span style=\"font-size: 15px;\">\u00a0<\/span><\/p>\n\t\t\t\t\t\t\t\t<\/div>\n\t\t\t\t\t<\/div>\n\t\t<\/div>\n\t\t\t\t\t<\/div>\n\t\t<\/section>\n\t\t\t\t<\/div>\n\t\t","protected":false},"excerpt":{"rendered":"<p>Clause de non-responsabilit\u00e9 Les huiles contenant du C60 vendues par VITA60 Group Limited via ce site Web et ailleurs sont destin\u00e9es \u00e0 la reproduction d&rsquo;\u00e9tudes scientifiques. Lorsque vous commandez sur ce site Web, vous acceptez notre Clause de non-responsabilit\u00e9 qui fait partie des conditions g\u00e9n\u00e9rales de vente. Les d\u00e9clarations faites ici sur ce site Web [&hellip;]<\/p>\n","protected":false},"author":2,"featured_media":0,"parent":0,"menu_order":0,"comment_status":"closed","ping_status":"closed","template":"","meta":{"_acf_changed":false,"site-sidebar-layout":"no-sidebar","site-content-layout":"page-builder","ast-site-content-layout":"default","site-content-style":"default","site-sidebar-style":"default","ast-global-header-display":"","ast-banner-title-visibility":"","ast-main-header-display":"","ast-hfb-above-header-display":"","ast-hfb-below-header-display":"","ast-hfb-mobile-header-display":"","site-post-title":"disabled","ast-breadcrumbs-content":"","ast-featured-img":"disabled","footer-sml-layout":"","ast-disable-related-posts":"","theme-transparent-header-meta":"default","adv-header-id-meta":"","stick-header-meta":"","header-above-stick-meta":"","header-main-stick-meta":"","header-below-stick-meta":"","astra-migrate-meta-layouts":"default","ast-page-background-enabled":"default","ast-page-background-meta":{"desktop":{"background-color":"","background-image":"","background-repeat":"repeat","background-position":"center center","background-size":"auto","background-attachment":"scroll","background-type":"","background-media":"","overlay-type":"","overlay-color":"","overlay-opacity":"","overlay-gradient":""},"tablet":{"background-color":"","background-image":"","background-repeat":"repeat","background-position":"center center","background-size":"auto","background-attachment":"scroll","background-type":"","background-media":"","overlay-type":"","overlay-color":"","overlay-opacity":"","overlay-gradient":""},"mobile":{"background-color":"","background-image":"","background-repeat":"repeat","background-position":"center center","background-size":"auto","background-attachment":"scroll","background-type":"","background-media":"","overlay-type":"","overlay-color":"","overlay-opacity":"","overlay-gradient":""}},"ast-content-background-meta":{"desktop":{"background-color":"var(--ast-global-color-5)","background-image":"","background-repeat":"repeat","background-position":"center center","background-size":"auto","background-attachment":"scroll","background-type":"","background-media":"","overlay-type":"","overlay-color":"","overlay-opacity":"","overlay-gradient":""},"tablet":{"background-color":"var(--ast-global-color-5)","background-image":"","background-repeat":"repeat","background-position":"center center","background-size":"auto","background-attachment":"scroll","background-type":"","background-media":"","overlay-type":"","overlay-color":"","overlay-opacity":"","overlay-gradient":""},"mobile":{"background-color":"var(--ast-global-color-5)","background-image":"","background-repeat":"repeat","background-position":"center center","background-size":"auto","background-attachment":"scroll","background-type":"","background-media":"","overlay-type":"","overlay-color":"","overlay-opacity":"","overlay-gradient":""}},"footnotes":""},"class_list":["post-7067","page","type-page","status-publish","hentry"],"acf":[],"_links":{"self":[{"href":"https:\/\/www.vita60.com\/fr\/wp-json\/wp\/v2\/pages\/7067","targetHints":{"allow":["GET"]}}],"collection":[{"href":"https:\/\/www.vita60.com\/fr\/wp-json\/wp\/v2\/pages"}],"about":[{"href":"https:\/\/www.vita60.com\/fr\/wp-json\/wp\/v2\/types\/page"}],"author":[{"embeddable":true,"href":"https:\/\/www.vita60.com\/fr\/wp-json\/wp\/v2\/users\/2"}],"replies":[{"embeddable":true,"href":"https:\/\/www.vita60.com\/fr\/wp-json\/wp\/v2\/comments?post=7067"}],"version-history":[{"count":0,"href":"https:\/\/www.vita60.com\/fr\/wp-json\/wp\/v2\/pages\/7067\/revisions"}],"wp:attachment":[{"href":"https:\/\/www.vita60.com\/fr\/wp-json\/wp\/v2\/media?parent=7067"}],"curies":[{"name":"wp","href":"https:\/\/api.w.org\/{rel}","templated":true}]}}