{"id":8839,"date":"2020-08-17T02:17:45","date_gmt":"2020-08-17T02:17:45","guid":{"rendered":"https:\/\/www.vita60.com\/politique-de-confidentialite-2\/"},"modified":"2025-07-27T13:19:54","modified_gmt":"2025-07-27T13:19:54","slug":"politique-de-confidentialite","status":"publish","type":"page","link":"https:\/\/www.vita60.com\/fr\/politique-de-confidentialite\/","title":{"rendered":"Politique de confidentialit\u00e9"},"content":{"rendered":"\t\t<div data-elementor-type=\"wp-page\" data-elementor-id=\"8839\" class=\"elementor elementor-8839 elementor-8607\" data-elementor-post-type=\"page\">\n\t\t\t\t\t\t<section class=\"elementor-section elementor-top-section elementor-element elementor-element-1a0b755 elementor-section-boxed elementor-section-height-default elementor-section-height-default\" data-id=\"1a0b755\" data-element_type=\"section\" data-e-type=\"section\" data-settings=\"{&quot;background_background&quot;:&quot;classic&quot;}\">\n\t\t\t\t\t\t<div class=\"elementor-container elementor-column-gap-default\">\n\t\t\t\t\t<div class=\"elementor-column elementor-col-100 elementor-top-column elementor-element elementor-element-53b2251\" data-id=\"53b2251\" data-element_type=\"column\" data-e-type=\"column\">\n\t\t\t<div class=\"elementor-widget-wrap elementor-element-populated\">\n\t\t\t\t\t\t<div class=\"elementor-element elementor-element-23af64d elementor-widget elementor-widget-heading\" data-id=\"23af64d\" data-element_type=\"widget\" data-e-type=\"widget\" data-widget_type=\"heading.default\">\n\t\t\t\t\t<h3 class=\"elementor-heading-title elementor-size-default\">Politique de confidentialit\u00e9<\/h3>\t\t\t\t<\/div>\n\t\t\t\t\t<\/div>\n\t\t<\/div>\n\t\t\t\t\t<\/div>\n\t\t<\/section>\n\t\t\t\t<section class=\"elementor-section elementor-top-section elementor-element elementor-element-98b56af elementor-section-boxed elementor-section-height-default elementor-section-height-default\" data-id=\"98b56af\" data-element_type=\"section\" data-e-type=\"section\">\n\t\t\t\t\t\t<div class=\"elementor-container elementor-column-gap-default\">\n\t\t\t\t\t<div class=\"elementor-column elementor-col-100 elementor-top-column elementor-element elementor-element-edaed95\" data-id=\"edaed95\" data-element_type=\"column\" data-e-type=\"column\">\n\t\t\t<div class=\"elementor-widget-wrap elementor-element-populated\">\n\t\t\t\t\t\t<div class=\"elementor-element elementor-element-6d23b12 elementor-hidden-phone elementor-widget elementor-widget-text-editor\" data-id=\"6d23b12\" data-element_type=\"widget\" data-e-type=\"widget\" data-widget_type=\"text-editor.default\">\n\t\t\t\t\t\t\t\t\t<p><img fetchpriority=\"high\" decoding=\"async\" class=\"wp-image-8359 size-medium alignright\" src=\"https:\/\/www.vita60.com\/wp-content\/uploads\/2020\/12\/privacy-policy.jpg\" alt=\"Privacy policy VITA60\" width=\"300\" height=\"300\" \/><\/p>\n<p>Cette politique d\u00e9crit les informations que nous poss\u00e9dons et traitons pour soutenir le site Web et d\u2019autres produits et fonctionnalit\u00e9s offerts par VITA60 Group Limited. Dans ce document, Vita60.com et VITA60 Group Limited sont utilis\u00e9s comme synonymes.<\/p>\n<p><strong><span style=\"font-size: 13pt;\">1 &#8211; Introduction<\/span><\/strong><\/p>\n<p>Vita60.com s&rsquo;efforce de garantir que votre vie priv\u00e9e est prot\u00e9g\u00e9e lors de l&rsquo;utilisation de nos services. Nous avons donc une politique d\u00e9finissant comment vos donn\u00e9es personnelles seront trait\u00e9es et prot\u00e9g\u00e9es. Veuillez rester \u00e0 jour sur toute modification de cette politique de confidentialit\u00e9 en visitant notre site Web.<\/p>\n<p>Cette politique de confidentialit\u00e9 concerne uniquement les clients et les utilisateurs de notre site Web \u00ab<a href=\"https:\/\/vita60.com\/fr\">Vita60.com<\/a>\u00bb et nos services VITA60 Group Limited.<\/p>\n<h6><strong>2 &#8211; Quels types de donn\u00e9es personnelles vous concernant traitons-nous?<\/strong><\/h6>\n<p>Vita60.com recueille les donn\u00e9es personnelles que vous nous fournissez directement ou que nous g\u00e9n\u00e9rons lorsque vous ouvrez un compte, effectuez des transactions sur notre site Web ou par interaction avec nos comptes de m\u00e9dias sociaux. Cela peut inclure:<\/p>\n\t\t\t\t\t\t\t\t<\/div>\n\t\t\t\t<div class=\"elementor-element elementor-element-4284d68 elementor-hidden-desktop elementor-hidden-tablet elementor-widget elementor-widget-text-editor\" data-id=\"4284d68\" data-element_type=\"widget\" data-e-type=\"widget\" data-widget_type=\"text-editor.default\">\n\t\t\t\t\t\t\t\t\t<p><img decoding=\"async\" class=\"wp-image-8359 size-medium aligncenter\" src=\"https:\/\/www.vita60.com\/wp-content\/uploads\/2020\/12\/privacy-policy.jpg\" alt=\"Privacy policy VITA60\" width=\"300\" height=\"300\" \/><span style=\"font-size: 15px;\"><br \/>\n<\/span><\/p>\n<p>Cette politique d\u00e9crit les informations que nous poss\u00e9dons et traitons pour soutenir le site Web et d\u2019autres produits et fonctionnalit\u00e9s offerts par VITA60 Group Limited. Dans ce document, Vita60.com et VITA60 Group Limited sont utilis\u00e9s comme synonymes.<\/p>\n<h6><strong>1 &#8211; Introduction<\/strong><\/h6>\n<p>Vita60.com s&rsquo;efforce de garantir que votre vie priv\u00e9e est prot\u00e9g\u00e9e lors de l&rsquo;utilisation de nos services. Nous avons donc une politique d\u00e9finissant comment vos donn\u00e9es personnelles seront trait\u00e9es et prot\u00e9g\u00e9es. Veuillez rester \u00e0 jour sur toute modification de cette politique de confidentialit\u00e9 en visitant notre site Web.<\/p>\n<p>Cette politique de confidentialit\u00e9 concerne uniquement les clients et les utilisateurs de notre site Web \u00ab<a href=\"https:\/\/vita60.com\/fr\">Vita60.com<\/a>\u00bb et nos services VITA60 Group Limited.<\/p>\n<h6><strong>2 &#8211; Quels types de donn\u00e9es personnelles vous concernant traitons-nous?<\/strong><\/h6>\n<p>Vita60.com recueille les donn\u00e9es personnelles que vous nous fournissez directement ou que nous g\u00e9n\u00e9rons lorsque vous ouvrez un compte, effectuez des transactions sur notre site Web ou par interaction avec nos comptes de m\u00e9dias sociaux. Cela peut inclure:<\/p>\n<p><span style=\"font-size: 15px;\">\u00a0<\/span><\/p>\n\t\t\t\t\t\t\t\t<\/div>\n\t\t\t\t\t<\/div>\n\t\t<\/div>\n\t\t\t\t\t<\/div>\n\t\t<\/section>\n\t\t\t\t<section class=\"elementor-section elementor-top-section elementor-element elementor-element-607d423 elementor-section-boxed elementor-section-height-default elementor-section-height-default\" data-id=\"607d423\" data-element_type=\"section\" data-e-type=\"section\" data-settings=\"{&quot;background_background&quot;:&quot;classic&quot;}\">\n\t\t\t\t\t\t<div class=\"elementor-container elementor-column-gap-default\">\n\t\t\t\t\t<div class=\"elementor-column elementor-col-100 elementor-top-column elementor-element elementor-element-b4fbf91\" data-id=\"b4fbf91\" data-element_type=\"column\" data-e-type=\"column\">\n\t\t\t<div class=\"elementor-widget-wrap elementor-element-populated\">\n\t\t\t\t\t\t<div class=\"elementor-element elementor-element-88dff29 elementor-widget elementor-widget-text-editor\" data-id=\"88dff29\" data-element_type=\"widget\" data-e-type=\"widget\" data-widget_type=\"text-editor.default\">\n\t\t\t\t\t\t\t\t\t<p>Cette politique d\u00e9crit les informations que nous poss\u00e9dons et traitons pour soutenir le site Web et d\u2019autres produits et fonctionnalit\u00e9s offerts par VITA60 Group Limited. Dans ce document, Vita60.com et VITA60 Group Limited sont utilis\u00e9s comme synonymes.<\/p><h6>1 &#8211; Introduction<\/h6><p>Vita60.com s&rsquo;efforce de garantir que votre vie priv\u00e9e est prot\u00e9g\u00e9e lors de l&rsquo;utilisation de nos services. Nous avons donc une politique d\u00e9finissant comment vos donn\u00e9es personnelles seront trait\u00e9es et prot\u00e9g\u00e9es. Veuillez rester \u00e0 jour sur toute modification de cette politique de confidentialit\u00e9 en visitant notre site Web.<\/p><p>Cette politique de confidentialit\u00e9 concerne uniquement les clients et les utilisateurs de notre site Web \u00ab<a href=\"https:\/\/vita60.com\/fr\">Vita60.com<\/a>\u00bb et nos services VITA60 Group Limited.<\/p><h6>2 &#8211; Quels types de donn\u00e9es personnelles vous concernant traitons-nous?<\/h6><p>Vita60.com recueille les donn\u00e9es personnelles que vous nous fournissez directement ou que nous g\u00e9n\u00e9rons lorsque vous ouvrez un compte, effectuez des transactions sur notre site Web ou par interaction avec nos comptes de m\u00e9dias sociaux. Cela peut inclure:<\/p><ul><li>Coordonn\u00e9es, telles que nom, adresse de facturation et de livraison, num\u00e9ro de t\u00e9l\u00e9phone et adresse e-mail;<\/li><li>Informations sur le compte, telles que nom d&rsquo;utilisateur, mot de passe, param\u00e8tres et pr\u00e9f\u00e9rences du compte;<\/li><li>Des informations concernant la mani\u00e8re dont vous utilisez nos services, par exemple lorsque vous avez utilis\u00e9 nos services et les services sp\u00e9cifiques utilis\u00e9s; et<\/li><li>Informations relatives aux communications avec nous, que ce soit via le site Web Vita60.com ou par e-mail, par t\u00e9l\u00e9phone ou via tout autre support.<\/li><\/ul><p>Nous collectons \u00e9galement automatiquement certaines informations sur l\u2019ordinateur, l\u2019appareil et la navigation lorsque vous acc\u00e9dez au site Web Vita60.com. Ces informations sont agr\u00e9g\u00e9es pour fournir des donn\u00e9es statistiques sur les actions et les habitudes de navigation de nos utilisateurs, et n&rsquo;identifient pas personnellement les individus. Ces informations peuvent inclure:<\/p><ul><li>Informations sur l&rsquo;ordinateur ou l&rsquo;appareil mobile, y compris l&rsquo;adresse IP, le syst\u00e8me d\u2019exploitation, le syst\u00e8me r\u00e9seau, le type de navigateur et les param\u00e8tres;<\/li><li>Informations sur l&rsquo;utilisation du site Web.<\/li><\/ul><h6>3 &#8211; \u00c0 quelles fins utilisons-nous vos donn\u00e9es personnelles?<\/h6><p>Nous utilisons vos donn\u00e9es personnelles, y compris l&rsquo;une des donn\u00e9es personnelles \u00e9num\u00e9r\u00e9es dans la section 2 ci-dessus, aux fins suivantes:<\/p><ul><li>G\u00e9rez votre compte chez nous et personnalisez votre exp\u00e9rience et votre communication avec vous<\/li><li>Vous contacter \u00e0 propos de nos services, par exemple par t\u00e9l\u00e9phone, e-mail, SMS, chat en ligne ou publication ou en r\u00e9pondant aux publications sur les r\u00e9seaux sociaux que vous nous avez adress\u00e9es<\/li><li>Traitez vos commandes, cr\u00e9dits et remboursements<\/li><li>G\u00e9rer n&rsquo;importe quel aspect de nos services<\/li><li>Pour que nos fournisseurs livrent et r\u00e9cup\u00e8rent les articles de votre propri\u00e9t\u00e9<\/li><li>Mise \u00e0 jour de vos enregistrements.<\/li><li>Pour surveiller et conserver des enregistrements de nos communications avec vous et notre personnel (voir ci-dessous)<\/li><li>Aidez \u00e0 d\u00e9velopper, r\u00e9viser et am\u00e9liorer notre gamme de produits, nos services, nos technologies de l&rsquo;information, nos syst\u00e8mes, notre savoir-faire et notre fa\u00e7on de communiquer avec vous<\/li><li>Pour la recherche et l&rsquo;analyse de march\u00e9 et le d\u00e9veloppement de statistiques<\/li><li>Pour les communications de marketing direct<\/li><li>Utiliser votre comportement de navigation en ligne ainsi que vos achats et achats en ligne pour nous aider \u00e0 mieux vous comprendre en tant que client et vous proposer des offres et services personnalis\u00e9s<\/li><li>Mesurer l&rsquo;efficacit\u00e9 de nos communications marketing<\/li><li>Pour se conformer aux obligations, exigences et directives l\u00e9gales et r\u00e9glementaires<\/li><li>Pour fournir un aper\u00e7u et une analyse de nos clients<\/li><li>Pour vous inviter \u00e0 participer et \u00e0 g\u00e9rer les enqu\u00eates clients, questionnaires et autres activit\u00e9s d&rsquo;\u00e9tudes de march\u00e9 que nous r\u00e9alisons.<\/li><\/ul><h6>4 &#8211; O\u00f9 sont stock\u00e9es vos donn\u00e9es personnelles?<\/h6><p>Les donn\u00e9es sont stock\u00e9es sur le serveur s\u00e9curis\u00e9 du domaine, cela inclut toutes les communications et sauvegardes par e-mail. Nous ne conservons pas d&rsquo;informations imprim\u00e9es autres qu&rsquo;une copie de facture \u00e0 des fins fiscales.<\/p><h6>5 &#8211; Pendant combien de temps vos donn\u00e9es personnelles sont-elles conserv\u00e9es?<\/h6><p>VITA60 Group Limited conservera vos donn\u00e9es personnelles aussi longtemps que vous conserverez un compte ou au besoin pour vous fournir les services. Nous conserverons et utiliserons \u00e9galement vos donn\u00e9es personnelles si n\u00e9cessaire pour respecter nos obligations l\u00e9gales et r\u00e9soudre les litiges.<\/p><h6>6 &#8211; Qui est responsable de vos donn\u00e9es personnelles?<\/h6><p>VITA60 Group Limited est le contr\u00f4leur des donn\u00e9es personnelles que vous nous soumettez et responsable de vos donn\u00e9es personnelles. Cela n&rsquo;est trait\u00e9 par aucun tiers.<\/p><h6>7 &#8211; Qui a acc\u00e8s \u00e0 vos donn\u00e9es personnelles?<\/h6><p>Nous ne transmettons, vendons ou \u00e9changeons jamais vos donn\u00e9es \u00e0 des fins de marketing \u00e0 des tiers. VITA60 Group Limited peut divulguer vos informations, y compris vos informations personnelles, aux tribunaux, aux forces de l&rsquo;ordre ou aux autorit\u00e9s gouvernementales, ou \u00e0 des tiers autoris\u00e9s, si et dans la mesure o\u00f9 nous sommes tenus ou autoris\u00e9s \u00e0 le faire par la loi ou si une telle divulgation est raisonnablement n\u00e9cessaire: (i) pour respecter nos obligations l\u00e9gales, (ii) pour se conformer \u00e0 la proc\u00e9dure l\u00e9gale et pour r\u00e9pondre aux r\u00e9clamations formul\u00e9es contre VITA60 Group Limited, (iii) pour r\u00e9pondre \u00e0 des demandes v\u00e9rifi\u00e9es concernant une enqu\u00eate criminelle ou une activit\u00e9 ill\u00e9gale pr\u00e9sum\u00e9e ou soup\u00e7onn\u00e9e ou toute autre activit\u00e9 qui pourrait nous exposer, vous, ou tout autre de nos utilisateurs, \u00e0 une responsabilit\u00e9 l\u00e9gale, (iv) pour faire respecter et administrer nos Conditions d&rsquo;utilisation ou d&rsquo;autres accords avec les membres, ou (v) pour prot\u00e9ger les droits, la propri\u00e9t\u00e9 ou la s\u00e9curit\u00e9 personnelle de Vita60.com et de ses membres.<\/p><h6>8 &#8211; Comment prot\u00e9geons-nous vos donn\u00e9es personnelles?<\/h6><p>Nous avons pris des mesures techniques et organisationnelles pour prot\u00e9ger vos donn\u00e9es contre la perte, la manipulation et l\u2019acc\u00e8s non autoris\u00e9. Nous adaptons continuellement nos mesures de s\u00e9curit\u00e9 en fonction des progr\u00e8s et des d\u00e9veloppements technologiques.<\/p><h6>9 &#8211; Quels sont vos droits?<\/h6><p>Vous pouvez exercer l\u2019un des droits d\u00e9crits dans les sections pr\u00e9c\u00e9dentes en envoyant un e-mail \u00e0 <a href=\"mailto:info@vita60.com\">info@vita60.com<\/a>. Veuillez noter que nous pouvons vous demander de v\u00e9rifier votre identit\u00e9 avant de donner suite \u00e0 votre demande.<\/p><p>9.1 &#8211; G\u00e9rer vos informations<\/p><p>Vous pouvez demander des copies des donn\u00e9es \u00e0 notre disposition afin de r\u00e9viser, modifier et demander la suppression.<\/p><p>9.2 &#8211; Acc\u00e8s aux donn\u00e9es et portabilit\u00e9<\/p><p>Vous avez le droit de demander des copies des informations personnelles que vous nous avez fournies dans un format structur\u00e9, couramment utilis\u00e9 et lisible par machine et \/ ou de nous demander de transmettre ces informations \u00e0 un autre fournisseur de services (lorsque cela est techniquement possible).<\/p><p>9.3 Conservation et effacement des donn\u00e9es<\/p><p>Nous conservons g\u00e9n\u00e9ralement vos informations personnelles aussi longtemps que n\u00e9cessaire pour continuer \u00e0 vous fournir nos Services et pour respecter nos obligations l\u00e9gales. Si vous ne souhaitez plus que nous utilisons vos informations, vous pouvez nous demander d&rsquo;effacer vos informations personnelles et de fermer votre compte Vita60.com. Veuillez noter que si vous demandez l&rsquo;effacement de vos informations personnelles:<\/p><ul><li>Nous pouvons conserver certaines de vos informations personnelles si n\u00e9cessaire pour nos int\u00e9r\u00eats commerciaux l\u00e9gitimes, tels que la d\u00e9tection et la pr\u00e9vention de la fraude et l\u2019am\u00e9lioration de la s\u00e9curit\u00e9.<\/li><li>Nous pouvons conserver et utiliser vos informations personnelles dans la mesure n\u00e9cessaire pour respecter nos obligations l\u00e9gales. Par exemple, Vita60.com peut conserver certaines de vos informations pour des obligations fiscales, de rapports juridiques et d\u2019audit.<\/li><li>Les informations que vous avez partag\u00e9es avec d&rsquo;autres (par exemple, les avis peuvent continuer d&rsquo;\u00eatre visibles publiquement sur le site Web Vita60.com, m\u00eame apr\u00e8s la suppression de votre compte). De plus, certaines copies de vos informations (par exemple, les enregistrements de journaux) peuvent rester dans notre base de donn\u00e9es, mais sont dissoci\u00e9es des identifiants personnels.<\/li><li>Parce que nous maintenons le site Web Vita60.com pour prot\u00e9ger contre la perte et la destruction accidentelles ou malveillantes, les copies r\u00e9siduelles de vos informations personnelles ne peuvent pas \u00eatre supprim\u00e9es de nos syst\u00e8mes de sauvegarde pendant une p\u00e9riode de temps limit\u00e9e.<\/li><\/ul><p>9.4 &#8211; Retrait du consentement et restriction du traitement<\/p><p>Vous pouvez retirer votre consentement \u00e0 tout moment en envoyant une communication \u00e0 Vita60.com. Veuillez noter que le retrait de votre consentement n&rsquo;affecte pas la l\u00e9galit\u00e9 des activit\u00e9s de traitement bas\u00e9es sur ce consentement avant son retrait.<\/p><p>9.5 &#8211; Opposition au traitement<\/p><p>Vous avez le droit de vous opposer au traitement de Vita60.com de vos informations personnelles. Si vous vous opposez \u00e0 un tel traitement, Vita60.com ne traitera plus vos informations personnelles mais il peut \u00e9galement \u00eatre n\u00e9cessaire de fermer votre compte.<\/p><p>Vita60.com peut poursuivre le traitement des donn\u00e9es personnelles \u00e0 des fins sp\u00e9cifiques si Vita60.com peut d\u00e9montrer des motifs l\u00e9gitimes imp\u00e9rieux pour un tel traitement ou si un tel traitement est requis pour l&rsquo;\u00e9tablissement, l&rsquo;exercice ou la d\u00e9fense de r\u00e9clamations l\u00e9gales.<\/p><p>Lorsque vos informations personnelles sont trait\u00e9es \u00e0 des fins de marketing direct, vous pouvez \u00e0 tout moment demander \u00e0 Vita60.com de cesser le traitement de vos donn\u00e9es \u00e0 ces fins de marketing direct en envoyant un e-mail \u00e0 <span id=\"cloak9aea194443932ebd167c7d3ff582e427\"><a href=\"mailto:info@vita60.com\">info@vita60.com<\/a><\/span><\/p><h6>10 &#8211; Transfert d\u2019entreprise<\/h6><p>Si VITA60 Group Limited entreprend ou est impliqu\u00e9 dans une fusion, une acquisition, une r\u00e9organisation, une vente d&rsquo;actifs, une faillite ou un cas d&rsquo;insolvabilit\u00e9, alors nous pouvons vendre, transf\u00e9rer ou partager tout ou partie de nos actifs, y compris vos informations dans le cadre d&rsquo;une telle transaction ou en pr\u00e9vision d&rsquo;une telle transaction (par exemple, une diligence raisonnable). Dans ce cas, nous vous informerons avant que vos informations personnelles ne soient transf\u00e9r\u00e9es et deviennent soumises \u00e0 une politique de confidentialit\u00e9 diff\u00e9rente.<\/p><h6>11 &#8211; Plainte d\u00e9pos\u00e9e<\/h6><p>Vous avez le droit de d\u00e9poser des r\u00e9clamations concernant les activit\u00e9s de traitement de donn\u00e9es effectu\u00e9es par Vita60.com devant les autorit\u00e9s comp\u00e9tentes en mati\u00e8re de protection des donn\u00e9es. L\u2019autorit\u00e9 de surveillance principale de Vita60.com est le bureau britannique du Commissaire \u00e0 l\u2019information.<\/p><h6>12 Responsable du traitement des donn\u00e9es personnelles<\/h6><p>VITA60 Group Limited<\/p><p>E-mail: <span id=\"cloak971722c9f5c4c85e9a8d50e45ac5c598\"><a href=\"mailto:info@vita60.com\">info@vita60.com<\/a><\/span><\/p><p>Adresse postale:<br \/>15 Bridge Road,<br \/>Wellington,<br \/>Telford,<br \/>TF1 1EB<br \/>Angleterre<\/p><p>Num\u00e9ro d&rsquo;entreprise 11187659<\/p>\t\t\t\t\t\t\t\t<\/div>\n\t\t\t\t\t<\/div>\n\t\t<\/div>\n\t\t\t\t\t<\/div>\n\t\t<\/section>\n\t\t\t\t<\/div>\n\t\t","protected":false},"excerpt":{"rendered":"<p>Politique de confidentialit\u00e9 Cette politique d\u00e9crit les informations que nous poss\u00e9dons et traitons pour soutenir le site Web et d\u2019autres produits et fonctionnalit\u00e9s offerts par VITA60 Group Limited. Dans ce document, Vita60.com et VITA60 Group Limited sont utilis\u00e9s comme synonymes. 1 &#8211; Introduction Vita60.com s&rsquo;efforce de garantir que votre vie priv\u00e9e est prot\u00e9g\u00e9e lors de [&hellip;]<\/p>\n","protected":false},"author":2,"featured_media":0,"parent":0,"menu_order":0,"comment_status":"closed","ping_status":"closed","template":"","meta":{"_acf_changed":false,"site-sidebar-layout":"no-sidebar","site-content-layout":"page-builder","ast-site-content-layout":"default","site-content-style":"default","site-sidebar-style":"default","ast-global-header-display":"","ast-banner-title-visibility":"","ast-main-header-display":"","ast-hfb-above-header-display":"","ast-hfb-below-header-display":"","ast-hfb-mobile-header-display":"","site-post-title":"disabled","ast-breadcrumbs-content":"","ast-featured-img":"disabled","footer-sml-layout":"","ast-disable-related-posts":"","theme-transparent-header-meta":"default","adv-header-id-meta":"","stick-header-meta":"","header-above-stick-meta":"","header-main-stick-meta":"","header-below-stick-meta":"","astra-migrate-meta-layouts":"default","ast-page-background-enabled":"default","ast-page-background-meta":{"desktop":{"background-color":"","background-image":"","background-repeat":"repeat","background-position":"center center","background-size":"auto","background-attachment":"scroll","background-type":"","background-media":"","overlay-type":"","overlay-color":"","overlay-opacity":"","overlay-gradient":""},"tablet":{"background-color":"","background-image":"","background-repeat":"repeat","background-position":"center center","background-size":"auto","background-attachment":"scroll","background-type":"","background-media":"","overlay-type":"","overlay-color":"","overlay-opacity":"","overlay-gradient":""},"mobile":{"background-color":"","background-image":"","background-repeat":"repeat","background-position":"center center","background-size":"auto","background-attachment":"scroll","background-type":"","background-media":"","overlay-type":"","overlay-color":"","overlay-opacity":"","overlay-gradient":""}},"ast-content-background-meta":{"desktop":{"background-color":"var(--ast-global-color-5)","background-image":"","background-repeat":"repeat","background-position":"center center","background-size":"auto","background-attachment":"scroll","background-type":"","background-media":"","overlay-type":"","overlay-color":"","overlay-opacity":"","overlay-gradient":""},"tablet":{"background-color":"var(--ast-global-color-5)","background-image":"","background-repeat":"repeat","background-position":"center center","background-size":"auto","background-attachment":"scroll","background-type":"","background-media":"","overlay-type":"","overlay-color":"","overlay-opacity":"","overlay-gradient":""},"mobile":{"background-color":"var(--ast-global-color-5)","background-image":"","background-repeat":"repeat","background-position":"center center","background-size":"auto","background-attachment":"scroll","background-type":"","background-media":"","overlay-type":"","overlay-color":"","overlay-opacity":"","overlay-gradient":""}},"footnotes":""},"class_list":["post-8839","page","type-page","status-publish","hentry"],"acf":[],"_links":{"self":[{"href":"https:\/\/www.vita60.com\/fr\/wp-json\/wp\/v2\/pages\/8839","targetHints":{"allow":["GET"]}}],"collection":[{"href":"https:\/\/www.vita60.com\/fr\/wp-json\/wp\/v2\/pages"}],"about":[{"href":"https:\/\/www.vita60.com\/fr\/wp-json\/wp\/v2\/types\/page"}],"author":[{"embeddable":true,"href":"https:\/\/www.vita60.com\/fr\/wp-json\/wp\/v2\/users\/2"}],"replies":[{"embeddable":true,"href":"https:\/\/www.vita60.com\/fr\/wp-json\/wp\/v2\/comments?post=8839"}],"version-history":[{"count":3,"href":"https:\/\/www.vita60.com\/fr\/wp-json\/wp\/v2\/pages\/8839\/revisions"}],"predecessor-version":[{"id":26820,"href":"https:\/\/www.vita60.com\/fr\/wp-json\/wp\/v2\/pages\/8839\/revisions\/26820"}],"wp:attachment":[{"href":"https:\/\/www.vita60.com\/fr\/wp-json\/wp\/v2\/media?parent=8839"}],"curies":[{"name":"wp","href":"https:\/\/api.w.org\/{rel}","templated":true}]}}