{"id":10125,"date":"2020-06-28T00:23:30","date_gmt":"2020-06-28T00:23:30","guid":{"rendered":"https:\/\/www.vita60.com\/non%20class\u00e9\/1xflacon-de-100-ml\/"},"modified":"2024-03-11T08:13:23","modified_gmt":"2024-03-11T08:13:23","slug":"flacon-100ml-c60-huile-pepins-courge-bio","status":"publish","type":"product","link":"https:\/\/www.vita60.com\/fr\/flacon-100ml-c60-huile-pepins-courge-bio\/","title":{"rendered":"100ml huile de p\u00e9pins courge BIO C60"},"content":{"rendered":"<div id=\"tab-product-desc\" class=\"tab-pane fade in active\">\n<div class=\"description\">\n<p><strong><img fetchpriority=\"high\" decoding=\"async\" class=\"alignright\" style=\"margin: 5px; float: right;\" src=\"https:\/\/www.vita60.com\/wp-content\/uploads\/2020\/10\/ripe-pumpkin-c60-pumpkin-seed-oil.png\" alt=\"Potiron m\u00fbr pr\u00eat pour la r\u00e9colte - pr\u00eat pour un flacon de 100 ml C60 dans de l'huile de graines de citrouille\" width=\"472\" height=\"361\" \/><\/strong>Nous sommes all\u00e9s dans la r\u00e9gion de Styrie en Autriche pour la meilleure huile pour nos flacons de 100 ml de C60 dans de l&rsquo;huile de p\u00e9pins de citrouille biologique. C&rsquo;est une zone qui a \u00e9t\u00e9 d\u00e9clar\u00e9e par l&rsquo;UE comme une <a href=\"https:\/\/www.steirisches-kuerbiskernoel.eu\/fr\/Home\/ShowPage\/3\" target=\"_blank\" rel=\"noopener noreferrer\">indication g\u00e9ographique prot\u00e9g\u00e9e<\/a> et qui \u00e9tait donc un choix naturel. En raison de la torr\u00e9faction minutieuse des graines, l&rsquo;huile a une saveur intense de noisette.<\/p>\n<p>L&rsquo;huile de p\u00e9pins de courge est traditionnellement connue pour am\u00e9liorer l&rsquo;humeur et ainsi aider \u00e0 cr\u00e9er une sensation de bien-\u00eatre. Cependant, il a \u00e9galement un effet tr\u00e8s positif sur les cheveux et la peau, en particulier chez les hommes. L&rsquo;huile de p\u00e9pins de courge contient de grandes quantit\u00e9s de graisses insatur\u00e9es, qui sont bonnes pour la sant\u00e9 cardiaque. De plus, des \u00e9tudes r\u00e9centes ont montr\u00e9 que l&rsquo;huile de p\u00e9pins de citrouille peut avoir un effet tr\u00e8s b\u00e9n\u00e9fique sur les probl\u00e8mes de prostate, le plus souvent caus\u00e9s par une hypertrophie de la prostate.<\/p>\n<p><span style=\"font-size: 13pt;\"><strong>Les autres avantages comprennent:<\/strong><\/span><\/p>\n<div dir=\"ltr\">\n<ul type=\"disc\">\n<li>R\u00e9duit le cholest\u00e9rol et am\u00e9liore la sant\u00e9 cardiaque<\/li>\n<li>Aide \u00e0 r\u00e9duire l&rsquo;hypertension art\u00e9rielle<\/li>\n<li>R\u00e9duit le risque de maladies cardiovasculaires<\/li>\n<li>R\u00e9duit la douleur de l&rsquo;inflammation<\/li>\n<li>Aide \u00e0 r\u00e9duire les sympt\u00f4mes de stress et de tension<\/li>\n<li>Peut aider \u00e0 mod\u00e9rer la glyc\u00e9mie<\/li>\n<\/ul>\n<\/div>\n<p>C60 est une mol\u00e9cule de 60 atomes de carbone, membre du groupe fuller\u00e8ne des mol\u00e9cules de carbone. C&rsquo;est un \u00ab<em>pi\u00e9geur de radicaux libres<\/em>\u00bb, un type de mol\u00e9cule qui aide \u00e0 neutraliser les sous-produits toxiques du m\u00e9tabolisme cellulaire, tels que les radicaux libres. Celles-ci provoquent des l\u00e9sions tissulaires dans de nombreux types de maladies et la C60 peut donc aider \u00e0 am\u00e9liorer ces conditions.<\/p>\n<p>Nous fabriquons nos flacons de 100 ml de C60 dans de l&rsquo;huile de p\u00e9pins de courge biologique en utilisant du C60 pur \u00e0 99,99% et sans solvant. Tous nos produits sont fabriqu\u00e9s au Royaume-Uni en utilisant uniquement les meilleurs ingr\u00e9dients. Ainsi, nous contr\u00f4lons toutes les \u00e9tapes de production de nos huiles et pouvons \u00eatre s\u00fbrs que nos produits sont de premi\u00e8re classe.<\/p>\n<h6>Ceux qui prennent du C60 dans de l&rsquo;huile de p\u00e9pins de citrouille biologique disent avoir \u00e9galement remarqu\u00e9 des avantages tels que:<\/h6>\n<ul type=\"disc\">\n<li>Aide \u00e0 att\u00e9nuer les sympt\u00f4mes associ\u00e9s \u00e0 la m\u00e9nopause<\/li>\n<li>R\u00e9duit l&rsquo;inflammation<\/li>\n<li>Abaisse le cholest\u00e9rol<\/li>\n<li>B\u00e9n\u00e9fique pour les cheveux et la peau<\/li>\n<li>Aide \u00e0 soutenir la sant\u00e9 des os<\/li>\n<li>Soulage l&rsquo;anxi\u00e9t\u00e9 et la d\u00e9pression<\/li>\n<\/ul>\n<\/div>\n<\/div>\n<p><!-- Schema & Structured Data For mini VITA60 organisation - --><script type=\"application\/ld+json\" class=\"saswp-schema-markup-output\">\n[{\"@context\":\"https:\/\/schema.org\",\"@type\":\"Organization\",\"@id\":\"https:\/\/www.vita60.com#Organization\",\"name\":\"VITA60\",\"url\":\"https:\/\/www.vita60.com\/fr\",\"sameAs\":[],\"logo\":{\"@type\":\"ImageObject\",\"url\":\"https:\/\/www.vita60.com\/wp-content\/uploads\/2020\/07\/VITA60-LOGO.png\",\"width\":\"200\",\"height\":\"100\"}}]\n<\/script><\/p>\n<p><!-- Schema & Structured Data For VITA60 organisation - --><\/p>\n<p><script type=\"application\/ld+json\" class=\"saswp-custom-schema-markup-output\">{\n    \"@context\": \"https:\/\/schema.org\",\n    \"@type\": \"HealthAndBeautyBusiness\",\n    \"image\": \"https:\/\/www.vita60.com\/wp-content\/uploads\/2020\/10\/vita60-logo.png\",\n    \"priceRange\": \"\u00a328.75 - \u00a345.00 par flacon\",\n    \"telephone\": \"+44 (0) 3333 44 99 72\",\n    \"name\": \"VITA60\",\n    \"logo\": \"https:\/\/www.vita60.com\/wp-content\/uploads\/2020\/11\/vita60.png\",\n    \"description\": \"Fabricant de C60 de haute qualit\u00e9 dans des huiles organiques, produisant la plus large gamme d'huiles disponibles. Sans solvant, fuller\u00e8ne de carbone 60 pur \u00e0 99,99%. \u00c9tabli depuis 2017.\",\n    \"geo\": {\n        \"@type\": \"GeoCoordinates\",\n        \"latitude\": \"52.702320\",\n        \"longitude\": \"-2.522500\"\n    },\n    \"url\": \"https:\/\/www.vita60.com\",\n    \"contactPoint\": {\n        \"@type\": \"ContactPoint\",\n        \"telephone\": \"+44 (0) 3333 44 99 72\",\n        \"contactType\": \"customer service\",\n        \"email\": \"info@vita60.com\",\n        \"contactOption\": \"\",\n        \"areaServed\": \"\",\n        \"availableLanguage\": \"Anglais\"\n    },\n    \"address\": {\n        \"@type\": \"PostalAddress\",\n        \"addressCountry\": \"Royaume-Uni\",\n        \"addressLocality\": \"Telford\",\n        \"addressRegion\": \"Shropshire\",\n        \"postalCode\": \"TF1 1EB\",\n        \"streetAddress\": \"15 Bridge Road, Wellington\"\n    }\n}<\/script><\/p>\n","protected":false},"excerpt":{"rendered":"<p>Une solution de 80 mg de C60 pur \u00e0 99,99% sans solvant dans 100ml huile de p\u00e9pins courge BIO C60<br \/>\n<b><\/b><\/p>\n<p><strong>R\u00e9ductions disponibles:<\/strong><\/p>\n<ul>\n<li><strong><span style=\"font-size: 13pt;\">Achetez 3<\/span><\/strong> pour <span style=\"font-size: 15pt;\"><strong>[aelia_cs_currency_amount amount=\"38.95\" formatted=\"1|1\" from_currency=\"GBP\"]<\/strong><\/span> chacun et <span style=\"font-size: 13pt;\"><strong>\u00e9conomisez 5%<\/strong><\/span><\/li>\n<li><strong><span style=\"font-size: 13pt;\">Achetez 4<\/span><\/strong> pour <span style=\"font-size: 15pt;\"><strong>[aelia_cs_currency_amount amount=\"36.50\" formatted=\"1|1\" from_currency=\"GBP\"]<\/strong><\/span> chacun et <span style=\"font-size: 13pt;\"><strong>\u00e9conomisez 10%<\/strong><\/span><\/li>\n<li><strong><span style=\"font-size: 13pt;\">Achetez 8<\/span><\/strong> pour <span style=\"font-size: 15pt;\"><strong>[aelia_cs_currency_amount amount=\"33.00\" formatted=\"1|1\" from_currency=\"GBP\"]<\/strong><\/span> chacun et <span style=\"font-size: 13pt;\"><strong class=\"benefit\">\u00e9conomisez 20%<\/strong><\/span><\/li>\n<\/ul>\n<p><span style=\"font-size: 14pt;\"><b>LIVRAISON GRATUITE<\/b><\/span>\u00a0avec toute combinaison de 5 flacons ou plus *<\/p>\n","protected":false},"featured_media":11835,"comment_status":"open","ping_status":"closed","template":"","meta":{"_acf_changed":false,"site-sidebar-layout":"default","site-content-layout":"default","ast-site-content-layout":"default","site-content-style":"default","site-sidebar-style":"default","ast-global-header-display":"","ast-banner-title-visibility":"","ast-main-header-display":"","ast-hfb-above-header-display":"","ast-hfb-below-header-display":"","ast-hfb-mobile-header-display":"","site-post-title":"","ast-breadcrumbs-content":"","ast-featured-img":"","footer-sml-layout":"","ast-disable-related-posts":"","theme-transparent-header-meta":"default","adv-header-id-meta":"","stick-header-meta":"","header-above-stick-meta":"","header-main-stick-meta":"","header-below-stick-meta":"","astra-migrate-meta-layouts":"default","ast-page-background-enabled":"default","ast-page-background-meta":{"desktop":{"background-color":"","background-image":"","background-repeat":"repeat","background-position":"center center","background-size":"auto","background-attachment":"scroll","background-type":"","background-media":"","overlay-type":"","overlay-color":"","overlay-opacity":"","overlay-gradient":""},"tablet":{"background-color":"","background-image":"","background-repeat":"repeat","background-position":"center center","background-size":"auto","background-attachment":"scroll","background-type":"","background-media":"","overlay-type":"","overlay-color":"","overlay-opacity":"","overlay-gradient":""},"mobile":{"background-color":"","background-image":"","background-repeat":"repeat","background-position":"center center","background-size":"auto","background-attachment":"scroll","background-type":"","background-media":"","overlay-type":"","overlay-color":"","overlay-opacity":"","overlay-gradient":""}},"ast-content-background-meta":{"desktop":{"background-color":"var(--ast-global-color-5)","background-image":"","background-repeat":"repeat","background-position":"center center","background-size":"auto","background-attachment":"scroll","background-type":"","background-media":"","overlay-type":"","overlay-color":"","overlay-opacity":"","overlay-gradient":""},"tablet":{"background-color":"var(--ast-global-color-5)","background-image":"","background-repeat":"repeat","background-position":"center center","background-size":"auto","background-attachment":"scroll","background-type":"","background-media":"","overlay-type":"","overlay-color":"","overlay-opacity":"","overlay-gradient":""},"mobile":{"background-color":"var(--ast-global-color-5)","background-image":"","background-repeat":"repeat","background-position":"center center","background-size":"auto","background-attachment":"scroll","background-type":"","background-media":"","overlay-type":"","overlay-color":"","overlay-opacity":"","overlay-gradient":""}}},"product_brand":[],"product_cat":[200],"product_tag":[],"class_list":{"0":"post-10125","1":"product","2":"type-product","3":"status-publish","4":"has-post-thumbnail","6":"product_cat-huile-pepin-courge-bio-c60","7":"desktop-align-left","8":"tablet-align-left","9":"mobile-align-left","11":"first","12":"instock","13":"featured","14":"taxable","15":"shipping-taxable","16":"purchasable","17":"product-type-simple"},"acf":[],"_links":{"self":[{"href":"https:\/\/www.vita60.com\/fr\/wp-json\/wp\/v2\/product\/10125","targetHints":{"allow":["GET"]}}],"collection":[{"href":"https:\/\/www.vita60.com\/fr\/wp-json\/wp\/v2\/product"}],"about":[{"href":"https:\/\/www.vita60.com\/fr\/wp-json\/wp\/v2\/types\/product"}],"replies":[{"embeddable":true,"href":"https:\/\/www.vita60.com\/fr\/wp-json\/wp\/v2\/comments?post=10125"}],"version-history":[{"count":0,"href":"https:\/\/www.vita60.com\/fr\/wp-json\/wp\/v2\/product\/10125\/revisions"}],"wp:featuredmedia":[{"embeddable":true,"href":"https:\/\/www.vita60.com\/fr\/wp-json\/wp\/v2\/media\/11835"}],"wp:attachment":[{"href":"https:\/\/www.vita60.com\/fr\/wp-json\/wp\/v2\/media?parent=10125"}],"wp:term":[{"taxonomy":"product_brand","embeddable":true,"href":"https:\/\/www.vita60.com\/fr\/wp-json\/wp\/v2\/product_brand?post=10125"},{"taxonomy":"product_cat","embeddable":true,"href":"https:\/\/www.vita60.com\/fr\/wp-json\/wp\/v2\/product_cat?post=10125"},{"taxonomy":"product_tag","embeddable":true,"href":"https:\/\/www.vita60.com\/fr\/wp-json\/wp\/v2\/product_tag?post=10125"}],"curies":[{"name":"wp","href":"https:\/\/api.w.org\/{rel}","templated":true}]}}