{"id":11403,"date":"2020-06-28T23:52:51","date_gmt":"2020-06-28T23:52:51","guid":{"rendered":"https:\/\/www.vita60.com\/non%20class\u00e9\/8x100-ml\/"},"modified":"2024-03-11T08:10:33","modified_gmt":"2024-03-11T08:10:33","slug":"pack-de-8-huile-avocat","status":"publish","type":"product","link":"https:\/\/www.vita60.com\/fr\/pack-de-8-huile-avocat\/","title":{"rendered":"Meilleur Rapport Qualit\u00e9-prix <br> pack de 8 huile d\u2019avocat BIO C60"},"content":{"rendered":"<div id=\"tab-product-desc\" class=\"tab-pane fade in active\">\n<div class=\"description\">\n<p><strong><img fetchpriority=\"high\" decoding=\"async\" class=\"alignright\" style=\"margin: 5px; float: right;\" src=\"https:\/\/www.vita60.com\/wp-content\/uploads\/2020\/10\/ripe-of-avocados.png\" alt=\"Ripe avocados - perfect for 8 Pack C60 Organic Avocado Oil\" width=\"500\" height=\"420\" \/><\/strong>Lorsque vous choisissez notre Meilleur Rapport Qualit\u00e9-prix Pack de 8 huile avocat BIO C60, vous recevrez une huile biologique Fairtrade d&rsquo;avocats cultiv\u00e9s au Kenya dans de petites fermes bio-diversifi\u00e9es. Chaque flacon de 100 ml contient de l&rsquo;huile non raffin\u00e9e press\u00e9e \u00e0 froid de 8 fruits d&rsquo;avocat, elle est donc remplie de bienfaits et conserve toutes ses propri\u00e9t\u00e9s b\u00e9n\u00e9fiques pour la sant\u00e9. Avec notre pack de 8 au meilleur rapport qualit\u00e9-prix, vous obtiendrez plus de 20% de r\u00e9duction sur le prix de le flacon unique et la livraison gratuite.<\/p>\n<\/div>\n<div class=\"description\">\n<p>Les avocats sont riches en acides gras om\u00e9ga-3 et om\u00e9ga-6, en acide ol\u00e9ique et en lut\u00e9ine, qui sont de pr\u00e9cieux antioxydants. L&rsquo;huile d&rsquo;avocat est connue pour aider \u00e0 r\u00e9duire le cholest\u00e9rol et \u00e0 am\u00e9liorer la sant\u00e9 cardiaque. Il peut \u00e9galement aider \u00e0 r\u00e9duire le risque de cataracte et d&rsquo;autres troubles oculaires li\u00e9s \u00e0 l&rsquo;\u00e2ge. L&rsquo;huile d&rsquo;avocat aide \u00e9galement le corps \u00e0 absorber des nutriments sp\u00e9cifiques tels que les carot\u00e9no\u00efdes et fournit des antioxydants pour aider \u00e0 neutraliser les radicaux libres nocifs. L&rsquo;huile d&rsquo;avocat extra vierge C60 a un go\u00fbt l\u00e9g\u00e8rement terreux et beurr\u00e9 et une texture cr\u00e9meuse. Cela le rend plus doux que certaines de nos autres huiles et donc le choix pr\u00e9f\u00e9r\u00e9 de beaucoup.<\/p>\n<p><strong><span style=\"font-size: 13pt;\">Les autres avantages comprennent:<\/span><\/strong><\/p>\n<ul type=\"disc\">\n<li>R\u00e9duit le cholest\u00e9rol et am\u00e9liore la sant\u00e9 cardiaque<\/li>\n<li>Riche en lut\u00e9ine, un antioxydant qui a des bienfaits pour les yeux<\/li>\n<li>Am\u00e9liore l&rsquo;absorption des nutriments importants<\/li>\n<li>Peut r\u00e9duire les sympt\u00f4mes de <a href=\"https:\/\/www.vita60.com\/fr\/c60-soulage-la-raideur-de-larthrite-et-les-poussees\/\"><span style=\"color: blue;\">l&rsquo;arthrite<\/span><\/a><\/li>\n<li>Peut aider \u00e0 pr\u00e9venir les maladies des gencives<\/li>\n<li>Am\u00e9liore la peau et am\u00e9liore la cicatrisation des plaies<\/li>\n<\/ul>\n<p>C60 est une mol\u00e9cule de 60 atomes de carbone, membre du groupe fuller\u00e8ne des mol\u00e9cules de carbone. C&rsquo;est un \u00abpi\u00e9geur de radicaux libres\u00bb qui aide \u00e0 neutraliser les sous-produits toxiques du m\u00e9tabolisme cellulaire. Ces m\u00e9tabolites toxiques, tels que les radicaux libres, causent une grande partie des dommages dans de nombreuses maladies, en particulier celles impliquant une inflammation chronique. Le C60 agit comme une \u00e9ponge, absorbant les radicaux libres et les neutralisant, il peut donc \u00eatre b\u00e9n\u00e9fique dans un large \u00e9ventail de conditions.<\/p>\n<p>Nous fabriquons nos Pack de 8 huile avocat BIO C60 au Royaume-Uni afin d&rsquo;avoir le contr\u00f4le sur toutes les \u00e9tapes de fabrication. Nous faisons attention \u00e0 traiter et utilisons donc du C60 pur \u00e0 99,99%, sans solvant et de l&rsquo;huile d&rsquo;avocat biologique extra vierge press\u00e9e \u00e0 froid. Notre souci du d\u00e9tail est la raison pour laquelle nous pensons que c&rsquo;est tout simplement le meilleur.<\/p>\n<h6>Ceux qui prennent du huile d&rsquo;avocat extra vierge C60 disent avoir \u00e9galement remarqu\u00e9 des avantages qui incluent:<\/h6>\n<ul type=\"disc\">\n<li>R\u00e9cup\u00e9ration et croissance d&rsquo;une peau saine dans le <a href=\"https:\/\/www.vita60.com\/fr\/c60-soulage-la-raideur-de-larthrite-et-les-poussees\/\" target=\"_blank\" rel=\"noopener noreferrer\"><span style=\"color: blue;\">psoriasis<\/span><\/a><\/li>\n<li>R\u00e9duction des rougeurs et des d\u00e9mangeaisons dans l&rsquo;ecz\u00e9ma<\/li>\n<li>Meilleure r\u00e9cup\u00e9ration apr\u00e8s l&rsquo;effort et plus de vitalit\u00e9<\/li>\n<li>Une aide \u00e0 la perte de poids<\/li>\n<li>Un teint \u00e9clatant et moins de rides<\/li>\n<li>Moins de gris et repousse de la couleur normale des cheveux<\/li>\n<\/ul>\n<\/div>\n<\/div>\n<p><!-- Schema & Structured Data For mini VITA60 organisation - --><\/p>\n<p><script type=\"application\/ld+json\" class=\"saswp-schema-markup-output\">\n[{\"@context\":\"https:\/\/schema.org\",\"@type\":\"Organization\",\"@id\":\"https:\/\/www.vita60.com#Organization\",\"name\":\"VITA60\",\"url\":\"https:\/\/www.vita60.com\",\"sameAs\":[],\"logo\":{\"@type\":\"ImageObject\",\"url\":\"https:\/\/www.vita60.com\/wp-content\/uploads\/2020\/07\/VITA60-LOGO.png\",\"width\":\"200\",\"height\":\"100\"}}]\n<\/script><\/p>\n<p><!-- Schema & Structured Data For VITA60 organisation - --><\/p>\n<p><script type=\"application\/ld+json\" class=\"saswp-custom-schema-markup-output\">{\n    \"@context\": \"https:\/\/schema.org\",\n    \"@type\": \"HealthAndBeautyBusiness\",\n    \"image\": \"https:\/\/www.vita60.com\/wp-content\/uploads\/2020\/10\/vita60-logo.png\",\n    \"priceRange\": \"\u00a328.75 - \u00a345.00 par flacon\",\n    \"telephone\": \"+44 (0) 3333 44 99 72\",\n    \"name\": \"VITA60\",\n    \"logo\": \"https:\/\/www.vita60.com\/wp-content\/uploads\/2020\/11\/vita60.png\",\n    \"description\": \"Fabricant de C60 de haute qualit\u00e9 dans des huiles biologiques, produisant la plus large gamme d'huiles disponibles. Fuller\u00e8ne 60 sans solvant, pur \u00e0 99,99% de carbone. \u00c9tabli depuis 2017.\",\n    \"geo\": {\n        \"@type\": \"GeoCoordinates\",\n        \"latitude\": \"52.701882977520036\",\n        \"longitude\": \"-2.5216254000000005\"\n    },\n    \"url\": \"https:\/\/www.vita60.com\/fr\/\",\n    \"contactPoint\": {\n        \"@type\": \"ContactPoint\",\n        \"telephone\": \"+44 (0) 3333 44 99 72\",\n        \"contactType\": \"customer service\",\n        \"email\": \"info@vita60.com\",\n        \"contactOption\": \"\",\n        \"areaServed\": \"\",\n        \"availableLanguage\": \"Anglais\"\n    },\n    \"address\": {\n        \"@type\": \"PostalAddress\",\n        \"addressCountry\": \"Royaume-Uni\",\n        \"addressLocality\": \"Telford\",\n        \"addressRegion\": \"Shropshire\",\n        \"postalCode\": \"TF1 1EB\",\n        \"streetAddress\": \"15 Bridge Road, Wellington\"\n    }\n}<\/script><\/p>\n","protected":false},"excerpt":{"rendered":"<p><span style=\"font-size: 22pt;\"><b>Economisez [aelia_cs_currency_amount amount=\"63.00\" formatted=\"1|1\" from_currency=\"GBP\"]<\/b><\/span><\/p>\n<p>Meilleur rapport qualit\u00e9-prix pack\u00a08 flacons de 100 ml de 80 mg d&rsquo;huile d&rsquo;avocat BIO C60.<\/p>\n<p>Plus de 20% de r\u00e9duction sur le prix de le flacon unique. \u00c9quivaut \u00e0 <b>[aelia_cs_currency_amount amount=\"31.13\" formatted=\"1|1\" from_currency=\"GBP\"] par flacon<\/b><\/p>\n<p><b><span style=\"font-size: 14pt;\">LIVRAISON GRATUITE <\/span><\/b>avec cette commande.<\/p>\n","protected":false},"featured_media":11859,"comment_status":"open","ping_status":"closed","template":"","meta":{"_acf_changed":false,"site-sidebar-layout":"default","site-content-layout":"default","ast-site-content-layout":"default","site-content-style":"default","site-sidebar-style":"default","ast-global-header-display":"","ast-banner-title-visibility":"","ast-main-header-display":"","ast-hfb-above-header-display":"","ast-hfb-below-header-display":"","ast-hfb-mobile-header-display":"","site-post-title":"","ast-breadcrumbs-content":"","ast-featured-img":"","footer-sml-layout":"","ast-disable-related-posts":"","theme-transparent-header-meta":"default","adv-header-id-meta":"","stick-header-meta":"","header-above-stick-meta":"","header-main-stick-meta":"","header-below-stick-meta":"","astra-migrate-meta-layouts":"default","ast-page-background-enabled":"default","ast-page-background-meta":{"desktop":{"background-color":"","background-image":"","background-repeat":"repeat","background-position":"center center","background-size":"auto","background-attachment":"scroll","background-type":"","background-media":"","overlay-type":"","overlay-color":"","overlay-opacity":"","overlay-gradient":""},"tablet":{"background-color":"","background-image":"","background-repeat":"repeat","background-position":"center center","background-size":"auto","background-attachment":"scroll","background-type":"","background-media":"","overlay-type":"","overlay-color":"","overlay-opacity":"","overlay-gradient":""},"mobile":{"background-color":"","background-image":"","background-repeat":"repeat","background-position":"center center","background-size":"auto","background-attachment":"scroll","background-type":"","background-media":"","overlay-type":"","overlay-color":"","overlay-opacity":"","overlay-gradient":""}},"ast-content-background-meta":{"desktop":{"background-color":"var(--ast-global-color-5)","background-image":"","background-repeat":"repeat","background-position":"center center","background-size":"auto","background-attachment":"scroll","background-type":"","background-media":"","overlay-type":"","overlay-color":"","overlay-opacity":"","overlay-gradient":""},"tablet":{"background-color":"var(--ast-global-color-5)","background-image":"","background-repeat":"repeat","background-position":"center center","background-size":"auto","background-attachment":"scroll","background-type":"","background-media":"","overlay-type":"","overlay-color":"","overlay-opacity":"","overlay-gradient":""},"mobile":{"background-color":"var(--ast-global-color-5)","background-image":"","background-repeat":"repeat","background-position":"center center","background-size":"auto","background-attachment":"scroll","background-type":"","background-media":"","overlay-type":"","overlay-color":"","overlay-opacity":"","overlay-gradient":""}}},"product_brand":[],"product_cat":[180],"product_tag":[],"class_list":{"0":"post-11403","1":"product","2":"type-product","3":"status-publish","4":"has-post-thumbnail","6":"product_cat-huile-d-avocat-c60","7":"desktop-align-left","8":"tablet-align-left","9":"mobile-align-left","11":"first","12":"instock","13":"sale","14":"featured","15":"taxable","16":"shipping-taxable","17":"purchasable","18":"product-type-simple"},"acf":[],"_links":{"self":[{"href":"https:\/\/www.vita60.com\/fr\/wp-json\/wp\/v2\/product\/11403","targetHints":{"allow":["GET"]}}],"collection":[{"href":"https:\/\/www.vita60.com\/fr\/wp-json\/wp\/v2\/product"}],"about":[{"href":"https:\/\/www.vita60.com\/fr\/wp-json\/wp\/v2\/types\/product"}],"replies":[{"embeddable":true,"href":"https:\/\/www.vita60.com\/fr\/wp-json\/wp\/v2\/comments?post=11403"}],"version-history":[{"count":0,"href":"https:\/\/www.vita60.com\/fr\/wp-json\/wp\/v2\/product\/11403\/revisions"}],"wp:featuredmedia":[{"embeddable":true,"href":"https:\/\/www.vita60.com\/fr\/wp-json\/wp\/v2\/media\/11859"}],"wp:attachment":[{"href":"https:\/\/www.vita60.com\/fr\/wp-json\/wp\/v2\/media?parent=11403"}],"wp:term":[{"taxonomy":"product_brand","embeddable":true,"href":"https:\/\/www.vita60.com\/fr\/wp-json\/wp\/v2\/product_brand?post=11403"},{"taxonomy":"product_cat","embeddable":true,"href":"https:\/\/www.vita60.com\/fr\/wp-json\/wp\/v2\/product_cat?post=11403"},{"taxonomy":"product_tag","embeddable":true,"href":"https:\/\/www.vita60.com\/fr\/wp-json\/wp\/v2\/product_tag?post=11403"}],"curies":[{"name":"wp","href":"https:\/\/api.w.org\/{rel}","templated":true}]}}