{"id":11845,"date":"2020-06-28T23:20:08","date_gmt":"2020-06-28T23:20:08","guid":{"rendered":"https:\/\/www.vita60.com\/non%20class\u00e9\/fr-good-value-4-pack-c60-in-organic-pumpkin-seed-oil\/"},"modified":"2024-03-11T09:33:24","modified_gmt":"2024-03-11T09:33:24","slug":"pack-de-4-huile-pepins-de-courge","status":"publish","type":"product","link":"https:\/\/www.vita60.com\/fr\/pack-de-4-huile-pepins-de-courge\/","title":{"rendered":"Bon rapport qualit\u00e9 prix pack de 4 d\u2019huile de pepins de courge BIO C60"},"content":{"rendered":"<div id=\"tab-product-desc\" class=\"tab-pane fade in active\">\n<div class=\"description\">\n<p><strong><img fetchpriority=\"high\" decoding=\"async\" class=\"alignright\" style=\"margin: 5px; float: right;\" src=\"https:\/\/www.vita60.com\/wp-content\/uploads\/2020\/10\/pumpkin-in-field-c60-pumpkin-seed-oil.png\" alt=\"Pumpkin in a field - ready for 4 pack C60 in pumpkin seed oil\" width=\"484\" height=\"371\" \/><\/strong>Lorsque nous avons cr\u00e9\u00e9 notre huile de p\u00e9pins de courge biologique C60 de bonne valeur, nous avons choisi une huile de p\u00e9pins de courge biologique de la r\u00e9gion de Styrie en Autriche. L&rsquo;UE a d\u00e9clar\u00e9 la r\u00e9gion comme une <a href=\"https:\/\/www.steirisches-kuerbiskernoel.eu\/fr\/Home\/ShowPage\/3\" target=\"_blank\" rel=\"noopener noreferrer\">indication g\u00e9ographique prot\u00e9g\u00e9e<\/a> car pendant des si\u00e8cles, les agriculteurs ont produit une huile de p\u00e9pins de courge de la plus haute qualit\u00e9.<\/p>\n<p>L&rsquo;huile de p\u00e9pins de citrouille est traditionnellement connue pour remonter le moral et procurer une sensation de bien-\u00eatre. Cependant, il a \u00e9galement un effet tr\u00e8s positif sur les cheveux et la peau, en particulier chez les hommes. L&rsquo;huile de p\u00e9pins de courge contient de grandes quantit\u00e9s de graisses insatur\u00e9es, qui sont bonnes pour la sant\u00e9 cardiaque. Des \u00e9tudes r\u00e9centes ont \u00e9galement montr\u00e9 que l&rsquo;huile de p\u00e9pins de courge peut avoir un effet tr\u00e8s b\u00e9n\u00e9fique sur les probl\u00e8mes de prostate, le plus souvent caus\u00e9s par une hypertrophie de la prostate.<\/p>\n<p><strong><span style=\"font-size: 13pt;\">Les autres avantages comprennent:<\/span><\/strong><\/p>\n<div dir=\"ltr\">\n<ul type=\"disc\">\n<li>R\u00e9duit le cholest\u00e9rol et am\u00e9liore la sant\u00e9 cardiaque<\/li>\n<li>Aide \u00e0 r\u00e9duire l\u2019hypertension art\u00e9rielle<\/li>\n<li>R\u00e9duire le risque de maladies cardiovasculaires<\/li>\n<li>R\u00e9duit la douleur caus\u00e9e par l\u2019inflammation<\/li>\n<li>Aide \u00e0 r\u00e9duire les sympt\u00f4mes de stress et de tension<\/li>\n<li>Peut aider \u00e0 mod\u00e9rer la glyc\u00e9mie<\/li>\n<\/ul>\n<\/div>\n<p>C60 est une mol\u00e9cule de 60 atomes de carbone, membre du groupe fuller\u00e8ne des mol\u00e9cules de carbone. C\u2019est un \u00abpi\u00e9geur de radicaux libres\u00bb, qui aide \u00e0 neutraliser les sous-produits toxiques du m\u00e9tabolisme cellulaire, tels que les radicaux libres. Celles-ci provoquent des l\u00e9sions tissulaires dans de nombreux types de maladies et la C60 peut donc aider \u00e0 am\u00e9liorer ces conditions.<\/p>\n<p>Au Royaume-Uni, nous fabriquons notre Bon rapport qualit\u00e9 prix pack de 4 d&rsquo;huile de pepins de courge BIO C60, en utilisant uniquement les meilleurs ingr\u00e9dients. De cette fa\u00e7on, nous pouvons contr\u00f4ler l&rsquo;ensemble du processus et ainsi garantir un produit final de haute qualit\u00e9. Nous utilisons du C60 pur \u00e0 99,99% sans solvant et nous assurons qu&rsquo;il y a 80 mg \/100ml de C60 dans chaque flacon. Nous le m\u00e9langeons soigneusement avec de l&rsquo;huile de p\u00e9pins de citrouille biologique prim\u00e9e, press\u00e9e \u00e0 froid, afin que vous obteniez la haute qualit\u00e9 que vous m\u00e9ritez.<\/p>\n<h6>Ceux qui prennent du C60 dans de l\u2019huile de p\u00e9pins de citrouille biologique disent avoir \u00e9galement remarqu\u00e9 des avantages tels que:<\/h6>\n<ul type=\"disc\">\n<li>Aide \u00e0 att\u00e9nuer les sympt\u00f4mes associ\u00e9s \u00e0 la m\u00e9nopause<\/li>\n<li>R\u00e9duit l\u2019inflammation<\/li>\n<li>Abaisse le cholest\u00e9rol<\/li>\n<li>B\u00e9n\u00e9fique pour les cheveux et la peau<\/li>\n<li>Aide \u00e0 soutenir la sant\u00e9 des os<\/li>\n<li>Soulage l\u2019anxi\u00e9t\u00e9 et la d\u00e9pression<\/li>\n<\/ul>\n<\/div>\n<\/div>\n<p><!-- Schema & Structured Data For mini VITA60 organisation - --><script type=\"application\/ld+json\" class=\"saswp-schema-markup-output\">\n[{\"@context\":\"https:\/\/schema.org\",\"@type\":\"Organization\",\"@id\":\"https:\/\/www.vita60.com#Organization\",\"name\":\"VITA60\",\"url\":\"https:\/\/www.vita60.com\",\"sameAs\":[],\"logo\":{\"@type\":\"ImageObject\",\"url\":\"https:\/\/www.vita60.com\/wp-content\/uploads\/2020\/07\/VITA60-LOGO.png\",\"width\":\"200\",\"height\":\"100\"}}]\n<\/script><\/p>\n<p><!-- Schema & Structured Data For VITA60 organisation - --><\/p>\n<p><script type=\"application\/ld+json\" class=\"saswp-custom-schema-markup-output\">{\n    \"@context\": \"https:\/\/schema.org\",\n    \"@type\": \"HealthAndBeautyBusiness\",\n    \"image\": \"https:\/\/www.vita60.com\/wp-content\/uploads\/2020\/10\/vita60-logo.png\",\n    \"priceRange\": \"\u00a328.75 - \u00a345.00 par flacon\",\n    \"telephone\": \"+44 (0) 3333 44 99 72\",\n    \"name\": \"VITA60\",\n    \"logo\": \"https:\/\/www.vita60.com\/wp-content\/uploads\/2020\/11\/vita60.png\",\n    \"description\": \"Fabricant de C60 de haute qualit\u00e9 dans des huiles biologiques, produisant la plus large gamme d'huiles disponibles. Fuller\u00e8ne 60 sans solvant, pur \u00e0 99,99% de carbone. \u00c9tabli depuis 2017.\",\n    \"geo\": {\n        \"@type\": \"GeoCoordinates\",\n        \"latitude\": \"52.701882977520036\",\n        \"longitude\": \"-2.5216254000000005\"\n    },\n    \"url\": \"https:\/\/www.vita60.com\/fr\/\",\n    \"contactPoint\": {\n        \"@type\": \"ContactPoint\",\n        \"telephone\": \"+44 (0) 3333 44 99 72\",\n        \"contactType\": \"customer service\",\n        \"email\": \"info@vita60.com\",\n        \"contactOption\": \"\",\n        \"areaServed\": \"\",\n        \"availableLanguage\": \"Anglais\"\n    },\n    \"address\": {\n        \"@type\": \"PostalAddress\",\n        \"addressCountry\": \"Royaume-Uni\",\n        \"addressLocality\": \"Telford\",\n        \"addressRegion\": \"Shropshire\",\n        \"postalCode\": \"TF1 1EB\",\n        \"streetAddress\": \"15 Bridge Road, Wellington\"\n    }\n}<\/script><\/p>\n","protected":false},"excerpt":{"rendered":"<p><span style=\"font-size: 22pt;\"><b>\u00c9conomisez 10%<\/b><\/span><\/p>\n<p>4 flacons de 100 ml de 80 mg par flacon C60 dans de l&rsquo;huile de p\u00e9pins courge BIO C60<\/p>\n<ul>\n<li><strong><span style=\"font-size: 13pt;\">Achetez 4 flacons<\/span><\/strong> et\u00a0<span style=\"font-size: 13pt;\"><strong>\u00e9conomisez 10%<\/strong><\/span><\/li>\n<li><strong><span style=\"font-size: 13pt;\">Achetez 8 flacons<\/span><\/strong> et\u00a0<span style=\"font-size: 13pt;\"><strong class=\"benefit\">\u00e9conomisez 20%<\/strong><\/span><\/li>\n<\/ul>\n<p><span style=\"font-size: 14pt;\"><b>LIVRAISON GRATUITE<\/b><\/span> avec toute combinaison de 5 flacons ou plus.*<\/p>\n","protected":false},"featured_media":12104,"comment_status":"open","ping_status":"closed","template":"","meta":{"_acf_changed":false,"_kad_blocks_custom_css":"","_kad_blocks_head_custom_js":"","_kad_blocks_body_custom_js":"","_kad_blocks_footer_custom_js":"","site-sidebar-layout":"default","site-content-layout":"default","ast-site-content-layout":"default","site-content-style":"default","site-sidebar-style":"default","ast-global-header-display":"","ast-banner-title-visibility":"","ast-main-header-display":"","ast-hfb-above-header-display":"","ast-hfb-below-header-display":"","ast-hfb-mobile-header-display":"","site-post-title":"","ast-breadcrumbs-content":"","ast-featured-img":"","footer-sml-layout":"","ast-disable-related-posts":"","theme-transparent-header-meta":"default","adv-header-id-meta":"","stick-header-meta":"","header-above-stick-meta":"","header-main-stick-meta":"","header-below-stick-meta":"","astra-migrate-meta-layouts":"set","ast-page-background-enabled":"default","ast-page-background-meta":{"desktop":{"background-color":"","background-image":"","background-repeat":"repeat","background-position":"center center","background-size":"auto","background-attachment":"scroll","background-type":"","background-media":"","overlay-type":"","overlay-color":"","overlay-opacity":"","overlay-gradient":""},"tablet":{"background-color":"","background-image":"","background-repeat":"repeat","background-position":"center center","background-size":"auto","background-attachment":"scroll","background-type":"","background-media":"","overlay-type":"","overlay-color":"","overlay-opacity":"","overlay-gradient":""},"mobile":{"background-color":"","background-image":"","background-repeat":"repeat","background-position":"center center","background-size":"auto","background-attachment":"scroll","background-type":"","background-media":"","overlay-type":"","overlay-color":"","overlay-opacity":"","overlay-gradient":""}},"ast-content-background-meta":{"desktop":{"background-color":"var(--ast-global-color-5)","background-image":"","background-repeat":"repeat","background-position":"center center","background-size":"auto","background-attachment":"scroll","background-type":"","background-media":"","overlay-type":"","overlay-color":"","overlay-opacity":"","overlay-gradient":""},"tablet":{"background-color":"var(--ast-global-color-5)","background-image":"","background-repeat":"repeat","background-position":"center center","background-size":"auto","background-attachment":"scroll","background-type":"","background-media":"","overlay-type":"","overlay-color":"","overlay-opacity":"","overlay-gradient":""},"mobile":{"background-color":"var(--ast-global-color-5)","background-image":"","background-repeat":"repeat","background-position":"center center","background-size":"auto","background-attachment":"scroll","background-type":"","background-media":"","overlay-type":"","overlay-color":"","overlay-opacity":"","overlay-gradient":""}}},"product_brand":[],"product_cat":[25],"product_tag":[],"class_list":{"0":"post-11845","1":"product","2":"type-product","3":"status-publish","4":"has-post-thumbnail","6":"product_cat-c60-organic-pumpkin-seed-oil","7":"desktop-align-left","8":"tablet-align-left","9":"mobile-align-left","11":"first","12":"instock","13":"sale","14":"featured","15":"taxable","16":"shipping-taxable","17":"purchasable","18":"product-type-simple"},"acf":[],"taxonomy_info":{"product_cat":[{"value":25,"label":"C60 in Organic Pumpkin Seed Oil"}]},"featured_image_src_large":["https:\/\/www.vita60.com\/wp-content\/uploads\/2020\/06\/4-flacons-c60-huile-de-pepins-de-courge-1024x1024.png",1024,1024,true],"author_info":[],"comment_info":0,"_links":{"self":[{"href":"https:\/\/www.vita60.com\/fr\/wp-json\/wp\/v2\/product\/11845","targetHints":{"allow":["GET"]}}],"collection":[{"href":"https:\/\/www.vita60.com\/fr\/wp-json\/wp\/v2\/product"}],"about":[{"href":"https:\/\/www.vita60.com\/fr\/wp-json\/wp\/v2\/types\/product"}],"replies":[{"embeddable":true,"href":"https:\/\/www.vita60.com\/fr\/wp-json\/wp\/v2\/comments?post=11845"}],"version-history":[{"count":0,"href":"https:\/\/www.vita60.com\/fr\/wp-json\/wp\/v2\/product\/11845\/revisions"}],"wp:featuredmedia":[{"embeddable":true,"href":"https:\/\/www.vita60.com\/fr\/wp-json\/wp\/v2\/media\/12104"}],"wp:attachment":[{"href":"https:\/\/www.vita60.com\/fr\/wp-json\/wp\/v2\/media?parent=11845"}],"wp:term":[{"taxonomy":"product_brand","embeddable":true,"href":"https:\/\/www.vita60.com\/fr\/wp-json\/wp\/v2\/product_brand?post=11845"},{"taxonomy":"product_cat","embeddable":true,"href":"https:\/\/www.vita60.com\/fr\/wp-json\/wp\/v2\/product_cat?post=11845"},{"taxonomy":"product_tag","embeddable":true,"href":"https:\/\/www.vita60.com\/fr\/wp-json\/wp\/v2\/product_tag?post=11845"}],"curies":[{"name":"wp","href":"https:\/\/api.w.org\/{rel}","templated":true}]}}