{"id":11889,"date":"2020-06-28T22:51:57","date_gmt":"2020-06-28T22:51:57","guid":{"rendered":"https:\/\/www.vita60.com\/non%20class\u00e9\/fr-good-value-6-pack-c60-in-organic-mct-coconut-oil\/"},"modified":"2024-03-22T13:43:23","modified_gmt":"2024-03-22T13:43:23","slug":"pack-de-6-huile-coco-mct","status":"publish","type":"product","link":"https:\/\/www.vita60.com\/fr\/pack-de-6-huile-coco-mct\/","title":{"rendered":"Bon rapport qualit\u00e9 prix paquet de 6 huile MCT de coco BIO C60"},"content":{"rendered":"<div id=\"tab-product-desc\" class=\"tab-pane fade in active\">\n<div class=\"description\">\n<p><strong><img fetchpriority=\"high\" decoding=\"async\" class=\"alignright\" style=\"margin: 5px; float: right;\" src=\"https:\/\/www.vita60.com\/wp-content\/uploads\/2020\/10\/coconut-on-the-beach.png\" alt=\"Noix de coco sur une plage du Pacifique - parfait pour Pack de 6 huile MCT de coco BIO C60\" width=\"500\" height=\"383\" \/><\/strong>Nos huiles de noix de coco choisies sont produites \u00e0 partir de noix de coco cultiv\u00e9es dans le Pacifique dans des fermes qui ont \u00e9t\u00e9 certifi\u00e9es biologiques par l&rsquo;USDA et l&rsquo;<a href=\"https:\/\/www.ecocert.com\/fr\/home\">ECO-CERT<\/a>. Nous n&rsquo;utilisons que le meilleur pour pouvoir faire notre bon rapport qualit\u00e9 \/ prix 6 pack d&rsquo;huile de MCT de coco BIO C60 mieux<\/p>\n<p>L&rsquo;huile de coco est un super aliment en raison de sa longue liste de propri\u00e9t\u00e9s b\u00e9n\u00e9fiques. Ceux-ci incluent la sant\u00e9 cardiaque, la fonction c\u00e9r\u00e9brale, la gestion du diab\u00e8te et la perte de poids. L&rsquo;huile de coco contient des triglyc\u00e9rides \u00e0 cha\u00eene moyenne (TCM), qui sont des acides gras sp\u00e9cifiques qui sont rapidement absorb\u00e9s dans l&rsquo;organisme par le foie. Le corps les convertit en c\u00e9tones afin qu&rsquo;elles puissent \u00eatre utilis\u00e9es comme source d&rsquo;\u00e9nergie rapide. L&rsquo;huile a un go\u00fbt tr\u00e8s doux et cr\u00e9meux.<\/p>\n<p><strong><span style=\"font-size: 13pt;\">Les autres avantages comprennent:<\/span><\/strong><\/p>\n<\/div>\n<div class=\"description\">\n<ul type=\"disc\">\n<li>Encourage le corps \u00e0 br\u00fbler l&rsquo;exc\u00e8s de graisse<\/li>\n<li>Pourrait aider \u00e0 g\u00e9rer l&rsquo;\u00e9pilepsie, la maladie d&rsquo;Alzheimer et l&rsquo;autisme<\/li>\n<li>Abaisse le cholest\u00e9rol<\/li>\n<li>B\u00e9n\u00e9fique pour les cheveux, la peau et les dents<\/li>\n<li>Peut r\u00e9duire les crises<\/li>\n<li>Peut aider dans les infections bact\u00e9riennes et virales<\/li>\n<\/ul>\n<p>C60 est une mol\u00e9cule de 60 atomes de carbone, membre du groupe fuller\u00e8ne des mol\u00e9cules de carbone. C&rsquo;est un \u00ab<em>pi\u00e9geur de radicaux libres<\/em>\u00bb qui aide \u00e0 neutraliser les sous-produits toxiques du m\u00e9tabolisme cellulaire, qui causent des dommages aux tissus dans de nombreux types de maladies.<\/p>\n<p>Pour notre pack de 6 huile MCT de coco BIO C60, nous utilisons de l&rsquo;huile de coco MCT pure \u00e0 99,99%, sans solvant et de l&rsquo;huile de noix de coco biologique. Nous incluons une petite quantit\u00e9 d&rsquo;huile de noix de coco biologique non raffin\u00e9e, afin que nous puissions augmenter la quantit\u00e9 de C60 qui s&rsquo;y dissoudra. Nous fabriquons tous nos produits au Royaume-Uni en utilisant uniquement les meilleurs ingr\u00e9dients. Par cons\u00e9quent, nous pouvons contr\u00f4ler toutes les \u00e9tapes et garantir que ce que nous fabriquons est un produit de haute qualit\u00e9.<\/p>\n<h6>Ceux qui prennent du C60 dans de l&rsquo;huile de coco biologique MCT disent avoir \u00e9galement remarqu\u00e9 des avantages qui incluent:<\/h6>\n<ul type=\"disc\">\n<li>Perte de poids soutenue<\/li>\n<li>Avoir plus d&rsquo;\u00e9nergie<\/li>\n<li>R\u00e9duction de la sensation de faim<\/li>\n<li>Peau hydrat\u00e9e<\/li>\n<li>Am\u00e9lioration de la digestion<\/li>\n<li>Augmentation des niveaux de concentration<\/li>\n<\/ul>\n<\/div>\n<div class=\"description\">\n<style type=\"text\/css\">.boxed { border: 2px solid black ;<br \/>padding-top: 3px;<br \/>      padding-right: 3px;<br \/>      padding-bottom: 3px;<br \/>      padding-left: 3px;<br \/>}<\/style>\n<p>Remarque: ceux qui envisagent d&rsquo;acheter du C60 dans de l&rsquo;huile de coco doivent garder \u00e0 l&rsquo;esprit que:<\/p>\n<div class=\"boxed\">\n<div id=\":tf\" class=\"a3s aXjCH\">\n<div dir=\"ltr\" style=\"text-align: center;\"><strong>Il n&rsquo;est PAS possible de dissoudre 80 mg de C60 dans 100 ml d&rsquo;huile de coco car elle est moins soluble que dans l&rsquo;une des autres huiles C60 disponibles. Comme nous ne pouvons pas dissoudre la m\u00eame quantit\u00e9 de C60 dans l&rsquo;huile de coco, nous vendons nos bouteilles de 100 ml d&rsquo;huile de coco C60 \u00e0 un prix proportionnellement inf\u00e9rieur, de sorte que vous b\u00e9n\u00e9ficiez toujours du m\u00eame bon rapport qualit\u00e9-prix.<\/strong><\/div>\n<\/div>\n<\/div>\n<\/div>\n<\/div>\n<p><!-- Schema & Structured Data For mini VITA60 organisation - --> <script type=\"application\/ld+json\" class=\"saswp-schema-markup-output\">\n[{\"@context\":\"https:\/\/schema.org\",\"@type\":\"Organization\",\"@id\":\"https:\/\/www.vita60.com#Organization\",\"name\":\"VITA60\",\"url\":\"https:\/\/www.vita60.com\/fr\/\",\"sameAs\":[],\"logo\":{\"@type\":\"ImageObject\",\"url\":\"https:\/\/www.vita60.com\/wp-content\/uploads\/2020\/07\/VITA60-LOGO.png\",\"width\":\"200\",\"height\":\"100\"}}]\n<\/script><\/p>\n<p><!-- Schema & Structured Data For VITA60 organisation - --><script type=\"application\/ld+json\" class=\"saswp-custom-schema-markup-output\">{\n    \"@context\": \"https:\/\/schema.org\",\n    \"@type\": \"HealthAndBeautyBusiness\",\n    \"image\": \"https:\/\/www.vita60.com\/wp-content\/uploads\/2020\/10\/vita60-logo.png\",\n    \"priceRange\": \"\u00a328.75 - \u00a345.00 par flacon\",\n    \"telephone\": \"+44 (0) 3333 44 99 72\",\n    \"name\": \"VITA60\",\n    \"logo\": \"https:\/\/www.vita60.com\/wp-content\/uploads\/2020\/11\/vita60.png\",\n    \"description\": \"Fabricant de C60 de haute qualit\u00e9 dans des huiles biologiques, produisant la plus large gamme d'huiles disponibles. Fuller\u00e8ne 60 sans solvant, pur \u00e0 99,99% de carbone. \u00c9tabli depuis 2017.\",\n    \"geo\": {\n        \"@type\": \"GeoCoordinates\",\n        \"latitude\": \"52.701882977520036\",\n        \"longitude\": \"-2.5216254000000005\"\n    },\n    \"url\": \"https:\/\/www.vita60.com\/fr\/\",\n    \"contactPoint\": {\n        \"@type\": \"ContactPoint\",\n        \"telephone\": \"+44 (0) 3333 44 99 72\",\n        \"contactType\": \"customer service\",\n        \"email\": \"info@vita60.com\",\n        \"contactOption\": \"\",\n        \"areaServed\": \"\",\n        \"availableLanguage\": \"Anglais\"\n    },\n    \"address\": {\n        \"@type\": \"PostalAddress\",\n        \"addressCountry\": \"Royaume-Uni\",\n        \"addressLocality\": \"Telford\",\n        \"addressRegion\": \"Shropshire\",\n        \"postalCode\": \"TF1 1EB\",\n        \"streetAddress\": \"15 Bridge Road, Wellington\"\n    }\n}<\/script><\/p>\n<p>&nbsp;<\/p>\n","protected":false},"excerpt":{"rendered":"<p><span style=\"font-size: 28pt;\">\u00c9conomisez [aelia_cs_currency_amount amount=\"18.00\" formatted=\"1|1\" from_currency=\"GBP\"]<\/span><\/p>\n<p>Pack \u00e9conomique de C60 pur \u00e0 99,99% dans de l&rsquo;huile de coco MCT<\/p>\n<p>6 flacons de 100 ml de 53 mg par flacon C60 dans de l&rsquo;huile de coco MCT BIO<\/p>\n<ul>\n<li><strong><span style=\"font-size: 13pt;\">6 flacons<\/span><\/strong>\u00a0pour <span style=\"font-size: 15pt;\"><strong>[aelia_cs_currency_amount amount=\"25.35\" formatted=\"1|1\" from_currency=\"GBP\"]<\/strong><\/span> chacune <span style=\"font-size: 13pt;\"><strong>\u00e9conomisant 10%<\/strong><\/span><\/li>\n<li><strong><span style=\"font-size: 13pt;\">12 flacons<\/span><\/strong>\u00a0pour <span style=\"font-size: 15pt;\"><strong>[aelia_cs_currency_amount amount=\"33.00\" formatted=\"1|1\" from_currency=\"GBP\"]<\/strong><\/span> chacune <span style=\"font-size: 13pt;\"><strong class=\"benefit\">\u00e9conomisant 20%<\/strong><\/span><\/li>\n<\/ul>\n<p><span style=\"font-size: 14pt;\"><b>LIVRAISON GRATUITE<\/b><\/span> avec le total des commandes sup\u00e9rieures \u00e0 <strong>[aelia_cs_currency_amount amount=\"170.00\" formatted=\"1|1\" from_currency=\"GBP\"]<\/strong> ou \u00e9quivalent<\/p>\n","protected":false},"featured_media":12017,"comment_status":"open","ping_status":"closed","template":"","meta":{"_acf_changed":false,"site-sidebar-layout":"default","site-content-layout":"default","ast-site-content-layout":"default","site-content-style":"default","site-sidebar-style":"default","ast-global-header-display":"","ast-banner-title-visibility":"","ast-main-header-display":"","ast-hfb-above-header-display":"","ast-hfb-below-header-display":"","ast-hfb-mobile-header-display":"","site-post-title":"","ast-breadcrumbs-content":"","ast-featured-img":"","footer-sml-layout":"","ast-disable-related-posts":"","theme-transparent-header-meta":"default","adv-header-id-meta":"","stick-header-meta":"","header-above-stick-meta":"","header-main-stick-meta":"","header-below-stick-meta":"","astra-migrate-meta-layouts":"default","ast-page-background-enabled":"default","ast-page-background-meta":{"desktop":{"background-color":"","background-image":"","background-repeat":"repeat","background-position":"center center","background-size":"auto","background-attachment":"scroll","background-type":"","background-media":"","overlay-type":"","overlay-color":"","overlay-opacity":"","overlay-gradient":""},"tablet":{"background-color":"","background-image":"","background-repeat":"repeat","background-position":"center center","background-size":"auto","background-attachment":"scroll","background-type":"","background-media":"","overlay-type":"","overlay-color":"","overlay-opacity":"","overlay-gradient":""},"mobile":{"background-color":"","background-image":"","background-repeat":"repeat","background-position":"center center","background-size":"auto","background-attachment":"scroll","background-type":"","background-media":"","overlay-type":"","overlay-color":"","overlay-opacity":"","overlay-gradient":""}},"ast-content-background-meta":{"desktop":{"background-color":"var(--ast-global-color-5)","background-image":"","background-repeat":"repeat","background-position":"center center","background-size":"auto","background-attachment":"scroll","background-type":"","background-media":"","overlay-type":"","overlay-color":"","overlay-opacity":"","overlay-gradient":""},"tablet":{"background-color":"var(--ast-global-color-5)","background-image":"","background-repeat":"repeat","background-position":"center center","background-size":"auto","background-attachment":"scroll","background-type":"","background-media":"","overlay-type":"","overlay-color":"","overlay-opacity":"","overlay-gradient":""},"mobile":{"background-color":"var(--ast-global-color-5)","background-image":"","background-repeat":"repeat","background-position":"center center","background-size":"auto","background-attachment":"scroll","background-type":"","background-media":"","overlay-type":"","overlay-color":"","overlay-opacity":"","overlay-gradient":""}}},"product_brand":[],"product_cat":[203],"product_tag":[],"class_list":{"0":"post-11889","1":"product","2":"type-product","3":"status-publish","4":"has-post-thumbnail","6":"product_cat-huile-mct-bio-noix-coco-c60","7":"desktop-align-left","8":"tablet-align-left","9":"mobile-align-left","11":"first","12":"instock","13":"sale","14":"featured","15":"taxable","16":"shipping-taxable","17":"purchasable","18":"product-type-simple"},"acf":[],"_links":{"self":[{"href":"https:\/\/www.vita60.com\/fr\/wp-json\/wp\/v2\/product\/11889","targetHints":{"allow":["GET"]}}],"collection":[{"href":"https:\/\/www.vita60.com\/fr\/wp-json\/wp\/v2\/product"}],"about":[{"href":"https:\/\/www.vita60.com\/fr\/wp-json\/wp\/v2\/types\/product"}],"replies":[{"embeddable":true,"href":"https:\/\/www.vita60.com\/fr\/wp-json\/wp\/v2\/comments?post=11889"}],"version-history":[{"count":0,"href":"https:\/\/www.vita60.com\/fr\/wp-json\/wp\/v2\/product\/11889\/revisions"}],"wp:featuredmedia":[{"embeddable":true,"href":"https:\/\/www.vita60.com\/fr\/wp-json\/wp\/v2\/media\/12017"}],"wp:attachment":[{"href":"https:\/\/www.vita60.com\/fr\/wp-json\/wp\/v2\/media?parent=11889"}],"wp:term":[{"taxonomy":"product_brand","embeddable":true,"href":"https:\/\/www.vita60.com\/fr\/wp-json\/wp\/v2\/product_brand?post=11889"},{"taxonomy":"product_cat","embeddable":true,"href":"https:\/\/www.vita60.com\/fr\/wp-json\/wp\/v2\/product_cat?post=11889"},{"taxonomy":"product_tag","embeddable":true,"href":"https:\/\/www.vita60.com\/fr\/wp-json\/wp\/v2\/product_tag?post=11889"}],"curies":[{"name":"wp","href":"https:\/\/api.w.org\/{rel}","templated":true}]}}