{"id":12114,"date":"2020-06-29T00:14:34","date_gmt":"2020-06-29T00:14:34","guid":{"rendered":"https:\/\/www.vita60.com\/non%20class\u00e9\/fr-good-value-4-pack-c60-in-hemp-oil\/"},"modified":"2023-12-13T17:15:29","modified_gmt":"2023-12-13T17:15:29","slug":"pack-de-4-huile-chanvre","status":"publish","type":"product","link":"https:\/\/www.vita60.com\/fr\/pack-de-4-huile-chanvre\/","title":{"rendered":"Bon rapport qualit\u00e9 prix pack de 4 <br>d\u2019huile de chanvre BIO C60"},"content":{"rendered":"<div id=\"tab-product-desc\" class=\"tab-pane fade in active\">\n<div class=\"description\">\n<p><strong><img fetchpriority=\"high\" decoding=\"async\" class=\"alignright\" style=\"margin: 5px; float: right;\" src=\"https:\/\/www.vita60.com\/wp-content\/uploads\/2020\/10\/hemp-against-sky.png\" alt=\"Hemp plants in the field - perfect for Good Value 4 Pack C60 Organic Hemp Oil\" width=\"500\" height=\"383\" \/><\/strong>Notre Bonne Valeur Pack de 4 huile de chanvre BIO C60 provient de fermes biologiques en Europe certifi\u00e9es par des Agriculteurs et des Producteurs Biologiques (OFG). Nous avons sp\u00e9cialement choisi cette huile press\u00e9e \u00e0 froid aromatis\u00e9e \u00e0 la noix en raison de ses qualit\u00e9s nutritionnelles exceptionnelles et de ses bienfaits pour la sant\u00e9.<\/p>\n<p>L&rsquo;huile de chanvre contient des acides gras polyinsatur\u00e9s, dont des om\u00e9ga-3 et des om\u00e9ga-6. La bont\u00e9 naturelle signifie qu&rsquo;il est extr\u00eamement b\u00e9n\u00e9fique dans le traitement des troubles cutan\u00e9s tels que <a style=\"font-size: 16px; background-color: #ffffff;\" href=\"https:\/\/www.vita60.com\/fr\/comment-un-jeune-homme-acne-a-un-meilleur-teint\/\">l&rsquo;acn\u00e9<\/a><span style=\"font-size: 16px;\">, l&rsquo;ecz\u00e9ma, <\/span>&lt;a \u00ab\u00a0href=\u00a0\u00bbhttps:\/\/www.vita60.com\/fr\/amelioration-spectaculaire-des-personnes-atteintes-de-psoriasis\/\u00a0\u00bb&gt;le psoriasis, et le lichen plan. L&rsquo;huile de chanvre a \u00e9t\u00e9 associ\u00e9e \u00e0 la fois \u00e0 la sant\u00e9 du cerveau et du c\u0153ur, \u00e0 l&rsquo;\u00e9quilibre hormonal et au ralentissement du processus de vieillissement. C&rsquo;est \u00e9galement un agent antibact\u00e9rien efficace, prot\u00e9geant contre divers types de bact\u00e9ries nocives.<\/p>\n<p><strong><strong><span style=\"font-size: 13pt;\">Les autres avantages comprennent:<\/span><\/strong><\/strong><\/p>\n<ul type=\"disc\">\n<li>R\u00e9duit le cholest\u00e9rol et am\u00e9liore la sant\u00e9 cardiaque<\/li>\n<li>Aide \u00e0 r\u00e9duire l&rsquo;hypertension art\u00e9rielle<\/li>\n<li>R\u00e9duit le risque de maladies cardiovasculaires<\/li>\n<li>R\u00e9duit la douleur de l&rsquo;inflammation<\/li>\n<li>Aide \u00e0 r\u00e9duire les sympt\u00f4mes de stress et de tension<\/li>\n<li>Peut aider \u00e0 mod\u00e9rer la glyc\u00e9mie<\/li>\n<\/ul>\n<p>C60 est une mol\u00e9cule de 60 atomes de carbone, membre du groupe fuller\u00e8ne des mol\u00e9cules de carbone. C&rsquo;est un \u00ab\u00a0pi\u00e9geur de radicaux libres\u00a0\u00bb. Quelque chose qui aide \u00e0 neutraliser les sous-produits toxiques du m\u00e9tabolisme cellulaire, qui peuvent endommager les tissus dans de nombreux types de maladies. Le C60 est l&rsquo;un des antioxydants les plus puissants de la nature, 172 fois plus puissant que la vitamine C.<\/p>\n<p>Nous fabriquons notre pack de 4 huile de chanvre BIO C60 de bonne valeur en utilisant du C60 pur \u00e0 99,99% sans solvant et de l&rsquo;huile de chanvre biologique press\u00e9e \u00e0 froid. Nos produits sont fabriqu\u00e9s au Royaume-Uni en utilisant uniquement les meilleurs ingr\u00e9dients. Nous traitons nos huiles avec respect et remuons si doucement l&rsquo;huile de chanvre et les buckyballs C60 ensemble, dans des r\u00e9cipients scell\u00e9s, dans des conditions sombres et fra\u00eeches. Nous pouvons ainsi emp\u00eacher l&rsquo;oxydation de l&rsquo;huile et ainsi garantir une huile C60 en bon \u00e9tat.<\/p>\n<h6>Ceux qui prennent du C60 dans de l&rsquo;huile de chanvre biologique disent avoir \u00e9galement remarqu\u00e9 des avantages tels que:<\/h6>\n<ul type=\"disc\">\n<li>Aide \u00e0 att\u00e9nuer les sympt\u00f4mes du syndrome pr\u00e9menstruel et de la m\u00e9nopause<\/li>\n<li>R\u00e9cup\u00e9ration et croissance d&rsquo;une peau saine dans le psoriasis<\/li>\n<li>R\u00e9duit les rougeurs et les d\u00e9mangeaisons dans l&rsquo;ecz\u00e9ma<\/li>\n<li>Teint clair et peau rayonnante<\/li>\n<\/ul>\n<\/div>\n<p>* Notez qu&rsquo;il n&rsquo;y a pas d&rsquo;ingr\u00e9dients actifs tels que le THC ou le CBD dans notre C60 dans un produit \u00e0 base d&rsquo;huile de chanvre biologique.<\/p>\n<\/div>\n<p><!-- Schema & Structured Data For mini VITA60 organisation - --><script type=\"application\/ld+json\" class=\"saswp-schema-markup-output\">\n[{\"@context\":\"https:\/\/schema.org\",\"@type\":\"Organization\",\"@id\":\"https:\/\/www.vita60.com#Organization\",\"name\":\"VITA60\",\"url\":\"https:\/\/www.vita60.com\",\"sameAs\":[],\"logo\":{\"@type\":\"ImageObject\",\"url\":\"https:\/\/www.vita60.com\/wp-content\/uploads\/2020\/07\/VITA60-LOGO.png\",\"width\":\"200\",\"height\":\"100\"}}]\n<\/script><\/p>\n<p><!-- Schema & Structured Data For VITA60 organisation - --><\/p>\n<p><script type=\"application\/ld+json\" class=\"saswp-custom-schema-markup-output\">{\n    \"@context\": \"https:\/\/schema.org\",\n    \"@type\": \"HealthAndBeautyBusiness\",\n    \"image\": \"https:\/\/www.vita60.com\/wp-content\/uploads\/2020\/10\/vita60-logo.png\",\n    \"priceRange\": \"\u00a328.75 - \u00a345.00 par flacon\",\n    \"telephone\": \"+44 (0) 3333 44 99 72\",\n    \"name\": \"VITA60\",\n    \"logo\": \"https:\/\/www.vita60.com\/wp-content\/uploads\/2020\/11\/vita60.png\",\n    \"description\": \"Fabricant de C60 de haute qualit\u00e9 dans des huiles biologiques, produisant la plus large gamme d'huiles disponibles. Fuller\u00e8ne 60 sans solvant, pur \u00e0 99,99% de carbone. \u00c9tabli depuis 2017.\",\n    \"geo\": {\n        \"@type\": \"GeoCoordinates\",\n        \"latitude\": \"52.701882977520036\",\n        \"longitude\": \"-2.5216254000000005\"\n    },\n    \"url\": \"https:\/\/www.vita60.com\/fr\/\",\n    \"contactPoint\": {\n        \"@type\": \"ContactPoint\",\n        \"telephone\": \"+44 (0) 3333 44 99 72\",\n        \"contactType\": \"customer service\",\n        \"email\": \"info@vita60.com\",\n        \"contactOption\": \"\",\n        \"areaServed\": \"\",\n        \"availableLanguage\": \"Anglais\"\n    },\n    \"address\": {\n        \"@type\": \"PostalAddress\",\n        \"addressCountry\": \"Royaume-Uni\",\n        \"addressLocality\": \"Telford\",\n        \"addressRegion\": \"Shropshire\",\n        \"postalCode\": \"TF1 1EB\",\n        \"streetAddress\": \"15 Bridge Road, Wellington\"\n    }\n}<\/script><\/p>\n","protected":false},"excerpt":{"rendered":"<p><span style=\"font-size: 22pt;\"><b>Economisez 10%<\/b><\/span><\/p>\n<p>Pack de prix comp\u00e9titif de C60 pur \u00e0 99,99% dans de l&rsquo;huile de chanvre<\/p>\n<p>4 flacons de 100 ml de 80 mg d&rsquo;huile de chanvre BIO C60.<\/p>\n<ul>\n<li><strong><span style=\"font-size: 13pt;\">Achetez 4 flacons<\/span><\/strong> et\u00a0<span style=\"font-size: 13pt;\"><strong>\u00e9conomisez 10%<\/strong><\/span><\/li>\n<li><strong><span style=\"font-size: 13pt;\">Achetez 8 flacons<\/span><\/strong> et <span style=\"font-size: 13pt;\"><strong class=\"benefit\">\u00e9conomisez 20%<\/strong><\/span><\/li>\n<\/ul>\n<p><span style=\"font-size: 14pt;\"><b>LIVRAISON GRATUITE<\/b><\/span>\u00a0avec toute combinaison de 5 flacons ou plus.*<\/p>\n","protected":false},"featured_media":12124,"comment_status":"open","ping_status":"closed","template":"","meta":{"_acf_changed":false,"site-sidebar-layout":"default","site-content-layout":"default","ast-site-content-layout":"default","site-content-style":"default","site-sidebar-style":"default","ast-global-header-display":"","ast-banner-title-visibility":"","ast-main-header-display":"","ast-hfb-above-header-display":"","ast-hfb-below-header-display":"","ast-hfb-mobile-header-display":"","site-post-title":"","ast-breadcrumbs-content":"","ast-featured-img":"","footer-sml-layout":"","ast-disable-related-posts":"","theme-transparent-header-meta":"default","adv-header-id-meta":"","stick-header-meta":"","header-above-stick-meta":"","header-main-stick-meta":"","header-below-stick-meta":"","astra-migrate-meta-layouts":"default","ast-page-background-enabled":"default","ast-page-background-meta":{"desktop":{"background-color":"","background-image":"","background-repeat":"repeat","background-position":"center center","background-size":"auto","background-attachment":"scroll","background-type":"","background-media":"","overlay-type":"","overlay-color":"","overlay-opacity":"","overlay-gradient":""},"tablet":{"background-color":"","background-image":"","background-repeat":"repeat","background-position":"center center","background-size":"auto","background-attachment":"scroll","background-type":"","background-media":"","overlay-type":"","overlay-color":"","overlay-opacity":"","overlay-gradient":""},"mobile":{"background-color":"","background-image":"","background-repeat":"repeat","background-position":"center center","background-size":"auto","background-attachment":"scroll","background-type":"","background-media":"","overlay-type":"","overlay-color":"","overlay-opacity":"","overlay-gradient":""}},"ast-content-background-meta":{"desktop":{"background-color":"var(--ast-global-color-5)","background-image":"","background-repeat":"repeat","background-position":"center center","background-size":"auto","background-attachment":"scroll","background-type":"","background-media":"","overlay-type":"","overlay-color":"","overlay-opacity":"","overlay-gradient":""},"tablet":{"background-color":"var(--ast-global-color-5)","background-image":"","background-repeat":"repeat","background-position":"center center","background-size":"auto","background-attachment":"scroll","background-type":"","background-media":"","overlay-type":"","overlay-color":"","overlay-opacity":"","overlay-gradient":""},"mobile":{"background-color":"var(--ast-global-color-5)","background-image":"","background-repeat":"repeat","background-position":"center center","background-size":"auto","background-attachment":"scroll","background-type":"","background-media":"","overlay-type":"","overlay-color":"","overlay-opacity":"","overlay-gradient":""}}},"product_brand":[],"product_cat":[190],"product_tag":[],"class_list":{"0":"post-12114","1":"product","2":"type-product","3":"status-publish","4":"has-post-thumbnail","6":"product_cat-huile-chanvre-c60","7":"desktop-align-left","8":"tablet-align-left","9":"mobile-align-left","11":"first","12":"instock","13":"sale","14":"featured","15":"taxable","16":"shipping-taxable","17":"purchasable","18":"product-type-simple"},"acf":[],"_links":{"self":[{"href":"https:\/\/www.vita60.com\/fr\/wp-json\/wp\/v2\/product\/12114","targetHints":{"allow":["GET"]}}],"collection":[{"href":"https:\/\/www.vita60.com\/fr\/wp-json\/wp\/v2\/product"}],"about":[{"href":"https:\/\/www.vita60.com\/fr\/wp-json\/wp\/v2\/types\/product"}],"replies":[{"embeddable":true,"href":"https:\/\/www.vita60.com\/fr\/wp-json\/wp\/v2\/comments?post=12114"}],"version-history":[{"count":0,"href":"https:\/\/www.vita60.com\/fr\/wp-json\/wp\/v2\/product\/12114\/revisions"}],"wp:featuredmedia":[{"embeddable":true,"href":"https:\/\/www.vita60.com\/fr\/wp-json\/wp\/v2\/media\/12124"}],"wp:attachment":[{"href":"https:\/\/www.vita60.com\/fr\/wp-json\/wp\/v2\/media?parent=12114"}],"wp:term":[{"taxonomy":"product_brand","embeddable":true,"href":"https:\/\/www.vita60.com\/fr\/wp-json\/wp\/v2\/product_brand?post=12114"},{"taxonomy":"product_cat","embeddable":true,"href":"https:\/\/www.vita60.com\/fr\/wp-json\/wp\/v2\/product_cat?post=12114"},{"taxonomy":"product_tag","embeddable":true,"href":"https:\/\/www.vita60.com\/fr\/wp-json\/wp\/v2\/product_tag?post=12114"}],"curies":[{"name":"wp","href":"https:\/\/api.w.org\/{rel}","templated":true}]}}