{"id":5886,"date":"2020-06-28T00:25:18","date_gmt":"2020-07-08T23:49:32","guid":{"rendered":"https:\/\/www.vita60.com\/non%20class\u00e9\/huile-de-nigelle-c60\/"},"modified":"2023-12-13T19:53:42","modified_gmt":"2023-12-13T19:53:42","slug":"100ml-huile-nigelle-bio-c60","status":"publish","type":"product","link":"https:\/\/www.vita60.com\/fr\/100ml-huile-nigelle-bio-c60\/","title":{"rendered":"100ml huile de nigelle BIO C60"},"content":{"rendered":"<div id=\"tab-product-desc\" class=\"tab-pane fade in active\">\n<div class=\"description\">\n<p><strong><img fetchpriority=\"high\" decoding=\"async\" class=\"alignright\" style=\"margin: 5px; float: right;\" src=\"https:\/\/www.vita60.com\/wp-content\/uploads\/2020\/10\/seeds-of-black-cumin-and-flowers.png\" alt=\"Black\" width=\"500\" height=\"383\" \/><\/strong>Nous avons choisi une huile biologique press\u00e9e \u00e0 froid provenant de fermes biologiques s\u00e9lectionn\u00e9es en \u00c9gypte pour notre huile de graines noires biologique C60 en paquet de 8. En pressant \u00e0 froid les graines, cela produit une huile sup\u00e9rieure. C&rsquo;est parce qu&rsquo;il pr\u00e9serve les bienfaits naturels et les propri\u00e9t\u00e9s m\u00e9dicinales de l&rsquo;huile.<\/p>\n<p>La graine noire ou Nigella sativa est un petit arbuste \u00e0 fleurs aux fleurs violettes ou teint\u00e9es de blanc. Il s&rsquo;est d\u00e9velopp\u00e9 au Moyen-Orient, en Europe de l&rsquo;Est et en Asie occidentale pendant des milliers d&rsquo;ann\u00e9es. Lorsque les arch\u00e9ologues ont fouill\u00e9 la tombe du roi Tut, ils ont trouv\u00e9 des graines noires, soulignant leur importance dans l&rsquo;histoire pour la gu\u00e9rison et la protection.<\/p>\n<p>Il a \u00e9t\u00e9 d\u00e9montr\u00e9 que l&rsquo;ingestion r\u00e9guli\u00e8re d&rsquo;huile de graines noires aide \u00e0 promouvoir la sant\u00e9 cardiaque en aidant \u00e0 r\u00e9duire l&rsquo;hypertension art\u00e9rielle et le taux de cholest\u00e9rol. Il a \u00e9galement \u00e9t\u00e9 associ\u00e9 \u00e0 l&rsquo;am\u00e9lioration des sympt\u00f4mes de la polyarthrite rhumato\u00efde et \u00e0 la r\u00e9duction des effets de l&rsquo;asthme. L&rsquo;huile de graine noire est \u00e9galement privil\u00e9gi\u00e9e pour aider \u00e0 r\u00e9duire les effets de nombreuses affections cutan\u00e9es, telles que l&rsquo;acn\u00e9 et le psoriasis, ainsi qu&rsquo;\u00e0 am\u00e9liorer l&rsquo;\u00e9tat des cheveux. L&rsquo;huile a un go\u00fbt m\u00e9dicinal intense.<\/p>\n<p><span style=\"font-size: 13pt;\"><strong>Les autres avantages comprennent:<\/strong><\/span><\/p>\n<ul type=\"disc\">\n<li>Am\u00e9liore la fonction immunitaire<\/li>\n<li>R\u00e9duit l&rsquo;inflammation<\/li>\n<li>Peut soulager les probl\u00e8mes gastro-intestinaux<\/li>\n<li>Aide \u00e0 la cicatrisation des plaies<\/li>\n<li>Hydrate la peau<\/li>\n<li>Am\u00e9liore la digestion<\/li>\n<\/ul>\n<p>C60 est une mol\u00e9cule de 60 atomes de carbone, membre du groupe fuller\u00e8ne des mol\u00e9cules de carbone. C&rsquo;est un \u00ab<em>pi\u00e9geur de radicaux libres<\/em>\u00bb qui aide \u00e0 neutraliser les sous-produits toxiques du m\u00e9tabolisme cellulaire, qui causent des dommages aux tissus dans de nombreux types de maladies.<\/p>\n<p>Notre C60 de haute qualit\u00e9 dans l&rsquo;huile de graines noires est fabriqu\u00e9 \u00e0 partir de C60 pur \u00e0 99,99% sans solvant et d&rsquo;huile de graines noires naturelles. Nos produits sont fabriqu\u00e9s au Royaume-Uni en utilisant uniquement les meilleurs ingr\u00e9dients.<\/p>\n<h6>Ceux qui prennent du C60 dans de l&rsquo;huile de graines noires disent qu&rsquo;ils ont \u00e9galement remarqu\u00e9 des avantages tels que:<\/h6>\n<ul type=\"disc\">\n<li>Plus d&rsquo;endurance<\/li>\n<li>Peau et teint d&rsquo;apparence saine<\/li>\n<li>R\u00e9duit les rougeurs et les d\u00e9mangeaisons dans l&rsquo;ecz\u00e9ma<\/li>\n<li>Cheveux brillants et sains<\/li>\n<\/ul>\n<\/div>\n<\/div>\n<p><!-- Schema & Structured Data For mini VITA60 organisation - --><script type=\"application\/ld+json\" class=\"saswp-schema-markup-output\">\n[{\"@context\":\"https:\/\/schema.org\",\"@type\":\"Organization\",\"@id\":\"https:\/\/www.vita60.com#Organization\",\"name\":\"VITA60\",\"url\":\"https:\/\/www.vita60.com\",\"sameAs\":[],\"logo\":{\"@type\":\"ImageObject\",\"url\":\"https:\/\/www.vita60.com\/wp-content\/uploads\/2020\/07\/VITA60-LOGO.png\",\"width\":\"200\",\"height\":\"100\"}}]\n<\/script><\/p>\n<p><!-- Schema & Structured Data For VITA60 organisation - --><\/p>\n<p><script type=\"application\/ld+json\" class=\"saswp-custom-schema-markup-output\">{\n    \"@context\": \"https:\/\/schema.org\",\n    \"@type\": \"HealthAndBeautyBusiness\",\n    \"image\": \"https:\/\/www.vita60.com\/wp-content\/uploads\/2020\/10\/vita60-logo.png\",\n    \"priceRange\": \"\u00a328.75 - \u00a345.00 par flacon\",\n    \"telephone\": \"+44 (0) 3333 44 99 72\",\n    \"name\": \"VITA60\",\n    \"logo\": \"https:\/\/www.vita60.com\/wp-content\/uploads\/2020\/11\/vita60.png\",\n    \"description\": \"Fabricant de C60 de haute qualit\u00e9 dans des huiles biologiques, produisant la plus large gamme d'huiles disponibles. Fuller\u00e8ne 60 sans solvant, pur \u00e0 99,99% de carbone. \u00c9tabli depuis 2017.\",\n    \"geo\": {\n        \"@type\": \"GeoCoordinates\",\n        \"latitude\": \"52.701882977520036\",\n        \"longitude\": \"-2.5216254000000005\"\n    },\n    \"url\": \"https:\/\/www.vita60.com\/fr\/\",\n    \"contactPoint\": {\n        \"@type\": \"ContactPoint\",\n        \"telephone\": \"+44 (0) 3333 44 99 72\",\n        \"contactType\": \"customer service\",\n        \"email\": \"info@vita60.com\",\n        \"contactOption\": \"\",\n        \"areaServed\": \"\",\n        \"availableLanguage\": \"Anglais\"\n    },\n    \"address\": {\n        \"@type\": \"PostalAddress\",\n        \"addressCountry\": \"Royaume-Uni\",\n        \"addressLocality\": \"Telford\",\n        \"addressRegion\": \"Shropshire\",\n        \"postalCode\": \"TF1 1EB\",\n        \"streetAddress\": \"15 Bridge Road, Wellington\"\n    }\n}<\/script><\/p>\n","protected":false},"excerpt":{"rendered":"<p>Une solution de 80 mg de C60 pur \u00e0 99,99% sans solvant dans 100ml huile de nigelle BIO C60<br \/>\n<b><\/b><\/p>\n<p><strong>R\u00e9ductions disponibles:<\/strong><\/p>\n<ul>\n<li><strong><span style=\"font-size: 13pt;\">Achetez 3<\/span><\/strong> flacons et <span style=\"font-size: 13pt;\"><strong>\u00e9conomisez 5%<\/strong><\/span><\/li>\n<li><strong><span style=\"font-size: 13pt;\">Achetez 4<\/span><\/strong> flacons et <span style=\"font-size: 13pt;\"><strong>\u00e9conomisez 10%<\/strong><\/span><\/li>\n<li><strong><span style=\"font-size: 13pt;\">Achetez 8<\/span><\/strong> flacons et <span style=\"font-size: 13pt;\"><strong class=\"benefit\">\u00e9conomisez 20%<\/strong><\/span><\/li>\n<\/ul>\n<p><span style=\"font-size: 14pt;\"><b>LIVRAISON GRATUITE<\/b><\/span>\u00a0avec toute combinaison de 5 flacons ou plus *<\/p>\n","protected":false},"featured_media":11824,"comment_status":"open","ping_status":"closed","template":"","meta":{"_acf_changed":false,"site-sidebar-layout":"default","site-content-layout":"default","ast-site-content-layout":"default","site-content-style":"default","site-sidebar-style":"default","ast-global-header-display":"","ast-banner-title-visibility":"","ast-main-header-display":"","ast-hfb-above-header-display":"","ast-hfb-below-header-display":"","ast-hfb-mobile-header-display":"","site-post-title":"","ast-breadcrumbs-content":"","ast-featured-img":"","footer-sml-layout":"","ast-disable-related-posts":"","theme-transparent-header-meta":"default","adv-header-id-meta":"","stick-header-meta":"","header-above-stick-meta":"","header-main-stick-meta":"","header-below-stick-meta":"","astra-migrate-meta-layouts":"set","ast-page-background-enabled":"default","ast-page-background-meta":{"desktop":{"background-color":"","background-image":"","background-repeat":"repeat","background-position":"center center","background-size":"auto","background-attachment":"scroll","background-type":"","background-media":"","overlay-type":"","overlay-color":"","overlay-opacity":"","overlay-gradient":""},"tablet":{"background-color":"","background-image":"","background-repeat":"repeat","background-position":"center center","background-size":"auto","background-attachment":"scroll","background-type":"","background-media":"","overlay-type":"","overlay-color":"","overlay-opacity":"","overlay-gradient":""},"mobile":{"background-color":"","background-image":"","background-repeat":"repeat","background-position":"center center","background-size":"auto","background-attachment":"scroll","background-type":"","background-media":"","overlay-type":"","overlay-color":"","overlay-opacity":"","overlay-gradient":""}},"ast-content-background-meta":{"desktop":{"background-color":"var(--ast-global-color-5)","background-image":"","background-repeat":"repeat","background-position":"center center","background-size":"auto","background-attachment":"scroll","background-type":"","background-media":"","overlay-type":"","overlay-color":"","overlay-opacity":"","overlay-gradient":""},"tablet":{"background-color":"var(--ast-global-color-5)","background-image":"","background-repeat":"repeat","background-position":"center center","background-size":"auto","background-attachment":"scroll","background-type":"","background-media":"","overlay-type":"","overlay-color":"","overlay-opacity":"","overlay-gradient":""},"mobile":{"background-color":"var(--ast-global-color-5)","background-image":"","background-repeat":"repeat","background-position":"center center","background-size":"auto","background-attachment":"scroll","background-type":"","background-media":"","overlay-type":"","overlay-color":"","overlay-opacity":"","overlay-gradient":""}}},"product_brand":[],"product_cat":[183],"product_tag":[],"class_list":{"0":"post-5886","1":"product","2":"type-product","3":"status-publish","4":"has-post-thumbnail","6":"product_cat-huile-nigelle-c60","7":"desktop-align-left","8":"tablet-align-left","9":"mobile-align-left","11":"first","12":"instock","13":"featured","14":"taxable","15":"shipping-taxable","16":"purchasable","17":"product-type-variable","18":"has-default-attributes"},"acf":[],"_links":{"self":[{"href":"https:\/\/www.vita60.com\/fr\/wp-json\/wp\/v2\/product\/5886","targetHints":{"allow":["GET"]}}],"collection":[{"href":"https:\/\/www.vita60.com\/fr\/wp-json\/wp\/v2\/product"}],"about":[{"href":"https:\/\/www.vita60.com\/fr\/wp-json\/wp\/v2\/types\/product"}],"replies":[{"embeddable":true,"href":"https:\/\/www.vita60.com\/fr\/wp-json\/wp\/v2\/comments?post=5886"}],"version-history":[{"count":0,"href":"https:\/\/www.vita60.com\/fr\/wp-json\/wp\/v2\/product\/5886\/revisions"}],"wp:featuredmedia":[{"embeddable":true,"href":"https:\/\/www.vita60.com\/fr\/wp-json\/wp\/v2\/media\/11824"}],"wp:attachment":[{"href":"https:\/\/www.vita60.com\/fr\/wp-json\/wp\/v2\/media?parent=5886"}],"wp:term":[{"taxonomy":"product_brand","embeddable":true,"href":"https:\/\/www.vita60.com\/fr\/wp-json\/wp\/v2\/product_brand?post=5886"},{"taxonomy":"product_cat","embeddable":true,"href":"https:\/\/www.vita60.com\/fr\/wp-json\/wp\/v2\/product_cat?post=5886"},{"taxonomy":"product_tag","embeddable":true,"href":"https:\/\/www.vita60.com\/fr\/wp-json\/wp\/v2\/product_tag?post=5886"}],"curies":[{"name":"wp","href":"https:\/\/api.w.org\/{rel}","templated":true}]}}