{"id":9801,"date":"2020-06-29T00:22:13","date_gmt":"2020-09-08T21:20:19","guid":{"rendered":"https:\/\/www.vita60.com\/non%20class\u00e9\/bon-rapport-qualite-prix-paquet-de-4-huile-dolive-bio-c60\/"},"modified":"2024-03-25T06:25:42","modified_gmt":"2024-03-25T06:25:42","slug":"pack-de-4-huile-olive","status":"publish","type":"product","link":"https:\/\/www.vita60.com\/fr\/pack-de-4-huile-olive\/","title":{"rendered":"Bon rapport qualit\u00e9 prix paquet de 4 huile d\u2019olive BIO C60"},"content":{"rendered":"<div id=\"tab-product-desc\" class=\"tab-pane fade in active\">\n<div class=\"description\">\n<p><strong><img fetchpriority=\"high\" decoding=\"async\" class=\"alignright\" style=\"margin: 5px; float: right;\" src=\"https:\/\/www.vita60.com\/wp-content\/uploads\/2020\/10\/black-olives.png\" alt=\"Black olives on the tree - perfect for 4 Pack C60 Organic Olive Oil\" width=\"500\" height=\"383\" \/><\/strong>Nous avons s\u00e9lectionn\u00e9 une huile biologique produite \u00e0 partir d&rsquo;olives Koroneiki cultiv\u00e9es dans la r\u00e9gion de La Can\u00e9e au nord de la Cr\u00e8te pour notre bon rapport qualit\u00e9-prix pack de 4 huile olive BIO C60. Cette r\u00e9gion est r\u00e9put\u00e9e pour ses olives et a par cons\u00e9quent re\u00e7u le statut d&rsquo;indication g\u00e9ographique prot\u00e9g\u00e9e de l&rsquo;UE.<\/p>\n<p>L&rsquo;huile d&rsquo;olive est riche en graisses monoinsatur\u00e9es saines et est une source de vitamine E. L&rsquo;huile d&rsquo;olive extra vierge biologique espagnole est de qualit\u00e9 sup\u00e9rieure et contient de grandes quantit\u00e9s d&rsquo;antioxydants, ce qui peut aider \u00e0 r\u00e9duire une gamme de maladies chroniques. Les antioxydants aident \u00e9galement \u00e0 combattre et \u00e0 r\u00e9duire l&rsquo;inflammation et \u00e0 r\u00e9duire le cholest\u00e9rol sanguin, qui sont essentiels pour un c\u0153ur sain. Huile d\u2019olive extra vierge est un support pour C60, qui aide \u00e0 neutraliser les radicaux libres nocifs, pr\u00e9sents dans la structure cellulaire du corps. Le C60 dans l&rsquo;huile d&rsquo;olive extra vierge a une saveur poivr\u00e9e distinctive.<\/p>\n<p><strong><span style=\"font-size: 13pt;\">Les autres avantages comprennent:<\/span><\/strong><\/p>\n<ul type=\"disc\">\n<li style=\"list-style-type: none;\">\n<ul type=\"disc\">\n<li>R\u00e9duit le risque de diab\u00e8te de type 2<\/li>\n<li>Peut aider \u00e0 pr\u00e9venir les accidents vasculaires c\u00e9r\u00e9braux<\/li>\n<li>Pourrait aider \u00e0 pr\u00e9venir <a href=\"https:\/\/www.vita60.com\/fr\/pouvez-vous-prevenir-la-cause-de-laccumulation-de-plaque-amyloide\/\">la maladie d&rsquo;Alzheimer<\/a><\/li>\n<li>Peut aider \u00e0 traiter la <a href=\"https:\/\/www.vita60.com\/fr\/c60-soulage-la-raideur-de-larthrite-et-les-poussees\/\">polyarthrite rhumato\u00efde<\/a><\/li>\n<\/ul>\n<\/li>\n<\/ul>\n<p>Le C60 est une mol\u00e9cule de 60 atomes de carbone qui aide \u00e0 neutraliser les sous-produits toxiques du m\u00e9tabolisme cellulaire, qui causent des dommages aux tissus dans de nombreux types de maladies.<\/p>\n<p>Nous fabriquons toutes nos huiles C60 au Royaume-Uni en utilisant uniquement les meilleurs ingr\u00e9dients. Le meilleur rapport qualit\u00e9-prix de 4 pack d&rsquo;huile d&rsquo;olive bio C60 utilise de l&rsquo;huile d&rsquo;olive extra vierge de Cr\u00e8te de qualit\u00e9 sup\u00e9rieure avec du C60 pur \u00e0 99,99% sans solvant.<\/p>\n<h6>Ceux qui prennent du C60 dans l&rsquo;huile d&rsquo;olive disent avoir \u00e9galement remarqu\u00e9 des avantages tels que:<\/h6>\n<ul type=\"disc\">\n<li style=\"list-style-type: none;\">\n<ul type=\"disc\">\n<li>R\u00e9cup\u00e9ration et croissance d&rsquo;une peau saine dans le <a href=\"https:\/\/www.vita60.com\/fr\/amelioration-spectaculaire-des-personnes-atteintes-de-psoriasis\/\">psoriasis<\/a><\/li>\n<li>R\u00e9duit les rougeurs et les d\u00e9mangeaisons li\u00e9es \u00e0 l&rsquo;ecz\u00e9ma<br \/>\nMeilleure r\u00e9cup\u00e9ration apr\u00e8s l&rsquo;effort et plus de vitalit\u00e9<\/li>\n<li>Une aide \u00e0 la perte de poids<\/li>\n<li>Teint \u00e9clatant et moins de rides<\/li>\n<li>Aide contre le syndrome m\u00e9tabolique<\/li>\n<li>Aide contre l&rsquo;ost\u00e9oporose<\/li>\n<\/ul>\n<\/li>\n<\/ul>\n<\/div>\n<\/div>\n<p><!-- Schema & Structured Data For mini VITA60 organisation - --><\/p>\n<p><script type=\"application\/ld+json\" class=\"saswp-schema-markup-output\">\n[{\"@context\":\"https:\/\/schema.org\",\"@type\":\"Organization\",\"@id\":\"https:\/\/www.vita60.com#Organization\",\"name\":\"VITA60\",\"url\":\"https:\/\/www.vita60.com\",\"sameAs\":[],\"logo\":{\"@type\":\"ImageObject\",\"url\":\"https:\/\/www.vita60.com\/wp-content\/uploads\/2020\/07\/VITA60-LOGO.png\",\"width\":\"200\",\"height\":\"100\"}}]\n<\/script><\/p>\n<p><!-- Schema & Structured Data For VITA60 organisation - --><\/p>\n<p><script type=\"application\/ld+json\" class=\"saswp-custom-schema-markup-output\">{\n    \"@context\": \"https:\/\/schema.org\",\n    \"@type\": \"HealthAndBeautyBusiness\",\n    \"image\": \"https:\/\/www.vita60.com\/wp-content\/uploads\/2020\/10\/vita60-logo.png\",\n    \"priceRange\": \"\u00a328.75 - \u00a345.00 par flacon\",\n    \"telephone\": \"+44 (0) 3333 44 99 72\",\n    \"name\": \"VITA60\",\n    \"logo\": \"https:\/\/www.vita60.com\/wp-content\/uploads\/2020\/11\/vita60.png\",\n    \"description\": \"Fabricant de C60 de haute qualit\u00e9 dans des huiles biologiques, produisant la plus large gamme d'huiles disponibles. Fuller\u00e8ne 60 sans solvant, pur \u00e0 99,99% de carbone. \u00c9tabli depuis 2017.\",\n    \"geo\": {\n        \"@type\": \"GeoCoordinates\",\n        \"latitude\": \"52.701882977520036\",\n        \"longitude\": \"-2.5216254000000005\"\n    },\n    \"url\": \"https:\/\/www.vita60.com\/fr\/\",\n    \"contactPoint\": {\n        \"@type\": \"ContactPoint\",\n        \"telephone\": \"+44 (0) 3333 44 99 72\",\n        \"contactType\": \"customer service\",\n        \"email\": \"info@vita60.com\",\n        \"contactOption\": \"\",\n        \"areaServed\": \"\",\n        \"availableLanguage\": \"Anglais\"\n    },\n    \"address\": {\n        \"@type\": \"PostalAddress\",\n        \"addressCountry\": \"Royaume-Uni\",\n        \"addressLocality\": \"Telford\",\n        \"addressRegion\": \"Shropshire\",\n        \"postalCode\": \"TF1 1EB\",\n        \"streetAddress\": \"15 Bridge Road, Wellington\"\n    }\n}<\/script><\/p>\n","protected":false},"excerpt":{"rendered":"<p><span style=\"font-size: 22pt;\"><b><span style=\"font-size: 18pt;\">\u00c9conomisez<\/span> <\/b><\/span>en achetant un pack \u00e9conomique de C60 pur \u00e0 99,99\u00a0% dans de l&rsquo;huile d&rsquo;olive biologique<\/p>\n<p>4 flacons de 100 ml de 80 mg d\u2019huile d&rsquo;olive BIO C60.<\/p>\n<ul>\n<li><strong>Achetez 4 flacons<\/strong> et\u00a0<strong class=\"benefit\">\u00e9conomisant 10%<\/strong><\/li>\n<li><strong><span style=\"font-size: 13pt;\">Achetez 8 flacons<\/span><\/strong> et\u00a0<strong class=\"benefit\">\u00e9conomisant 20%<\/strong><\/li>\n<\/ul>\n<p><b><span style=\"font-size: 14pt;\">LIVRAISON GRATUITE <\/span><\/b> avec toute combinaison de 5 flacons ou plus.*<\/p>\n","protected":false},"featured_media":12077,"comment_status":"open","ping_status":"closed","template":"","meta":{"_acf_changed":false,"site-sidebar-layout":"default","site-content-layout":"default","ast-site-content-layout":"default","site-content-style":"default","site-sidebar-style":"default","ast-global-header-display":"","ast-banner-title-visibility":"","ast-main-header-display":"","ast-hfb-above-header-display":"","ast-hfb-below-header-display":"","ast-hfb-mobile-header-display":"","site-post-title":"","ast-breadcrumbs-content":"","ast-featured-img":"","footer-sml-layout":"","ast-disable-related-posts":"","theme-transparent-header-meta":"default","adv-header-id-meta":"","stick-header-meta":"","header-above-stick-meta":"","header-main-stick-meta":"","header-below-stick-meta":"","astra-migrate-meta-layouts":"set","ast-page-background-enabled":"default","ast-page-background-meta":{"desktop":{"background-color":"","background-image":"","background-repeat":"repeat","background-position":"center center","background-size":"auto","background-attachment":"scroll","background-type":"","background-media":"","overlay-type":"","overlay-color":"","overlay-opacity":"","overlay-gradient":""},"tablet":{"background-color":"","background-image":"","background-repeat":"repeat","background-position":"center center","background-size":"auto","background-attachment":"scroll","background-type":"","background-media":"","overlay-type":"","overlay-color":"","overlay-opacity":"","overlay-gradient":""},"mobile":{"background-color":"","background-image":"","background-repeat":"repeat","background-position":"center center","background-size":"auto","background-attachment":"scroll","background-type":"","background-media":"","overlay-type":"","overlay-color":"","overlay-opacity":"","overlay-gradient":""}},"ast-content-background-meta":{"desktop":{"background-color":"var(--ast-global-color-5)","background-image":"","background-repeat":"repeat","background-position":"center center","background-size":"auto","background-attachment":"scroll","background-type":"","background-media":"","overlay-type":"","overlay-color":"","overlay-opacity":"","overlay-gradient":""},"tablet":{"background-color":"var(--ast-global-color-5)","background-image":"","background-repeat":"repeat","background-position":"center center","background-size":"auto","background-attachment":"scroll","background-type":"","background-media":"","overlay-type":"","overlay-color":"","overlay-opacity":"","overlay-gradient":""},"mobile":{"background-color":"var(--ast-global-color-5)","background-image":"","background-repeat":"repeat","background-position":"center center","background-size":"auto","background-attachment":"scroll","background-type":"","background-media":"","overlay-type":"","overlay-color":"","overlay-opacity":"","overlay-gradient":""}}},"product_brand":[],"product_cat":[187],"product_tag":[],"class_list":{"0":"post-9801","1":"product","2":"type-product","3":"status-publish","4":"has-post-thumbnail","6":"product_cat-huile-d-olive-c60","7":"desktop-align-left","8":"tablet-align-left","9":"mobile-align-left","11":"first","12":"instock","13":"sale","14":"featured","15":"taxable","16":"shipping-taxable","17":"purchasable","18":"product-type-simple"},"acf":[],"_links":{"self":[{"href":"https:\/\/www.vita60.com\/fr\/wp-json\/wp\/v2\/product\/9801","targetHints":{"allow":["GET"]}}],"collection":[{"href":"https:\/\/www.vita60.com\/fr\/wp-json\/wp\/v2\/product"}],"about":[{"href":"https:\/\/www.vita60.com\/fr\/wp-json\/wp\/v2\/types\/product"}],"replies":[{"embeddable":true,"href":"https:\/\/www.vita60.com\/fr\/wp-json\/wp\/v2\/comments?post=9801"}],"version-history":[{"count":0,"href":"https:\/\/www.vita60.com\/fr\/wp-json\/wp\/v2\/product\/9801\/revisions"}],"wp:featuredmedia":[{"embeddable":true,"href":"https:\/\/www.vita60.com\/fr\/wp-json\/wp\/v2\/media\/12077"}],"wp:attachment":[{"href":"https:\/\/www.vita60.com\/fr\/wp-json\/wp\/v2\/media?parent=9801"}],"wp:term":[{"taxonomy":"product_brand","embeddable":true,"href":"https:\/\/www.vita60.com\/fr\/wp-json\/wp\/v2\/product_brand?post=9801"},{"taxonomy":"product_cat","embeddable":true,"href":"https:\/\/www.vita60.com\/fr\/wp-json\/wp\/v2\/product_cat?post=9801"},{"taxonomy":"product_tag","embeddable":true,"href":"https:\/\/www.vita60.com\/fr\/wp-json\/wp\/v2\/product_tag?post=9801"}],"curies":[{"name":"wp","href":"https:\/\/api.w.org\/{rel}","templated":true}]}}